{"id":11,"date":"2021-09-06T18:29:57","date_gmt":"2021-09-06T16:29:57","guid":{"rendered":"https:\/\/dive-bluedolphin.com\/?page_id=11"},"modified":"2021-10-28T14:25:54","modified_gmt":"2021-10-28T12:25:54","slug":"tauchbasis","status":"publish","type":"page","link":"https:\/\/dive-bluedolphin.com\/de\/tauchbasis\/","title":{"rendered":"Tauchbasis"},"content":{"rendered":"<div id=\"pl-11\"  class=\"panel-layout\" ><div id=\"pg-11-0\"  class=\"panel-grid panel-no-style\" ><div id=\"pgc-11-0-0\"  class=\"panel-grid-cell\" ><div id=\"panel-11-0-0-0\" class=\"so-panel widget widget_sow-image panel-first-child panel-last-child\" data-index=\"0\" ><div\n\t\t\t\n\t\t\tclass=\"so-widget-sow-image so-widget-sow-image-default-8b5b6f678277-11\"\n\t\t\t\n\t\t>\n<div class=\"sow-image-container\">\n\t\t<img \n\tsrc=\"https:\/\/dive-bluedolphin.com\/wp-content\/uploads\/2021\/09\/Blue-Dolphin-Divecenter-Elounda-Crete-Greece-3-1.jpg\" width=\"448\" height=\"336\" srcset=\"https:\/\/dive-bluedolphin.com\/wp-content\/uploads\/2021\/09\/Blue-Dolphin-Divecenter-Elounda-Crete-Greece-3-1.jpg 448w, https:\/\/dive-bluedolphin.com\/wp-content\/uploads\/2021\/09\/Blue-Dolphin-Divecenter-Elounda-Crete-Greece-3-1-300x225.jpg 300w\" sizes=\"(max-width: 448px) 100vw, 448px\" title=\"Blue-Dolphin-Divecenter-Elounda-Crete-Greece-3\" alt=\"\" \t\tclass=\"so-widget-image\"\/>\n\t<\/div>\n\n<\/div><\/div><\/div><div id=\"pgc-11-0-1\"  class=\"panel-grid-cell\" ><div id=\"panel-11-0-1-0\" class=\"so-panel widget widget_sow-editor panel-first-child panel-last-child\" data-index=\"1\" ><div\n\t\t\t\n\t\t\tclass=\"so-widget-sow-editor so-widget-sow-editor-base\"\n\t\t\t\n\t\t>\n<div class=\"siteorigin-widget-tinymce textwidget\">\n\t<p>Die Tauchbasis Blue Dolphin befindet sich im adult-only (ab 16 Jahren) Hotelresort Sensimar Aquila Elounda Village*****, welches direkt am Meer gelegen und ungef\u00e4hr 3 Kilometer vom Ort Elounda entfernt ist. Unsere kleinen Tauchfreunde werden von uns am Strand unserer Zweigbasis im Hotel Elounda Breeze**** in Empfang genommen.\u00a0 Diese befindet sich weniger als einen Kilometer von unserer Hauptbasis entfernt.<\/p>\n<p>Ob auf der Basis oder auf dem Boot, bei uns z\u00e4hlen Sauerstoff und Notfallkoffer ebenso zum Sicherheitsstandard wie die Erste-Hilfe-Ausbildung unserer Tauchlehrer und Assistenten.<\/p>\n<\/div>\n<\/div><\/div><\/div><\/div><div id=\"pg-11-1\"  class=\"panel-grid panel-no-style\" ><div id=\"pgc-11-1-0\"  class=\"panel-grid-cell\" ><div id=\"panel-11-1-0-0\" class=\"so-panel widget widget_sow-editor panel-first-child panel-last-child\" data-index=\"2\" ><div\n\t\t\t\n\t\t\tclass=\"so-widget-sow-editor so-widget-sow-editor-base\"\n\t\t\t\n\t\t>\n<div class=\"siteorigin-widget-tinymce textwidget\">\n\t<p><span lang=\"de\">Mit der professionellen Ausbildung unserer Tauchlehrer, den erstklassigen Leihausr\u00fcstungen namhafter Anbieter wie ScubaPro, Cressi und AquaLung sowie mit zwei leistungsstarken BAUER-Kompressoren erf\u00fcllen wir alle Anforderungen an eine moderne Tauchbasis. \u00a0 \u00a0<\/span><\/p>\n<p><span lang=\"de\">Die Mietausr\u00fcstung f\u00fcr unsere G\u00e4ste (Vollausstattung mit 10 l und 12 l Tanks, DIN Ventile) wird regelm\u00e4\u00dfig gewartet und erneuert. Die Atemregler werden von unseren eigenen Technikern gewartet und somit k\u00f6nnen wir einen einwandfreien Zustand garantieren.<\/span><\/p>\n<\/div>\n<\/div><\/div><\/div><div id=\"pgc-11-1-1\"  class=\"panel-grid-cell\" ><div id=\"panel-11-1-1-0\" class=\"so-panel widget widget_sow-image panel-first-child panel-last-child\" data-index=\"3\" ><div\n\t\t\t\n\t\t\tclass=\"so-widget-sow-image so-widget-sow-image-default-8b5b6f678277-11\"\n\t\t\t\n\t\t>\n<div class=\"sow-image-container\">\n\t\t<img \n\tsrc=\"https:\/\/dive-bluedolphin.com\/wp-content\/uploads\/2021\/09\/Blue-Dolphin-Divecenter-Elounda-Crete-Greece-5.jpg\" width=\"448\" height=\"336\" srcset=\"https:\/\/dive-bluedolphin.com\/wp-content\/uploads\/2021\/09\/Blue-Dolphin-Divecenter-Elounda-Crete-Greece-5.jpg 448w, https:\/\/dive-bluedolphin.com\/wp-content\/uploads\/2021\/09\/Blue-Dolphin-Divecenter-Elounda-Crete-Greece-5-300x225.jpg 300w\" sizes=\"(max-width: 448px) 100vw, 448px\" alt=\"\" \t\tclass=\"so-widget-image\"\/>\n\t<\/div>\n\n<\/div><\/div><\/div><\/div><div id=\"pg-11-2\"  class=\"panel-grid panel-no-style\" ><div id=\"pgc-11-2-0\"  class=\"panel-grid-cell\" ><div id=\"panel-11-2-0-0\" class=\"so-panel widget widget_sow-editor panel-first-child panel-last-child\" data-index=\"4\" ><div\n\t\t\t\n\t\t\tclass=\"so-widget-sow-editor so-widget-sow-editor-base\"\n\t\t\t\n\t\t>\n<div class=\"siteorigin-widget-tinymce textwidget\">\n\t<p>F\u00fcr die nicht-tauchende Begleitung wird hier alles geboten, was Sie sich w\u00fcnschen k\u00f6nnen. Lassen Sie sich in unserem hoteleigenem SPA verw\u00f6hnen, genehmigen Sie sich einen erfrischenden Drink an der Hotel Beach Bar oder entspannen Sie sich einfach am Strand, w\u00e4hrend die anderen tauchen.<\/p>\n<\/div>\n<\/div><\/div><\/div><\/div><\/div>","protected":false},"excerpt":{"rendered":"<p>Die Tauchbasis Blue Dolphin befindet sich im adult-only (ab 16 Jahren) Hotelresort Sensimar Aquila Elounda Village*****, welches direkt am Meer gelegen und ungef\u00e4hr 3 Kilometer vom Ort Elounda entfernt ist. Unsere kleinen Tauchfreunde werden von uns am Strand unserer Zweigbasis im Hotel Elounda Breeze**** in Empfang genommen.\u00a0 Diese befindet sich weniger als einen Kilometer von [&hellip;]<\/p>\n","protected":false},"author":1,"featured_media":0,"parent":0,"menu_order":2,"comment_status":"closed","ping_status":"closed","template":"","meta":{"footnotes":""},"class_list":["post-11","page","type-page","status-publish","hentry","post"],"yoast_head":"<!-- This site is optimized with the Yoast SEO plugin v27.3 - https:\/\/yoast.com\/product\/yoast-seo-wordpress\/ -->\n<title>Tauchbasis - Diving Center Blue Dolphin<\/title>\n<meta name=\"robots\" content=\"index, follow, max-snippet:-1, max-image-preview:large, max-video-preview:-1\" \/>\n<link rel=\"canonical\" href=\"https:\/\/dive-bluedolphin.com\/de\/tauchbasis\/\" \/>\n<meta property=\"og:locale\" content=\"de_DE\" \/>\n<meta property=\"og:type\" content=\"article\" \/>\n<meta property=\"og:title\" content=\"Tauchbasis - Diving Center Blue Dolphin\" \/>\n<meta property=\"og:description\" content=\"Die Tauchbasis Blue Dolphin befindet sich im adult-only (ab 16 Jahren) Hotelresort Sensimar Aquila Elounda Village*****, welches direkt am Meer gelegen und ungef\u00e4hr 3 Kilometer vom Ort Elounda entfernt ist. Unsere kleinen Tauchfreunde werden von uns am Strand unserer Zweigbasis im Hotel Elounda Breeze**** in Empfang genommen.\u00a0 Diese befindet sich weniger als einen Kilometer von [&hellip;]\" \/>\n<meta property=\"og:url\" content=\"https:\/\/dive-bluedolphin.com\/de\/tauchbasis\/\" \/>\n<meta property=\"og:site_name\" content=\"Diving Center Blue Dolphin\" \/>\n<meta property=\"article:modified_time\" content=\"2021-10-28T12:25:54+00:00\" \/>\n<meta name=\"twitter:card\" content=\"summary_large_image\" \/>\n<meta name=\"twitter:label1\" content=\"Gesch\u00e4tzte Lesezeit\" \/>\n\t<meta name=\"twitter:data1\" content=\"1\u00a0Minute\" \/>\n<script type=\"application\/ld+json\" class=\"yoast-schema-graph\">{\"@context\":\"https:\\\/\\\/schema.org\",\"@graph\":[{\"@type\":\"WebPage\",\"@id\":\"https:\\\/\\\/dive-bluedolphin.com\\\/de\\\/tauchbasis\\\/\",\"url\":\"https:\\\/\\\/dive-bluedolphin.com\\\/de\\\/tauchbasis\\\/\",\"name\":\"Tauchbasis - Diving Center Blue Dolphin\",\"isPartOf\":{\"@id\":\"https:\\\/\\\/dive-bluedolphin.com\\\/de\\\/#website\"},\"datePublished\":\"2021-09-06T16:29:57+00:00\",\"dateModified\":\"2021-10-28T12:25:54+00:00\",\"breadcrumb\":{\"@id\":\"https:\\\/\\\/dive-bluedolphin.com\\\/de\\\/tauchbasis\\\/#breadcrumb\"},\"inLanguage\":\"de\",\"potentialAction\":[{\"@type\":\"ReadAction\",\"target\":[\"https:\\\/\\\/dive-bluedolphin.com\\\/de\\\/tauchbasis\\\/\"]}]},{\"@type\":\"BreadcrumbList\",\"@id\":\"https:\\\/\\\/dive-bluedolphin.com\\\/de\\\/tauchbasis\\\/#breadcrumb\",\"itemListElement\":[{\"@type\":\"ListItem\",\"position\":1,\"name\":\"Home\",\"item\":\"https:\\\/\\\/dive-bluedolphin.com\\\/de\\\/\"},{\"@type\":\"ListItem\",\"position\":2,\"name\":\"Tauchbasis\"}]},{\"@type\":\"WebSite\",\"@id\":\"https:\\\/\\\/dive-bluedolphin.com\\\/de\\\/#website\",\"url\":\"https:\\\/\\\/dive-bluedolphin.com\\\/de\\\/\",\"name\":\"Diving Center Blue Dolphin\",\"description\":\"Elounda - Crete\",\"potentialAction\":[{\"@type\":\"SearchAction\",\"target\":{\"@type\":\"EntryPoint\",\"urlTemplate\":\"https:\\\/\\\/dive-bluedolphin.com\\\/de\\\/?s={search_term_string}\"},\"query-input\":{\"@type\":\"PropertyValueSpecification\",\"valueRequired\":true,\"valueName\":\"search_term_string\"}}],\"inLanguage\":\"de\"}]}<\/script>\n<!-- \/ Yoast SEO plugin. -->","yoast_head_json":{"title":"Tauchbasis - Diving Center Blue Dolphin","robots":{"index":"index","follow":"follow","max-snippet":"max-snippet:-1","max-image-preview":"max-image-preview:large","max-video-preview":"max-video-preview:-1"},"canonical":"https:\/\/dive-bluedolphin.com\/de\/tauchbasis\/","og_locale":"de_DE","og_type":"article","og_title":"Tauchbasis - Diving Center Blue Dolphin","og_description":"Die Tauchbasis Blue Dolphin befindet sich im adult-only (ab 16 Jahren) Hotelresort Sensimar Aquila Elounda Village*****, welches direkt am Meer gelegen und ungef\u00e4hr 3 Kilometer vom Ort Elounda entfernt ist. Unsere kleinen Tauchfreunde werden von uns am Strand unserer Zweigbasis im Hotel Elounda Breeze**** in Empfang genommen.\u00a0 Diese befindet sich weniger als einen Kilometer von [&hellip;]","og_url":"https:\/\/dive-bluedolphin.com\/de\/tauchbasis\/","og_site_name":"Diving Center Blue Dolphin","article_modified_time":"2021-10-28T12:25:54+00:00","twitter_card":"summary_large_image","twitter_misc":{"Gesch\u00e4tzte Lesezeit":"1\u00a0Minute"},"schema":{"@context":"https:\/\/schema.org","@graph":[{"@type":"WebPage","@id":"https:\/\/dive-bluedolphin.com\/de\/tauchbasis\/","url":"https:\/\/dive-bluedolphin.com\/de\/tauchbasis\/","name":"Tauchbasis - Diving Center Blue Dolphin","isPartOf":{"@id":"https:\/\/dive-bluedolphin.com\/de\/#website"},"datePublished":"2021-09-06T16:29:57+00:00","dateModified":"2021-10-28T12:25:54+00:00","breadcrumb":{"@id":"https:\/\/dive-bluedolphin.com\/de\/tauchbasis\/#breadcrumb"},"inLanguage":"de","potentialAction":[{"@type":"ReadAction","target":["https:\/\/dive-bluedolphin.com\/de\/tauchbasis\/"]}]},{"@type":"BreadcrumbList","@id":"https:\/\/dive-bluedolphin.com\/de\/tauchbasis\/#breadcrumb","itemListElement":[{"@type":"ListItem","position":1,"name":"Home","item":"https:\/\/dive-bluedolphin.com\/de\/"},{"@type":"ListItem","position":2,"name":"Tauchbasis"}]},{"@type":"WebSite","@id":"https:\/\/dive-bluedolphin.com\/de\/#website","url":"https:\/\/dive-bluedolphin.com\/de\/","name":"Diving Center Blue Dolphin","description":"Elounda - Crete","potentialAction":[{"@type":"SearchAction","target":{"@type":"EntryPoint","urlTemplate":"https:\/\/dive-bluedolphin.com\/de\/?s={search_term_string}"},"query-input":{"@type":"PropertyValueSpecification","valueRequired":true,"valueName":"search_term_string"}}],"inLanguage":"de"}]}},"_links":{"self":[{"href":"https:\/\/dive-bluedolphin.com\/de\/wp-json\/wp\/v2\/pages\/11","targetHints":{"allow":["GET"]}}],"collection":[{"href":"https:\/\/dive-bluedolphin.com\/de\/wp-json\/wp\/v2\/pages"}],"about":[{"href":"https:\/\/dive-bluedolphin.com\/de\/wp-json\/wp\/v2\/types\/page"}],"author":[{"embeddable":true,"href":"https:\/\/dive-bluedolphin.com\/de\/wp-json\/wp\/v2\/users\/1"}],"replies":[{"embeddable":true,"href":"https:\/\/dive-bluedolphin.com\/de\/wp-json\/wp\/v2\/comments?post=11"}],"version-history":[{"count":9,"href":"https:\/\/dive-bluedolphin.com\/de\/wp-json\/wp\/v2\/pages\/11\/revisions"}],"predecessor-version":[{"id":535,"href":"https:\/\/dive-bluedolphin.com\/de\/wp-json\/wp\/v2\/pages\/11\/revisions\/535"}],"wp:attachment":[{"href":"https:\/\/dive-bluedolphin.com\/de\/wp-json\/wp\/v2\/media?parent=11"}],"curies":[{"name":"wp","href":"https:\/\/api.w.org\/{rel}","templated":true}]}}