{"id":13,"date":"2021-09-06T18:30:17","date_gmt":"2021-09-06T16:30:17","guid":{"rendered":"https:\/\/dive-bluedolphin.com\/?page_id=13"},"modified":"2021-10-28T14:39:39","modified_gmt":"2021-10-28T12:39:39","slug":"tauchgebiete","status":"publish","type":"page","link":"https:\/\/dive-bluedolphin.com\/de\/tauchbasis\/tauchgebiete\/","title":{"rendered":"Tauchgebiete"},"content":{"rendered":"<div id=\"pl-13\"  class=\"panel-layout\" ><div id=\"pg-13-0\"  class=\"panel-grid panel-no-style\" ><div id=\"pgc-13-0-0\"  class=\"panel-grid-cell\" ><div id=\"panel-13-0-0-0\" class=\"so-panel widget widget_sow-image panel-first-child panel-last-child\" data-index=\"0\" ><div\n\t\t\t\n\t\t\tclass=\"so-widget-sow-image so-widget-sow-image-default-8b5b6f678277-13\"\n\t\t\t\n\t\t>\n<div class=\"sow-image-container\">\n\t\t<img \n\tsrc=\"https:\/\/dive-bluedolphin.com\/wp-content\/uploads\/2021\/09\/Divecenter-Blue-Dolphin-Elounda-Crete-best-view-best-dives-7.jpg\" width=\"768\" height=\"432\" srcset=\"https:\/\/dive-bluedolphin.com\/wp-content\/uploads\/2021\/09\/Divecenter-Blue-Dolphin-Elounda-Crete-best-view-best-dives-7.jpg 768w, https:\/\/dive-bluedolphin.com\/wp-content\/uploads\/2021\/09\/Divecenter-Blue-Dolphin-Elounda-Crete-best-view-best-dives-7-300x169.jpg 300w\" sizes=\"(max-width: 768px) 100vw, 768px\" alt=\"\" \t\tclass=\"so-widget-image\"\/>\n\t<\/div>\n\n<\/div><\/div><\/div><div id=\"pgc-13-0-1\"  class=\"panel-grid-cell\" ><div id=\"panel-13-0-1-0\" class=\"so-panel widget widget_sow-editor panel-first-child panel-last-child\" data-index=\"1\" ><div\n\t\t\t\n\t\t\tclass=\"so-widget-sow-editor so-widget-sow-editor-base\"\n\t\t\t\n\t\t>\n<div class=\"siteorigin-widget-tinymce textwidget\">\n\t<p>Elounda hat eines der gr\u00f6\u00dften Tauchgebiete Griechenlands, die 1994 durch die Initiative der Tauchbasis Blue Dolphin dem Tauchtourismus zug\u00e4nglich gemacht wurde. Die Anzahl von \u00fcber 25 Tau<strong>c<\/strong>hpl\u00e4tzen spricht f\u00fcr sich.<\/p>\n<p>Eine abwechslungsreiche Unterwasserwelt und die damit verbundene gro\u00dfe Artenvielfalt wird geboten.\u00a0Die kristallklaren Tauchgew\u00e4sser, bei denen Sichtweiten von durchschnittlich 25 m \u2013 aber auch 30 m und 40 m \u2013 keine Seltenheit sind, bieten alles \u2013 vom Drop-Off \u00fcber weit abfallenden Terrassen bis hin zu Canyons und flachen (aber nicht weniger interessanten) Tauchpl\u00e4tzen. Auch historische Funde aus der jungen und der alten Geschichte kann man bei uns finden.<\/p>\n<\/div>\n<\/div><\/div><\/div><\/div><div id=\"pg-13-1\"  class=\"panel-grid panel-no-style\" ><div id=\"pgc-13-1-0\"  class=\"panel-grid-cell\" ><div id=\"panel-13-1-0-0\" class=\"so-panel widget widget_sow-editor panel-first-child panel-last-child\" data-index=\"2\" ><div\n\t\t\t\n\t\t\tclass=\"so-widget-sow-editor so-widget-sow-editor-base\"\n\t\t\t\n\t\t>\n<div class=\"siteorigin-widget-tinymce textwidget\">\n\t<p>F\u00fcr die Ausfahrten stehen uns zwei leistungsstarke Boote zur Verf\u00fcgung, mit denen wir in maximal 15 Minuten zu den entferntesten Tauchpl\u00e4tzen gelangen.<\/p>\n<p>Zus\u00e4tzlich besteht die M\u00f6glichkeit, von Land aus zu unserem fischreichen Hausriff mit Tiefen von 10 m bis 23 m an drei verschiedenen Pl\u00e4tzen zu tauchen.<\/p>\n<p>Alle Tauchg\u00e4nge sind gef\u00fchrt und in kleine Gruppen von max. 6 Personen organisiert.<\/p>\n<p>Dies erm\u00f6glicht eine optimale Betreuung auch f\u00fcr noch nicht so erfahrene Taucher.<\/p>\n<p>Unsere Nachttauchg\u00e4nge an unserem Hausriff geh\u00f6ren zu einem der H\u00f6hepunkte eines jeden Tauchurlaubs, der unkomplizierte Einstieg und die dadurch herrschende Sicherheit ist hierbei ein gro\u00dfes Plus.<\/p>\n<p style=\"text-align: center;\">***<\/p>\n<p><span lang=\"de\">*** Unsere Tauchpl\u00e4tze sind gut f\u00fcr alle Taucher mit verschiedenen\u00a0Taucherfahrungen geeignet *** <\/span><\/p>\n<p><span lang=\"de\">*** Wo wir tauchen, h\u00e4ngt von den Wetterbedingungen, der Taucherfahrung und pers\u00f6nlichen Interessen ab ***<\/span><\/p>\n<p><span lang=\"de\"> *** Die maximale Tauchzeit betr\u00e4gt bei jedem Tauchgang eine Stunde, abh\u00e4ngig vom Luftverbrauch aller beteiligten Taucher ***<\/span><\/p>\n<\/div>\n<\/div><\/div><\/div><\/div><\/div>","protected":false},"excerpt":{"rendered":"<p>Elounda hat eines der gr\u00f6\u00dften Tauchgebiete Griechenlands, die 1994 durch die Initiative der Tauchbasis Blue Dolphin dem Tauchtourismus zug\u00e4nglich gemacht wurde. Die Anzahl von \u00fcber 25 Tauchpl\u00e4tzen spricht f\u00fcr sich. Eine abwechslungsreiche Unterwasserwelt und die damit verbundene gro\u00dfe Artenvielfalt wird geboten.\u00a0Die kristallklaren Tauchgew\u00e4sser, bei denen Sichtweiten von durchschnittlich 25 m \u2013 aber auch 30 m [&hellip;]<\/p>\n","protected":false},"author":1,"featured_media":0,"parent":11,"menu_order":1,"comment_status":"closed","ping_status":"closed","template":"","meta":{"footnotes":""},"class_list":["post-13","page","type-page","status-publish","hentry","post"],"yoast_head":"<!-- This site is optimized with the Yoast SEO plugin v27.3 - https:\/\/yoast.com\/product\/yoast-seo-wordpress\/ -->\n<title>Tauchgebiete - Diving Center Blue Dolphin<\/title>\n<meta name=\"robots\" content=\"index, follow, max-snippet:-1, max-image-preview:large, max-video-preview:-1\" \/>\n<link rel=\"canonical\" href=\"https:\/\/dive-bluedolphin.com\/de\/tauchbasis\/tauchgebiete\/\" \/>\n<meta property=\"og:locale\" content=\"de_DE\" \/>\n<meta property=\"og:type\" content=\"article\" \/>\n<meta property=\"og:title\" content=\"Tauchgebiete - Diving Center Blue Dolphin\" \/>\n<meta property=\"og:description\" content=\"Elounda hat eines der gr\u00f6\u00dften Tauchgebiete Griechenlands, die 1994 durch die Initiative der Tauchbasis Blue Dolphin dem Tauchtourismus zug\u00e4nglich gemacht wurde. Die Anzahl von \u00fcber 25 Tauchpl\u00e4tzen spricht f\u00fcr sich. Eine abwechslungsreiche Unterwasserwelt und die damit verbundene gro\u00dfe Artenvielfalt wird geboten.\u00a0Die kristallklaren Tauchgew\u00e4sser, bei denen Sichtweiten von durchschnittlich 25 m \u2013 aber auch 30 m [&hellip;]\" \/>\n<meta property=\"og:url\" content=\"https:\/\/dive-bluedolphin.com\/de\/tauchbasis\/tauchgebiete\/\" \/>\n<meta property=\"og:site_name\" content=\"Diving Center Blue Dolphin\" \/>\n<meta property=\"article:modified_time\" content=\"2021-10-28T12:39:39+00:00\" \/>\n<meta name=\"twitter:card\" content=\"summary_large_image\" \/>\n<meta name=\"twitter:label1\" content=\"Gesch\u00e4tzte Lesezeit\" \/>\n\t<meta name=\"twitter:data1\" content=\"2\u00a0Minuten\" \/>\n<script type=\"application\/ld+json\" class=\"yoast-schema-graph\">{\"@context\":\"https:\\\/\\\/schema.org\",\"@graph\":[{\"@type\":\"WebPage\",\"@id\":\"https:\\\/\\\/dive-bluedolphin.com\\\/de\\\/tauchbasis\\\/tauchgebiete\\\/\",\"url\":\"https:\\\/\\\/dive-bluedolphin.com\\\/de\\\/tauchbasis\\\/tauchgebiete\\\/\",\"name\":\"Tauchgebiete - Diving Center Blue Dolphin\",\"isPartOf\":{\"@id\":\"https:\\\/\\\/dive-bluedolphin.com\\\/de\\\/#website\"},\"datePublished\":\"2021-09-06T16:30:17+00:00\",\"dateModified\":\"2021-10-28T12:39:39+00:00\",\"breadcrumb\":{\"@id\":\"https:\\\/\\\/dive-bluedolphin.com\\\/de\\\/tauchbasis\\\/tauchgebiete\\\/#breadcrumb\"},\"inLanguage\":\"de\",\"potentialAction\":[{\"@type\":\"ReadAction\",\"target\":[\"https:\\\/\\\/dive-bluedolphin.com\\\/de\\\/tauchbasis\\\/tauchgebiete\\\/\"]}]},{\"@type\":\"BreadcrumbList\",\"@id\":\"https:\\\/\\\/dive-bluedolphin.com\\\/de\\\/tauchbasis\\\/tauchgebiete\\\/#breadcrumb\",\"itemListElement\":[{\"@type\":\"ListItem\",\"position\":1,\"name\":\"Home\",\"item\":\"https:\\\/\\\/dive-bluedolphin.com\\\/de\\\/\"},{\"@type\":\"ListItem\",\"position\":2,\"name\":\"Tauchbasis\",\"item\":\"https:\\\/\\\/dive-bluedolphin.com\\\/de\\\/tauchbasis\\\/\"},{\"@type\":\"ListItem\",\"position\":3,\"name\":\"Tauchgebiete\"}]},{\"@type\":\"WebSite\",\"@id\":\"https:\\\/\\\/dive-bluedolphin.com\\\/de\\\/#website\",\"url\":\"https:\\\/\\\/dive-bluedolphin.com\\\/de\\\/\",\"name\":\"Diving Center Blue Dolphin\",\"description\":\"Elounda - Crete\",\"potentialAction\":[{\"@type\":\"SearchAction\",\"target\":{\"@type\":\"EntryPoint\",\"urlTemplate\":\"https:\\\/\\\/dive-bluedolphin.com\\\/de\\\/?s={search_term_string}\"},\"query-input\":{\"@type\":\"PropertyValueSpecification\",\"valueRequired\":true,\"valueName\":\"search_term_string\"}}],\"inLanguage\":\"de\"}]}<\/script>\n<!-- \/ Yoast SEO plugin. -->","yoast_head_json":{"title":"Tauchgebiete - Diving Center Blue Dolphin","robots":{"index":"index","follow":"follow","max-snippet":"max-snippet:-1","max-image-preview":"max-image-preview:large","max-video-preview":"max-video-preview:-1"},"canonical":"https:\/\/dive-bluedolphin.com\/de\/tauchbasis\/tauchgebiete\/","og_locale":"de_DE","og_type":"article","og_title":"Tauchgebiete - Diving Center Blue Dolphin","og_description":"Elounda hat eines der gr\u00f6\u00dften Tauchgebiete Griechenlands, die 1994 durch die Initiative der Tauchbasis Blue Dolphin dem Tauchtourismus zug\u00e4nglich gemacht wurde. Die Anzahl von \u00fcber 25 Tauchpl\u00e4tzen spricht f\u00fcr sich. Eine abwechslungsreiche Unterwasserwelt und die damit verbundene gro\u00dfe Artenvielfalt wird geboten.\u00a0Die kristallklaren Tauchgew\u00e4sser, bei denen Sichtweiten von durchschnittlich 25 m \u2013 aber auch 30 m [&hellip;]","og_url":"https:\/\/dive-bluedolphin.com\/de\/tauchbasis\/tauchgebiete\/","og_site_name":"Diving Center Blue Dolphin","article_modified_time":"2021-10-28T12:39:39+00:00","twitter_card":"summary_large_image","twitter_misc":{"Gesch\u00e4tzte Lesezeit":"2\u00a0Minuten"},"schema":{"@context":"https:\/\/schema.org","@graph":[{"@type":"WebPage","@id":"https:\/\/dive-bluedolphin.com\/de\/tauchbasis\/tauchgebiete\/","url":"https:\/\/dive-bluedolphin.com\/de\/tauchbasis\/tauchgebiete\/","name":"Tauchgebiete - Diving Center Blue Dolphin","isPartOf":{"@id":"https:\/\/dive-bluedolphin.com\/de\/#website"},"datePublished":"2021-09-06T16:30:17+00:00","dateModified":"2021-10-28T12:39:39+00:00","breadcrumb":{"@id":"https:\/\/dive-bluedolphin.com\/de\/tauchbasis\/tauchgebiete\/#breadcrumb"},"inLanguage":"de","potentialAction":[{"@type":"ReadAction","target":["https:\/\/dive-bluedolphin.com\/de\/tauchbasis\/tauchgebiete\/"]}]},{"@type":"BreadcrumbList","@id":"https:\/\/dive-bluedolphin.com\/de\/tauchbasis\/tauchgebiete\/#breadcrumb","itemListElement":[{"@type":"ListItem","position":1,"name":"Home","item":"https:\/\/dive-bluedolphin.com\/de\/"},{"@type":"ListItem","position":2,"name":"Tauchbasis","item":"https:\/\/dive-bluedolphin.com\/de\/tauchbasis\/"},{"@type":"ListItem","position":3,"name":"Tauchgebiete"}]},{"@type":"WebSite","@id":"https:\/\/dive-bluedolphin.com\/de\/#website","url":"https:\/\/dive-bluedolphin.com\/de\/","name":"Diving Center Blue Dolphin","description":"Elounda - Crete","potentialAction":[{"@type":"SearchAction","target":{"@type":"EntryPoint","urlTemplate":"https:\/\/dive-bluedolphin.com\/de\/?s={search_term_string}"},"query-input":{"@type":"PropertyValueSpecification","valueRequired":true,"valueName":"search_term_string"}}],"inLanguage":"de"}]}},"_links":{"self":[{"href":"https:\/\/dive-bluedolphin.com\/de\/wp-json\/wp\/v2\/pages\/13","targetHints":{"allow":["GET"]}}],"collection":[{"href":"https:\/\/dive-bluedolphin.com\/de\/wp-json\/wp\/v2\/pages"}],"about":[{"href":"https:\/\/dive-bluedolphin.com\/de\/wp-json\/wp\/v2\/types\/page"}],"author":[{"embeddable":true,"href":"https:\/\/dive-bluedolphin.com\/de\/wp-json\/wp\/v2\/users\/1"}],"replies":[{"embeddable":true,"href":"https:\/\/dive-bluedolphin.com\/de\/wp-json\/wp\/v2\/comments?post=13"}],"version-history":[{"count":9,"href":"https:\/\/dive-bluedolphin.com\/de\/wp-json\/wp\/v2\/pages\/13\/revisions"}],"predecessor-version":[{"id":551,"href":"https:\/\/dive-bluedolphin.com\/de\/wp-json\/wp\/v2\/pages\/13\/revisions\/551"}],"up":[{"embeddable":true,"href":"https:\/\/dive-bluedolphin.com\/de\/wp-json\/wp\/v2\/pages\/11"}],"wp:attachment":[{"href":"https:\/\/dive-bluedolphin.com\/de\/wp-json\/wp\/v2\/media?parent=13"}],"curies":[{"name":"wp","href":"https:\/\/api.w.org\/{rel}","templated":true}]}}