{"id":15,"date":"2021-09-06T18:30:41","date_gmt":"2021-09-06T16:30:41","guid":{"rendered":"https:\/\/dive-bluedolphin.com\/?page_id=15"},"modified":"2023-05-15T12:17:13","modified_gmt":"2023-05-15T10:17:13","slug":"schnorcheltour-olous","status":"publish","type":"page","link":"https:\/\/dive-bluedolphin.com\/de\/tauchbasis\/schnorcheltour-olous\/","title":{"rendered":"Schnorcheltour Olous und Schnorchelunterricht"},"content":{"rendered":"<div id=\"pl-15\"  class=\"panel-layout\" ><div id=\"pg-15-0\"  class=\"panel-grid panel-no-style\" ><div id=\"pgc-15-0-0\"  class=\"panel-grid-cell\" ><div id=\"panel-15-0-0-0\" class=\"so-panel widget widget_sow-image panel-first-child panel-last-child\" data-index=\"0\" ><div\n\t\t\t\n\t\t\tclass=\"so-widget-sow-image so-widget-sow-image-default-8b5b6f678277-15\"\n\t\t\t\n\t\t>\n<div class=\"sow-image-container\">\n\t\t<img \n\tsrc=\"https:\/\/dive-bluedolphin.com\/wp-content\/uploads\/2021\/09\/snorkeling-picture-e1507124829483.jpg\" width=\"706\" height=\"539\" srcset=\"https:\/\/dive-bluedolphin.com\/wp-content\/uploads\/2021\/09\/snorkeling-picture-e1507124829483.jpg 706w, https:\/\/dive-bluedolphin.com\/wp-content\/uploads\/2021\/09\/snorkeling-picture-e1507124829483-300x229.jpg 300w\" sizes=\"(max-width: 706px) 100vw, 706px\" alt=\"\" \t\tclass=\"so-widget-image\"\/>\n\t<\/div>\n\n<\/div><\/div><\/div><div id=\"pgc-15-0-1\"  class=\"panel-grid-cell\" ><div id=\"panel-15-0-1-0\" class=\"so-panel widget widget_sow-editor panel-first-child panel-last-child\" data-index=\"1\" ><div\n\t\t\t\n\t\t\tclass=\"so-widget-sow-editor so-widget-sow-editor-base\"\n\t\t\t\n\t\t><h3 class=\"widget-title\">Gef\u00fchrte Schnorcheltour zur ber\u00fchmten versunkenen Stadt \u201eOlous\u201c.<\/h3>\n<div class=\"siteorigin-widget-tinymce textwidget\">\n\t<p>Entdecke die Geschichte Kretas hautnah und die wunderbare Unterwasserwelt des Mittelmeeres!<\/p>\n<\/div>\n<\/div><\/div><\/div><\/div><div id=\"pg-15-1\"  class=\"panel-grid panel-no-style\" ><div id=\"pgc-15-1-0\"  class=\"panel-grid-cell\" ><div id=\"panel-15-1-0-0\" class=\"so-panel widget widget_sow-editor panel-first-child panel-last-child\" data-index=\"2\" ><div\n\t\t\t\n\t\t\tclass=\"so-widget-sow-editor so-widget-sow-editor-base\"\n\t\t\t\n\t\t>\n<div class=\"siteorigin-widget-tinymce textwidget\">\n\t<p><strong>Wir bieten:<\/strong><\/p>\n<ul>\n<li>eine kleine Einf\u00fchrung zur Geschichte von \u201eOlous\u201c und zur Unterwasserflora und -fauna<\/li>\n<li>wertvolle Tipps zum Thema Schnorcheln<\/li>\n<li>professionelle Tauchbegleitung<\/li>\n<li>Equipment<\/li>\n<li>Abholung vom Hotel oder Appartment<\/li>\n<\/ul>\n<p>Bring Deine Freunde und Familie mit!<\/p>\n<p>Wir bieten auch Schnorcheltouren zu anderen sch\u00f6nen Pl\u00e4tze an. Schnorcheln nicht genug?<\/p>\n<p>Komm zum Schnuppertauchen f\u00fcr \u201emeer\u201c Abenteuer.<\/p>\n<\/div>\n<\/div><\/div><\/div><\/div><div id=\"pg-15-2\"  class=\"panel-grid panel-no-style\" ><div id=\"pgc-15-2-0\"  class=\"panel-grid-cell\" ><div id=\"panel-15-2-0-0\" class=\"so-panel widget widget_sow-image panel-first-child panel-last-child\" data-index=\"3\" ><div\n\t\t\t\n\t\t\tclass=\"so-widget-sow-image so-widget-sow-image-default-8b5b6f678277-15\"\n\t\t\t\n\t\t>\n<div class=\"sow-image-container\">\n\t\t<img \n\tsrc=\"https:\/\/dive-bluedolphin.com\/wp-content\/uploads\/2021\/09\/Blue-Dolphin-Divecenter-Elounda-Crete-Greece-1.jpg\" width=\"448\" height=\"336\" srcset=\"https:\/\/dive-bluedolphin.com\/wp-content\/uploads\/2021\/09\/Blue-Dolphin-Divecenter-Elounda-Crete-Greece-1.jpg 448w, https:\/\/dive-bluedolphin.com\/wp-content\/uploads\/2021\/09\/Blue-Dolphin-Divecenter-Elounda-Crete-Greece-1-300x225.jpg 300w\" sizes=\"(max-width: 448px) 100vw, 448px\" alt=\"\" \t\tclass=\"so-widget-image\"\/>\n\t<\/div>\n\n<\/div><\/div><\/div><div id=\"pgc-15-2-1\"  class=\"panel-grid-cell\" ><div id=\"panel-15-2-1-0\" class=\"so-panel widget widget_sow-editor panel-first-child panel-last-child\" data-index=\"4\" ><div\n\t\t\t\n\t\t\tclass=\"so-widget-sow-editor so-widget-sow-editor-base\"\n\t\t\t\n\t\t><h3 class=\"widget-title\">Noch nie geschnorchelt?<\/h3>\n<div class=\"siteorigin-widget-tinymce textwidget\">\n\t<p>Wie w\u00e4re es mit einem Schnorchel- und Taucherlebnis? Ein erfahrener<br \/>\nSchnorchellehrer wird Dir hilfreiche Fertigkeiten beibringen und die Unterwasserwelt<br \/>\nUnterwasserwelt der wundersch\u00f6nen Mirabello-Bucht mit Dir erkunden!<\/p>\n<p>Zeit: 1,5 - 2 Stunden<\/p>\n<p>Frag uns nach unseren verschiedenen Angeboten!<\/p>\n<\/div>\n<\/div><\/div><\/div><\/div><div id=\"pg-15-3\"  class=\"panel-grid panel-no-style\" ><div id=\"pgc-15-3-0\"  class=\"panel-grid-cell\" ><div id=\"panel-15-3-0-0\" class=\"so-panel widget widget_sow-image panel-first-child panel-last-child\" data-index=\"5\" ><div\n\t\t\t\n\t\t\tclass=\"so-widget-sow-image so-widget-sow-image-default-8b5b6f678277-15\"\n\t\t\t\n\t\t>\n<div class=\"sow-image-container\">\n\t\t<img \n\tsrc=\"https:\/\/dive-bluedolphin.com\/wp-content\/uploads\/2021\/09\/Blue-Dolphin-Divecenter-Elounda-Crete-Greece-Sunken-City-Olo-1.jpg\" width=\"448\" height=\"336\" srcset=\"https:\/\/dive-bluedolphin.com\/wp-content\/uploads\/2021\/09\/Blue-Dolphin-Divecenter-Elounda-Crete-Greece-Sunken-City-Olo-1.jpg 448w, https:\/\/dive-bluedolphin.com\/wp-content\/uploads\/2021\/09\/Blue-Dolphin-Divecenter-Elounda-Crete-Greece-Sunken-City-Olo-1-300x225.jpg 300w\" sizes=\"(max-width: 448px) 100vw, 448px\" title=\"Blue-Dolphin-Divecenter-Elounda-Crete-Greece-Sunken-City-Olo\" alt=\"\" \t\tclass=\"so-widget-image\"\/>\n\t<\/div>\n\n<\/div><\/div><\/div><div id=\"pgc-15-3-1\"  class=\"panel-grid-cell\" ><div id=\"panel-15-3-1-0\" class=\"so-panel widget widget_sow-image panel-first-child panel-last-child\" data-index=\"6\" ><div\n\t\t\t\n\t\t\tclass=\"so-widget-sow-image so-widget-sow-image-default-8b5b6f678277-15\"\n\t\t\t\n\t\t>\n<div class=\"sow-image-container\">\n\t\t<img \n\tsrc=\"https:\/\/dive-bluedolphin.com\/wp-content\/uploads\/2021\/09\/Blue-Dolphin-Divecenter-Elounda-Crete-Greece-Sunken-City_002.jpg\" width=\"448\" height=\"336\" srcset=\"https:\/\/dive-bluedolphin.com\/wp-content\/uploads\/2021\/09\/Blue-Dolphin-Divecenter-Elounda-Crete-Greece-Sunken-City_002.jpg 448w, https:\/\/dive-bluedolphin.com\/wp-content\/uploads\/2021\/09\/Blue-Dolphin-Divecenter-Elounda-Crete-Greece-Sunken-City_002-300x225.jpg 300w\" sizes=\"(max-width: 448px) 100vw, 448px\" alt=\"\" \t\tclass=\"so-widget-image\"\/>\n\t<\/div>\n\n<\/div><\/div><\/div><div id=\"pgc-15-3-2\"  class=\"panel-grid-cell\" ><div id=\"panel-15-3-2-0\" class=\"so-panel widget widget_sow-image panel-first-child panel-last-child\" data-index=\"7\" ><div\n\t\t\t\n\t\t\tclass=\"so-widget-sow-image so-widget-sow-image-default-8b5b6f678277-15\"\n\t\t\t\n\t\t>\n<div class=\"sow-image-container\">\n\t\t<img \n\tsrc=\"https:\/\/dive-bluedolphin.com\/wp-content\/uploads\/2021\/09\/Blue-Dolphin-Divecenter-Elounda-Crete-Greece-Sunken-City_003.jpg\" width=\"448\" height=\"336\" srcset=\"https:\/\/dive-bluedolphin.com\/wp-content\/uploads\/2021\/09\/Blue-Dolphin-Divecenter-Elounda-Crete-Greece-Sunken-City_003.jpg 448w, https:\/\/dive-bluedolphin.com\/wp-content\/uploads\/2021\/09\/Blue-Dolphin-Divecenter-Elounda-Crete-Greece-Sunken-City_003-300x225.jpg 300w\" sizes=\"(max-width: 448px) 100vw, 448px\" alt=\"\" \t\tclass=\"so-widget-image\"\/>\n\t<\/div>\n\n<\/div><\/div><\/div><\/div><\/div>","protected":false},"excerpt":{"rendered":"<p>Entdecke die Geschichte Kretas hautnah und die wunderbare Unterwasserwelt des Mittelmeeres! Wir bieten: eine kleine Einf\u00fchrung zur Geschichte von \u201eOlous\u201c und zur Unterwasserflora und -fauna wertvolle Tipps zum Thema Schnorcheln professionelle Tauchbegleitung Equipment Abholung vom Hotel oder Appartment Bring Deine Freunde und Familie mit! Wir bieten auch Schnorcheltouren zu anderen sch\u00f6nen Pl\u00e4tze an. Schnorcheln nicht [&hellip;]<\/p>\n","protected":false},"author":1,"featured_media":0,"parent":11,"menu_order":2,"comment_status":"closed","ping_status":"closed","template":"","meta":{"footnotes":""},"class_list":["post-15","page","type-page","status-publish","hentry","post"],"yoast_head":"<!-- This site is optimized with the Yoast SEO plugin v27.3 - https:\/\/yoast.com\/product\/yoast-seo-wordpress\/ -->\n<title>Untergegangene Stadt Olous: Gef\u00fchrte Schnorcheltour mit Blue Dolphin Diving Center Elounda<\/title>\n<meta name=\"description\" content=\"Gef\u00fchrte Schnorcheltour zur ber\u00fchmten versunkenen Stadt \u201eOlous\u201c. Entdecke die Geschichte Kretas hautnah und die wunderbare Unterwasserwelt des Mittelmeeres!\" \/>\n<meta name=\"robots\" content=\"index, follow, max-snippet:-1, max-image-preview:large, max-video-preview:-1\" \/>\n<link rel=\"canonical\" href=\"https:\/\/dive-bluedolphin.com\/de\/tauchbasis\/schnorcheltour-olous\/\" \/>\n<meta property=\"og:locale\" content=\"de_DE\" \/>\n<meta property=\"og:type\" content=\"article\" \/>\n<meta property=\"og:title\" content=\"Untergegangene Stadt Olous: Gef\u00fchrte Schnorcheltour mit Blue Dolphin Diving Center Elounda\" \/>\n<meta property=\"og:description\" content=\"Gef\u00fchrte Schnorcheltour zur ber\u00fchmten versunkenen Stadt \u201eOlous\u201c. Entdecke die Geschichte Kretas hautnah und die wunderbare Unterwasserwelt des Mittelmeeres!\" \/>\n<meta property=\"og:url\" content=\"https:\/\/dive-bluedolphin.com\/de\/tauchbasis\/schnorcheltour-olous\/\" \/>\n<meta property=\"og:site_name\" content=\"Diving Center Blue Dolphin\" \/>\n<meta property=\"article:modified_time\" content=\"2023-05-15T10:17:13+00:00\" \/>\n<meta name=\"twitter:card\" content=\"summary_large_image\" \/>\n<meta name=\"twitter:label1\" content=\"Gesch\u00e4tzte Lesezeit\" \/>\n\t<meta name=\"twitter:data1\" content=\"1\u00a0Minute\" \/>\n<script type=\"application\/ld+json\" class=\"yoast-schema-graph\">{\"@context\":\"https:\\\/\\\/schema.org\",\"@graph\":[{\"@type\":\"WebPage\",\"@id\":\"https:\\\/\\\/dive-bluedolphin.com\\\/de\\\/tauchbasis\\\/schnorcheltour-olous\\\/\",\"url\":\"https:\\\/\\\/dive-bluedolphin.com\\\/de\\\/tauchbasis\\\/schnorcheltour-olous\\\/\",\"name\":\"Untergegangene Stadt Olous: Gef\u00fchrte Schnorcheltour mit Blue Dolphin Diving Center Elounda\",\"isPartOf\":{\"@id\":\"https:\\\/\\\/dive-bluedolphin.com\\\/de\\\/#website\"},\"datePublished\":\"2021-09-06T16:30:41+00:00\",\"dateModified\":\"2023-05-15T10:17:13+00:00\",\"description\":\"Gef\u00fchrte Schnorcheltour zur ber\u00fchmten versunkenen Stadt \u201eOlous\u201c. Entdecke die Geschichte Kretas hautnah und die wunderbare Unterwasserwelt des Mittelmeeres!\",\"breadcrumb\":{\"@id\":\"https:\\\/\\\/dive-bluedolphin.com\\\/de\\\/tauchbasis\\\/schnorcheltour-olous\\\/#breadcrumb\"},\"inLanguage\":\"de\",\"potentialAction\":[{\"@type\":\"ReadAction\",\"target\":[\"https:\\\/\\\/dive-bluedolphin.com\\\/de\\\/tauchbasis\\\/schnorcheltour-olous\\\/\"]}]},{\"@type\":\"BreadcrumbList\",\"@id\":\"https:\\\/\\\/dive-bluedolphin.com\\\/de\\\/tauchbasis\\\/schnorcheltour-olous\\\/#breadcrumb\",\"itemListElement\":[{\"@type\":\"ListItem\",\"position\":1,\"name\":\"Home\",\"item\":\"https:\\\/\\\/dive-bluedolphin.com\\\/de\\\/\"},{\"@type\":\"ListItem\",\"position\":2,\"name\":\"Tauchbasis\",\"item\":\"https:\\\/\\\/dive-bluedolphin.com\\\/de\\\/tauchbasis\\\/\"},{\"@type\":\"ListItem\",\"position\":3,\"name\":\"Schnorcheltour Olous und Schnorchelunterricht\"}]},{\"@type\":\"WebSite\",\"@id\":\"https:\\\/\\\/dive-bluedolphin.com\\\/de\\\/#website\",\"url\":\"https:\\\/\\\/dive-bluedolphin.com\\\/de\\\/\",\"name\":\"Diving Center Blue Dolphin\",\"description\":\"Elounda - Crete\",\"potentialAction\":[{\"@type\":\"SearchAction\",\"target\":{\"@type\":\"EntryPoint\",\"urlTemplate\":\"https:\\\/\\\/dive-bluedolphin.com\\\/de\\\/?s={search_term_string}\"},\"query-input\":{\"@type\":\"PropertyValueSpecification\",\"valueRequired\":true,\"valueName\":\"search_term_string\"}}],\"inLanguage\":\"de\"}]}<\/script>\n<!-- \/ Yoast SEO plugin. -->","yoast_head_json":{"title":"Untergegangene Stadt Olous: Gef\u00fchrte Schnorcheltour mit Blue Dolphin Diving Center Elounda","description":"Gef\u00fchrte Schnorcheltour zur ber\u00fchmten versunkenen Stadt \u201eOlous\u201c. Entdecke die Geschichte Kretas hautnah und die wunderbare Unterwasserwelt des Mittelmeeres!","robots":{"index":"index","follow":"follow","max-snippet":"max-snippet:-1","max-image-preview":"max-image-preview:large","max-video-preview":"max-video-preview:-1"},"canonical":"https:\/\/dive-bluedolphin.com\/de\/tauchbasis\/schnorcheltour-olous\/","og_locale":"de_DE","og_type":"article","og_title":"Untergegangene Stadt Olous: Gef\u00fchrte Schnorcheltour mit Blue Dolphin Diving Center Elounda","og_description":"Gef\u00fchrte Schnorcheltour zur ber\u00fchmten versunkenen Stadt \u201eOlous\u201c. Entdecke die Geschichte Kretas hautnah und die wunderbare Unterwasserwelt des Mittelmeeres!","og_url":"https:\/\/dive-bluedolphin.com\/de\/tauchbasis\/schnorcheltour-olous\/","og_site_name":"Diving Center Blue Dolphin","article_modified_time":"2023-05-15T10:17:13+00:00","twitter_card":"summary_large_image","twitter_misc":{"Gesch\u00e4tzte Lesezeit":"1\u00a0Minute"},"schema":{"@context":"https:\/\/schema.org","@graph":[{"@type":"WebPage","@id":"https:\/\/dive-bluedolphin.com\/de\/tauchbasis\/schnorcheltour-olous\/","url":"https:\/\/dive-bluedolphin.com\/de\/tauchbasis\/schnorcheltour-olous\/","name":"Untergegangene Stadt Olous: Gef\u00fchrte Schnorcheltour mit Blue Dolphin Diving Center Elounda","isPartOf":{"@id":"https:\/\/dive-bluedolphin.com\/de\/#website"},"datePublished":"2021-09-06T16:30:41+00:00","dateModified":"2023-05-15T10:17:13+00:00","description":"Gef\u00fchrte Schnorcheltour zur ber\u00fchmten versunkenen Stadt \u201eOlous\u201c. Entdecke die Geschichte Kretas hautnah und die wunderbare Unterwasserwelt des Mittelmeeres!","breadcrumb":{"@id":"https:\/\/dive-bluedolphin.com\/de\/tauchbasis\/schnorcheltour-olous\/#breadcrumb"},"inLanguage":"de","potentialAction":[{"@type":"ReadAction","target":["https:\/\/dive-bluedolphin.com\/de\/tauchbasis\/schnorcheltour-olous\/"]}]},{"@type":"BreadcrumbList","@id":"https:\/\/dive-bluedolphin.com\/de\/tauchbasis\/schnorcheltour-olous\/#breadcrumb","itemListElement":[{"@type":"ListItem","position":1,"name":"Home","item":"https:\/\/dive-bluedolphin.com\/de\/"},{"@type":"ListItem","position":2,"name":"Tauchbasis","item":"https:\/\/dive-bluedolphin.com\/de\/tauchbasis\/"},{"@type":"ListItem","position":3,"name":"Schnorcheltour Olous und Schnorchelunterricht"}]},{"@type":"WebSite","@id":"https:\/\/dive-bluedolphin.com\/de\/#website","url":"https:\/\/dive-bluedolphin.com\/de\/","name":"Diving Center Blue Dolphin","description":"Elounda - Crete","potentialAction":[{"@type":"SearchAction","target":{"@type":"EntryPoint","urlTemplate":"https:\/\/dive-bluedolphin.com\/de\/?s={search_term_string}"},"query-input":{"@type":"PropertyValueSpecification","valueRequired":true,"valueName":"search_term_string"}}],"inLanguage":"de"}]}},"_links":{"self":[{"href":"https:\/\/dive-bluedolphin.com\/de\/wp-json\/wp\/v2\/pages\/15","targetHints":{"allow":["GET"]}}],"collection":[{"href":"https:\/\/dive-bluedolphin.com\/de\/wp-json\/wp\/v2\/pages"}],"about":[{"href":"https:\/\/dive-bluedolphin.com\/de\/wp-json\/wp\/v2\/types\/page"}],"author":[{"embeddable":true,"href":"https:\/\/dive-bluedolphin.com\/de\/wp-json\/wp\/v2\/users\/1"}],"replies":[{"embeddable":true,"href":"https:\/\/dive-bluedolphin.com\/de\/wp-json\/wp\/v2\/comments?post=15"}],"version-history":[{"count":22,"href":"https:\/\/dive-bluedolphin.com\/de\/wp-json\/wp\/v2\/pages\/15\/revisions"}],"predecessor-version":[{"id":1610,"href":"https:\/\/dive-bluedolphin.com\/de\/wp-json\/wp\/v2\/pages\/15\/revisions\/1610"}],"up":[{"embeddable":true,"href":"https:\/\/dive-bluedolphin.com\/de\/wp-json\/wp\/v2\/pages\/11"}],"wp:attachment":[{"href":"https:\/\/dive-bluedolphin.com\/de\/wp-json\/wp\/v2\/media?parent=15"}],"curies":[{"name":"wp","href":"https:\/\/api.w.org\/{rel}","templated":true}]}}