{"id":1700,"date":"2025-01-21T13:37:36","date_gmt":"2025-01-21T12:37:36","guid":{"rendered":"https:\/\/dive-bluedolphin.com\/?page_id=1700"},"modified":"2025-06-16T16:03:56","modified_gmt":"2025-06-16T14:03:56","slug":"30-jahre-blue-dolphin","status":"publish","type":"page","link":"https:\/\/dive-bluedolphin.com\/de\/30-jahre-blue-dolphin\/","title":{"rendered":"30 Jahre Blue Dolphin"},"content":{"rendered":"<div id=\"pl-1700\"  class=\"panel-layout\" ><div id=\"pg-1700-0\"  class=\"panel-grid panel-no-style\" ><div id=\"pgc-1700-0-0\"  class=\"panel-grid-cell\" ><div id=\"panel-1700-0-0-0\" class=\"so-panel widget widget_sow-editor panel-first-child panel-last-child\" data-index=\"0\" ><div\n\t\t\t\n\t\t\tclass=\"so-widget-sow-editor so-widget-sow-editor-base\"\n\t\t\t\n\t\t>\n<div class=\"siteorigin-widget-tinymce textwidget\">\n\t<p><span style=\"font-size: 14pt;\"><strong>Ein Gro\u00dfes Dankesch\u00f6n!<\/strong><\/span><\/p>\n<p>Lucky und das Team von Blue Dolphin m\u00f6chten allen Taucherfreunden herzlich danken, welche uns bisher die ganzen Jahre besucht haben! Ihr wart es, die unsere Saisons so fantastisch gemacht haben! Wir haben all die Erkundungs- und Spa\u00dftauchg\u00e4nge mit Euch zertifizierten Tauchern genossen, es war uns eine Freude, Euch durch die Unterwasserwelt der Mirabello Bucht begleiten zu d\u00fcrfen.<\/p>\n<p>Wir freuen uns auch \u00fcber all diejenigen, welche ihr erstes Taucherlebnis, ein Schnuppertauchen mit uns erlebten und wir hoffen, dass wir Euch eine neue Besch\u00e4ftigungsidee mitgeben durften.<\/p>\n<p>Ebenso m\u00f6chten wir allen unseren Tauchsch\u00fclern f\u00fcr das Bestehen ihrer Kurse hier mit Blue Dolphin gratulieren. Es war uns eine gro\u00dfe Freude, Eure Lehrer und Begleiter sein zu d\u00fcrfen und w\u00fcnschen Euch viele weitere spannende Tauchabenteuer auf dieser Welt.<\/p>\n<p>Hey, und nat\u00fcrlich m\u00f6chten wir nicht unsere Schnorchelg\u00e4ste und auch die Freunde vergessen, welche auch nur f\u00fcr ein K\u00e4ffchen bei uns vorbeigeschaut haben. Auch Euch m\u00f6chten wir danken!<\/p>\n<p>Und, ganz wichtig, m\u00f6chten wir Euch auch wissen lassen, dass wir bei jedem einzelnen Blue Dolphin Taucheressen solch eine fantastische Zeit mit Euch hatten und all die Gespr\u00e4che und die lustigen Momente in allen Z\u00fcgen genossen haben!<\/p>\n<p><span style=\"font-size: 14pt;\"><strong>Es w\u00fcrde uns freuen, Euch eines Tages wiederzusehen. Und nat\u00fcrlich freuen wir uns auf alle neuen G\u00e4ste, welche wir in den kommenden Jahren willkommen hei\u00dfen d\u00fcrfen.<\/strong><\/span><\/p>\n<\/div>\n<\/div><\/div><\/div><\/div><\/div>","protected":false},"excerpt":{"rendered":"<p>Ein Gro\u00dfes Dankesch\u00f6n! Lucky und das Team von Blue Dolphin m\u00f6chten allen Taucherfreunden herzlich danken, welche uns bisher die ganzen Jahre besucht haben! Ihr wart es, die unsere Saisons so fantastisch gemacht haben! Wir haben all die Erkundungs- und Spa\u00dftauchg\u00e4nge mit Euch zertifizierten Tauchern genossen, es war uns eine Freude, Euch durch die Unterwasserwelt der [&hellip;]<\/p>\n","protected":false},"author":1,"featured_media":0,"parent":0,"menu_order":0,"comment_status":"closed","ping_status":"closed","template":"","meta":{"footnotes":""},"class_list":["post-1700","page","type-page","status-publish","hentry","post"],"yoast_head":"<!-- This site is optimized with the Yoast SEO plugin v27.4 - https:\/\/yoast.com\/product\/yoast-seo-wordpress\/ -->\n<title>30 Jahre Blue Dolphin - Diving Center Blue Dolphin<\/title>\n<meta name=\"description\" content=\"2024 wurde Blue Dolphin 30 Jahre alt und wir freuten uns \u00fcber alle unsere bekannten und bis dahin noch unbekannten Tauchfreude, die den Geburtstag geb\u00fchrlich mit uns feierten!!!\" \/>\n<meta name=\"robots\" content=\"index, follow, max-snippet:-1, max-image-preview:large, max-video-preview:-1\" \/>\n<link rel=\"canonical\" href=\"https:\/\/dive-bluedolphin.com\/de\/30-jahre-blue-dolphin\/\" \/>\n<meta property=\"og:locale\" content=\"de_DE\" \/>\n<meta property=\"og:type\" content=\"article\" \/>\n<meta property=\"og:title\" content=\"30 Jahre Blue Dolphin - Diving Center Blue Dolphin\" \/>\n<meta property=\"og:description\" content=\"2024 wurde Blue Dolphin 30 Jahre alt und wir freuten uns \u00fcber alle unsere bekannten und bis dahin noch unbekannten Tauchfreude, die den Geburtstag geb\u00fchrlich mit uns feierten!!!\" \/>\n<meta property=\"og:url\" content=\"https:\/\/dive-bluedolphin.com\/de\/30-jahre-blue-dolphin\/\" \/>\n<meta property=\"og:site_name\" content=\"Diving Center Blue Dolphin\" \/>\n<meta property=\"article:modified_time\" content=\"2025-06-16T14:03:56+00:00\" \/>\n<meta name=\"twitter:card\" content=\"summary_large_image\" \/>\n<meta name=\"twitter:label1\" content=\"Gesch\u00e4tzte Lesezeit\" \/>\n\t<meta name=\"twitter:data1\" content=\"1\u00a0Minute\" \/>\n<script type=\"application\/ld+json\" class=\"yoast-schema-graph\">{\"@context\":\"https:\\\/\\\/schema.org\",\"@graph\":[{\"@type\":\"WebPage\",\"@id\":\"https:\\\/\\\/dive-bluedolphin.com\\\/de\\\/30-jahre-blue-dolphin\\\/\",\"url\":\"https:\\\/\\\/dive-bluedolphin.com\\\/de\\\/30-jahre-blue-dolphin\\\/\",\"name\":\"30 Jahre Blue Dolphin - Diving Center Blue Dolphin\",\"isPartOf\":{\"@id\":\"https:\\\/\\\/dive-bluedolphin.com\\\/de\\\/#website\"},\"datePublished\":\"2025-01-21T12:37:36+00:00\",\"dateModified\":\"2025-06-16T14:03:56+00:00\",\"description\":\"2024 wurde Blue Dolphin 30 Jahre alt und wir freuten uns \u00fcber alle unsere bekannten und bis dahin noch unbekannten Tauchfreude, die den Geburtstag geb\u00fchrlich mit uns feierten!!!\",\"breadcrumb\":{\"@id\":\"https:\\\/\\\/dive-bluedolphin.com\\\/de\\\/30-jahre-blue-dolphin\\\/#breadcrumb\"},\"inLanguage\":\"de\",\"potentialAction\":[{\"@type\":\"ReadAction\",\"target\":[\"https:\\\/\\\/dive-bluedolphin.com\\\/de\\\/30-jahre-blue-dolphin\\\/\"]}]},{\"@type\":\"BreadcrumbList\",\"@id\":\"https:\\\/\\\/dive-bluedolphin.com\\\/de\\\/30-jahre-blue-dolphin\\\/#breadcrumb\",\"itemListElement\":[{\"@type\":\"ListItem\",\"position\":1,\"name\":\"Home\",\"item\":\"https:\\\/\\\/dive-bluedolphin.com\\\/de\\\/\"},{\"@type\":\"ListItem\",\"position\":2,\"name\":\"30 Jahre Blue Dolphin\"}]},{\"@type\":\"WebSite\",\"@id\":\"https:\\\/\\\/dive-bluedolphin.com\\\/de\\\/#website\",\"url\":\"https:\\\/\\\/dive-bluedolphin.com\\\/de\\\/\",\"name\":\"Diving Center Blue Dolphin\",\"description\":\"Elounda - Crete\",\"potentialAction\":[{\"@type\":\"SearchAction\",\"target\":{\"@type\":\"EntryPoint\",\"urlTemplate\":\"https:\\\/\\\/dive-bluedolphin.com\\\/de\\\/?s={search_term_string}\"},\"query-input\":{\"@type\":\"PropertyValueSpecification\",\"valueRequired\":true,\"valueName\":\"search_term_string\"}}],\"inLanguage\":\"de\"}]}<\/script>\n<!-- \/ Yoast SEO plugin. -->","yoast_head_json":{"title":"30 Jahre Blue Dolphin - Diving Center Blue Dolphin","description":"2024 wurde Blue Dolphin 30 Jahre alt und wir freuten uns \u00fcber alle unsere bekannten und bis dahin noch unbekannten Tauchfreude, die den Geburtstag geb\u00fchrlich mit uns feierten!!!","robots":{"index":"index","follow":"follow","max-snippet":"max-snippet:-1","max-image-preview":"max-image-preview:large","max-video-preview":"max-video-preview:-1"},"canonical":"https:\/\/dive-bluedolphin.com\/de\/30-jahre-blue-dolphin\/","og_locale":"de_DE","og_type":"article","og_title":"30 Jahre Blue Dolphin - Diving Center Blue Dolphin","og_description":"2024 wurde Blue Dolphin 30 Jahre alt und wir freuten uns \u00fcber alle unsere bekannten und bis dahin noch unbekannten Tauchfreude, die den Geburtstag geb\u00fchrlich mit uns feierten!!!","og_url":"https:\/\/dive-bluedolphin.com\/de\/30-jahre-blue-dolphin\/","og_site_name":"Diving Center Blue Dolphin","article_modified_time":"2025-06-16T14:03:56+00:00","twitter_card":"summary_large_image","twitter_misc":{"Gesch\u00e4tzte Lesezeit":"1\u00a0Minute"},"schema":{"@context":"https:\/\/schema.org","@graph":[{"@type":"WebPage","@id":"https:\/\/dive-bluedolphin.com\/de\/30-jahre-blue-dolphin\/","url":"https:\/\/dive-bluedolphin.com\/de\/30-jahre-blue-dolphin\/","name":"30 Jahre Blue Dolphin - Diving Center Blue Dolphin","isPartOf":{"@id":"https:\/\/dive-bluedolphin.com\/de\/#website"},"datePublished":"2025-01-21T12:37:36+00:00","dateModified":"2025-06-16T14:03:56+00:00","description":"2024 wurde Blue Dolphin 30 Jahre alt und wir freuten uns \u00fcber alle unsere bekannten und bis dahin noch unbekannten Tauchfreude, die den Geburtstag geb\u00fchrlich mit uns feierten!!!","breadcrumb":{"@id":"https:\/\/dive-bluedolphin.com\/de\/30-jahre-blue-dolphin\/#breadcrumb"},"inLanguage":"de","potentialAction":[{"@type":"ReadAction","target":["https:\/\/dive-bluedolphin.com\/de\/30-jahre-blue-dolphin\/"]}]},{"@type":"BreadcrumbList","@id":"https:\/\/dive-bluedolphin.com\/de\/30-jahre-blue-dolphin\/#breadcrumb","itemListElement":[{"@type":"ListItem","position":1,"name":"Home","item":"https:\/\/dive-bluedolphin.com\/de\/"},{"@type":"ListItem","position":2,"name":"30 Jahre Blue Dolphin"}]},{"@type":"WebSite","@id":"https:\/\/dive-bluedolphin.com\/de\/#website","url":"https:\/\/dive-bluedolphin.com\/de\/","name":"Diving Center Blue Dolphin","description":"Elounda - Crete","potentialAction":[{"@type":"SearchAction","target":{"@type":"EntryPoint","urlTemplate":"https:\/\/dive-bluedolphin.com\/de\/?s={search_term_string}"},"query-input":{"@type":"PropertyValueSpecification","valueRequired":true,"valueName":"search_term_string"}}],"inLanguage":"de"}]}},"_links":{"self":[{"href":"https:\/\/dive-bluedolphin.com\/de\/wp-json\/wp\/v2\/pages\/1700","targetHints":{"allow":["GET"]}}],"collection":[{"href":"https:\/\/dive-bluedolphin.com\/de\/wp-json\/wp\/v2\/pages"}],"about":[{"href":"https:\/\/dive-bluedolphin.com\/de\/wp-json\/wp\/v2\/types\/page"}],"author":[{"embeddable":true,"href":"https:\/\/dive-bluedolphin.com\/de\/wp-json\/wp\/v2\/users\/1"}],"replies":[{"embeddable":true,"href":"https:\/\/dive-bluedolphin.com\/de\/wp-json\/wp\/v2\/comments?post=1700"}],"version-history":[{"count":8,"href":"https:\/\/dive-bluedolphin.com\/de\/wp-json\/wp\/v2\/pages\/1700\/revisions"}],"predecessor-version":[{"id":1818,"href":"https:\/\/dive-bluedolphin.com\/de\/wp-json\/wp\/v2\/pages\/1700\/revisions\/1818"}],"wp:attachment":[{"href":"https:\/\/dive-bluedolphin.com\/de\/wp-json\/wp\/v2\/media?parent=1700"}],"curies":[{"name":"wp","href":"https:\/\/api.w.org\/{rel}","templated":true}]}}