{"id":31,"date":"2021-09-06T18:33:41","date_gmt":"2021-09-06T16:33:41","guid":{"rendered":"https:\/\/dive-bluedolphin.com\/?page_id=31"},"modified":"2021-10-28T15:21:18","modified_gmt":"2021-10-28T13:21:18","slug":"ausbildung","status":"publish","type":"page","link":"https:\/\/dive-bluedolphin.com\/de\/ausbildung\/","title":{"rendered":"Ausbildung ist unsere St\u00e4rke"},"content":{"rendered":"<div id=\"pl-31\"  class=\"panel-layout\" ><div id=\"pg-31-0\"  class=\"panel-grid panel-no-style\" ><div id=\"pgc-31-0-0\"  class=\"panel-grid-cell\" ><div id=\"panel-31-0-0-0\" class=\"so-panel widget widget_sow-editor panel-first-child panel-last-child\" data-index=\"0\" ><div\n\t\t\t\n\t\t\tclass=\"so-widget-sow-editor so-widget-sow-editor-base\"\n\t\t\t\n\t\t>\n<div class=\"siteorigin-widget-tinymce textwidget\">\n\t<p>An unserem Hausriff mit Tiefen bis zu 30 Metern k\u00f6nnen wir alle Ausbildungen durchf\u00fchren \u2013 vom Grundkurs bis hin zum Tauchlehrer-Assistenten.<\/p>\n<p>Ganz ohne Stress und Gruppenzwang. Das beste: Alles wird gleich im Meer absolviert, ohne langweilige Pooltauchg\u00e4nge.<\/p>\n<p>Unsere gesch\u00fctzte Bucht ist bis 5 Meter tief; in nat\u00fcrlicher Umgebung k\u00f6nnen wir ausgiebig unsere Tauchfertigkeiten festigen. Perfekt f\u00fcr alle Beginner-\u00dcbungen und Auffrischungstauchg\u00e4nge, bevor es in Freiwasser geht!<\/p>\n<p>Wir bilden nach internationalen Richtlinien der gr\u00f6\u00dften und namhaftesten Ausbildungsorganisationen der Welt aus, wie z.B. PADI, SSI und DDI.<\/p>\n<p>Neben Anf\u00e4ngerausbildung und Weiterbildung bis hin zum Tauchlehrer-Assistenten werden auch zahlreiche Spezialkurse regelm\u00e4\u00dfig angeboten.<\/p>\n<p>F\u00fcr unsere Kleinen bieten wir Tauchm\u00f6glichkeiten ab 8 Jahren und Tauchkurse ab 10 Jahren an, sowie Schnuppertauchen f\u00fcr alle, die einmal die Welt unter Wasser kennenlernen m\u00f6chten.<\/p>\n<p>Die Ausr\u00fcstung wird bis hin zum Advanced Diver kostenlos zur Verf\u00fcgung gestellt und bei einem zus\u00e4tzlichen Tauchgang nach der Grundausbildung fallen auch keine weiteren Leihausr\u00fcstungskosten an.<\/p>\n<\/div>\n<\/div><\/div><\/div><div id=\"pgc-31-0-1\"  class=\"panel-grid-cell\" ><div id=\"panel-31-0-1-0\" class=\"so-panel widget widget_sow-image panel-first-child panel-last-child\" data-index=\"1\" ><div\n\t\t\t\n\t\t\tclass=\"so-widget-sow-image so-widget-sow-image-default-8b5b6f678277-31\"\n\t\t\t\n\t\t>\n<div class=\"sow-image-container\">\n\t\t<img \n\tsrc=\"https:\/\/dive-bluedolphin.com\/wp-content\/uploads\/2021\/09\/Dive-Center-Blue-Dolphin-Elounda-Crete-guests-and-happy-dive.jpg\" width=\"448\" height=\"336\" srcset=\"https:\/\/dive-bluedolphin.com\/wp-content\/uploads\/2021\/09\/Dive-Center-Blue-Dolphin-Elounda-Crete-guests-and-happy-dive.jpg 448w, https:\/\/dive-bluedolphin.com\/wp-content\/uploads\/2021\/09\/Dive-Center-Blue-Dolphin-Elounda-Crete-guests-and-happy-dive-300x225.jpg 300w\" sizes=\"(max-width: 448px) 100vw, 448px\" title=\"DCIM100GOPROGOPR2167.\" alt=\"\" \t\tclass=\"so-widget-image\"\/>\n\t<\/div>\n\n<\/div><\/div><\/div><\/div><\/div>","protected":false},"excerpt":{"rendered":"<p>An unserem Hausriff mit Tiefen bis zu 30 Metern k\u00f6nnen wir alle Ausbildungen durchf\u00fchren \u2013 vom Grundkurs bis hin zum Tauchlehrer-Assistenten. Ganz ohne Stress und Gruppenzwang. Das beste: Alles wird gleich im Meer absolviert, ohne langweilige Pooltauchg\u00e4nge. Unsere gesch\u00fctzte Bucht ist bis 5 Meter tief; in nat\u00fcrlicher Umgebung k\u00f6nnen wir ausgiebig unsere Tauchfertigkeiten festigen. Perfekt [&hellip;]<\/p>\n","protected":false},"author":1,"featured_media":0,"parent":0,"menu_order":3,"comment_status":"closed","ping_status":"closed","template":"","meta":{"footnotes":""},"class_list":["post-31","page","type-page","status-publish","hentry","post"],"yoast_head":"<!-- This site is optimized with the Yoast SEO plugin v27.3 - https:\/\/yoast.com\/product\/yoast-seo-wordpress\/ -->\n<title>Ausbildung ist unsere St\u00e4rke - Diving Center Blue Dolphin<\/title>\n<meta name=\"robots\" content=\"index, follow, max-snippet:-1, max-image-preview:large, max-video-preview:-1\" \/>\n<link rel=\"canonical\" href=\"https:\/\/dive-bluedolphin.com\/de\/ausbildung\/\" \/>\n<meta property=\"og:locale\" content=\"de_DE\" \/>\n<meta property=\"og:type\" content=\"article\" \/>\n<meta property=\"og:title\" content=\"Ausbildung ist unsere St\u00e4rke - Diving Center Blue Dolphin\" \/>\n<meta property=\"og:description\" content=\"An unserem Hausriff mit Tiefen bis zu 30 Metern k\u00f6nnen wir alle Ausbildungen durchf\u00fchren \u2013 vom Grundkurs bis hin zum Tauchlehrer-Assistenten. Ganz ohne Stress und Gruppenzwang. Das beste: Alles wird gleich im Meer absolviert, ohne langweilige Pooltauchg\u00e4nge. Unsere gesch\u00fctzte Bucht ist bis 5 Meter tief; in nat\u00fcrlicher Umgebung k\u00f6nnen wir ausgiebig unsere Tauchfertigkeiten festigen. Perfekt [&hellip;]\" \/>\n<meta property=\"og:url\" content=\"https:\/\/dive-bluedolphin.com\/de\/ausbildung\/\" \/>\n<meta property=\"og:site_name\" content=\"Diving Center Blue Dolphin\" \/>\n<meta property=\"article:modified_time\" content=\"2021-10-28T13:21:18+00:00\" \/>\n<meta name=\"twitter:card\" content=\"summary_large_image\" \/>\n<meta name=\"twitter:label1\" content=\"Gesch\u00e4tzte Lesezeit\" \/>\n\t<meta name=\"twitter:data1\" content=\"1\u00a0Minute\" \/>\n<script type=\"application\/ld+json\" class=\"yoast-schema-graph\">{\"@context\":\"https:\\\/\\\/schema.org\",\"@graph\":[{\"@type\":\"WebPage\",\"@id\":\"https:\\\/\\\/dive-bluedolphin.com\\\/de\\\/ausbildung\\\/\",\"url\":\"https:\\\/\\\/dive-bluedolphin.com\\\/de\\\/ausbildung\\\/\",\"name\":\"Ausbildung ist unsere St\u00e4rke - Diving Center Blue Dolphin\",\"isPartOf\":{\"@id\":\"https:\\\/\\\/dive-bluedolphin.com\\\/de\\\/#website\"},\"datePublished\":\"2021-09-06T16:33:41+00:00\",\"dateModified\":\"2021-10-28T13:21:18+00:00\",\"breadcrumb\":{\"@id\":\"https:\\\/\\\/dive-bluedolphin.com\\\/de\\\/ausbildung\\\/#breadcrumb\"},\"inLanguage\":\"de\",\"potentialAction\":[{\"@type\":\"ReadAction\",\"target\":[\"https:\\\/\\\/dive-bluedolphin.com\\\/de\\\/ausbildung\\\/\"]}]},{\"@type\":\"BreadcrumbList\",\"@id\":\"https:\\\/\\\/dive-bluedolphin.com\\\/de\\\/ausbildung\\\/#breadcrumb\",\"itemListElement\":[{\"@type\":\"ListItem\",\"position\":1,\"name\":\"Home\",\"item\":\"https:\\\/\\\/dive-bluedolphin.com\\\/de\\\/\"},{\"@type\":\"ListItem\",\"position\":2,\"name\":\"Ausbildung ist unsere St\u00e4rke\"}]},{\"@type\":\"WebSite\",\"@id\":\"https:\\\/\\\/dive-bluedolphin.com\\\/de\\\/#website\",\"url\":\"https:\\\/\\\/dive-bluedolphin.com\\\/de\\\/\",\"name\":\"Diving Center Blue Dolphin\",\"description\":\"Elounda - Crete\",\"potentialAction\":[{\"@type\":\"SearchAction\",\"target\":{\"@type\":\"EntryPoint\",\"urlTemplate\":\"https:\\\/\\\/dive-bluedolphin.com\\\/de\\\/?s={search_term_string}\"},\"query-input\":{\"@type\":\"PropertyValueSpecification\",\"valueRequired\":true,\"valueName\":\"search_term_string\"}}],\"inLanguage\":\"de\"}]}<\/script>\n<!-- \/ Yoast SEO plugin. -->","yoast_head_json":{"title":"Ausbildung ist unsere St\u00e4rke - Diving Center Blue Dolphin","robots":{"index":"index","follow":"follow","max-snippet":"max-snippet:-1","max-image-preview":"max-image-preview:large","max-video-preview":"max-video-preview:-1"},"canonical":"https:\/\/dive-bluedolphin.com\/de\/ausbildung\/","og_locale":"de_DE","og_type":"article","og_title":"Ausbildung ist unsere St\u00e4rke - Diving Center Blue Dolphin","og_description":"An unserem Hausriff mit Tiefen bis zu 30 Metern k\u00f6nnen wir alle Ausbildungen durchf\u00fchren \u2013 vom Grundkurs bis hin zum Tauchlehrer-Assistenten. Ganz ohne Stress und Gruppenzwang. Das beste: Alles wird gleich im Meer absolviert, ohne langweilige Pooltauchg\u00e4nge. Unsere gesch\u00fctzte Bucht ist bis 5 Meter tief; in nat\u00fcrlicher Umgebung k\u00f6nnen wir ausgiebig unsere Tauchfertigkeiten festigen. Perfekt [&hellip;]","og_url":"https:\/\/dive-bluedolphin.com\/de\/ausbildung\/","og_site_name":"Diving Center Blue Dolphin","article_modified_time":"2021-10-28T13:21:18+00:00","twitter_card":"summary_large_image","twitter_misc":{"Gesch\u00e4tzte Lesezeit":"1\u00a0Minute"},"schema":{"@context":"https:\/\/schema.org","@graph":[{"@type":"WebPage","@id":"https:\/\/dive-bluedolphin.com\/de\/ausbildung\/","url":"https:\/\/dive-bluedolphin.com\/de\/ausbildung\/","name":"Ausbildung ist unsere St\u00e4rke - Diving Center Blue Dolphin","isPartOf":{"@id":"https:\/\/dive-bluedolphin.com\/de\/#website"},"datePublished":"2021-09-06T16:33:41+00:00","dateModified":"2021-10-28T13:21:18+00:00","breadcrumb":{"@id":"https:\/\/dive-bluedolphin.com\/de\/ausbildung\/#breadcrumb"},"inLanguage":"de","potentialAction":[{"@type":"ReadAction","target":["https:\/\/dive-bluedolphin.com\/de\/ausbildung\/"]}]},{"@type":"BreadcrumbList","@id":"https:\/\/dive-bluedolphin.com\/de\/ausbildung\/#breadcrumb","itemListElement":[{"@type":"ListItem","position":1,"name":"Home","item":"https:\/\/dive-bluedolphin.com\/de\/"},{"@type":"ListItem","position":2,"name":"Ausbildung ist unsere St\u00e4rke"}]},{"@type":"WebSite","@id":"https:\/\/dive-bluedolphin.com\/de\/#website","url":"https:\/\/dive-bluedolphin.com\/de\/","name":"Diving Center Blue Dolphin","description":"Elounda - Crete","potentialAction":[{"@type":"SearchAction","target":{"@type":"EntryPoint","urlTemplate":"https:\/\/dive-bluedolphin.com\/de\/?s={search_term_string}"},"query-input":{"@type":"PropertyValueSpecification","valueRequired":true,"valueName":"search_term_string"}}],"inLanguage":"de"}]}},"_links":{"self":[{"href":"https:\/\/dive-bluedolphin.com\/de\/wp-json\/wp\/v2\/pages\/31","targetHints":{"allow":["GET"]}}],"collection":[{"href":"https:\/\/dive-bluedolphin.com\/de\/wp-json\/wp\/v2\/pages"}],"about":[{"href":"https:\/\/dive-bluedolphin.com\/de\/wp-json\/wp\/v2\/types\/page"}],"author":[{"embeddable":true,"href":"https:\/\/dive-bluedolphin.com\/de\/wp-json\/wp\/v2\/users\/1"}],"replies":[{"embeddable":true,"href":"https:\/\/dive-bluedolphin.com\/de\/wp-json\/wp\/v2\/comments?post=31"}],"version-history":[{"count":10,"href":"https:\/\/dive-bluedolphin.com\/de\/wp-json\/wp\/v2\/pages\/31\/revisions"}],"predecessor-version":[{"id":617,"href":"https:\/\/dive-bluedolphin.com\/de\/wp-json\/wp\/v2\/pages\/31\/revisions\/617"}],"wp:attachment":[{"href":"https:\/\/dive-bluedolphin.com\/de\/wp-json\/wp\/v2\/media?parent=31"}],"curies":[{"name":"wp","href":"https:\/\/api.w.org\/{rel}","templated":true}]}}