{"id":33,"date":"2021-09-06T18:34:06","date_gmt":"2021-09-06T16:34:06","guid":{"rendered":"https:\/\/dive-bluedolphin.com\/?page_id=33"},"modified":"2021-10-31T15:56:29","modified_gmt":"2021-10-31T14:56:29","slug":"schnuppertauchen","status":"publish","type":"page","link":"https:\/\/dive-bluedolphin.com\/de\/ausbildung\/schnuppertauchen\/","title":{"rendered":"Schnuppertauchen"},"content":{"rendered":"<div id=\"pl-33\"  class=\"panel-layout\" ><div id=\"pg-33-0\"  class=\"panel-grid panel-no-style\" ><div id=\"pgc-33-0-0\"  class=\"panel-grid-cell\" ><div id=\"panel-33-0-0-0\" class=\"so-panel widget widget_sow-editor panel-first-child panel-last-child\" data-index=\"0\" ><div\n\t\t\t\n\t\t\tclass=\"so-widget-sow-editor so-widget-sow-editor-base\"\n\t\t\t\n\t\t>\n<div class=\"siteorigin-widget-tinymce textwidget\">\n\t<p>F\u00fcr alle, die mit uns die Unterwasserwelt entdecken wollen, aber (noch) keinen Tauchschein besitzen:<\/p>\n<\/div>\n<\/div><\/div><\/div><\/div><div id=\"pg-33-1\"  class=\"panel-grid panel-no-style\" ><div id=\"pgc-33-1-0\"  class=\"panel-grid-cell\" ><div id=\"panel-33-1-0-0\" class=\"so-panel widget widget_sow-image panel-first-child panel-last-child\" data-index=\"1\" ><div\n\t\t\t\n\t\t\tclass=\"so-widget-sow-image so-widget-sow-image-default-8b5b6f678277-33\"\n\t\t\t\n\t\t>\n<div class=\"sow-image-container\">\n\t\t<img \n\tsrc=\"https:\/\/dive-bluedolphin.com\/wp-content\/uploads\/2021\/09\/Dive-Center-Blue-Dolphin-Elounda-Crete-guests-and-happy-dive-1.jpg\" width=\"448\" height=\"336\" srcset=\"https:\/\/dive-bluedolphin.com\/wp-content\/uploads\/2021\/09\/Dive-Center-Blue-Dolphin-Elounda-Crete-guests-and-happy-dive-1.jpg 448w, https:\/\/dive-bluedolphin.com\/wp-content\/uploads\/2021\/09\/Dive-Center-Blue-Dolphin-Elounda-Crete-guests-and-happy-dive-1-300x225.jpg 300w\" sizes=\"(max-width: 448px) 100vw, 448px\" title=\"DCIM100GOPRO\" alt=\"\" \t\tclass=\"so-widget-image\"\/>\n\t<\/div>\n\n<\/div><\/div><\/div><div id=\"pgc-33-1-1\"  class=\"panel-grid-cell\" ><div id=\"panel-33-1-1-0\" class=\"so-panel widget widget_sow-editor panel-first-child panel-last-child\" data-index=\"2\" ><div\n\t\t\t\n\t\t\tclass=\"so-widget-sow-editor so-widget-sow-editor-base\"\n\t\t\t\n\t\t><h3 class=\"widget-title\">Schnuppertauchen<\/h3>\n<div class=\"siteorigin-widget-tinymce textwidget\">\n\t<p>Interessiert, aber nicht sicher, ob Tauchen das Richtige ist? Oder du hast wenig Zeit, Geld oder Lust auf einen kompletten Kurs? Dann ist dies hier genau das Richtige!<\/p>\n<\/div>\n<\/div><\/div><\/div><\/div><div id=\"pg-33-2\"  class=\"panel-grid panel-no-style\" ><div id=\"pgc-33-2-0\"  class=\"panel-grid-cell\" ><div id=\"panel-33-2-0-0\" class=\"so-panel widget widget_sow-editor panel-first-child\" data-index=\"3\" ><div\n\t\t\t\n\t\t\tclass=\"so-widget-sow-editor so-widget-sow-editor-base\"\n\t\t\t\n\t\t><h3 class=\"widget-title\">Discover Scuba Diving \u2013 Entdecke das Tauchen (vom Strand)<\/h3>\n<div class=\"siteorigin-widget-tinymce textwidget\">\n\t<p>Das Discover Scuba Diving Programm ist f\u00fcr alle der Einstieg ins Tauchvergn\u00fcgen ohne viel Theorie, jedoch sicher genug, um die ersten Atemz\u00fcge unter Wasser im Beisein des Tauchlehrers durchzuf\u00fchren. Nach einem kurzen Video gibt\u2019s noch einmal eine kurze Einf\u00fchrung vom Tauchlehrer.<br \/>\nDann wird das Equipment aufgeschnallt und es geht ab ins flache Wasser. Nach ein paar Grund\u00fcbungen (wie z.B. was zu tun ist, wenn in die Maske Wasser eintritt oder wie man Druckausgleich in den Ohren herstellt), die der Tauchlehrer vormacht und du wiederholst, ist die Sicherheit gew\u00e4hrleistet.<br \/>\nNach erfolgreicher Durchf\u00fchrung der \u00dcbungen geht\u2019s Hand in Hand mit dem Tauchlehrer bis zu einer maximalen Tiefe von 12 Metern. Und du bekommst diesen Tauchgang als erste Lektion auf Deinen Tauchkurs angerechnet, solltest du dich entscheiden, einen Tauchkurs bei uns zu machen.<\/p>\n<p>Weitere Informationen zu Tauchkursen findest Du<\/p>\n<\/div>\n<\/div><\/div><div id=\"panel-33-2-0-1\" class=\"so-panel widget widget_sow-button panel-last-child\" data-index=\"4\" ><div\n\t\t\t\n\t\t\tclass=\"so-widget-sow-button so-widget-sow-button-atom-d630cf018251-33\"\n\t\t\t\n\t\t><div class=\"ow-button-base ow-button-align-center\"\n>\n\t\t\t<a\n\t\t\t\t\thref=\"https:\/\/dive-bluedolphin.com\/de\/ausbildung\/beginner\/\"\n\t\t\t\t\tclass=\"sowb-button ow-icon-placement-left ow-button-hover\" \t>\n\t\t<span>\n\t\t\t\n\t\t\thier!\t\t<\/span>\n\t\t\t<\/a>\n\t<\/div>\n<\/div><\/div><\/div><div id=\"pgc-33-2-1\"  class=\"panel-grid-cell\" ><div id=\"panel-33-2-1-0\" class=\"so-panel widget widget_sow-editor panel-first-child panel-last-child\" data-index=\"5\" ><div\n\t\t\t\n\t\t\tclass=\"so-widget-sow-editor so-widget-sow-editor-base\"\n\t\t\t\n\t\t><h3 class=\"widget-title\">Weitere Tauchg\u00e4nge ohne Zertifizierung (vom Boot)<\/h3>\n<div class=\"siteorigin-widget-tinymce textwidget\">\n\t<p>Nachdem Du erfolgreich Dein erstes Discover Scuba Diving Programm bei uns absolviert hast, aber keinen kompletten Kurs machen m\u00f6chtest, bekommst Du jetzt die M\u00f6glichkeit, Tauchg\u00e4nge vom Boot durchzuf\u00fchren, indem Du Hand in Hand mit dem Tauchlehrer bis zu einer maximalen Tiefe von 12 Metern tauchen kannst.<br \/>\nNach Absolvieren des Discover Scuba Diving erm\u00f6glicht Dir dieses Programm ein einw\u00f6chiges Urlaubstauchen. Tauchvergn\u00fcgen bis zu 12 Metern mit direkter Begleitung eines Tauchlehrers.<\/p>\n<\/div>\n<\/div><\/div><\/div><\/div><\/div>","protected":false},"excerpt":{"rendered":"<p>F\u00fcr alle, die mit uns die Unterwasserwelt entdecken wollen, aber (noch) keinen Tauchschein besitzen: Interessiert, aber nicht sicher, ob Tauchen das Richtige ist? Oder du hast wenig Zeit, Geld oder Lust auf einen kompletten Kurs? Dann ist dies hier genau das Richtige!<\/p>\n","protected":false},"author":1,"featured_media":0,"parent":31,"menu_order":1,"comment_status":"closed","ping_status":"closed","template":"","meta":{"footnotes":""},"class_list":["post-33","page","type-page","status-publish","hentry","post"],"yoast_head":"<!-- This site is optimized with the Yoast SEO plugin v27.5 - https:\/\/yoast.com\/product\/yoast-seo-wordpress\/ -->\n<title>Schnuppertauchen - Diving Center Blue Dolphin<\/title>\n<meta name=\"robots\" content=\"index, follow, max-snippet:-1, max-image-preview:large, max-video-preview:-1\" \/>\n<link rel=\"canonical\" href=\"https:\/\/dive-bluedolphin.com\/de\/ausbildung\/schnuppertauchen\/\" \/>\n<meta property=\"og:locale\" content=\"de_DE\" \/>\n<meta property=\"og:type\" content=\"article\" \/>\n<meta property=\"og:title\" content=\"Schnuppertauchen - Diving Center Blue Dolphin\" \/>\n<meta property=\"og:description\" content=\"F\u00fcr alle, die mit uns die Unterwasserwelt entdecken wollen, aber (noch) keinen Tauchschein besitzen: Interessiert, aber nicht sicher, ob Tauchen das Richtige ist? Oder du hast wenig Zeit, Geld oder Lust auf einen kompletten Kurs? Dann ist dies hier genau das Richtige!\" \/>\n<meta property=\"og:url\" content=\"https:\/\/dive-bluedolphin.com\/de\/ausbildung\/schnuppertauchen\/\" \/>\n<meta property=\"og:site_name\" content=\"Diving Center Blue Dolphin\" \/>\n<meta property=\"article:modified_time\" content=\"2021-10-31T14:56:29+00:00\" \/>\n<meta name=\"twitter:card\" content=\"summary_large_image\" \/>\n<meta name=\"twitter:label1\" content=\"Gesch\u00e4tzte Lesezeit\" \/>\n\t<meta name=\"twitter:data1\" content=\"2\u00a0Minuten\" \/>\n<script type=\"application\/ld+json\" class=\"yoast-schema-graph\">{\"@context\":\"https:\\\/\\\/schema.org\",\"@graph\":[{\"@type\":\"WebPage\",\"@id\":\"https:\\\/\\\/dive-bluedolphin.com\\\/de\\\/ausbildung\\\/schnuppertauchen\\\/\",\"url\":\"https:\\\/\\\/dive-bluedolphin.com\\\/de\\\/ausbildung\\\/schnuppertauchen\\\/\",\"name\":\"Schnuppertauchen - Diving Center Blue Dolphin\",\"isPartOf\":{\"@id\":\"https:\\\/\\\/dive-bluedolphin.com\\\/de\\\/#website\"},\"datePublished\":\"2021-09-06T16:34:06+00:00\",\"dateModified\":\"2021-10-31T14:56:29+00:00\",\"breadcrumb\":{\"@id\":\"https:\\\/\\\/dive-bluedolphin.com\\\/de\\\/ausbildung\\\/schnuppertauchen\\\/#breadcrumb\"},\"inLanguage\":\"de\",\"potentialAction\":[{\"@type\":\"ReadAction\",\"target\":[\"https:\\\/\\\/dive-bluedolphin.com\\\/de\\\/ausbildung\\\/schnuppertauchen\\\/\"]}]},{\"@type\":\"BreadcrumbList\",\"@id\":\"https:\\\/\\\/dive-bluedolphin.com\\\/de\\\/ausbildung\\\/schnuppertauchen\\\/#breadcrumb\",\"itemListElement\":[{\"@type\":\"ListItem\",\"position\":1,\"name\":\"Home\",\"item\":\"https:\\\/\\\/dive-bluedolphin.com\\\/de\\\/\"},{\"@type\":\"ListItem\",\"position\":2,\"name\":\"Ausbildung ist unsere St\u00e4rke\",\"item\":\"https:\\\/\\\/dive-bluedolphin.com\\\/de\\\/ausbildung\\\/\"},{\"@type\":\"ListItem\",\"position\":3,\"name\":\"Schnuppertauchen\"}]},{\"@type\":\"WebSite\",\"@id\":\"https:\\\/\\\/dive-bluedolphin.com\\\/de\\\/#website\",\"url\":\"https:\\\/\\\/dive-bluedolphin.com\\\/de\\\/\",\"name\":\"Diving Center Blue Dolphin\",\"description\":\"Elounda - Crete\",\"potentialAction\":[{\"@type\":\"SearchAction\",\"target\":{\"@type\":\"EntryPoint\",\"urlTemplate\":\"https:\\\/\\\/dive-bluedolphin.com\\\/de\\\/?s={search_term_string}\"},\"query-input\":{\"@type\":\"PropertyValueSpecification\",\"valueRequired\":true,\"valueName\":\"search_term_string\"}}],\"inLanguage\":\"de\"}]}<\/script>\n<!-- \/ Yoast SEO plugin. -->","yoast_head_json":{"title":"Schnuppertauchen - Diving Center Blue Dolphin","robots":{"index":"index","follow":"follow","max-snippet":"max-snippet:-1","max-image-preview":"max-image-preview:large","max-video-preview":"max-video-preview:-1"},"canonical":"https:\/\/dive-bluedolphin.com\/de\/ausbildung\/schnuppertauchen\/","og_locale":"de_DE","og_type":"article","og_title":"Schnuppertauchen - Diving Center Blue Dolphin","og_description":"F\u00fcr alle, die mit uns die Unterwasserwelt entdecken wollen, aber (noch) keinen Tauchschein besitzen: Interessiert, aber nicht sicher, ob Tauchen das Richtige ist? Oder du hast wenig Zeit, Geld oder Lust auf einen kompletten Kurs? Dann ist dies hier genau das Richtige!","og_url":"https:\/\/dive-bluedolphin.com\/de\/ausbildung\/schnuppertauchen\/","og_site_name":"Diving Center Blue Dolphin","article_modified_time":"2021-10-31T14:56:29+00:00","twitter_card":"summary_large_image","twitter_misc":{"Gesch\u00e4tzte Lesezeit":"2\u00a0Minuten"},"schema":{"@context":"https:\/\/schema.org","@graph":[{"@type":"WebPage","@id":"https:\/\/dive-bluedolphin.com\/de\/ausbildung\/schnuppertauchen\/","url":"https:\/\/dive-bluedolphin.com\/de\/ausbildung\/schnuppertauchen\/","name":"Schnuppertauchen - Diving Center Blue Dolphin","isPartOf":{"@id":"https:\/\/dive-bluedolphin.com\/de\/#website"},"datePublished":"2021-09-06T16:34:06+00:00","dateModified":"2021-10-31T14:56:29+00:00","breadcrumb":{"@id":"https:\/\/dive-bluedolphin.com\/de\/ausbildung\/schnuppertauchen\/#breadcrumb"},"inLanguage":"de","potentialAction":[{"@type":"ReadAction","target":["https:\/\/dive-bluedolphin.com\/de\/ausbildung\/schnuppertauchen\/"]}]},{"@type":"BreadcrumbList","@id":"https:\/\/dive-bluedolphin.com\/de\/ausbildung\/schnuppertauchen\/#breadcrumb","itemListElement":[{"@type":"ListItem","position":1,"name":"Home","item":"https:\/\/dive-bluedolphin.com\/de\/"},{"@type":"ListItem","position":2,"name":"Ausbildung ist unsere St\u00e4rke","item":"https:\/\/dive-bluedolphin.com\/de\/ausbildung\/"},{"@type":"ListItem","position":3,"name":"Schnuppertauchen"}]},{"@type":"WebSite","@id":"https:\/\/dive-bluedolphin.com\/de\/#website","url":"https:\/\/dive-bluedolphin.com\/de\/","name":"Diving Center Blue Dolphin","description":"Elounda - Crete","potentialAction":[{"@type":"SearchAction","target":{"@type":"EntryPoint","urlTemplate":"https:\/\/dive-bluedolphin.com\/de\/?s={search_term_string}"},"query-input":{"@type":"PropertyValueSpecification","valueRequired":true,"valueName":"search_term_string"}}],"inLanguage":"de"}]}},"_links":{"self":[{"href":"https:\/\/dive-bluedolphin.com\/de\/wp-json\/wp\/v2\/pages\/33","targetHints":{"allow":["GET"]}}],"collection":[{"href":"https:\/\/dive-bluedolphin.com\/de\/wp-json\/wp\/v2\/pages"}],"about":[{"href":"https:\/\/dive-bluedolphin.com\/de\/wp-json\/wp\/v2\/types\/page"}],"author":[{"embeddable":true,"href":"https:\/\/dive-bluedolphin.com\/de\/wp-json\/wp\/v2\/users\/1"}],"replies":[{"embeddable":true,"href":"https:\/\/dive-bluedolphin.com\/de\/wp-json\/wp\/v2\/comments?post=33"}],"version-history":[{"count":26,"href":"https:\/\/dive-bluedolphin.com\/de\/wp-json\/wp\/v2\/pages\/33\/revisions"}],"predecessor-version":[{"id":1369,"href":"https:\/\/dive-bluedolphin.com\/de\/wp-json\/wp\/v2\/pages\/33\/revisions\/1369"}],"up":[{"embeddable":true,"href":"https:\/\/dive-bluedolphin.com\/de\/wp-json\/wp\/v2\/pages\/31"}],"wp:attachment":[{"href":"https:\/\/dive-bluedolphin.com\/de\/wp-json\/wp\/v2\/media?parent=33"}],"curies":[{"name":"wp","href":"https:\/\/api.w.org\/{rel}","templated":true}]}}