{"id":35,"date":"2021-09-06T18:34:27","date_gmt":"2021-09-06T16:34:27","guid":{"rendered":"https:\/\/dive-bluedolphin.com\/?page_id=35"},"modified":"2021-10-31T16:44:40","modified_gmt":"2021-10-31T15:44:40","slug":"beginner","status":"publish","type":"page","link":"https:\/\/dive-bluedolphin.com\/de\/ausbildung\/beginner\/","title":{"rendered":"F\u00fcr Beginner"},"content":{"rendered":"<div id=\"pl-35\"  class=\"panel-layout\" ><div id=\"pg-35-0\"  class=\"panel-grid panel-no-style\" ><div id=\"pgc-35-0-0\"  class=\"panel-grid-cell\" ><div id=\"panel-35-0-0-0\" class=\"so-panel widget widget_sow-editor panel-first-child panel-last-child\" data-index=\"0\" ><div\n\t\t\t\n\t\t\tclass=\"so-widget-sow-editor so-widget-sow-editor-base\"\n\t\t\t\n\t\t><h3 class=\"widget-title\">Hier beginnt Dein Tauchabenteuer!<\/h3>\n<div class=\"siteorigin-widget-tinymce textwidget\">\n\t<p>Im Folgenden findest Du die grundlegenden Informationen zum \"kleinen\" <strong>Scuba Diver<\/strong> Kurs, dem \"Basiskurs\" <strong>Open Water Diver<\/strong> und der Erweiterung vom <strong>Scuba Diver<\/strong> auf den <strong>Open Water Diver<\/strong>.<\/p>\n<h3><span style=\"color: #00ccff;\"><strong>Scuba Diver Kurs<\/strong><\/span><\/h3>\n<p>Dies ist ein 2\u00a0 1\/2 Tage-Tauch-Kurs zum Erlangen der ersten Tauchstufe. Nach Abschluss erh\u00e4ltst Du einen internationalen Tauchschein, mit dem Du weltweit unter Aufsicht eines Divemasters oder eines Tauchlehrers tauchen kannst.<\/p>\n<p><div class='yrm-content yrm-content-1 yrm-content-hide  ' id='yrm-dizwX' data-id='1' data-show-status='false' data-after-action='' style=\"visibility: hidden;height: 0;\">\n\t\t\t<div id='yrm-inner-content-yrm-dizwX' class='yrm-inner-content-wrapper yrm-cntent-1'>Der <strong>Scuba Diver <\/strong>ist das erste Beginner-Tauchzertifikat, das f\u00fcr Urlauber oder f\u00fcr Leute perfekt ist, die nur wenige Tauchg\u00e4nge im Jahr machen wollen. Als Vorstufe des <strong>Open Water Diver <\/strong>Programms erlaubt Dir der Scuba Diver, bei geringstm\u00f6glichem Zeitaufwand schnell und einfach zertifiziert zu werden.<\/p>\n<p>Mit dem\u00a0 <strong>Scuba Diver <\/strong>Zertifikat kannst Du zusammen mit einem Divemaster, Assistent-Instructor, Instructor oder einen Tauchprofi mit noch h\u00f6herer Ausbildung in Deinem n\u00e4chsten Urlaub oder auf einen Tauchausflug tauchen gehen.<\/p>\n<p>Im Verlaufe des Kurses erlernst Du die Grundlagen des Ger\u00e4tetauchens, einschlie\u00dflich der Handhabung der Tauchausr\u00fcstung und verschiedene Tauchtechniken. Deinen Abschluss als <strong>Scuba Diver <\/strong>erreichst Du, indem Du an Lektionen zur Entwicklung Deiner theoretischen Kenntnisse und Tauchg\u00e4ngen im Schwimmbad teilnimmst sowie zwei Tauchg\u00e4nge im Freiwasser machst.<\/p>\n<p>Durch interaktives Lernen im Internet vorab kannst Du Dir wertvolle Zeit im Urlaub f\u00fcr andere Aktivit\u00e4ten sparen! <a href=\"https:\/\/dive-bluedolphin.com\/kontakt\/\">Bitte kontaktiere uns f\u00fcr weitere Informationen.<\/a><\/p>\n<p>Jederzeit kannst Du den <strong>Scuba Diver<\/strong> Kurs auf den <strong>Open Water Diver Kurs<\/strong> erweitern.<\/p>\n<p><strong>Voraussetzungen:<\/strong><\/p>\n<ul>\n<li>Mindestalter 10 Jahre<\/li>\n<li>\u00c4rztliches Gesundheitsattest, nicht \u00e4lter als 2 Jahre, oder Du kannst vor Ort auch einen medizinischen Fragebogen ausf\u00fcllen, solltest Du keine Beschwerden oder\u00a0 Krankheiten haben sowie keine Medikamente einnehmen.<\/li>\n<\/ul>\n<p><strong>Der Kurs beinhaltet:<\/strong><\/p>\n<ul>\n<li>3 Theorie-Lektionen<\/li>\n<li>3 Trainingsmodule im flachen Wasser<\/li>\n<li>2 Freiwassertauchg\u00e4nge, um das Erlernte im Beisein des Tauchlehrers\/Instruktors anzuwenden<\/li>\n<li>Leihequipment inklusive<\/li>\n<li>Nach der Zertifizierung: maximale Tauchtiefe\u00a012 Meter in Begleitung eines Tauchprofessionellen<\/div>\n\t\t<\/div><div class='yrm-btn-wrapper yrm-btn-wrapper-1 yrm-more-button-wrapper button '\n\t\tdata-custom-more-class-name='button' data-custom-less-class-name='button'><span title='' data-less-title='' data-more-title='' class='yrm-toggle-expand  yrm-toggle-expand-1 yrm-button-auto-mode' data-rel='yrm-dizwX' data-more='\u00d6ffnen' data-less='Schlie\u00dfen'><span class='yrm-text-wrapper '><span class=\"yrm-button-text-1 yrm-button-text-span\">\u00d6ffnen<\/span><\/span><\/span><\/div><\/li>\n<\/ul>\n<p>Hol Dir Deinen\u00a0 Tauchschein. Wenn Du schon immer tauchen lernen wolltest, auf der Suche nach neuen Abenteuern bist und die sagenhafte Unterwasserwelt kennenlernen willst:<\/p>\n<h3><span style=\"color: #00ccff;\"><strong>Open Water Diver Kurs<\/strong><\/span><\/h3>\n<p>Der <strong>Open Water Diver <\/strong>Kurs ist der bekannteste Tauchkurs weltweit und hat bereits Millionen Menschen in das abenteuerreiche Lebensgef\u00fchl Tauchen eingef\u00fchrt.<\/p>\n<div class='yrm-content yrm-content-1 yrm-content-hide  ' id='yrm-Ek16Z' data-id='1' data-show-status='false' data-after-action='' style=\"visibility: hidden;height: 0;\">\n\t\t\t<div id='yrm-inner-content-yrm-Ek16Z' class='yrm-inner-content-wrapper yrm-cntent-1'>Spa\u00df an diesem Kurs macht\u2026 Na ja, eigentlich alles, denn Tauchen lernen ist einfach unglaublich toll. Du wirst das erste Mal unter Wasser atmen (was Du garantiert nicht vergisst) und lernst alles Notwendige, um ein Taucher mit international anerkanntem Tauchschein zu werden. W\u00e4hrend des Kurses machst Du unter der Aufsicht Deines Tauchlehrers mindestens f\u00fcnf Tauchmodule im flachen Wasser und vier Tauchg\u00e4nge ohne Stress an unserem Hausriff.<\/p>\n<p>Dieses weltweit anerkannte Zertifizierungsprogramm ist der beste Weg, ein lebenslanges Abenteuer als zertifizierter Taucher zu beginnen. Durch eine individuell angepasste Ausbildung, die mit \u00dcbungen im Wasser kombiniert wird, erh\u00e4ltst Du die erforderlichen F\u00e4higkeiten und Erfahrungen, um Dich komfortabel und sicher unter Wasser zu f\u00fchlen. Du erh\u00e4ltst die <strong>Open Water Diver<\/strong> Zertifizierung.<\/p>\n<p>Die Theorieausbildung wird, nachdem Du Dein Lernmaterial durchgearbeitet hast, durch Lernvideos, PP-Pr\u00e4sentationen und Unterrichtslektionen unterst\u00fctzt.<br \/>\nDurch interaktives Lernen im Internet vorab kannst Du Dir wertvolle Zeit im Urlaub f\u00fcr andere Aktivit\u00e4ten sparen! <a href=\"https:\/\/dive-bluedolphin.com\/kontakt\/\">Bitte kontaktiere uns f\u00fcr weitere Informationen<\/a>.<\/p>\n<p><strong>Voraussetzungen:<\/strong><\/p>\n<ul>\n<li>Mindestalter 10 Jahre<\/li>\n<li>\u00c4rztliches Gesundheitsattest, nicht \u00e4lter als 2 Jahre, oder Du kannst vor Ort auch einen medizinischen Fragebogen ausf\u00fcllen, solltest Du keine Beschwerden oder\u00a0 Krankheiten haben sowie keine Medikamente einnehmen.<\/li>\n<\/ul>\n<p><strong>Kursinhalt:<\/strong><\/p>\n<ul>\n<li>5 Theorie-Lektionen<\/li>\n<li>5 Trainingsmodule<\/li>\n<li>4 Freiwasser-Tauchg\u00e4nge, inkl. Leihequipment<\/li>\n<li>Maximale Tauchtiefe nach der Zertifizierung: 18 Meter<\/li>\n<\/ul>\n<p>Das Kurskonzept des <strong>Open Water Diver <\/strong>Programms ist weltweit einzigartig. Es sind keinerlei langweilige Schnorchelerlebnisse notwendig, bevor mit dem eigentlichen Tauchger\u00e4t begonnen wird. Die erste Lektion im Wasser beginnt sofort mit der kompletten Tauchausr\u00fcstung.<\/div>\n\t\t<\/div><div class='yrm-btn-wrapper yrm-btn-wrapper-1 yrm-more-button-wrapper button '\n\t\tdata-custom-more-class-name='button' data-custom-less-class-name='button'><span title='' data-less-title='' data-more-title='' class='yrm-toggle-expand  yrm-toggle-expand-1 yrm-button-auto-mode' data-rel='yrm-Ek16Z' data-more='\u00d6ffnen' data-less='Schlie\u00dfen'><span class='yrm-text-wrapper '><span class=\"yrm-button-text-1 yrm-button-text-span\">\u00d6ffnen<\/span><\/span><\/span><\/div>\n<p>Du bist bereits <strong>Scuba Diver<\/strong> und m\u00f6chtest Deine Ausbildung zum <strong>Open Water Diver<\/strong> fortsetzen? Dann ist dieser Kurs genau das Richtige f\u00fcr Dich!<\/p>\n<h3><span style=\"color: #00ccff;\"><strong>Scuba Diver Upgrade zum Open Water Diver<\/strong><\/span><\/h3>\n<p>Aufbauend auf Deinen Kenntnissen und Fertigkeiten, die Du im\u00a0<strong> Scuba Diver <\/strong>Kurs erlernt hast, werden Dir in diesem Kurs die restlichen Module des\u00a0 <strong>Open\u00a0Water Diver<\/strong> vermittelt.<\/p>\n<p style=\"text-align: left;\"><div class='yrm-content yrm-content-1 yrm-content-hide  ' id='yrm-sIELR' data-id='1' data-show-status='false' data-after-action='' style=\"visibility: hidden;height: 0;\">\n\t\t\t<div id='yrm-inner-content-yrm-sIELR' class='yrm-inner-content-wrapper yrm-cntent-1'><\/p>\n<p>Nach erfolgreichem Abschluss des <strong>Open Water Diver<\/strong> Kurses kannst Du selbstst\u00e4ndig mit Deinem Tauchpartner Tauchg\u00e4nge planen und durchf\u00fchren.<\/p>\n<p><strong>Der Kurs besteht aus folgenden Teilen:<\/strong><\/p>\n<ul>\n<li>\u00a02 Theorie-Lektionen<\/li>\n<li>\u00a02 Trainingsmodule<\/li>\n<li>\u00a02 Tauchg\u00e4nge im Freiwasser<\/li>\n<\/ul>\n<p>In zwei Theorie-Lektionen, die Du zuerst selbstst\u00e4ndig mit Hilfe des Open Water Diver Kursbuches und der DVD oder per Internet durcharbeitest, erlernst Du u.a. die selbstst\u00e4ndige Planung von Tauchg\u00e4ngen. W\u00e4hrend des Theorie-Unterrichts hast Du die M\u00f6glichkeit, Dein gelerntes Wissen nochmals zu \u00fcberpr\u00fcfen und zu vertiefen.<\/p>\n<p>Zus\u00e4tzlich zu Deinen bereits erlernten Tauchfertigkeiten wirst Du unter Anleitung und in Begleitung Deines Tauchlehrers neue Tauchfertigkeiten und -verfahren erlernen und \u00fcben.<\/p>\n<p>In den abschlie\u00dfenden Tauchg\u00e4ngen im Freiwasser wirst Du Deine neu erworbenen Kenntnisse und Tauchfertigkeiten in einer echten Tauchumgebung und unter Anleitung und in Begleitung Deines Tauchlehrers anwenden und weiterentwickeln.<\/div>\n\t\t<\/div><div class='yrm-btn-wrapper yrm-btn-wrapper-1 yrm-more-button-wrapper button '\n\t\tdata-custom-more-class-name='button' data-custom-less-class-name='button'><span title='' data-less-title='' data-more-title='' class='yrm-toggle-expand  yrm-toggle-expand-1 yrm-button-auto-mode' data-rel='yrm-sIELR' data-more='\u00d6ffnen' data-less='Schlie\u00dfen'><span class='yrm-text-wrapper '><span class=\"yrm-button-text-1 yrm-button-text-span\">\u00d6ffnen<\/span><\/span><\/span><\/div><\/p>\n<\/div>\n<\/div><\/div><\/div><\/div><\/div>","protected":false},"excerpt":{"rendered":"<p>Im Folgenden findest Du die grundlegenden Informationen zum &#8222;kleinen&#8220; Scuba Diver Kurs, dem &#8222;Basiskurs&#8220; Open Water Diver und der Erweiterung vom Scuba Diver auf den Open Water Diver. Scuba Diver Kurs Dies ist ein 2\u00a0 1\/2 Tage-Tauch-Kurs zum Erlangen der ersten Tauchstufe. Nach Abschluss erh\u00e4ltst Du einen internationalen Tauchschein, mit dem Du weltweit unter Aufsicht [&hellip;]<\/p>\n","protected":false},"author":1,"featured_media":0,"parent":31,"menu_order":2,"comment_status":"closed","ping_status":"closed","template":"","meta":{"footnotes":""},"class_list":["post-35","page","type-page","status-publish","hentry","post"],"yoast_head":"<!-- This site is optimized with the Yoast SEO plugin v27.3 - https:\/\/yoast.com\/product\/yoast-seo-wordpress\/ -->\n<title>F\u00fcr Beginner - Diving Center Blue Dolphin<\/title>\n<meta name=\"robots\" content=\"index, follow, max-snippet:-1, max-image-preview:large, max-video-preview:-1\" \/>\n<link rel=\"canonical\" href=\"https:\/\/dive-bluedolphin.com\/de\/ausbildung\/beginner\/\" \/>\n<meta property=\"og:locale\" content=\"de_DE\" \/>\n<meta property=\"og:type\" content=\"article\" \/>\n<meta property=\"og:title\" content=\"F\u00fcr Beginner - Diving Center Blue Dolphin\" \/>\n<meta property=\"og:description\" content=\"Im Folgenden findest Du die grundlegenden Informationen zum &quot;kleinen&quot; Scuba Diver Kurs, dem &quot;Basiskurs&quot; Open Water Diver und der Erweiterung vom Scuba Diver auf den Open Water Diver. Scuba Diver Kurs Dies ist ein 2\u00a0 1\/2 Tage-Tauch-Kurs zum Erlangen der ersten Tauchstufe. Nach Abschluss erh\u00e4ltst Du einen internationalen Tauchschein, mit dem Du weltweit unter Aufsicht [&hellip;]\" \/>\n<meta property=\"og:url\" content=\"https:\/\/dive-bluedolphin.com\/de\/ausbildung\/beginner\/\" \/>\n<meta property=\"og:site_name\" content=\"Diving Center Blue Dolphin\" \/>\n<meta property=\"article:modified_time\" content=\"2021-10-31T15:44:40+00:00\" \/>\n<meta name=\"twitter:card\" content=\"summary_large_image\" \/>\n<meta name=\"twitter:label1\" content=\"Gesch\u00e4tzte Lesezeit\" \/>\n\t<meta name=\"twitter:data1\" content=\"4\u00a0Minuten\" \/>\n<script type=\"application\/ld+json\" class=\"yoast-schema-graph\">{\"@context\":\"https:\\\/\\\/schema.org\",\"@graph\":[{\"@type\":\"WebPage\",\"@id\":\"https:\\\/\\\/dive-bluedolphin.com\\\/de\\\/ausbildung\\\/beginner\\\/\",\"url\":\"https:\\\/\\\/dive-bluedolphin.com\\\/de\\\/ausbildung\\\/beginner\\\/\",\"name\":\"F\u00fcr Beginner - Diving Center Blue Dolphin\",\"isPartOf\":{\"@id\":\"https:\\\/\\\/dive-bluedolphin.com\\\/de\\\/#website\"},\"datePublished\":\"2021-09-06T16:34:27+00:00\",\"dateModified\":\"2021-10-31T15:44:40+00:00\",\"breadcrumb\":{\"@id\":\"https:\\\/\\\/dive-bluedolphin.com\\\/de\\\/ausbildung\\\/beginner\\\/#breadcrumb\"},\"inLanguage\":\"de\",\"potentialAction\":[{\"@type\":\"ReadAction\",\"target\":[\"https:\\\/\\\/dive-bluedolphin.com\\\/de\\\/ausbildung\\\/beginner\\\/\"]}]},{\"@type\":\"BreadcrumbList\",\"@id\":\"https:\\\/\\\/dive-bluedolphin.com\\\/de\\\/ausbildung\\\/beginner\\\/#breadcrumb\",\"itemListElement\":[{\"@type\":\"ListItem\",\"position\":1,\"name\":\"Home\",\"item\":\"https:\\\/\\\/dive-bluedolphin.com\\\/de\\\/\"},{\"@type\":\"ListItem\",\"position\":2,\"name\":\"Ausbildung ist unsere St\u00e4rke\",\"item\":\"https:\\\/\\\/dive-bluedolphin.com\\\/de\\\/ausbildung\\\/\"},{\"@type\":\"ListItem\",\"position\":3,\"name\":\"F\u00fcr Beginner\"}]},{\"@type\":\"WebSite\",\"@id\":\"https:\\\/\\\/dive-bluedolphin.com\\\/de\\\/#website\",\"url\":\"https:\\\/\\\/dive-bluedolphin.com\\\/de\\\/\",\"name\":\"Diving Center Blue Dolphin\",\"description\":\"Elounda - Crete\",\"potentialAction\":[{\"@type\":\"SearchAction\",\"target\":{\"@type\":\"EntryPoint\",\"urlTemplate\":\"https:\\\/\\\/dive-bluedolphin.com\\\/de\\\/?s={search_term_string}\"},\"query-input\":{\"@type\":\"PropertyValueSpecification\",\"valueRequired\":true,\"valueName\":\"search_term_string\"}}],\"inLanguage\":\"de\"}]}<\/script>\n<!-- \/ Yoast SEO plugin. -->","yoast_head_json":{"title":"F\u00fcr Beginner - Diving Center Blue Dolphin","robots":{"index":"index","follow":"follow","max-snippet":"max-snippet:-1","max-image-preview":"max-image-preview:large","max-video-preview":"max-video-preview:-1"},"canonical":"https:\/\/dive-bluedolphin.com\/de\/ausbildung\/beginner\/","og_locale":"de_DE","og_type":"article","og_title":"F\u00fcr Beginner - Diving Center Blue Dolphin","og_description":"Im Folgenden findest Du die grundlegenden Informationen zum \"kleinen\" Scuba Diver Kurs, dem \"Basiskurs\" Open Water Diver und der Erweiterung vom Scuba Diver auf den Open Water Diver. Scuba Diver Kurs Dies ist ein 2\u00a0 1\/2 Tage-Tauch-Kurs zum Erlangen der ersten Tauchstufe. Nach Abschluss erh\u00e4ltst Du einen internationalen Tauchschein, mit dem Du weltweit unter Aufsicht [&hellip;]","og_url":"https:\/\/dive-bluedolphin.com\/de\/ausbildung\/beginner\/","og_site_name":"Diving Center Blue Dolphin","article_modified_time":"2021-10-31T15:44:40+00:00","twitter_card":"summary_large_image","twitter_misc":{"Gesch\u00e4tzte Lesezeit":"4\u00a0Minuten"},"schema":{"@context":"https:\/\/schema.org","@graph":[{"@type":"WebPage","@id":"https:\/\/dive-bluedolphin.com\/de\/ausbildung\/beginner\/","url":"https:\/\/dive-bluedolphin.com\/de\/ausbildung\/beginner\/","name":"F\u00fcr Beginner - Diving Center Blue Dolphin","isPartOf":{"@id":"https:\/\/dive-bluedolphin.com\/de\/#website"},"datePublished":"2021-09-06T16:34:27+00:00","dateModified":"2021-10-31T15:44:40+00:00","breadcrumb":{"@id":"https:\/\/dive-bluedolphin.com\/de\/ausbildung\/beginner\/#breadcrumb"},"inLanguage":"de","potentialAction":[{"@type":"ReadAction","target":["https:\/\/dive-bluedolphin.com\/de\/ausbildung\/beginner\/"]}]},{"@type":"BreadcrumbList","@id":"https:\/\/dive-bluedolphin.com\/de\/ausbildung\/beginner\/#breadcrumb","itemListElement":[{"@type":"ListItem","position":1,"name":"Home","item":"https:\/\/dive-bluedolphin.com\/de\/"},{"@type":"ListItem","position":2,"name":"Ausbildung ist unsere St\u00e4rke","item":"https:\/\/dive-bluedolphin.com\/de\/ausbildung\/"},{"@type":"ListItem","position":3,"name":"F\u00fcr Beginner"}]},{"@type":"WebSite","@id":"https:\/\/dive-bluedolphin.com\/de\/#website","url":"https:\/\/dive-bluedolphin.com\/de\/","name":"Diving Center Blue Dolphin","description":"Elounda - Crete","potentialAction":[{"@type":"SearchAction","target":{"@type":"EntryPoint","urlTemplate":"https:\/\/dive-bluedolphin.com\/de\/?s={search_term_string}"},"query-input":{"@type":"PropertyValueSpecification","valueRequired":true,"valueName":"search_term_string"}}],"inLanguage":"de"}]}},"_links":{"self":[{"href":"https:\/\/dive-bluedolphin.com\/de\/wp-json\/wp\/v2\/pages\/35","targetHints":{"allow":["GET"]}}],"collection":[{"href":"https:\/\/dive-bluedolphin.com\/de\/wp-json\/wp\/v2\/pages"}],"about":[{"href":"https:\/\/dive-bluedolphin.com\/de\/wp-json\/wp\/v2\/types\/page"}],"author":[{"embeddable":true,"href":"https:\/\/dive-bluedolphin.com\/de\/wp-json\/wp\/v2\/users\/1"}],"replies":[{"embeddable":true,"href":"https:\/\/dive-bluedolphin.com\/de\/wp-json\/wp\/v2\/comments?post=35"}],"version-history":[{"count":17,"href":"https:\/\/dive-bluedolphin.com\/de\/wp-json\/wp\/v2\/pages\/35\/revisions"}],"predecessor-version":[{"id":1381,"href":"https:\/\/dive-bluedolphin.com\/de\/wp-json\/wp\/v2\/pages\/35\/revisions\/1381"}],"up":[{"embeddable":true,"href":"https:\/\/dive-bluedolphin.com\/de\/wp-json\/wp\/v2\/pages\/31"}],"wp:attachment":[{"href":"https:\/\/dive-bluedolphin.com\/de\/wp-json\/wp\/v2\/media?parent=35"}],"curies":[{"name":"wp","href":"https:\/\/api.w.org\/{rel}","templated":true}]}}