{"id":37,"date":"2021-09-06T18:34:51","date_gmt":"2021-09-06T16:34:51","guid":{"rendered":"https:\/\/dive-bluedolphin.com\/?page_id=37"},"modified":"2021-11-03T12:59:05","modified_gmt":"2021-11-03T11:59:05","slug":"kinder","status":"publish","type":"page","link":"https:\/\/dive-bluedolphin.com\/de\/ausbildung\/kinder\/","title":{"rendered":"Kinder ab 8 Jahren"},"content":{"rendered":"<div id=\"pl-37\"  class=\"panel-layout\" ><div id=\"pg-37-0\"  class=\"panel-grid panel-no-style\" ><div id=\"pgc-37-0-0\"  class=\"panel-grid-cell\" ><div id=\"panel-37-0-0-0\" class=\"so-panel widget widget_sow-image panel-first-child panel-last-child\" data-index=\"0\" ><div\n\t\t\t\n\t\t\tclass=\"so-widget-sow-image so-widget-sow-image-default-dbf295114b96-37\"\n\t\t\t\n\t\t>\n<div class=\"sow-image-container\">\n\t\t<img \n\tsrc=\"https:\/\/dive-bluedolphin.com\/wp-content\/uploads\/2021\/09\/kinder1-gr.jpg\" width=\"227\" height=\"170\" sizes=\"(max-width: 227px) 100vw, 227px\" alt=\"\" \t\tclass=\"so-widget-image\"\/>\n\t<\/div>\n\n<\/div><\/div><\/div><div id=\"pgc-37-0-1\"  class=\"panel-grid-cell\" ><div id=\"panel-37-0-1-0\" class=\"so-panel widget widget_sow-editor panel-first-child panel-last-child\" data-index=\"1\" ><div\n\t\t\t\n\t\t\tclass=\"so-widget-sow-editor so-widget-sow-editor-base\"\n\t\t\t\n\t\t>\n<div class=\"siteorigin-widget-tinymce textwidget\">\n\t<h3><span style=\"color: #00ccff;\"><strong>Bubblemaker\/ Basic Diver<\/strong><\/span><\/h3>\n<p>Tauchspa\u00df f\u00fcr coole Kids! (ohne Zertifizierung)<br \/>\nRiesenabenteuer f\u00fcr Kinder ab 8 Jahren, die das Abenteuer Tauchen und die Unterwasserwelt entdecken wollen. Hier wird die Sicherheit mit viel Spa\u00df und unter der direkten Aufsicht eines Tauchlehrers spielerisch erlernt.<\/p>\n<p>Dauer des Kurses: ca. 90 Minuten, maximale Tauchtiefe: 4 Meter.<\/p>\n<\/div>\n<\/div><\/div><\/div><\/div><div id=\"pg-37-1\"  class=\"panel-grid panel-no-style\" ><div id=\"pgc-37-1-0\"  class=\"panel-grid-cell\" ><div id=\"panel-37-1-0-0\" class=\"so-panel widget widget_sow-editor panel-first-child panel-last-child\" data-index=\"2\" ><div\n\t\t\t\n\t\t\tclass=\"so-widget-sow-editor so-widget-sow-editor-base\"\n\t\t\t\n\t\t>\n<div class=\"siteorigin-widget-tinymce textwidget\">\n\t<h3><span style=\"color: #00ccff;\"><strong>Junior Scuba Diver<\/strong><\/span><\/h3>\n<p>Dies ist der Scuba Diver Kurs f\u00fcr 10- bis 15-J\u00e4hrig und ein 2 1\/2 Tage-Programm bzw. der erste Teil des Junior Open Waters Diver Kurses. Nach Abschluss erh\u00e4ltst Du einen internationalen Tauchschein, mit dem Du weltweit unter Aufsicht eines Divemasters oder eines Tauchlehrers tauchen kannst.<\/p>\n<p><strong>Voraussetzungen:<\/strong><\/p>\n<ul>\n<li>Mindestalter 10 Jahre<\/li>\n<\/ul>\n<p><strong>Der Kurs beinhaltet:<\/strong><\/p>\n<ul>\n<li>3 Theorie-Lektionen<\/li>\n<li>3 Trainingsmodule im flachen Wasser<\/li>\n<li>2 Freiwassertauchg\u00e4nge, um das Erlernte im Beisein des Tauchlehrers\/Instruktors anzuwenden<\/li>\n<li>Leihequipment inklusive<\/li>\n<li>Nach der Zertifizierung: maximale Tauchtiefe 12 Meter in Begleitung eines Tauchprofessionellen<\/li>\n<\/ul>\n<p><em><strong>Ab dem 15. Geburtstag wird Dein Junior Scuba Diver Zertifikat automatisch zum Open Water Diver Zertifikat.<\/strong><\/em><\/p>\n<h3><\/h3>\n<h3><span style=\"color: #00ccff;\"><strong>Junior Open Water Diver<\/strong><\/span><\/h3>\n<p>Dies ist der Open Water Diver Kurs f\u00fcr 10- bis 15-J\u00e4hrige. Er ist vom Aufbau und den Leistungsanforderungen gleich, jedoch m\u00fcssen Junioren bei jeden Tauchgang von einem Erwachsenen begleitet werden. Die 10- bis 12-J\u00e4hrigen d\u00fcrfen zudem auch nur bis auf eine Wassertiefe von max. 12 Metern mit einem Erziehungsberechtigten oder einem Tauchprofessionellen tauchen.<\/p>\n<p><strong>Voraussetzungen:<\/strong><\/p>\n<ul>\n<li>Mindestalter 10 Jahre<\/li>\n<\/ul>\n<p><strong>Der Kurs beinhaltet:<\/strong><\/p>\n<ul>\n<li>5 Theorie-Lektionen<\/li>\n<li>5 Trainingsmodule im flachen Wasser<\/li>\n<li>4 Freiwassertauchg\u00e4nge, um das Erlernte im Beisein des Tauchlehrers\/Instruktors anzuwenden<\/li>\n<li>Leihequipment inklusive<\/li>\n<li>Nach der Zertifizierung: maximale Tauchtiefe 12 bzw. 18 Meter in Begleitung eines Tauchprofessionellen<\/li>\n<\/ul>\n<p><em><strong>Ab dem 15. Geburtstag wird Dein Junior Open Water Zertifikat automatisch zum Open Water Diver Zertifikat.<\/strong><\/em><\/p>\n<\/div>\n<\/div><\/div><\/div><\/div><\/div>","protected":false},"excerpt":{"rendered":"<p>Bubblemaker\/ Basic Diver Tauchspa\u00df f\u00fcr coole Kids! (ohne Zertifizierung) Riesenabenteuer f\u00fcr Kinder ab 8 Jahren, die das Abenteuer Tauchen und die Unterwasserwelt entdecken wollen. Hier wird die Sicherheit mit viel Spa\u00df und unter der direkten Aufsicht eines Tauchlehrers spielerisch erlernt. Dauer des Kurses: ca. 90 Minuten, maximale Tauchtiefe: 4 Meter. Junior Scuba Diver Dies ist [&hellip;]<\/p>\n","protected":false},"author":1,"featured_media":0,"parent":31,"menu_order":3,"comment_status":"closed","ping_status":"closed","template":"","meta":{"footnotes":""},"class_list":["post-37","page","type-page","status-publish","hentry","post"],"yoast_head":"<!-- This site is optimized with the Yoast SEO plugin v27.3 - https:\/\/yoast.com\/product\/yoast-seo-wordpress\/ -->\n<title>Kinder ab 8 Jahren - Diving Center Blue Dolphin<\/title>\n<meta name=\"robots\" content=\"index, follow, max-snippet:-1, max-image-preview:large, max-video-preview:-1\" \/>\n<link rel=\"canonical\" href=\"https:\/\/dive-bluedolphin.com\/de\/ausbildung\/kinder\/\" \/>\n<meta property=\"og:locale\" content=\"de_DE\" \/>\n<meta property=\"og:type\" content=\"article\" \/>\n<meta property=\"og:title\" content=\"Kinder ab 8 Jahren - Diving Center Blue Dolphin\" \/>\n<meta property=\"og:description\" content=\"Bubblemaker\/ Basic Diver Tauchspa\u00df f\u00fcr coole Kids! (ohne Zertifizierung) Riesenabenteuer f\u00fcr Kinder ab 8 Jahren, die das Abenteuer Tauchen und die Unterwasserwelt entdecken wollen. Hier wird die Sicherheit mit viel Spa\u00df und unter der direkten Aufsicht eines Tauchlehrers spielerisch erlernt. Dauer des Kurses: ca. 90 Minuten, maximale Tauchtiefe: 4 Meter. Junior Scuba Diver Dies ist [&hellip;]\" \/>\n<meta property=\"og:url\" content=\"https:\/\/dive-bluedolphin.com\/de\/ausbildung\/kinder\/\" \/>\n<meta property=\"og:site_name\" content=\"Diving Center Blue Dolphin\" \/>\n<meta property=\"article:modified_time\" content=\"2021-11-03T11:59:05+00:00\" \/>\n<meta name=\"twitter:card\" content=\"summary_large_image\" \/>\n<meta name=\"twitter:label1\" content=\"Gesch\u00e4tzte Lesezeit\" \/>\n\t<meta name=\"twitter:data1\" content=\"2\u00a0Minuten\" \/>\n<script type=\"application\/ld+json\" class=\"yoast-schema-graph\">{\"@context\":\"https:\\\/\\\/schema.org\",\"@graph\":[{\"@type\":\"WebPage\",\"@id\":\"https:\\\/\\\/dive-bluedolphin.com\\\/de\\\/ausbildung\\\/kinder\\\/\",\"url\":\"https:\\\/\\\/dive-bluedolphin.com\\\/de\\\/ausbildung\\\/kinder\\\/\",\"name\":\"Kinder ab 8 Jahren - Diving Center Blue Dolphin\",\"isPartOf\":{\"@id\":\"https:\\\/\\\/dive-bluedolphin.com\\\/de\\\/#website\"},\"datePublished\":\"2021-09-06T16:34:51+00:00\",\"dateModified\":\"2021-11-03T11:59:05+00:00\",\"breadcrumb\":{\"@id\":\"https:\\\/\\\/dive-bluedolphin.com\\\/de\\\/ausbildung\\\/kinder\\\/#breadcrumb\"},\"inLanguage\":\"de\",\"potentialAction\":[{\"@type\":\"ReadAction\",\"target\":[\"https:\\\/\\\/dive-bluedolphin.com\\\/de\\\/ausbildung\\\/kinder\\\/\"]}]},{\"@type\":\"BreadcrumbList\",\"@id\":\"https:\\\/\\\/dive-bluedolphin.com\\\/de\\\/ausbildung\\\/kinder\\\/#breadcrumb\",\"itemListElement\":[{\"@type\":\"ListItem\",\"position\":1,\"name\":\"Home\",\"item\":\"https:\\\/\\\/dive-bluedolphin.com\\\/de\\\/\"},{\"@type\":\"ListItem\",\"position\":2,\"name\":\"Ausbildung ist unsere St\u00e4rke\",\"item\":\"https:\\\/\\\/dive-bluedolphin.com\\\/de\\\/ausbildung\\\/\"},{\"@type\":\"ListItem\",\"position\":3,\"name\":\"Kinder ab 8 Jahren\"}]},{\"@type\":\"WebSite\",\"@id\":\"https:\\\/\\\/dive-bluedolphin.com\\\/de\\\/#website\",\"url\":\"https:\\\/\\\/dive-bluedolphin.com\\\/de\\\/\",\"name\":\"Diving Center Blue Dolphin\",\"description\":\"Elounda - Crete\",\"potentialAction\":[{\"@type\":\"SearchAction\",\"target\":{\"@type\":\"EntryPoint\",\"urlTemplate\":\"https:\\\/\\\/dive-bluedolphin.com\\\/de\\\/?s={search_term_string}\"},\"query-input\":{\"@type\":\"PropertyValueSpecification\",\"valueRequired\":true,\"valueName\":\"search_term_string\"}}],\"inLanguage\":\"de\"}]}<\/script>\n<!-- \/ Yoast SEO plugin. -->","yoast_head_json":{"title":"Kinder ab 8 Jahren - Diving Center Blue Dolphin","robots":{"index":"index","follow":"follow","max-snippet":"max-snippet:-1","max-image-preview":"max-image-preview:large","max-video-preview":"max-video-preview:-1"},"canonical":"https:\/\/dive-bluedolphin.com\/de\/ausbildung\/kinder\/","og_locale":"de_DE","og_type":"article","og_title":"Kinder ab 8 Jahren - Diving Center Blue Dolphin","og_description":"Bubblemaker\/ Basic Diver Tauchspa\u00df f\u00fcr coole Kids! (ohne Zertifizierung) Riesenabenteuer f\u00fcr Kinder ab 8 Jahren, die das Abenteuer Tauchen und die Unterwasserwelt entdecken wollen. Hier wird die Sicherheit mit viel Spa\u00df und unter der direkten Aufsicht eines Tauchlehrers spielerisch erlernt. Dauer des Kurses: ca. 90 Minuten, maximale Tauchtiefe: 4 Meter. Junior Scuba Diver Dies ist [&hellip;]","og_url":"https:\/\/dive-bluedolphin.com\/de\/ausbildung\/kinder\/","og_site_name":"Diving Center Blue Dolphin","article_modified_time":"2021-11-03T11:59:05+00:00","twitter_card":"summary_large_image","twitter_misc":{"Gesch\u00e4tzte Lesezeit":"2\u00a0Minuten"},"schema":{"@context":"https:\/\/schema.org","@graph":[{"@type":"WebPage","@id":"https:\/\/dive-bluedolphin.com\/de\/ausbildung\/kinder\/","url":"https:\/\/dive-bluedolphin.com\/de\/ausbildung\/kinder\/","name":"Kinder ab 8 Jahren - Diving Center Blue Dolphin","isPartOf":{"@id":"https:\/\/dive-bluedolphin.com\/de\/#website"},"datePublished":"2021-09-06T16:34:51+00:00","dateModified":"2021-11-03T11:59:05+00:00","breadcrumb":{"@id":"https:\/\/dive-bluedolphin.com\/de\/ausbildung\/kinder\/#breadcrumb"},"inLanguage":"de","potentialAction":[{"@type":"ReadAction","target":["https:\/\/dive-bluedolphin.com\/de\/ausbildung\/kinder\/"]}]},{"@type":"BreadcrumbList","@id":"https:\/\/dive-bluedolphin.com\/de\/ausbildung\/kinder\/#breadcrumb","itemListElement":[{"@type":"ListItem","position":1,"name":"Home","item":"https:\/\/dive-bluedolphin.com\/de\/"},{"@type":"ListItem","position":2,"name":"Ausbildung ist unsere St\u00e4rke","item":"https:\/\/dive-bluedolphin.com\/de\/ausbildung\/"},{"@type":"ListItem","position":3,"name":"Kinder ab 8 Jahren"}]},{"@type":"WebSite","@id":"https:\/\/dive-bluedolphin.com\/de\/#website","url":"https:\/\/dive-bluedolphin.com\/de\/","name":"Diving Center Blue Dolphin","description":"Elounda - Crete","potentialAction":[{"@type":"SearchAction","target":{"@type":"EntryPoint","urlTemplate":"https:\/\/dive-bluedolphin.com\/de\/?s={search_term_string}"},"query-input":{"@type":"PropertyValueSpecification","valueRequired":true,"valueName":"search_term_string"}}],"inLanguage":"de"}]}},"_links":{"self":[{"href":"https:\/\/dive-bluedolphin.com\/de\/wp-json\/wp\/v2\/pages\/37","targetHints":{"allow":["GET"]}}],"collection":[{"href":"https:\/\/dive-bluedolphin.com\/de\/wp-json\/wp\/v2\/pages"}],"about":[{"href":"https:\/\/dive-bluedolphin.com\/de\/wp-json\/wp\/v2\/types\/page"}],"author":[{"embeddable":true,"href":"https:\/\/dive-bluedolphin.com\/de\/wp-json\/wp\/v2\/users\/1"}],"replies":[{"embeddable":true,"href":"https:\/\/dive-bluedolphin.com\/de\/wp-json\/wp\/v2\/comments?post=37"}],"version-history":[{"count":29,"href":"https:\/\/dive-bluedolphin.com\/de\/wp-json\/wp\/v2\/pages\/37\/revisions"}],"predecessor-version":[{"id":1425,"href":"https:\/\/dive-bluedolphin.com\/de\/wp-json\/wp\/v2\/pages\/37\/revisions\/1425"}],"up":[{"embeddable":true,"href":"https:\/\/dive-bluedolphin.com\/de\/wp-json\/wp\/v2\/pages\/31"}],"wp:attachment":[{"href":"https:\/\/dive-bluedolphin.com\/de\/wp-json\/wp\/v2\/media?parent=37"}],"curies":[{"name":"wp","href":"https:\/\/api.w.org\/{rel}","templated":true}]}}