{"id":39,"date":"2021-09-06T18:35:15","date_gmt":"2021-09-06T16:35:15","guid":{"rendered":"https:\/\/dive-bluedolphin.com\/?page_id=39"},"modified":"2021-10-29T09:40:05","modified_gmt":"2021-10-29T07:40:05","slug":"ausbildung-weiterbildung","status":"publish","type":"page","link":"https:\/\/dive-bluedolphin.com\/de\/ausbildung\/ausbildung-weiterbildung\/","title":{"rendered":"Ausbildung \/ Weiterbildung"},"content":{"rendered":"<div id=\"pl-39\"  class=\"panel-layout\" ><div id=\"pg-39-0\"  class=\"panel-grid panel-no-style\" ><div id=\"pgc-39-0-0\"  class=\"panel-grid-cell\" ><div id=\"panel-39-0-0-0\" class=\"so-panel widget widget_sow-editor panel-first-child panel-last-child\" data-index=\"0\" ><div\n\t\t\t\n\t\t\tclass=\"so-widget-sow-editor so-widget-sow-editor-base\"\n\t\t\t\n\t\t>\n<div class=\"siteorigin-widget-tinymce textwidget\">\n\t<h3><span style=\"color: #00ccff;\">Advanced Open Water Diver (PADI) \/ Advanced Adventure Diver (SSI)<\/span><\/h3>\n<p>Dieses Zertifikat wird fast \u00fcberall verlangt, um Tauchg\u00e4nge tiefer als 18 Meter durchf\u00fchren zu k\u00f6nnen. Au\u00dferdem kannst Du mit diesem Programm einige wichtige Fertigkeiten erlernen, die \u00fcber den Grundtauchschein hinausgehen, und herausfinden, wo Deine Interessen und Talente liegen.<\/p>\n<p>Dieser 2-3-t\u00e4gige Kurs erm\u00f6glicht das Sammeln von mehr Erfahrung unter der Leitung und Aufsicht eines Tauchlehrers. Die einzige Anforderung besteht darin, 5 Abenteuertauchg\u00e4nge mit dazugeh\u00f6riger Theorie zu absolvieren. Dabei kannst Du aus dem reichhaltigen Angebot drei Module, die Dich interessieren, ausw\u00e4hlen.\u00a0 Zwei weitere\u00a0sind vorgeschrieben.<\/p>\n<\/div>\n<\/div><\/div><\/div><\/div><div id=\"pg-39-1\"  class=\"panel-grid panel-no-style\" ><div id=\"pgc-39-1-0\"  class=\"panel-grid-cell\" ><div id=\"panel-39-1-0-0\" class=\"so-panel widget widget_sow-image panel-first-child panel-last-child\" data-index=\"1\" ><div\n\t\t\t\n\t\t\tclass=\"so-widget-sow-image so-widget-sow-image-default-8b5b6f678277-39\"\n\t\t\t\n\t\t>\n<div class=\"sow-image-container\">\n\t\t<img \n\tsrc=\"https:\/\/dive-bluedolphin.com\/wp-content\/uploads\/2021\/09\/Joschi-3.jpg\" width=\"448\" height=\"252\" srcset=\"https:\/\/dive-bluedolphin.com\/wp-content\/uploads\/2021\/09\/Joschi-3.jpg 448w, https:\/\/dive-bluedolphin.com\/wp-content\/uploads\/2021\/09\/Joschi-3-300x169.jpg 300w\" sizes=\"(max-width: 448px) 100vw, 448px\" alt=\"\" \t\tclass=\"so-widget-image\"\/>\n\t<\/div>\n\n<\/div><\/div><\/div><div id=\"pgc-39-1-1\"  class=\"panel-grid-cell\" ><div id=\"panel-39-1-1-0\" class=\"so-panel widget widget_sow-editor panel-first-child panel-last-child\" data-index=\"2\" ><div\n\t\t\t\n\t\t\tclass=\"so-widget-sow-editor so-widget-sow-editor-base\"\n\t\t\t\n\t\t>\n<div class=\"siteorigin-widget-tinymce textwidget\">\n\t<p>Der Kurs beinhaltet:<\/p>\n<ul>\n<li>Kurze Theorielektionen f\u00fcr jeden der Abenteuertauchg\u00e4nge<\/li>\n<li>2 Pflichtmodule: Tieftauchen (bis zu 30 Metern) und Navigation<\/li>\n<li>3 Wahltauchg\u00e4nge, z.B. Feintarierung, Nachttauchen, Fotografie, Fischbestimmung, Wracktauchen, Suchen und Bergen... Sprich mit unseren Tauchlehrern dar\u00fcber, was dich interessiert!<\/li>\n<\/ul>\n<\/div>\n<\/div><\/div><\/div><\/div><div id=\"pg-39-2\"  class=\"panel-grid panel-no-style\" ><div id=\"pgc-39-2-0\"  class=\"panel-grid-cell\" ><div id=\"panel-39-2-0-0\" class=\"so-panel widget widget_sow-editor panel-first-child panel-last-child\" data-index=\"3\" ><div\n\t\t\t\n\t\t\tclass=\"so-widget-sow-editor so-widget-sow-editor-base\"\n\t\t\t\n\t\t>\n<div class=\"siteorigin-widget-tinymce textwidget\">\n\t<h3><span style=\"color: #00ccff;\">Erste Hilfe \/ React Right<\/span><\/h3>\n<p>Dieser praxisnahe Kurs ist nicht nur f\u00fcr Taucher empfehlenswert, sondern vermittelt die Grundlagen der Ersten Hilfe bez\u00fcglich Situationen, die auch im allt\u00e4glichen Leben eintreffen k\u00f6nnten.<\/p>\n<p>Hier werden haupts\u00e4chlich die ersten Schritte zur Hilfeleistung erlernt und in kleinen gut verst\u00e4ndlichen Lektionen sowie mit Hilfe von Videos und der Puppe unterrichtet. Angefangen dabei, was zu tun ist, wenn sich jemand nicht wohlf\u00fchlt bis hin zur Herangehensweise bei Ohnmacht und nicht atmenden Opfern. Im Kurs wird auch auf die gr\u00f6\u00dftm\u00f6gliche Sicherheit des Retters geachtet.<\/p>\n<p>Dauer nach dem eigenst\u00e4ndigen Lernen: ca. 8 Stunden<\/p>\n<p style=\"text-align: center;\">*****<\/p>\n<h3><span style=\"color: #00ccff;\">Rettungstaucher<\/span><\/h3>\n<p>... zu sein bedeutet, zu lernen, einen anderen Taucher zu unterst\u00fctzen und ihm zu helfen, Probleme zu \u00fcberwinden. Es wird trainiert, Probleme fr\u00fchzeitig zu erkennen (noch bevor der Taucher wei\u00df, da\u00df er sie hat) und Schritte zur Vermeidung der Probleme einzuleiten.<\/p>\n<p>In praxisnahen Szenarios wird alles vom Krampf und Panik bis hin zum vermissten Taucher und der Bergung von Verunfallten durchgespielt. Dieser Kurs bef\u00e4higt dich bestm\u00f6glich, Pannen zu vermeiden. Es werden die Kenntnisse vermittelt, welche zum notwendigen Vertrauen verhelfen, um eine schwierige Situation zu meistern.<\/p>\n<p>Der Kurs beinhaltet:<\/p>\n<ul>\n<li>10 Theorielektionen<\/li>\n<li>10 \u00dcbungsszenarios im flachen Wasser<\/li>\n<li>Erstellen eines Rettungsplans<\/li>\n<li>Freiwasserszenarios, um das Erlernte im Beisein des Tauchlehrers anzuwenden<\/li>\n<\/ul>\n<p>Dauer ca. 4-5 Tage<\/p>\n<p style=\"text-align: center;\">*****<\/p>\n<h3><span style=\"color: #00ccff;\">Nitrox Diver<\/span><\/h3>\n<p>Seit Geburt atmen wir Menschen Nitrox (Nitrogen = Stickstoff und Oxygen = Sauerstoff ). Doch wenige nur kennen die zus\u00e4tzliche Sicherheit, die dieses ein mit Sauerstoff angereichertes Gasgemisch beim Tauchen mit sich bringt.<\/p>\n<p>Viele denken bei Nitrox an Technisches Tauchen (Tec-diving).. weit gefehlt!<\/p>\n<p>Bei Nitroxtauchen wird der Stickstoff von zus\u00e4tzlichem Sauerstoff minimiert, so da\u00df wir eine geringere S\u00e4ttigung von Stickstoff w\u00e4hrend und nach dem Tauchen haben.<\/p>\n<ul>\n<li>Kursdauer 1 \u00bd Tage<\/li>\n<li>2 Theorielektionen<\/li>\n<li>2 Freiwassertauchg\u00e4nge<\/li>\n<li>Voraussetzung: Tauchschein mind. Open Water oder \u00c4quivalent<\/li>\n<\/ul>\n<p style=\"text-align: center;\">*****<\/p>\n<h3><span style=\"color: #00ccff;\">Diverse Speciality-Kurse<\/span><\/h3>\n<p>Wir bieten verschiedene Speciality-Kurse an. Dazu geh\u00f6ren die Spezialkurse im Tief- und Nachttauchen,<\/p>\n<p>Feintarierung, Fotografie, Fisch-Identifikation und einige mehr. <a href=\"https:\/\/dive-bluedolphin.com\/kontakt\/\">Fragt einfach mal nach!<\/a><\/p>\n<\/div>\n<\/div><\/div><\/div><\/div><\/div>","protected":false},"excerpt":{"rendered":"<p>Advanced Open Water Diver (PADI) \/ Advanced Adventure Diver (SSI) Dieses Zertifikat wird fast \u00fcberall verlangt, um Tauchg\u00e4nge tiefer als 18 Meter durchf\u00fchren zu k\u00f6nnen. Au\u00dferdem kannst Du mit diesem Programm einige wichtige Fertigkeiten erlernen, die \u00fcber den Grundtauchschein hinausgehen, und herausfinden, wo Deine Interessen und Talente liegen. Dieser 2-3-t\u00e4gige Kurs erm\u00f6glicht das Sammeln von [&hellip;]<\/p>\n","protected":false},"author":1,"featured_media":0,"parent":31,"menu_order":4,"comment_status":"closed","ping_status":"closed","template":"","meta":{"footnotes":""},"class_list":["post-39","page","type-page","status-publish","hentry","post"],"yoast_head":"<!-- This site is optimized with the Yoast SEO plugin v27.4 - https:\/\/yoast.com\/product\/yoast-seo-wordpress\/ -->\n<title>Ausbildung \/ Weiterbildung - Diving Center Blue Dolphin<\/title>\n<meta name=\"robots\" content=\"index, follow, max-snippet:-1, max-image-preview:large, max-video-preview:-1\" \/>\n<link rel=\"canonical\" href=\"https:\/\/dive-bluedolphin.com\/de\/ausbildung\/ausbildung-weiterbildung\/\" \/>\n<meta property=\"og:locale\" content=\"de_DE\" \/>\n<meta property=\"og:type\" content=\"article\" \/>\n<meta property=\"og:title\" content=\"Ausbildung \/ Weiterbildung - Diving Center Blue Dolphin\" \/>\n<meta property=\"og:description\" content=\"Advanced Open Water Diver (PADI) \/ Advanced Adventure Diver (SSI) Dieses Zertifikat wird fast \u00fcberall verlangt, um Tauchg\u00e4nge tiefer als 18 Meter durchf\u00fchren zu k\u00f6nnen. Au\u00dferdem kannst Du mit diesem Programm einige wichtige Fertigkeiten erlernen, die \u00fcber den Grundtauchschein hinausgehen, und herausfinden, wo Deine Interessen und Talente liegen. Dieser 2-3-t\u00e4gige Kurs erm\u00f6glicht das Sammeln von [&hellip;]\" \/>\n<meta property=\"og:url\" content=\"https:\/\/dive-bluedolphin.com\/de\/ausbildung\/ausbildung-weiterbildung\/\" \/>\n<meta property=\"og:site_name\" content=\"Diving Center Blue Dolphin\" \/>\n<meta property=\"article:modified_time\" content=\"2021-10-29T07:40:05+00:00\" \/>\n<meta name=\"twitter:card\" content=\"summary_large_image\" \/>\n<meta name=\"twitter:label1\" content=\"Gesch\u00e4tzte Lesezeit\" \/>\n\t<meta name=\"twitter:data1\" content=\"2\u00a0Minuten\" \/>\n<script type=\"application\/ld+json\" class=\"yoast-schema-graph\">{\"@context\":\"https:\\\/\\\/schema.org\",\"@graph\":[{\"@type\":\"WebPage\",\"@id\":\"https:\\\/\\\/dive-bluedolphin.com\\\/de\\\/ausbildung\\\/ausbildung-weiterbildung\\\/\",\"url\":\"https:\\\/\\\/dive-bluedolphin.com\\\/de\\\/ausbildung\\\/ausbildung-weiterbildung\\\/\",\"name\":\"Ausbildung \\\/ Weiterbildung - Diving Center Blue Dolphin\",\"isPartOf\":{\"@id\":\"https:\\\/\\\/dive-bluedolphin.com\\\/de\\\/#website\"},\"datePublished\":\"2021-09-06T16:35:15+00:00\",\"dateModified\":\"2021-10-29T07:40:05+00:00\",\"breadcrumb\":{\"@id\":\"https:\\\/\\\/dive-bluedolphin.com\\\/de\\\/ausbildung\\\/ausbildung-weiterbildung\\\/#breadcrumb\"},\"inLanguage\":\"de\",\"potentialAction\":[{\"@type\":\"ReadAction\",\"target\":[\"https:\\\/\\\/dive-bluedolphin.com\\\/de\\\/ausbildung\\\/ausbildung-weiterbildung\\\/\"]}]},{\"@type\":\"BreadcrumbList\",\"@id\":\"https:\\\/\\\/dive-bluedolphin.com\\\/de\\\/ausbildung\\\/ausbildung-weiterbildung\\\/#breadcrumb\",\"itemListElement\":[{\"@type\":\"ListItem\",\"position\":1,\"name\":\"Home\",\"item\":\"https:\\\/\\\/dive-bluedolphin.com\\\/de\\\/\"},{\"@type\":\"ListItem\",\"position\":2,\"name\":\"Ausbildung ist unsere St\u00e4rke\",\"item\":\"https:\\\/\\\/dive-bluedolphin.com\\\/de\\\/ausbildung\\\/\"},{\"@type\":\"ListItem\",\"position\":3,\"name\":\"Ausbildung \\\/ Weiterbildung\"}]},{\"@type\":\"WebSite\",\"@id\":\"https:\\\/\\\/dive-bluedolphin.com\\\/de\\\/#website\",\"url\":\"https:\\\/\\\/dive-bluedolphin.com\\\/de\\\/\",\"name\":\"Diving Center Blue Dolphin\",\"description\":\"Elounda - Crete\",\"potentialAction\":[{\"@type\":\"SearchAction\",\"target\":{\"@type\":\"EntryPoint\",\"urlTemplate\":\"https:\\\/\\\/dive-bluedolphin.com\\\/de\\\/?s={search_term_string}\"},\"query-input\":{\"@type\":\"PropertyValueSpecification\",\"valueRequired\":true,\"valueName\":\"search_term_string\"}}],\"inLanguage\":\"de\"}]}<\/script>\n<!-- \/ Yoast SEO plugin. -->","yoast_head_json":{"title":"Ausbildung \/ Weiterbildung - Diving Center Blue Dolphin","robots":{"index":"index","follow":"follow","max-snippet":"max-snippet:-1","max-image-preview":"max-image-preview:large","max-video-preview":"max-video-preview:-1"},"canonical":"https:\/\/dive-bluedolphin.com\/de\/ausbildung\/ausbildung-weiterbildung\/","og_locale":"de_DE","og_type":"article","og_title":"Ausbildung \/ Weiterbildung - Diving Center Blue Dolphin","og_description":"Advanced Open Water Diver (PADI) \/ Advanced Adventure Diver (SSI) Dieses Zertifikat wird fast \u00fcberall verlangt, um Tauchg\u00e4nge tiefer als 18 Meter durchf\u00fchren zu k\u00f6nnen. Au\u00dferdem kannst Du mit diesem Programm einige wichtige Fertigkeiten erlernen, die \u00fcber den Grundtauchschein hinausgehen, und herausfinden, wo Deine Interessen und Talente liegen. Dieser 2-3-t\u00e4gige Kurs erm\u00f6glicht das Sammeln von [&hellip;]","og_url":"https:\/\/dive-bluedolphin.com\/de\/ausbildung\/ausbildung-weiterbildung\/","og_site_name":"Diving Center Blue Dolphin","article_modified_time":"2021-10-29T07:40:05+00:00","twitter_card":"summary_large_image","twitter_misc":{"Gesch\u00e4tzte Lesezeit":"2\u00a0Minuten"},"schema":{"@context":"https:\/\/schema.org","@graph":[{"@type":"WebPage","@id":"https:\/\/dive-bluedolphin.com\/de\/ausbildung\/ausbildung-weiterbildung\/","url":"https:\/\/dive-bluedolphin.com\/de\/ausbildung\/ausbildung-weiterbildung\/","name":"Ausbildung \/ Weiterbildung - Diving Center Blue Dolphin","isPartOf":{"@id":"https:\/\/dive-bluedolphin.com\/de\/#website"},"datePublished":"2021-09-06T16:35:15+00:00","dateModified":"2021-10-29T07:40:05+00:00","breadcrumb":{"@id":"https:\/\/dive-bluedolphin.com\/de\/ausbildung\/ausbildung-weiterbildung\/#breadcrumb"},"inLanguage":"de","potentialAction":[{"@type":"ReadAction","target":["https:\/\/dive-bluedolphin.com\/de\/ausbildung\/ausbildung-weiterbildung\/"]}]},{"@type":"BreadcrumbList","@id":"https:\/\/dive-bluedolphin.com\/de\/ausbildung\/ausbildung-weiterbildung\/#breadcrumb","itemListElement":[{"@type":"ListItem","position":1,"name":"Home","item":"https:\/\/dive-bluedolphin.com\/de\/"},{"@type":"ListItem","position":2,"name":"Ausbildung ist unsere St\u00e4rke","item":"https:\/\/dive-bluedolphin.com\/de\/ausbildung\/"},{"@type":"ListItem","position":3,"name":"Ausbildung \/ Weiterbildung"}]},{"@type":"WebSite","@id":"https:\/\/dive-bluedolphin.com\/de\/#website","url":"https:\/\/dive-bluedolphin.com\/de\/","name":"Diving Center Blue Dolphin","description":"Elounda - Crete","potentialAction":[{"@type":"SearchAction","target":{"@type":"EntryPoint","urlTemplate":"https:\/\/dive-bluedolphin.com\/de\/?s={search_term_string}"},"query-input":{"@type":"PropertyValueSpecification","valueRequired":true,"valueName":"search_term_string"}}],"inLanguage":"de"}]}},"_links":{"self":[{"href":"https:\/\/dive-bluedolphin.com\/de\/wp-json\/wp\/v2\/pages\/39","targetHints":{"allow":["GET"]}}],"collection":[{"href":"https:\/\/dive-bluedolphin.com\/de\/wp-json\/wp\/v2\/pages"}],"about":[{"href":"https:\/\/dive-bluedolphin.com\/de\/wp-json\/wp\/v2\/types\/page"}],"author":[{"embeddable":true,"href":"https:\/\/dive-bluedolphin.com\/de\/wp-json\/wp\/v2\/users\/1"}],"replies":[{"embeddable":true,"href":"https:\/\/dive-bluedolphin.com\/de\/wp-json\/wp\/v2\/comments?post=39"}],"version-history":[{"count":31,"href":"https:\/\/dive-bluedolphin.com\/de\/wp-json\/wp\/v2\/pages\/39\/revisions"}],"predecessor-version":[{"id":810,"href":"https:\/\/dive-bluedolphin.com\/de\/wp-json\/wp\/v2\/pages\/39\/revisions\/810"}],"up":[{"embeddable":true,"href":"https:\/\/dive-bluedolphin.com\/de\/wp-json\/wp\/v2\/pages\/31"}],"wp:attachment":[{"href":"https:\/\/dive-bluedolphin.com\/de\/wp-json\/wp\/v2\/media?parent=39"}],"curies":[{"name":"wp","href":"https:\/\/api.w.org\/{rel}","templated":true}]}}