{"id":45,"date":"2021-09-06T18:36:36","date_gmt":"2021-09-06T16:36:36","guid":{"rendered":"https:\/\/dive-bluedolphin.com\/?page_id=45"},"modified":"2021-10-29T10:04:49","modified_gmt":"2021-10-29T08:04:49","slug":"unterbringung","status":"publish","type":"page","link":"https:\/\/dive-bluedolphin.com\/de\/unterbringung\/","title":{"rendered":"Unterbringung"},"content":{"rendered":"<div class=\"art-postcontent clearfix\">\n<div class=\"art-content-layout-wrapper layout-item-0\">\n<div class=\"art-content-layout\">\n<div class=\"art-content-layout-row\">\n<div class=\"art-layout-cell\">\n<div class=\"art-postcontent clearfix\">\n<p>Das Hotel Sensimar Aquila Elounda Village *****, in welchem sich unsere Tauchbasis befindet,\u00a0 ist eine gro\u00dfz\u00fcgige Ferienanlage mit zahlreichen S\u00fc\u00df- und Meerwasserpools. Es liegt inmitten einer ruhigen Gartenanlage, die in Terrassen in Richtung zum Meer abfallen. Das Hotel geh\u00f6rt der gr\u00f6\u00dften griechischen Hotelkette an, die bekannt ist f\u00fcr den hohe internationalen Standard und seine ausgezeichnete K\u00fcche.<\/p>\n<p>Auch f\u00fcr nicht-tauchende Begleitung ist bestens gesorgt, da mit dem Animations- und tollem Spa-Angebot sowie auf organisierten Ausfl\u00fcgen keine Langeweile aufkommt.<\/p>\n<p>Das Hotel Sensimar Aquila Elounda Village ***** ist ein Adults-only Hotel mit Zugang ab 16 Jahren. Unsere kleinen G\u00e4ste empfangen wir deshalb in unserer Zweigbasis im Hotel Elounda Breeze, von wo aus wir auch Schnuppertauchg\u00e4nge, einen ersten einfachen Tauchgang und Tauchkurse anbieten. F\u00fcr Bootsausfahrten werden unsere jungen Tauchg\u00e4ste mit dem Boot vom Strand des Hotels Elounda Breeze abgeholt.<\/p>\n<p>Weitere in der unmittelbaren Umgebung gelegene 3-Sterne- und 4-Sterne-Unterbringungsm\u00f6glichkeiten in Hotels und Apartments bieten andersartige oder preisg\u00fcnstige Alternativen f\u00fcr alle unsere G\u00e4ste.<\/p>\n<p>Hier eine kleine \u00dcbersicht von den Unterkunftsm\u00f6glichkeiten in unserer n\u00e4heren Umgebung.<\/p>\n<h3 style=\"text-align: center;\">***<\/h3>\n<h3>Hotels in unserer n\u00e4heren Umgebung (bis 5 min)<\/h3>\n<p>Hotel Elounda Ilion****<\/p>\n<p>Hotel Elounda Breeze****<\/p>\n<p>Hotel Elounda Palm****<\/p>\n<p>Hotel Elounda Krini ***<\/p>\n<p>Elounda Vistas Villas<\/p>\n<hr \/>\n<p>Elounda Gulf Villas &amp; Suits*****<\/p>\n<p>Elounda Mare*****+<\/p>\n<p>Porto Elounda Mare*****+<\/p>\n<p>Elounda Bay Palace*****<\/p>\n<hr \/>\n<h3>Hotels und Apartments in unserer n\u00e4heren Umgebung (5 bis 10 min)<\/h3>\n<p>Hotel Elounda Residence ( Aquapark)****<\/p>\n<p>Elounda Garden Suites &#8211; https:\/\/eloundagardensuites.com\/<\/p>\n<p>Hotel Akti Olous ***<\/p>\n<p>Elounda Blu **** &#8211; https:\/\/eloundablu.com\/<\/p>\n<p>Elounda Island Villas<\/p>\n<p>George Studios &#8211; https:\/\/www.eloundageorgestudios.gr\/<\/p>\n<p>&nbsp;<\/p>\n<hr \/>\n<p>Zu allen genannten Unterk\u00fcnfte und Villas in Elounda bieten wir einen kostenlosen Transfer an! Je nach M\u00f6glichkeit sind wir gerne bei der Vermittlung behilflich.<\/p>\n<p>Die Stadt Agios Nikolaos ist nur ca. 15 Minuten mit dem Auto von unserer Tauchbasis entfernt!<\/p>\n<\/div>\n<\/div>\n<\/div>\n<\/div>\n<\/div>\n<\/div>\n","protected":false},"excerpt":{"rendered":"<p>Das Hotel Sensimar Aquila Elounda Village *****, in welchem sich unsere Tauchbasis befindet,\u00a0 ist eine gro\u00dfz\u00fcgige Ferienanlage mit zahlreichen S\u00fc\u00df- und Meerwasserpools. Es liegt inmitten einer ruhigen Gartenanlage, die in Terrassen in Richtung zum Meer abfallen. Das Hotel geh\u00f6rt der gr\u00f6\u00dften griechischen Hotelkette an, die bekannt ist f\u00fcr den hohe internationalen Standard und seine ausgezeichnete [&hellip;]<\/p>\n","protected":false},"author":1,"featured_media":0,"parent":0,"menu_order":5,"comment_status":"closed","ping_status":"closed","template":"","meta":{"footnotes":""},"class_list":["post-45","page","type-page","status-publish","hentry","post"],"yoast_head":"<!-- This site is optimized with the Yoast SEO plugin v27.3 - https:\/\/yoast.com\/product\/yoast-seo-wordpress\/ -->\n<title>Unterbringung - Diving Center Blue Dolphin<\/title>\n<meta name=\"robots\" content=\"index, follow, max-snippet:-1, max-image-preview:large, max-video-preview:-1\" \/>\n<link rel=\"canonical\" href=\"https:\/\/dive-bluedolphin.com\/de\/unterbringung\/\" \/>\n<meta property=\"og:locale\" content=\"de_DE\" \/>\n<meta property=\"og:type\" content=\"article\" \/>\n<meta property=\"og:title\" content=\"Unterbringung - Diving Center Blue Dolphin\" \/>\n<meta property=\"og:description\" content=\"Das Hotel Sensimar Aquila Elounda Village *****, in welchem sich unsere Tauchbasis befindet,\u00a0 ist eine gro\u00dfz\u00fcgige Ferienanlage mit zahlreichen S\u00fc\u00df- und Meerwasserpools. Es liegt inmitten einer ruhigen Gartenanlage, die in Terrassen in Richtung zum Meer abfallen. Das Hotel geh\u00f6rt der gr\u00f6\u00dften griechischen Hotelkette an, die bekannt ist f\u00fcr den hohe internationalen Standard und seine ausgezeichnete [&hellip;]\" \/>\n<meta property=\"og:url\" content=\"https:\/\/dive-bluedolphin.com\/de\/unterbringung\/\" \/>\n<meta property=\"og:site_name\" content=\"Diving Center Blue Dolphin\" \/>\n<meta property=\"article:modified_time\" content=\"2021-10-29T08:04:49+00:00\" \/>\n<meta name=\"twitter:card\" content=\"summary_large_image\" \/>\n<meta name=\"twitter:label1\" content=\"Gesch\u00e4tzte Lesezeit\" \/>\n\t<meta name=\"twitter:data1\" content=\"2\u00a0Minuten\" \/>\n<script type=\"application\/ld+json\" class=\"yoast-schema-graph\">{\"@context\":\"https:\\\/\\\/schema.org\",\"@graph\":[{\"@type\":\"WebPage\",\"@id\":\"https:\\\/\\\/dive-bluedolphin.com\\\/de\\\/unterbringung\\\/\",\"url\":\"https:\\\/\\\/dive-bluedolphin.com\\\/de\\\/unterbringung\\\/\",\"name\":\"Unterbringung - Diving Center Blue Dolphin\",\"isPartOf\":{\"@id\":\"https:\\\/\\\/dive-bluedolphin.com\\\/de\\\/#website\"},\"datePublished\":\"2021-09-06T16:36:36+00:00\",\"dateModified\":\"2021-10-29T08:04:49+00:00\",\"breadcrumb\":{\"@id\":\"https:\\\/\\\/dive-bluedolphin.com\\\/de\\\/unterbringung\\\/#breadcrumb\"},\"inLanguage\":\"de\",\"potentialAction\":[{\"@type\":\"ReadAction\",\"target\":[\"https:\\\/\\\/dive-bluedolphin.com\\\/de\\\/unterbringung\\\/\"]}]},{\"@type\":\"BreadcrumbList\",\"@id\":\"https:\\\/\\\/dive-bluedolphin.com\\\/de\\\/unterbringung\\\/#breadcrumb\",\"itemListElement\":[{\"@type\":\"ListItem\",\"position\":1,\"name\":\"Home\",\"item\":\"https:\\\/\\\/dive-bluedolphin.com\\\/de\\\/\"},{\"@type\":\"ListItem\",\"position\":2,\"name\":\"Unterbringung\"}]},{\"@type\":\"WebSite\",\"@id\":\"https:\\\/\\\/dive-bluedolphin.com\\\/de\\\/#website\",\"url\":\"https:\\\/\\\/dive-bluedolphin.com\\\/de\\\/\",\"name\":\"Diving Center Blue Dolphin\",\"description\":\"Elounda - Crete\",\"potentialAction\":[{\"@type\":\"SearchAction\",\"target\":{\"@type\":\"EntryPoint\",\"urlTemplate\":\"https:\\\/\\\/dive-bluedolphin.com\\\/de\\\/?s={search_term_string}\"},\"query-input\":{\"@type\":\"PropertyValueSpecification\",\"valueRequired\":true,\"valueName\":\"search_term_string\"}}],\"inLanguage\":\"de\"}]}<\/script>\n<!-- \/ Yoast SEO plugin. -->","yoast_head_json":{"title":"Unterbringung - Diving Center Blue Dolphin","robots":{"index":"index","follow":"follow","max-snippet":"max-snippet:-1","max-image-preview":"max-image-preview:large","max-video-preview":"max-video-preview:-1"},"canonical":"https:\/\/dive-bluedolphin.com\/de\/unterbringung\/","og_locale":"de_DE","og_type":"article","og_title":"Unterbringung - Diving Center Blue Dolphin","og_description":"Das Hotel Sensimar Aquila Elounda Village *****, in welchem sich unsere Tauchbasis befindet,\u00a0 ist eine gro\u00dfz\u00fcgige Ferienanlage mit zahlreichen S\u00fc\u00df- und Meerwasserpools. Es liegt inmitten einer ruhigen Gartenanlage, die in Terrassen in Richtung zum Meer abfallen. Das Hotel geh\u00f6rt der gr\u00f6\u00dften griechischen Hotelkette an, die bekannt ist f\u00fcr den hohe internationalen Standard und seine ausgezeichnete [&hellip;]","og_url":"https:\/\/dive-bluedolphin.com\/de\/unterbringung\/","og_site_name":"Diving Center Blue Dolphin","article_modified_time":"2021-10-29T08:04:49+00:00","twitter_card":"summary_large_image","twitter_misc":{"Gesch\u00e4tzte Lesezeit":"2\u00a0Minuten"},"schema":{"@context":"https:\/\/schema.org","@graph":[{"@type":"WebPage","@id":"https:\/\/dive-bluedolphin.com\/de\/unterbringung\/","url":"https:\/\/dive-bluedolphin.com\/de\/unterbringung\/","name":"Unterbringung - Diving Center Blue Dolphin","isPartOf":{"@id":"https:\/\/dive-bluedolphin.com\/de\/#website"},"datePublished":"2021-09-06T16:36:36+00:00","dateModified":"2021-10-29T08:04:49+00:00","breadcrumb":{"@id":"https:\/\/dive-bluedolphin.com\/de\/unterbringung\/#breadcrumb"},"inLanguage":"de","potentialAction":[{"@type":"ReadAction","target":["https:\/\/dive-bluedolphin.com\/de\/unterbringung\/"]}]},{"@type":"BreadcrumbList","@id":"https:\/\/dive-bluedolphin.com\/de\/unterbringung\/#breadcrumb","itemListElement":[{"@type":"ListItem","position":1,"name":"Home","item":"https:\/\/dive-bluedolphin.com\/de\/"},{"@type":"ListItem","position":2,"name":"Unterbringung"}]},{"@type":"WebSite","@id":"https:\/\/dive-bluedolphin.com\/de\/#website","url":"https:\/\/dive-bluedolphin.com\/de\/","name":"Diving Center Blue Dolphin","description":"Elounda - Crete","potentialAction":[{"@type":"SearchAction","target":{"@type":"EntryPoint","urlTemplate":"https:\/\/dive-bluedolphin.com\/de\/?s={search_term_string}"},"query-input":{"@type":"PropertyValueSpecification","valueRequired":true,"valueName":"search_term_string"}}],"inLanguage":"de"}]}},"_links":{"self":[{"href":"https:\/\/dive-bluedolphin.com\/de\/wp-json\/wp\/v2\/pages\/45","targetHints":{"allow":["GET"]}}],"collection":[{"href":"https:\/\/dive-bluedolphin.com\/de\/wp-json\/wp\/v2\/pages"}],"about":[{"href":"https:\/\/dive-bluedolphin.com\/de\/wp-json\/wp\/v2\/types\/page"}],"author":[{"embeddable":true,"href":"https:\/\/dive-bluedolphin.com\/de\/wp-json\/wp\/v2\/users\/1"}],"replies":[{"embeddable":true,"href":"https:\/\/dive-bluedolphin.com\/de\/wp-json\/wp\/v2\/comments?post=45"}],"version-history":[{"count":8,"href":"https:\/\/dive-bluedolphin.com\/de\/wp-json\/wp\/v2\/pages\/45\/revisions"}],"predecessor-version":[{"id":837,"href":"https:\/\/dive-bluedolphin.com\/de\/wp-json\/wp\/v2\/pages\/45\/revisions\/837"}],"wp:attachment":[{"href":"https:\/\/dive-bluedolphin.com\/de\/wp-json\/wp\/v2\/media?parent=45"}],"curies":[{"name":"wp","href":"https:\/\/api.w.org\/{rel}","templated":true}]}}