{"id":5,"date":"2021-09-06T18:28:55","date_gmt":"2021-09-06T16:28:55","guid":{"rendered":"https:\/\/dive-bluedolphin.com\/?page_id=5"},"modified":"2025-01-21T17:00:54","modified_gmt":"2025-01-21T16:00:54","slug":"tauchen-elounda-kreta","status":"publish","type":"page","link":"https:\/\/dive-bluedolphin.com\/de\/","title":{"rendered":"\u00dcber uns"},"content":{"rendered":"<div id=\"pl-5\"  class=\"panel-layout\" ><div id=\"pg-5-0\"  class=\"panel-grid panel-no-style\" ><div id=\"pgc-5-0-0\"  class=\"panel-grid-cell\" ><div id=\"panel-5-0-0-0\" class=\"so-panel widget widget_sow-editor panel-first-child panel-last-child\" data-index=\"0\" ><div\n\t\t\t\n\t\t\tclass=\"so-widget-sow-editor so-widget-sow-editor-base\"\n\t\t\t\n\t\t><h3 class=\"widget-title\">Tauchbasis Blue Dolphin Elounda<\/h3>\n<div class=\"siteorigin-widget-tinymce textwidget\">\n\t<div class=\"siteorigin-widget-tinymce textwidget\">\n<p><img loading=\"lazy\" decoding=\"async\" class=\"alignnone wp-image-119 size-full\" src=\"https:\/\/dive-bluedolphin.com\/wp-content\/uploads\/2021\/09\/Dive-Center-Blue-Dolphin-Elounda-Crete-2015-e1504262853928-1.jpg\" alt=\"\" width=\"1024\" height=\"228\" srcset=\"https:\/\/dive-bluedolphin.com\/wp-content\/uploads\/2021\/09\/Dive-Center-Blue-Dolphin-Elounda-Crete-2015-e1504262853928-1.jpg 1024w, https:\/\/dive-bluedolphin.com\/wp-content\/uploads\/2021\/09\/Dive-Center-Blue-Dolphin-Elounda-Crete-2015-e1504262853928-1-300x67.jpg 300w, https:\/\/dive-bluedolphin.com\/wp-content\/uploads\/2021\/09\/Dive-Center-Blue-Dolphin-Elounda-Crete-2015-e1504262853928-1-768x171.jpg 768w\" sizes=\"auto, (max-width: 1024px) 100vw, 1024px\" \/><\/p>\n<p>Die <strong>Tauchbasis&nbsp;Blue Dolphin<\/strong> in Elounda geh\u00f6rt zu den Pionieren in der Tauchsportgeschichte Kretas. Blue Dolphin hat es mit erm\u00f6glicht, die bestehenden Tauchgebiete f\u00fcr den Tauchtourismus zug\u00e4nglich zu machen, so dass es nach nunmehr <span style=\"font-size: 18pt; color: #ff6600;\">30 Jahren<\/span> rund um Kreta in seiner Artenvielfalt und seinem&nbsp; Abwechslungsreichtum seinesgleichen sucht. Mittlerweile bieten wir Ausfahrten zu \u00fcber 25 Tauchpl\u00e4tzen an.<\/p>\n<p>Lucky und sein Team, zu dem unter anderem auch Meeresbiologen z\u00e4hlen, f\u00fchren weiterhin Anstrengungen durch, damit das Tauchgebiet der Mirabello Bucht zum Naturschutzgebiet ernannt wird.<\/p>\n<p>Als professionelle und erfahrene Tauchschule legen wir besonderen Wert auf die Sicherheit und den Komfort unserer G\u00e4ste und unser Unterricht richtet sich nach den aktuellsten Richtlinien international anerkannter SCUBA-Tauchorganisationen wie PADI und SSI.<\/p>\n<p>Trotzdem gilt aber immer noch unser Hauptmerkmal dem Erholungswert unserer Tauchg\u00e4ste. \u2026.Wohlf\u00fchlen wie Zeus in Kreta.<\/p>\n<p><b>Bis bald \u2013 Wir freuen uns auf Euch.<\/b><\/p>\n<\/div>\n<\/div>\n<\/div><\/div><\/div><\/div><div id=\"pg-5-1\"  class=\"panel-grid panel-no-style\" ><div id=\"pgc-5-1-0\"  class=\"panel-grid-cell\" ><div id=\"panel-5-1-0-0\" class=\"so-panel widget widget_sow-image panel-first-child panel-last-child\" data-index=\"1\" ><div\n\t\t\t\n\t\t\tclass=\"so-widget-sow-image so-widget-sow-image-default-8b5b6f678277-5\"\n\t\t\t\n\t\t>\n<div class=\"sow-image-container\">\n\t\t<img \n\tsrc=\"https:\/\/dive-bluedolphin.com\/wp-content\/uploads\/2025\/01\/BildnLogo-MGT-1.jpg\" width=\"845\" height=\"794\" srcset=\"https:\/\/dive-bluedolphin.com\/wp-content\/uploads\/2025\/01\/BildnLogo-MGT-1.jpg 845w, https:\/\/dive-bluedolphin.com\/wp-content\/uploads\/2025\/01\/BildnLogo-MGT-1-300x282.jpg 300w, https:\/\/dive-bluedolphin.com\/wp-content\/uploads\/2025\/01\/BildnLogo-MGT-1-768x722.jpg 768w\" sizes=\"(max-width: 845px) 100vw, 845px\" title=\"Bild&#8217;n&#8217;Logo MGT (1)\" alt=\"\" \t\tclass=\"so-widget-image\"\/>\n\t<\/div>\n\n<\/div><\/div><\/div><div id=\"pgc-5-1-1\"  class=\"panel-grid-cell\" ><div id=\"panel-5-1-1-0\" class=\"so-panel widget widget_sow-editor panel-first-child\" data-index=\"2\" ><div\n\t\t\t\n\t\t\tclass=\"so-widget-sow-editor so-widget-sow-editor-base\"\n\t\t\t\n\t\t><h3 class=\"widget-title\">NEU!! Mehr erleben...<\/h3>\n<div class=\"siteorigin-widget-tinymce textwidget\">\n\t<div class=\"siteorigin-widget-tinymce textwidget\">\n<p>Zeit f\u00fcr eine neue Partnerschaft! Die Tauchbasis Blue Dolphin und die Private Reisebegleitung<a href=\"https:\/\/my-green-travel.com\" target=\"_blank\" rel=\"noopener\"><strong> My Green Travel<\/strong><\/a> m\u00f6chten gemeinsam Erlebnispakete f\u00fcr Euch zusammenschn\u00fcren. M\u00f6chtet Ihr nicht nur tauchen oder schnorcheln, sondern auch mehr \u00fcber die Umgebung erfahren, die Ihr besucht? Oder m\u00f6chtet Ihr zwar die Unterwasserwelt erleben, aber Eure Reisepartner lieber wandern? Wir machen es m\u00f6glich!!<\/p>\n<\/div>\n<\/div>\n<\/div><\/div><div id=\"panel-5-1-1-1\" class=\"so-panel widget widget_sow-button panel-last-child\" data-index=\"3\" ><div\n\t\t\t\n\t\t\tclass=\"so-widget-sow-button so-widget-sow-button-atom-95753d34a2a6-5\"\n\t\t\t\n\t\t><div class=\"ow-button-base ow-button-align-left\"\n>\n\t\t\t<a\n\t\t\t\t\thref=\"https:\/\/dive-bluedolphin.com\/de\/tauchen-elounda-kreta\/partner-my-green-travel\/\"\n\t\t\t\t\tclass=\"sowb-button ow-icon-placement-left ow-button-hover\" \t>\n\t\t<span>\n\t\t\t\n\t\t\tWeiterlesen ...\t\t<\/span>\n\t\t\t<\/a>\n\t<\/div>\n<\/div><\/div><\/div><\/div><div id=\"pg-5-2\"  class=\"panel-grid panel-no-style\" ><div id=\"pgc-5-2-0\"  class=\"panel-grid-cell\" ><div id=\"panel-5-2-0-0\" class=\"so-panel widget widget_sow-image panel-first-child panel-last-child\" data-index=\"4\" ><div\n\t\t\t\n\t\t\tclass=\"so-widget-sow-image so-widget-sow-image-default-8b5b6f678277-5\"\n\t\t\t\n\t\t>\n<div class=\"sow-image-container\">\n\t\t\t<a href=\"\/tauchbasis\/schnorcheltrips\/\"\n\t\t\t\t\t>\n\t\t\t<img \n\tsrc=\"https:\/\/dive-bluedolphin.com\/wp-content\/uploads\/2021\/09\/Blue-Dolphin-Divecenter-Elounda-Crete-Greece-Sunken-City-Olo.jpg\" width=\"448\" height=\"336\" srcset=\"https:\/\/dive-bluedolphin.com\/wp-content\/uploads\/2021\/09\/Blue-Dolphin-Divecenter-Elounda-Crete-Greece-Sunken-City-Olo.jpg 448w, https:\/\/dive-bluedolphin.com\/wp-content\/uploads\/2021\/09\/Blue-Dolphin-Divecenter-Elounda-Crete-Greece-Sunken-City-Olo-300x225.jpg 300w\" sizes=\"(max-width: 448px) 100vw, 448px\" alt=\"Diving Center Blue Dolphin | Elounda, Kreta\" \t\tclass=\"so-widget-image\"\/>\n\t\t\t<\/a><\/div>\n\n<\/div><\/div><\/div><div id=\"pgc-5-2-1\"  class=\"panel-grid-cell\" ><div id=\"panel-5-2-1-0\" class=\"so-panel widget widget_sow-editor panel-first-child\" data-index=\"5\" ><div\n\t\t\t\n\t\t\tclass=\"so-widget-sow-editor so-widget-sow-editor-base\"\n\t\t\t\n\t\t><h3 class=\"widget-title\">Schnorcheltrips<\/h3>\n<div class=\"siteorigin-widget-tinymce textwidget\">\n\t<div class=\"siteorigin-widget-tinymce textwidget\">\n<p>Ob Schnorcheln an unseren zahlreichen Tauchpl\u00e4tzen oder das Entdecken versunkener Minoischer Kulturen, wir haben f\u00fcr jeden etwas zu entdecken, auch f\u00fcr Nicht-Taucher\u2026<\/p>\n<\/div>\n<\/div>\n<\/div><\/div><div id=\"panel-5-2-1-1\" class=\"so-panel widget widget_sow-button panel-last-child\" data-index=\"6\" ><div\n\t\t\t\n\t\t\tclass=\"so-widget-sow-button so-widget-sow-button-atom-63cfc46f7929-5\"\n\t\t\t\n\t\t><div class=\"ow-button-base ow-button-align-left\"\n>\n\t\t\t<a\n\t\t\t\t\thref=\"https:\/\/dive-bluedolphin.com\/de\/tauchbasis\/schnorcheltour-olous\/\"\n\t\t\t\t\tclass=\"sowb-button ow-icon-placement-left ow-button-hover\" \t>\n\t\t<span>\n\t\t\t\n\t\t\tWeiterlesen ...\t\t<\/span>\n\t\t\t<\/a>\n\t<\/div>\n<\/div><\/div><\/div><\/div><div id=\"pg-5-3\"  class=\"panel-grid panel-no-style\" ><div id=\"pgc-5-3-0\"  class=\"panel-grid-cell\" ><div id=\"panel-5-3-0-0\" class=\"so-panel widget widget_sow-image panel-first-child panel-last-child\" data-index=\"7\" ><div\n\t\t\t\n\t\t\tclass=\"so-widget-sow-image so-widget-sow-image-default-8b5b6f678277-5\"\n\t\t\t\n\t\t>\n<div class=\"sow-image-container\">\n\t\t\t<a href=\"\/ueber-uns\/neuigkeiten\/\"\n\t\t\t\t\t>\n\t\t\t<img \n\tsrc=\"https:\/\/dive-bluedolphin.com\/wp-content\/uploads\/2025\/01\/Bild_2025-01-21_142300076.png\" width=\"880\" height=\"772\" srcset=\"https:\/\/dive-bluedolphin.com\/wp-content\/uploads\/2025\/01\/Bild_2025-01-21_142300076.png 880w, https:\/\/dive-bluedolphin.com\/wp-content\/uploads\/2025\/01\/Bild_2025-01-21_142300076-300x263.png 300w, https:\/\/dive-bluedolphin.com\/wp-content\/uploads\/2025\/01\/Bild_2025-01-21_142300076-768x674.png 768w\" sizes=\"(max-width: 880px) 100vw, 880px\" alt=\"Diving Center Blue Dolphin | Elounda, Kreta\" \t\tclass=\"so-widget-image\"\/>\n\t\t\t<\/a><\/div>\n\n<\/div><\/div><\/div><div id=\"pgc-5-3-1\"  class=\"panel-grid-cell\" ><div id=\"panel-5-3-1-0\" class=\"so-panel widget widget_sow-editor panel-first-child\" data-index=\"8\" ><div\n\t\t\t\n\t\t\tclass=\"so-widget-sow-editor so-widget-sow-editor-base\"\n\t\t\t\n\t\t><h3 class=\"widget-title\">Ein Gro\u00dfes Dankesch\u00f6n!<\/h3>\n<div class=\"siteorigin-widget-tinymce textwidget\">\n\t<div class=\"siteorigin-widget-tinymce textwidget\">\n<p>Blue Dolphin wurde 2024 stolze <span style=\"font-size: 18pt; color: #ff6600;\">30 Jahre<\/span> alt und wir haben uns \u00fcber alle unsere bekannten und bis dahin unbekannten Tauchfreude gefreut, die diesen Geburtstag geb\u00fchrlich mit uns gefeiert haben!!!<\/p>\n<\/div>\n<\/div>\n<\/div><\/div><div id=\"panel-5-3-1-1\" class=\"so-panel widget widget_sow-button panel-last-child\" data-index=\"9\" ><div\n\t\t\t\n\t\t\tclass=\"so-widget-sow-button so-widget-sow-button-atom-95753d34a2a6-5\"\n\t\t\t\n\t\t><div class=\"ow-button-base ow-button-align-left\"\n>\n\t\t\t<a\n\t\t\t\t\thref=\"https:\/\/dive-bluedolphin.com\/de\/30-jahre-blue-dolphin\/\"\n\t\t\t\t\tclass=\"sowb-button ow-icon-placement-left ow-button-hover\" \t>\n\t\t<span>\n\t\t\t\n\t\t\tWeiterlesen ...\t\t<\/span>\n\t\t\t<\/a>\n\t<\/div>\n<\/div><\/div><\/div><\/div><div id=\"pg-5-4\"  class=\"panel-grid panel-no-style\" ><div id=\"pgc-5-4-0\"  class=\"panel-grid-cell\" ><div id=\"panel-5-4-0-0\" class=\"so-panel widget widget_sow-image panel-first-child panel-last-child\" data-index=\"10\" ><div\n\t\t\t\n\t\t\tclass=\"so-widget-sow-image so-widget-sow-image-default-8b5b6f678277-5\"\n\t\t\t\n\t\t>\n<div class=\"sow-image-container\">\n\t\t\t<a href=\"\/ueber-uns\/jobs\/\"\n\t\t\t\t\t>\n\t\t\t<img \n\tsrc=\"https:\/\/dive-bluedolphin.com\/wp-content\/uploads\/2021\/09\/Blue-Dolphin-Divecenter-Elounda-Crete-Greece-3.jpg\" width=\"448\" height=\"336\" srcset=\"https:\/\/dive-bluedolphin.com\/wp-content\/uploads\/2021\/09\/Blue-Dolphin-Divecenter-Elounda-Crete-Greece-3.jpg 448w, https:\/\/dive-bluedolphin.com\/wp-content\/uploads\/2021\/09\/Blue-Dolphin-Divecenter-Elounda-Crete-Greece-3-300x225.jpg 300w\" sizes=\"(max-width: 448px) 100vw, 448px\" alt=\"Diving Center Blue Dolphin | Elounda, Kreta\" \t\tclass=\"so-widget-image\"\/>\n\t\t\t<\/a><\/div>\n\n<\/div><\/div><\/div><div id=\"pgc-5-4-1\"  class=\"panel-grid-cell\" ><div id=\"panel-5-4-1-0\" class=\"so-panel widget widget_sow-editor panel-first-child\" data-index=\"11\" ><div\n\t\t\t\n\t\t\tclass=\"so-widget-sow-editor so-widget-sow-editor-base\"\n\t\t\t\n\t\t><h3 class=\"widget-title\">Mitarbeit<\/h3>\n<div class=\"siteorigin-widget-tinymce textwidget\">\n\t<div class=\"siteorigin-widget-tinymce textwidget\">\n<p>Looking for an opportunity to do what you love and inspire others in the process? Get in touch, we are always looking for the right team member!...<\/p>\n<\/div>\n<\/div>\n<\/div><\/div><div id=\"panel-5-4-1-1\" class=\"so-panel widget widget_sow-button panel-last-child\" data-index=\"12\" ><div\n\t\t\t\n\t\t\tclass=\"so-widget-sow-button so-widget-sow-button-atom-63cfc46f7929-5\"\n\t\t\t\n\t\t><div class=\"ow-button-base ow-button-align-left\"\n>\n\t\t\t<a\n\t\t\t\t\thref=\"\/tauchen-elounda\/mitarbeit\/\"\n\t\t\t\t\tclass=\"sowb-button ow-icon-placement-left ow-button-hover\" \t>\n\t\t<span>\n\t\t\t\n\t\t\tWeiterlesen ...\t\t<\/span>\n\t\t\t<\/a>\n\t<\/div>\n<\/div><\/div><\/div><\/div><\/div>","protected":false},"excerpt":{"rendered":"<p>Die Tauchbasis&nbsp;Blue Dolphin in Elounda geh\u00f6rt zu den Pionieren in der Tauchsportgeschichte Kretas. Blue Dolphin hat es mit erm\u00f6glicht, die bestehenden Tauchgebiete f\u00fcr den Tauchtourismus zug\u00e4nglich zu machen, so dass es nach nunmehr 30 Jahren rund um Kreta in seiner Artenvielfalt und seinem&nbsp; Abwechslungsreichtum seinesgleichen sucht. Mittlerweile bieten wir Ausfahrten zu \u00fcber 25 Tauchpl\u00e4tzen an.Lucky [&hellip;]<\/p>\n","protected":false},"author":1,"featured_media":0,"parent":0,"menu_order":1,"comment_status":"closed","ping_status":"closed","template":"","meta":{"footnotes":""},"class_list":["post-5","page","type-page","status-publish","hentry","post"],"yoast_head":"<!-- This site is optimized with the Yoast SEO plugin v27.3 - https:\/\/yoast.com\/product\/yoast-seo-wordpress\/ -->\n<title>Tauchbasis Blue Dolphin | Elounda, Kreta<\/title>\n<meta name=\"description\" content=\"Tauchbasis Blue Dolphin | Elounda, Kreta | Ausbildung f\u00fcr Kinder, Hobbytaucher und Profis | Tauchg\u00e4nge f\u00fcr zertifizierte Taucher\" \/>\n<meta name=\"robots\" content=\"index, follow, max-snippet:-1, max-image-preview:large, max-video-preview:-1\" \/>\n<link rel=\"canonical\" href=\"https:\/\/dive-bluedolphin.com\/de\/\" \/>\n<meta property=\"og:locale\" content=\"de_DE\" \/>\n<meta property=\"og:type\" content=\"article\" \/>\n<meta property=\"og:title\" content=\"Tauchbasis Blue Dolphin | Elounda, Kreta\" \/>\n<meta property=\"og:description\" content=\"Tauchbasis Blue Dolphin | Elounda, Kreta | Ausbildung f\u00fcr Kinder, Hobbytaucher und Profis | Tauchg\u00e4nge f\u00fcr zertifizierte Taucher\" \/>\n<meta property=\"og:url\" content=\"https:\/\/dive-bluedolphin.com\/de\/\" \/>\n<meta property=\"og:site_name\" content=\"Diving Center Blue Dolphin\" \/>\n<meta property=\"article:modified_time\" content=\"2025-01-21T16:00:54+00:00\" \/>\n<meta property=\"og:image\" content=\"https:\/\/dive-bluedolphin.com\/wp-content\/uploads\/2021\/09\/Dive-Center-Blue-Dolphin-Elounda-Crete-2015-e1504262853928-1.jpg\" \/>\n\t<meta property=\"og:image:width\" content=\"1024\" \/>\n\t<meta property=\"og:image:height\" content=\"228\" \/>\n\t<meta property=\"og:image:type\" content=\"image\/jpeg\" \/>\n<meta name=\"twitter:card\" content=\"summary_large_image\" \/>\n<meta name=\"twitter:label1\" content=\"Gesch\u00e4tzte Lesezeit\" \/>\n\t<meta name=\"twitter:data1\" content=\"2\u00a0Minuten\" \/>\n<script type=\"application\/ld+json\" class=\"yoast-schema-graph\">{\"@context\":\"https:\\\/\\\/schema.org\",\"@graph\":[{\"@type\":\"WebPage\",\"@id\":\"https:\\\/\\\/dive-bluedolphin.com\\\/de\\\/\",\"url\":\"https:\\\/\\\/dive-bluedolphin.com\\\/de\\\/\",\"name\":\"Tauchbasis Blue Dolphin | Elounda, Kreta\",\"isPartOf\":{\"@id\":\"https:\\\/\\\/dive-bluedolphin.com\\\/de\\\/#website\"},\"primaryImageOfPage\":{\"@id\":\"https:\\\/\\\/dive-bluedolphin.com\\\/de\\\/#primaryimage\"},\"image\":{\"@id\":\"https:\\\/\\\/dive-bluedolphin.com\\\/de\\\/#primaryimage\"},\"thumbnailUrl\":\"https:\\\/\\\/dive-bluedolphin.com\\\/wp-content\\\/uploads\\\/2021\\\/09\\\/Dive-Center-Blue-Dolphin-Elounda-Crete-2015-e1504262853928-1.jpg\",\"datePublished\":\"2021-09-06T16:28:55+00:00\",\"dateModified\":\"2025-01-21T16:00:54+00:00\",\"description\":\"Tauchbasis Blue Dolphin | Elounda, Kreta | Ausbildung f\u00fcr Kinder, Hobbytaucher und Profis | Tauchg\u00e4nge f\u00fcr zertifizierte Taucher\",\"breadcrumb\":{\"@id\":\"https:\\\/\\\/dive-bluedolphin.com\\\/de\\\/#breadcrumb\"},\"inLanguage\":\"de\",\"potentialAction\":[{\"@type\":\"ReadAction\",\"target\":[\"https:\\\/\\\/dive-bluedolphin.com\\\/de\\\/\"]}]},{\"@type\":\"ImageObject\",\"inLanguage\":\"de\",\"@id\":\"https:\\\/\\\/dive-bluedolphin.com\\\/de\\\/#primaryimage\",\"url\":\"https:\\\/\\\/dive-bluedolphin.com\\\/wp-content\\\/uploads\\\/2021\\\/09\\\/Dive-Center-Blue-Dolphin-Elounda-Crete-2015-e1504262853928-1.jpg\",\"contentUrl\":\"https:\\\/\\\/dive-bluedolphin.com\\\/wp-content\\\/uploads\\\/2021\\\/09\\\/Dive-Center-Blue-Dolphin-Elounda-Crete-2015-e1504262853928-1.jpg\"},{\"@type\":\"BreadcrumbList\",\"@id\":\"https:\\\/\\\/dive-bluedolphin.com\\\/de\\\/#breadcrumb\",\"itemListElement\":[{\"@type\":\"ListItem\",\"position\":1,\"name\":\"Home\",\"item\":\"https:\\\/\\\/dive-bluedolphin.com\\\/de\\\/\"},{\"@type\":\"ListItem\",\"position\":2,\"name\":\"\u00dcber uns\"}]},{\"@type\":\"WebSite\",\"@id\":\"https:\\\/\\\/dive-bluedolphin.com\\\/de\\\/#website\",\"url\":\"https:\\\/\\\/dive-bluedolphin.com\\\/de\\\/\",\"name\":\"Diving Center Blue Dolphin\",\"description\":\"Elounda - Crete\",\"potentialAction\":[{\"@type\":\"SearchAction\",\"target\":{\"@type\":\"EntryPoint\",\"urlTemplate\":\"https:\\\/\\\/dive-bluedolphin.com\\\/de\\\/?s={search_term_string}\"},\"query-input\":{\"@type\":\"PropertyValueSpecification\",\"valueRequired\":true,\"valueName\":\"search_term_string\"}}],\"inLanguage\":\"de\"}]}<\/script>\n<!-- \/ Yoast SEO plugin. -->","yoast_head_json":{"title":"Tauchbasis Blue Dolphin | Elounda, Kreta","description":"Tauchbasis Blue Dolphin | Elounda, Kreta | Ausbildung f\u00fcr Kinder, Hobbytaucher und Profis | Tauchg\u00e4nge f\u00fcr zertifizierte Taucher","robots":{"index":"index","follow":"follow","max-snippet":"max-snippet:-1","max-image-preview":"max-image-preview:large","max-video-preview":"max-video-preview:-1"},"canonical":"https:\/\/dive-bluedolphin.com\/de\/","og_locale":"de_DE","og_type":"article","og_title":"Tauchbasis Blue Dolphin | Elounda, Kreta","og_description":"Tauchbasis Blue Dolphin | Elounda, Kreta | Ausbildung f\u00fcr Kinder, Hobbytaucher und Profis | Tauchg\u00e4nge f\u00fcr zertifizierte Taucher","og_url":"https:\/\/dive-bluedolphin.com\/de\/","og_site_name":"Diving Center Blue Dolphin","article_modified_time":"2025-01-21T16:00:54+00:00","og_image":[{"width":1024,"height":228,"url":"https:\/\/dive-bluedolphin.com\/wp-content\/uploads\/2021\/09\/Dive-Center-Blue-Dolphin-Elounda-Crete-2015-e1504262853928-1.jpg","type":"image\/jpeg"}],"twitter_card":"summary_large_image","twitter_misc":{"Gesch\u00e4tzte Lesezeit":"2\u00a0Minuten"},"schema":{"@context":"https:\/\/schema.org","@graph":[{"@type":"WebPage","@id":"https:\/\/dive-bluedolphin.com\/de\/","url":"https:\/\/dive-bluedolphin.com\/de\/","name":"Tauchbasis Blue Dolphin | Elounda, Kreta","isPartOf":{"@id":"https:\/\/dive-bluedolphin.com\/de\/#website"},"primaryImageOfPage":{"@id":"https:\/\/dive-bluedolphin.com\/de\/#primaryimage"},"image":{"@id":"https:\/\/dive-bluedolphin.com\/de\/#primaryimage"},"thumbnailUrl":"https:\/\/dive-bluedolphin.com\/wp-content\/uploads\/2021\/09\/Dive-Center-Blue-Dolphin-Elounda-Crete-2015-e1504262853928-1.jpg","datePublished":"2021-09-06T16:28:55+00:00","dateModified":"2025-01-21T16:00:54+00:00","description":"Tauchbasis Blue Dolphin | Elounda, Kreta | Ausbildung f\u00fcr Kinder, Hobbytaucher und Profis | Tauchg\u00e4nge f\u00fcr zertifizierte Taucher","breadcrumb":{"@id":"https:\/\/dive-bluedolphin.com\/de\/#breadcrumb"},"inLanguage":"de","potentialAction":[{"@type":"ReadAction","target":["https:\/\/dive-bluedolphin.com\/de\/"]}]},{"@type":"ImageObject","inLanguage":"de","@id":"https:\/\/dive-bluedolphin.com\/de\/#primaryimage","url":"https:\/\/dive-bluedolphin.com\/wp-content\/uploads\/2021\/09\/Dive-Center-Blue-Dolphin-Elounda-Crete-2015-e1504262853928-1.jpg","contentUrl":"https:\/\/dive-bluedolphin.com\/wp-content\/uploads\/2021\/09\/Dive-Center-Blue-Dolphin-Elounda-Crete-2015-e1504262853928-1.jpg"},{"@type":"BreadcrumbList","@id":"https:\/\/dive-bluedolphin.com\/de\/#breadcrumb","itemListElement":[{"@type":"ListItem","position":1,"name":"Home","item":"https:\/\/dive-bluedolphin.com\/de\/"},{"@type":"ListItem","position":2,"name":"\u00dcber uns"}]},{"@type":"WebSite","@id":"https:\/\/dive-bluedolphin.com\/de\/#website","url":"https:\/\/dive-bluedolphin.com\/de\/","name":"Diving Center Blue Dolphin","description":"Elounda - Crete","potentialAction":[{"@type":"SearchAction","target":{"@type":"EntryPoint","urlTemplate":"https:\/\/dive-bluedolphin.com\/de\/?s={search_term_string}"},"query-input":{"@type":"PropertyValueSpecification","valueRequired":true,"valueName":"search_term_string"}}],"inLanguage":"de"}]}},"_links":{"self":[{"href":"https:\/\/dive-bluedolphin.com\/de\/wp-json\/wp\/v2\/pages\/5","targetHints":{"allow":["GET"]}}],"collection":[{"href":"https:\/\/dive-bluedolphin.com\/de\/wp-json\/wp\/v2\/pages"}],"about":[{"href":"https:\/\/dive-bluedolphin.com\/de\/wp-json\/wp\/v2\/types\/page"}],"author":[{"embeddable":true,"href":"https:\/\/dive-bluedolphin.com\/de\/wp-json\/wp\/v2\/users\/1"}],"replies":[{"embeddable":true,"href":"https:\/\/dive-bluedolphin.com\/de\/wp-json\/wp\/v2\/comments?post=5"}],"version-history":[{"count":70,"href":"https:\/\/dive-bluedolphin.com\/de\/wp-json\/wp\/v2\/pages\/5\/revisions"}],"predecessor-version":[{"id":1733,"href":"https:\/\/dive-bluedolphin.com\/de\/wp-json\/wp\/v2\/pages\/5\/revisions\/1733"}],"wp:attachment":[{"href":"https:\/\/dive-bluedolphin.com\/de\/wp-json\/wp\/v2\/media?parent=5"}],"curies":[{"name":"wp","href":"https:\/\/api.w.org\/{rel}","templated":true}]}}