{"id":7,"date":"2021-09-06T18:29:18","date_gmt":"2021-09-06T16:29:18","guid":{"rendered":"https:\/\/dive-bluedolphin.com\/?page_id=7"},"modified":"2025-01-21T16:59:11","modified_gmt":"2025-01-21T15:59:11","slug":"partner-my-green-travel","status":"publish","type":"page","link":"https:\/\/dive-bluedolphin.com\/de\/tauchen-elounda-kreta\/partner-my-green-travel\/","title":{"rendered":"Neuigkeiten"},"content":{"rendered":"<p>Zeit f\u00fcr eine neue Partnerschaft!<\/p>\n<p>M\u00f6chtet Ihr nicht nur tauchen oder schnorcheln, sondern auch mehr \u00fcber die Umgebung erfahren, die Ihr besucht? Oder m\u00f6chtet Ihr zwar die Unterwasserwelt erleben, aber Eure Reisepartner lieber wandern? Wir machen es m\u00f6glich!!<\/p>\n<p>Die Tauchbasis Blue Dolphin und die Private Reisebegleitung My Green Travel m\u00f6chten gemeinsam Erlebnispakete f\u00fcr Euch zusammenschn\u00fcren.<\/p>\n<p><a href=\"https:\/\/my-green-travel.com\" target=\"_blank\" rel=\"noopener\">My Green Travel<\/a> ist ein eigenst\u00e4ndiges Einzelunternehmen. <a href=\"https:\/\/my-green-travel.com\/startseite\/persoenliche-reisebegleitung\/\" target=\"_blank\" rel=\"noopener\">Dajana Schiwik<\/a> bietet sich als eine pers\u00f6nliche, erfahrene und professionelle Reisebegleitung an, damit Ihr in der Gegend Lasithi abseits der touristisch ausgetretenen Pfade \u2026<\/p>\n<ul>\n<li>wundersch\u00f6ne und selten besuchte Natursch\u00f6nheiten entdecken,<\/li>\n<li>mit den Einwohnern direkt in Kontakt treten, ihre Lebensgewohnheiten, Traditionen und Gedanken kennenlernen, sie auch als Freunde gewinnen,<\/li>\n<li>mit dem Erbe der Region Lasithi vertraut werden und unbekannte oder vernachl\u00e4ssigte arch\u00e4ologische Orte erkunden<\/li>\n<li>und Euch beraten, vermitteln und Touren nach Euren W\u00fcnschen zusammenstellen lassen k\u00f6nnt.<\/li>\n<\/ul>\n<p>Mehr Informationen zu Dajanas Angebot findet Ihr auf ihrer Webseite <a href=\"https:\/\/my-green-travel.com\/angebote\/\" target=\"_blank\" rel=\"noopener\">hier<\/a><\/p>\n<p><strong><span style=\"font-size: 14pt;\">Aber noch mehr\u2026<\/span><\/strong><\/p>\n<p>Blue Dolphin und My Green Travel haben extra f\u00fcr Euch ein ganz besonderes Programm zusammengestellt:<br \/>\nIn den letzten Jahren haben viele G\u00e4ste Gefallen an unserer <a href=\"https:\/\/dive-bluedolphin.com\/de\/tauchbasis\/schnorcheltour-olous\/\">gef\u00fchrten Schnorcheltour \u00fcber der versunkenen Stadt Olous<\/a> gefunden. Aber zu Olous geh\u00f6rt eigentlich noch mehr und unsere G\u00e4ste haben auch daran Interesse gezeigt.<br \/>\nDie Schnorcheltour l\u00e4sst sich sehr gut mit einem Rundgang auf der Insel Kolokytha, welcher aufschl\u00fcssige Einblicke in die Vergangenheit Eloundas gew\u00e4hrt, kombinieren. Auch mit anderen historischen Orten aus der Zeit von Olous (vor ca. 3000 Jahren), welche sich in unmittelbarer Umgebung befinden, l\u00e4sst sich die Schnorcheltour wunderbar verbinden. Und so k\u00f6nnt Ihr an einem einzigen Tag so viel mehr entdecken \u2026<br \/>\nAber lasst Euch gern von den folgenden Bildern inspirieren und nehmt mit uns einfach <a href=\"https:\/\/dive-bluedolphin.com\/de\/kontakt\/\">Kontakt<\/a> auf, um Euch beraten zu lassen!<\/p>\n<p>Mindestanzahl 2 Personen! Auch f\u00fcr Familien geeignet!<\/p>\n<p style=\"text-align: center;\"><span style=\"font-size: 14pt;\">Ganz wichtig! Als neue Partner geben wir Euch einen satten<\/span><\/p>\n<p style=\"text-align: center;\"><span style=\"font-size: 14pt;\"><strong>Rabatt von 15 % f\u00fcr 2 Personen und 20 % f\u00fcr 4 Personen<\/strong><\/span><\/p>\n<p>auf ein Tagesprogramm, wenn Ihr ein Schnorchelabenteuer mit Blue Dolphin mit einem Ausflug mit My Green Travel kombiniert!<\/p>\n<p>Wir freuen uns auf Euch!!<\/p>\n","protected":false},"excerpt":{"rendered":"<p>Zeit f\u00fcr eine neue Partnerschaft! M\u00f6chtet Ihr nicht nur tauchen oder schnorcheln, sondern auch mehr \u00fcber die Umgebung erfahren, die Ihr besucht? Oder m\u00f6chtet Ihr zwar die Unterwasserwelt erleben, aber Eure Reisepartner lieber wandern? Wir machen es m\u00f6glich!! Die Tauchbasis Blue Dolphin und die Private Reisebegleitung My Green Travel m\u00f6chten gemeinsam Erlebnispakete f\u00fcr Euch zusammenschn\u00fcren. [&hellip;]<\/p>\n","protected":false},"author":1,"featured_media":0,"parent":5,"menu_order":1,"comment_status":"closed","ping_status":"closed","template":"","meta":{"footnotes":""},"class_list":["post-7","page","type-page","status-publish","hentry","post"],"yoast_head":"<!-- This site is optimized with the Yoast SEO plugin v27.4 - https:\/\/yoast.com\/product\/yoast-seo-wordpress\/ -->\n<title>Diving Center Blue Dolphin und My Green Travel Crete<\/title>\n<meta name=\"description\" content=\"M\u00f6chtet Ihr nicht nur tauchen oder schnorcheln, sondern auch mehr \u00fcber die Umgebung erfahren, die Ihr besucht? Blue Dolphin und die Private Reisebegleitung My Green Travel m\u00f6chten gemeinsam Erlebnispakete f\u00fcr Euch zusammenschn\u00fcren.\" \/>\n<meta name=\"robots\" content=\"index, follow, max-snippet:-1, max-image-preview:large, max-video-preview:-1\" \/>\n<link rel=\"canonical\" href=\"https:\/\/dive-bluedolphin.com\/de\/tauchen-elounda-kreta\/partner-my-green-travel\/\" \/>\n<meta property=\"og:locale\" content=\"de_DE\" \/>\n<meta property=\"og:type\" content=\"article\" \/>\n<meta property=\"og:title\" content=\"Diving Center Blue Dolphin und My Green Travel Crete\" \/>\n<meta property=\"og:description\" content=\"M\u00f6chtet Ihr nicht nur tauchen oder schnorcheln, sondern auch mehr \u00fcber die Umgebung erfahren, die Ihr besucht? Blue Dolphin und die Private Reisebegleitung My Green Travel m\u00f6chten gemeinsam Erlebnispakete f\u00fcr Euch zusammenschn\u00fcren.\" \/>\n<meta property=\"og:url\" content=\"https:\/\/dive-bluedolphin.com\/de\/tauchen-elounda-kreta\/partner-my-green-travel\/\" \/>\n<meta property=\"og:site_name\" content=\"Diving Center Blue Dolphin\" \/>\n<meta property=\"article:modified_time\" content=\"2025-01-21T15:59:11+00:00\" \/>\n<meta name=\"twitter:card\" content=\"summary_large_image\" \/>\n<meta name=\"twitter:label1\" content=\"Gesch\u00e4tzte Lesezeit\" \/>\n\t<meta name=\"twitter:data1\" content=\"1\u00a0Minute\" \/>\n<script type=\"application\/ld+json\" class=\"yoast-schema-graph\">{\"@context\":\"https:\\\/\\\/schema.org\",\"@graph\":[{\"@type\":\"WebPage\",\"@id\":\"https:\\\/\\\/dive-bluedolphin.com\\\/de\\\/tauchen-elounda-kreta\\\/partner-my-green-travel\\\/\",\"url\":\"https:\\\/\\\/dive-bluedolphin.com\\\/de\\\/tauchen-elounda-kreta\\\/partner-my-green-travel\\\/\",\"name\":\"Diving Center Blue Dolphin und My Green Travel Crete\",\"isPartOf\":{\"@id\":\"https:\\\/\\\/dive-bluedolphin.com\\\/de\\\/#website\"},\"datePublished\":\"2021-09-06T16:29:18+00:00\",\"dateModified\":\"2025-01-21T15:59:11+00:00\",\"description\":\"M\u00f6chtet Ihr nicht nur tauchen oder schnorcheln, sondern auch mehr \u00fcber die Umgebung erfahren, die Ihr besucht? Blue Dolphin und die Private Reisebegleitung My Green Travel m\u00f6chten gemeinsam Erlebnispakete f\u00fcr Euch zusammenschn\u00fcren.\",\"breadcrumb\":{\"@id\":\"https:\\\/\\\/dive-bluedolphin.com\\\/de\\\/tauchen-elounda-kreta\\\/partner-my-green-travel\\\/#breadcrumb\"},\"inLanguage\":\"de\",\"potentialAction\":[{\"@type\":\"ReadAction\",\"target\":[\"https:\\\/\\\/dive-bluedolphin.com\\\/de\\\/tauchen-elounda-kreta\\\/partner-my-green-travel\\\/\"]}]},{\"@type\":\"BreadcrumbList\",\"@id\":\"https:\\\/\\\/dive-bluedolphin.com\\\/de\\\/tauchen-elounda-kreta\\\/partner-my-green-travel\\\/#breadcrumb\",\"itemListElement\":[{\"@type\":\"ListItem\",\"position\":1,\"name\":\"Home\",\"item\":\"https:\\\/\\\/dive-bluedolphin.com\\\/de\\\/\"},{\"@type\":\"ListItem\",\"position\":2,\"name\":\"\u00dcber uns\",\"item\":\"https:\\\/\\\/dive-bluedolphin.com\\\/de\\\/\"},{\"@type\":\"ListItem\",\"position\":3,\"name\":\"Neuigkeiten\"}]},{\"@type\":\"WebSite\",\"@id\":\"https:\\\/\\\/dive-bluedolphin.com\\\/de\\\/#website\",\"url\":\"https:\\\/\\\/dive-bluedolphin.com\\\/de\\\/\",\"name\":\"Diving Center Blue Dolphin\",\"description\":\"Elounda - Crete\",\"potentialAction\":[{\"@type\":\"SearchAction\",\"target\":{\"@type\":\"EntryPoint\",\"urlTemplate\":\"https:\\\/\\\/dive-bluedolphin.com\\\/de\\\/?s={search_term_string}\"},\"query-input\":{\"@type\":\"PropertyValueSpecification\",\"valueRequired\":true,\"valueName\":\"search_term_string\"}}],\"inLanguage\":\"de\"}]}<\/script>\n<!-- \/ Yoast SEO plugin. -->","yoast_head_json":{"title":"Diving Center Blue Dolphin und My Green Travel Crete","description":"M\u00f6chtet Ihr nicht nur tauchen oder schnorcheln, sondern auch mehr \u00fcber die Umgebung erfahren, die Ihr besucht? Blue Dolphin und die Private Reisebegleitung My Green Travel m\u00f6chten gemeinsam Erlebnispakete f\u00fcr Euch zusammenschn\u00fcren.","robots":{"index":"index","follow":"follow","max-snippet":"max-snippet:-1","max-image-preview":"max-image-preview:large","max-video-preview":"max-video-preview:-1"},"canonical":"https:\/\/dive-bluedolphin.com\/de\/tauchen-elounda-kreta\/partner-my-green-travel\/","og_locale":"de_DE","og_type":"article","og_title":"Diving Center Blue Dolphin und My Green Travel Crete","og_description":"M\u00f6chtet Ihr nicht nur tauchen oder schnorcheln, sondern auch mehr \u00fcber die Umgebung erfahren, die Ihr besucht? Blue Dolphin und die Private Reisebegleitung My Green Travel m\u00f6chten gemeinsam Erlebnispakete f\u00fcr Euch zusammenschn\u00fcren.","og_url":"https:\/\/dive-bluedolphin.com\/de\/tauchen-elounda-kreta\/partner-my-green-travel\/","og_site_name":"Diving Center Blue Dolphin","article_modified_time":"2025-01-21T15:59:11+00:00","twitter_card":"summary_large_image","twitter_misc":{"Gesch\u00e4tzte Lesezeit":"1\u00a0Minute"},"schema":{"@context":"https:\/\/schema.org","@graph":[{"@type":"WebPage","@id":"https:\/\/dive-bluedolphin.com\/de\/tauchen-elounda-kreta\/partner-my-green-travel\/","url":"https:\/\/dive-bluedolphin.com\/de\/tauchen-elounda-kreta\/partner-my-green-travel\/","name":"Diving Center Blue Dolphin und My Green Travel Crete","isPartOf":{"@id":"https:\/\/dive-bluedolphin.com\/de\/#website"},"datePublished":"2021-09-06T16:29:18+00:00","dateModified":"2025-01-21T15:59:11+00:00","description":"M\u00f6chtet Ihr nicht nur tauchen oder schnorcheln, sondern auch mehr \u00fcber die Umgebung erfahren, die Ihr besucht? Blue Dolphin und die Private Reisebegleitung My Green Travel m\u00f6chten gemeinsam Erlebnispakete f\u00fcr Euch zusammenschn\u00fcren.","breadcrumb":{"@id":"https:\/\/dive-bluedolphin.com\/de\/tauchen-elounda-kreta\/partner-my-green-travel\/#breadcrumb"},"inLanguage":"de","potentialAction":[{"@type":"ReadAction","target":["https:\/\/dive-bluedolphin.com\/de\/tauchen-elounda-kreta\/partner-my-green-travel\/"]}]},{"@type":"BreadcrumbList","@id":"https:\/\/dive-bluedolphin.com\/de\/tauchen-elounda-kreta\/partner-my-green-travel\/#breadcrumb","itemListElement":[{"@type":"ListItem","position":1,"name":"Home","item":"https:\/\/dive-bluedolphin.com\/de\/"},{"@type":"ListItem","position":2,"name":"\u00dcber uns","item":"https:\/\/dive-bluedolphin.com\/de\/"},{"@type":"ListItem","position":3,"name":"Neuigkeiten"}]},{"@type":"WebSite","@id":"https:\/\/dive-bluedolphin.com\/de\/#website","url":"https:\/\/dive-bluedolphin.com\/de\/","name":"Diving Center Blue Dolphin","description":"Elounda - Crete","potentialAction":[{"@type":"SearchAction","target":{"@type":"EntryPoint","urlTemplate":"https:\/\/dive-bluedolphin.com\/de\/?s={search_term_string}"},"query-input":{"@type":"PropertyValueSpecification","valueRequired":true,"valueName":"search_term_string"}}],"inLanguage":"de"}]}},"_links":{"self":[{"href":"https:\/\/dive-bluedolphin.com\/de\/wp-json\/wp\/v2\/pages\/7","targetHints":{"allow":["GET"]}}],"collection":[{"href":"https:\/\/dive-bluedolphin.com\/de\/wp-json\/wp\/v2\/pages"}],"about":[{"href":"https:\/\/dive-bluedolphin.com\/de\/wp-json\/wp\/v2\/types\/page"}],"author":[{"embeddable":true,"href":"https:\/\/dive-bluedolphin.com\/de\/wp-json\/wp\/v2\/users\/1"}],"replies":[{"embeddable":true,"href":"https:\/\/dive-bluedolphin.com\/de\/wp-json\/wp\/v2\/comments?post=7"}],"version-history":[{"count":13,"href":"https:\/\/dive-bluedolphin.com\/de\/wp-json\/wp\/v2\/pages\/7\/revisions"}],"predecessor-version":[{"id":303,"href":"https:\/\/dive-bluedolphin.com\/de\/wp-json\/wp\/v2\/pages\/7\/revisions\/303"}],"up":[{"embeddable":true,"href":"https:\/\/dive-bluedolphin.com\/de\/wp-json\/wp\/v2\/pages\/5"}],"wp:attachment":[{"href":"https:\/\/dive-bluedolphin.com\/de\/wp-json\/wp\/v2\/media?parent=7"}],"curies":[{"name":"wp","href":"https:\/\/api.w.org\/{rel}","templated":true}]}}