{"id":9,"date":"2021-09-06T18:29:37","date_gmt":"2021-09-06T16:29:37","guid":{"rendered":"https:\/\/dive-bluedolphin.com\/?page_id=9"},"modified":"2021-10-30T14:07:23","modified_gmt":"2021-10-30T12:07:23","slug":"kreta-die-wiege-unserer-zivilisation","status":"publish","type":"page","link":"https:\/\/dive-bluedolphin.com\/de\/tauchen-elounda-kreta\/kreta-die-wiege-unserer-zivilisation\/","title":{"rendered":"Kreta \u2013 die Wiege unserer Zivilisation"},"content":{"rendered":"<div id=\"pl-9\"  class=\"panel-layout\" ><div id=\"pg-9-0\"  class=\"panel-grid panel-no-style\" ><div id=\"pgc-9-0-0\"  class=\"panel-grid-cell\" ><div id=\"panel-9-0-0-0\" class=\"so-panel widget widget_sow-image panel-first-child panel-last-child\" data-index=\"0\" ><div\n\t\t\t\n\t\t\tclass=\"so-widget-sow-image so-widget-sow-image-default-8b5b6f678277-9\"\n\t\t\t\n\t\t>\n<div class=\"sow-image-container\">\n\t\t<img \n\tsrc=\"https:\/\/dive-bluedolphin.com\/wp-content\/uploads\/2021\/09\/Blue-Dolphin-Divecenter-Elounda-Crete-Greece-4.jpg\" width=\"448\" height=\"252\" srcset=\"https:\/\/dive-bluedolphin.com\/wp-content\/uploads\/2021\/09\/Blue-Dolphin-Divecenter-Elounda-Crete-Greece-4.jpg 448w, https:\/\/dive-bluedolphin.com\/wp-content\/uploads\/2021\/09\/Blue-Dolphin-Divecenter-Elounda-Crete-Greece-4-300x169.jpg 300w\" sizes=\"(max-width: 448px) 100vw, 448px\" alt=\"\" \t\tclass=\"so-widget-image\"\/>\n\t<\/div>\n\n<\/div><\/div><\/div><div id=\"pgc-9-0-1\"  class=\"panel-grid-cell\" ><div id=\"panel-9-0-1-0\" class=\"so-panel widget widget_sow-editor panel-first-child panel-last-child\" data-index=\"1\" ><div\n\t\t\t\n\t\t\tclass=\"so-widget-sow-editor so-widget-sow-editor-base\"\n\t\t\t\n\t\t>\n<div class=\"siteorigin-widget-tinymce textwidget\">\n\t<div class=\"art-content-layout\">\n<div class=\"art-content-layout-row\">\n<div>Kreta ist nicht nur die gr\u00f6\u00dfte und am s\u00fcdlichsten gelegene Insel Griechenlands, sondern auch der s\u00fcdlichste Punkt Europas.<\/div>\n<\/div>\n<\/div>\n<\/div>\n<\/div><\/div><\/div><\/div><div id=\"pg-9-1\"  class=\"panel-grid panel-no-style\" ><div id=\"pgc-9-1-0\"  class=\"panel-grid-cell\" ><div id=\"panel-9-1-0-0\" class=\"so-panel widget widget_sow-editor panel-first-child panel-last-child\" data-index=\"2\" ><div\n\t\t\t\n\t\t\tclass=\"so-widget-sow-editor so-widget-sow-editor-base\"\n\t\t\t\n\t\t>\n<div class=\"siteorigin-widget-tinymce textwidget\">\n\t<p>Auf Kreta erlebte die erste Hochkultur des Abendlandes ihre Bl\u00fcte, erhoben sich die ersten Menschen in die L\u00fcfte, wurde das erste Labyrinth erbaut. Wohl keine andere Insel im Mittelmeer hat so viele Sehensw\u00fcrdigkeiten und Natursch\u00e4tze zu bieten wie Kreta: \u00fcber 800 byzantinische Kapellen, einige der bedeutendsten Museen und die weiteste und fruchtbarste Ebene Griechenlands, die gewaltigste Schlucht Europas und einen schier unermesslichen Reichtum an arch\u00e4ologischen Sch\u00e4tzen und antiken St\u00e4dten.<\/p>\n<\/div>\n<\/div><\/div><\/div><\/div><div id=\"pg-9-2\"  class=\"panel-grid panel-no-style\" ><div id=\"pgc-9-2-0\"  class=\"panel-grid-cell\" ><div id=\"panel-9-2-0-0\" class=\"so-panel widget widget_sow-image panel-first-child panel-last-child\" data-index=\"3\" ><div\n\t\t\t\n\t\t\tclass=\"so-widget-sow-image so-widget-sow-image-default-8b5b6f678277-9\"\n\t\t\t\n\t\t>\n<div class=\"sow-image-container\">\n\t\t<img \n\tsrc=\"https:\/\/dive-bluedolphin.com\/wp-content\/uploads\/2021\/09\/kreta1.jpg\" width=\"100\" height=\"75\" sizes=\"(max-width: 100px) 100vw, 100px\" alt=\"\" \t\tclass=\"so-widget-image\"\/>\n\t<\/div>\n\n<\/div><\/div><\/div><div id=\"pgc-9-2-1\"  class=\"panel-grid-cell\" ><div id=\"panel-9-2-1-0\" class=\"so-panel widget widget_sow-image panel-first-child panel-last-child\" data-index=\"4\" ><div\n\t\t\t\n\t\t\tclass=\"so-widget-sow-image so-widget-sow-image-default-8b5b6f678277-9\"\n\t\t\t\n\t\t>\n<div class=\"sow-image-container\">\n\t\t<img \n\tsrc=\"https:\/\/dive-bluedolphin.com\/wp-content\/uploads\/2021\/09\/kreta2.jpg\" width=\"100\" height=\"75\" sizes=\"(max-width: 100px) 100vw, 100px\" alt=\"\" \t\tclass=\"so-widget-image\"\/>\n\t<\/div>\n\n<\/div><\/div><\/div><div id=\"pgc-9-2-2\"  class=\"panel-grid-cell\" ><div id=\"panel-9-2-2-0\" class=\"so-panel widget widget_sow-image panel-first-child panel-last-child\" data-index=\"5\" ><div\n\t\t\t\n\t\t\tclass=\"so-widget-sow-image so-widget-sow-image-default-8b5b6f678277-9\"\n\t\t\t\n\t\t>\n<div class=\"sow-image-container\">\n\t\t<img \n\tsrc=\"https:\/\/dive-bluedolphin.com\/wp-content\/uploads\/2021\/09\/kreta3.jpg\" width=\"100\" height=\"75\" sizes=\"(max-width: 100px) 100vw, 100px\" alt=\"\" \t\tclass=\"so-widget-image\"\/>\n\t<\/div>\n\n<\/div><\/div><\/div><div id=\"pgc-9-2-3\"  class=\"panel-grid-cell\" ><div id=\"panel-9-2-3-0\" class=\"so-panel widget widget_sow-image panel-first-child panel-last-child\" data-index=\"6\" ><div\n\t\t\t\n\t\t\tclass=\"so-widget-sow-image so-widget-sow-image-default-8b5b6f678277-9\"\n\t\t\t\n\t\t>\n<div class=\"sow-image-container\">\n\t\t<img \n\tsrc=\"https:\/\/dive-bluedolphin.com\/wp-content\/uploads\/2021\/09\/kreta4-150x150-1.jpg\" width=\"150\" height=\"150\" sizes=\"(max-width: 150px) 100vw, 150px\" title=\"kreta4-150&#215;150\" alt=\"\" \t\tclass=\"so-widget-image\"\/>\n\t<\/div>\n\n<\/div><\/div><\/div><div id=\"pgc-9-2-4\"  class=\"panel-grid-cell\" ><div id=\"panel-9-2-4-0\" class=\"so-panel widget widget_sow-image panel-first-child panel-last-child\" data-index=\"7\" ><div\n\t\t\t\n\t\t\tclass=\"so-widget-sow-image so-widget-sow-image-default-8b5b6f678277-9\"\n\t\t\t\n\t\t>\n<div class=\"sow-image-container\">\n\t\t<img \n\tsrc=\"https:\/\/dive-bluedolphin.com\/wp-content\/uploads\/2021\/09\/kreta5.jpg\" width=\"220\" height=\"170\" sizes=\"(max-width: 220px) 100vw, 220px\" alt=\"\" \t\tclass=\"so-widget-image\"\/>\n\t<\/div>\n\n<\/div><\/div><\/div><div id=\"pgc-9-2-5\"  class=\"panel-grid-cell\" ><div id=\"panel-9-2-5-0\" class=\"so-panel widget widget_sow-image panel-first-child panel-last-child\" data-index=\"8\" ><div\n\t\t\t\n\t\t\tclass=\"so-widget-sow-image so-widget-sow-image-default-8b5b6f678277-9\"\n\t\t\t\n\t\t>\n<div class=\"sow-image-container\">\n\t\t<img \n\tsrc=\"https:\/\/dive-bluedolphin.com\/wp-content\/uploads\/2021\/09\/kreta6.jpg\" width=\"220\" height=\"170\" sizes=\"(max-width: 220px) 100vw, 220px\" alt=\"\" \t\tclass=\"so-widget-image\"\/>\n\t<\/div>\n\n<\/div><\/div><\/div><\/div><div id=\"pg-9-3\"  class=\"panel-grid panel-no-style\" ><div id=\"pgc-9-3-0\"  class=\"panel-grid-cell\" ><div id=\"panel-9-3-0-0\" class=\"so-panel widget widget_sow-editor panel-first-child panel-last-child\" data-index=\"9\" ><div\n\t\t\t\n\t\t\tclass=\"so-widget-sow-editor so-widget-sow-editor-base\"\n\t\t\t\n\t\t>\n<div class=\"siteorigin-widget-tinymce textwidget\">\n\t<p>Der malerische Fischerort Elounda liegt in der sch\u00f6nen Mirabello-Bucht im Osten der Insel. Hier finden auch nichttauchende Begleiter samt Nachwuchs alles, was man sich w\u00fcnschen kann. Es gibt Tavernen, Caf\u00e9s und Pubs. Elounda ist ein kleiner Ort der viel zu bieten hat, aber noch immer sehr gem\u00fctlich ist. Wer dagegen lebhaftes Nachtleben liebt, kommt in der 9 km entfernten Stadt Agios Nikolaos voll auf seine Kosten.<\/p>\n<\/div>\n<\/div><\/div><\/div><\/div><\/div>","protected":false},"excerpt":{"rendered":"<p>Kreta ist nicht nur die gr\u00f6\u00dfte und am s\u00fcdlichsten gelegene Insel Griechenlands, sondern auch der s\u00fcdlichste Punkt Europas. Auf Kreta erlebte die erste Hochkultur des Abendlandes ihre Bl\u00fcte, erhoben sich die ersten Menschen in die L\u00fcfte, wurde das erste Labyrinth erbaut. Wohl keine andere Insel im Mittelmeer hat so viele Sehensw\u00fcrdigkeiten und Natursch\u00e4tze zu bieten [&hellip;]<\/p>\n","protected":false},"author":1,"featured_media":0,"parent":5,"menu_order":2,"comment_status":"closed","ping_status":"closed","template":"","meta":{"footnotes":""},"class_list":["post-9","page","type-page","status-publish","hentry","post"],"yoast_head":"<!-- This site is optimized with the Yoast SEO plugin v27.4 - https:\/\/yoast.com\/product\/yoast-seo-wordpress\/ -->\n<title>Kreta \u2013 die Wiege unserer Zivilisation - Diving Center Blue Dolphin<\/title>\n<meta name=\"robots\" content=\"index, follow, max-snippet:-1, max-image-preview:large, max-video-preview:-1\" \/>\n<link rel=\"canonical\" href=\"https:\/\/dive-bluedolphin.com\/de\/tauchen-elounda-kreta\/kreta-die-wiege-unserer-zivilisation\/\" \/>\n<meta property=\"og:locale\" content=\"de_DE\" \/>\n<meta property=\"og:type\" content=\"article\" \/>\n<meta property=\"og:title\" content=\"Kreta \u2013 die Wiege unserer Zivilisation - Diving Center Blue Dolphin\" \/>\n<meta property=\"og:description\" content=\"Kreta ist nicht nur die gr\u00f6\u00dfte und am s\u00fcdlichsten gelegene Insel Griechenlands, sondern auch der s\u00fcdlichste Punkt Europas. Auf Kreta erlebte die erste Hochkultur des Abendlandes ihre Bl\u00fcte, erhoben sich die ersten Menschen in die L\u00fcfte, wurde das erste Labyrinth erbaut. Wohl keine andere Insel im Mittelmeer hat so viele Sehensw\u00fcrdigkeiten und Natursch\u00e4tze zu bieten [&hellip;]\" \/>\n<meta property=\"og:url\" content=\"https:\/\/dive-bluedolphin.com\/de\/tauchen-elounda-kreta\/kreta-die-wiege-unserer-zivilisation\/\" \/>\n<meta property=\"og:site_name\" content=\"Diving Center Blue Dolphin\" \/>\n<meta property=\"article:modified_time\" content=\"2021-10-30T12:07:23+00:00\" \/>\n<meta name=\"twitter:card\" content=\"summary_large_image\" \/>\n<meta name=\"twitter:label1\" content=\"Gesch\u00e4tzte Lesezeit\" \/>\n\t<meta name=\"twitter:data1\" content=\"1\u00a0Minute\" \/>\n<script type=\"application\/ld+json\" class=\"yoast-schema-graph\">{\"@context\":\"https:\\\/\\\/schema.org\",\"@graph\":[{\"@type\":\"WebPage\",\"@id\":\"https:\\\/\\\/dive-bluedolphin.com\\\/de\\\/tauchen-elounda-kreta\\\/kreta-die-wiege-unserer-zivilisation\\\/\",\"url\":\"https:\\\/\\\/dive-bluedolphin.com\\\/de\\\/tauchen-elounda-kreta\\\/kreta-die-wiege-unserer-zivilisation\\\/\",\"name\":\"Kreta \u2013 die Wiege unserer Zivilisation - Diving Center Blue Dolphin\",\"isPartOf\":{\"@id\":\"https:\\\/\\\/dive-bluedolphin.com\\\/de\\\/#website\"},\"datePublished\":\"2021-09-06T16:29:37+00:00\",\"dateModified\":\"2021-10-30T12:07:23+00:00\",\"breadcrumb\":{\"@id\":\"https:\\\/\\\/dive-bluedolphin.com\\\/de\\\/tauchen-elounda-kreta\\\/kreta-die-wiege-unserer-zivilisation\\\/#breadcrumb\"},\"inLanguage\":\"de\",\"potentialAction\":[{\"@type\":\"ReadAction\",\"target\":[\"https:\\\/\\\/dive-bluedolphin.com\\\/de\\\/tauchen-elounda-kreta\\\/kreta-die-wiege-unserer-zivilisation\\\/\"]}]},{\"@type\":\"BreadcrumbList\",\"@id\":\"https:\\\/\\\/dive-bluedolphin.com\\\/de\\\/tauchen-elounda-kreta\\\/kreta-die-wiege-unserer-zivilisation\\\/#breadcrumb\",\"itemListElement\":[{\"@type\":\"ListItem\",\"position\":1,\"name\":\"Home\",\"item\":\"https:\\\/\\\/dive-bluedolphin.com\\\/de\\\/\"},{\"@type\":\"ListItem\",\"position\":2,\"name\":\"\u00dcber uns\",\"item\":\"https:\\\/\\\/dive-bluedolphin.com\\\/de\\\/\"},{\"@type\":\"ListItem\",\"position\":3,\"name\":\"Kreta \u2013 die Wiege unserer Zivilisation\"}]},{\"@type\":\"WebSite\",\"@id\":\"https:\\\/\\\/dive-bluedolphin.com\\\/de\\\/#website\",\"url\":\"https:\\\/\\\/dive-bluedolphin.com\\\/de\\\/\",\"name\":\"Diving Center Blue Dolphin\",\"description\":\"Elounda - Crete\",\"potentialAction\":[{\"@type\":\"SearchAction\",\"target\":{\"@type\":\"EntryPoint\",\"urlTemplate\":\"https:\\\/\\\/dive-bluedolphin.com\\\/de\\\/?s={search_term_string}\"},\"query-input\":{\"@type\":\"PropertyValueSpecification\",\"valueRequired\":true,\"valueName\":\"search_term_string\"}}],\"inLanguage\":\"de\"}]}<\/script>\n<!-- \/ Yoast SEO plugin. -->","yoast_head_json":{"title":"Kreta \u2013 die Wiege unserer Zivilisation - Diving Center Blue Dolphin","robots":{"index":"index","follow":"follow","max-snippet":"max-snippet:-1","max-image-preview":"max-image-preview:large","max-video-preview":"max-video-preview:-1"},"canonical":"https:\/\/dive-bluedolphin.com\/de\/tauchen-elounda-kreta\/kreta-die-wiege-unserer-zivilisation\/","og_locale":"de_DE","og_type":"article","og_title":"Kreta \u2013 die Wiege unserer Zivilisation - Diving Center Blue Dolphin","og_description":"Kreta ist nicht nur die gr\u00f6\u00dfte und am s\u00fcdlichsten gelegene Insel Griechenlands, sondern auch der s\u00fcdlichste Punkt Europas. Auf Kreta erlebte die erste Hochkultur des Abendlandes ihre Bl\u00fcte, erhoben sich die ersten Menschen in die L\u00fcfte, wurde das erste Labyrinth erbaut. Wohl keine andere Insel im Mittelmeer hat so viele Sehensw\u00fcrdigkeiten und Natursch\u00e4tze zu bieten [&hellip;]","og_url":"https:\/\/dive-bluedolphin.com\/de\/tauchen-elounda-kreta\/kreta-die-wiege-unserer-zivilisation\/","og_site_name":"Diving Center Blue Dolphin","article_modified_time":"2021-10-30T12:07:23+00:00","twitter_card":"summary_large_image","twitter_misc":{"Gesch\u00e4tzte Lesezeit":"1\u00a0Minute"},"schema":{"@context":"https:\/\/schema.org","@graph":[{"@type":"WebPage","@id":"https:\/\/dive-bluedolphin.com\/de\/tauchen-elounda-kreta\/kreta-die-wiege-unserer-zivilisation\/","url":"https:\/\/dive-bluedolphin.com\/de\/tauchen-elounda-kreta\/kreta-die-wiege-unserer-zivilisation\/","name":"Kreta \u2013 die Wiege unserer Zivilisation - Diving Center Blue Dolphin","isPartOf":{"@id":"https:\/\/dive-bluedolphin.com\/de\/#website"},"datePublished":"2021-09-06T16:29:37+00:00","dateModified":"2021-10-30T12:07:23+00:00","breadcrumb":{"@id":"https:\/\/dive-bluedolphin.com\/de\/tauchen-elounda-kreta\/kreta-die-wiege-unserer-zivilisation\/#breadcrumb"},"inLanguage":"de","potentialAction":[{"@type":"ReadAction","target":["https:\/\/dive-bluedolphin.com\/de\/tauchen-elounda-kreta\/kreta-die-wiege-unserer-zivilisation\/"]}]},{"@type":"BreadcrumbList","@id":"https:\/\/dive-bluedolphin.com\/de\/tauchen-elounda-kreta\/kreta-die-wiege-unserer-zivilisation\/#breadcrumb","itemListElement":[{"@type":"ListItem","position":1,"name":"Home","item":"https:\/\/dive-bluedolphin.com\/de\/"},{"@type":"ListItem","position":2,"name":"\u00dcber uns","item":"https:\/\/dive-bluedolphin.com\/de\/"},{"@type":"ListItem","position":3,"name":"Kreta \u2013 die Wiege unserer Zivilisation"}]},{"@type":"WebSite","@id":"https:\/\/dive-bluedolphin.com\/de\/#website","url":"https:\/\/dive-bluedolphin.com\/de\/","name":"Diving Center Blue Dolphin","description":"Elounda - Crete","potentialAction":[{"@type":"SearchAction","target":{"@type":"EntryPoint","urlTemplate":"https:\/\/dive-bluedolphin.com\/de\/?s={search_term_string}"},"query-input":{"@type":"PropertyValueSpecification","valueRequired":true,"valueName":"search_term_string"}}],"inLanguage":"de"}]}},"_links":{"self":[{"href":"https:\/\/dive-bluedolphin.com\/de\/wp-json\/wp\/v2\/pages\/9","targetHints":{"allow":["GET"]}}],"collection":[{"href":"https:\/\/dive-bluedolphin.com\/de\/wp-json\/wp\/v2\/pages"}],"about":[{"href":"https:\/\/dive-bluedolphin.com\/de\/wp-json\/wp\/v2\/types\/page"}],"author":[{"embeddable":true,"href":"https:\/\/dive-bluedolphin.com\/de\/wp-json\/wp\/v2\/users\/1"}],"replies":[{"embeddable":true,"href":"https:\/\/dive-bluedolphin.com\/de\/wp-json\/wp\/v2\/comments?post=9"}],"version-history":[{"count":22,"href":"https:\/\/dive-bluedolphin.com\/de\/wp-json\/wp\/v2\/pages\/9\/revisions"}],"predecessor-version":[{"id":1266,"href":"https:\/\/dive-bluedolphin.com\/de\/wp-json\/wp\/v2\/pages\/9\/revisions\/1266"}],"up":[{"embeddable":true,"href":"https:\/\/dive-bluedolphin.com\/de\/wp-json\/wp\/v2\/pages\/5"}],"wp:attachment":[{"href":"https:\/\/dive-bluedolphin.com\/de\/wp-json\/wp\/v2\/media?parent=9"}],"curies":[{"name":"wp","href":"https:\/\/api.w.org\/{rel}","templated":true}]}}