{"id":1016,"date":"2021-10-29T11:17:36","date_gmt":"2021-10-29T09:17:36","guid":{"rendered":"https:\/\/dive-bluedolphin.com\/?page_id=1016"},"modified":"2021-11-01T11:27:25","modified_gmt":"2021-11-01T10:27:25","slug":"formacion","status":"publish","type":"page","link":"https:\/\/dive-bluedolphin.com\/es\/formacion\/","title":{"rendered":"Formaci\u00f3n"},"content":{"rendered":"<div id=\"pl-1016\"  class=\"panel-layout\" ><div id=\"pg-1016-0\"  class=\"panel-grid panel-no-style\" ><div id=\"pgc-1016-0-0\"  class=\"panel-grid-cell\" ><div id=\"panel-1016-0-0-0\" class=\"so-panel widget widget_sow-editor panel-first-child panel-last-child\" data-index=\"0\" ><div\n\t\t\t\n\t\t\tclass=\"so-widget-sow-editor so-widget-sow-editor-base\"\n\t\t\t\n\t\t><h3 class=\"widget-title\">La formaci\u00f3n es nuestra fuerza<\/h3>\n<div class=\"siteorigin-widget-tinymce textwidget\">\n\t<p>En nuestro arrecife, con profundidades de hasta 30 metros, podemos llevar a cabo todos los cursos de formaci\u00f3n, desde los b\u00e1sicos hasta los de instructor de buceo.<\/p>\n<p>Sin estr\u00e9s ni presi\u00f3n de grupo. Lo mejor: todo se completa en el mar, sin aburridas inmersiones en la piscina.<\/p>\n<p>Nuestra bah\u00eda protegida tiene hasta 5 metros de profundidad; en un entorno natural podemos consolidar ampliamente nuestras habilidades de buceo. Perfecto para todos los ejercicios de iniciaci\u00f3n e inmersiones de repaso antes de entrar en aguas abiertas.<\/p>\n<p>Formamos seg\u00fan las directrices internacionales de las organizaciones de formaci\u00f3n m\u00e1s grandes y reconocidas del mundo, como PADI, SSI y DDI.<\/p>\n<p>Adem\u00e1s de la formaci\u00f3n para principiantes y la formaci\u00f3n avanzada hasta el nivel de asistente de instructor, tambi\u00e9n ofrecemos numerosos cursos especiales de forma regular.<\/p>\n<p>Para los m\u00e1s peque\u00f1os, ofrecemos oportunidades de buceo a partir de los 8 a\u00f1os y cursos de buceo a partir de los 10 a\u00f1os, as\u00ed como cursos de iniciaci\u00f3n al buceo para todos aquellos que quieran conocer por primera vez el mundo bajo el agua.<\/p>\n<p>El equipo se proporciona gratuitamente hasta el nivel de buceador avanzado y no hay costes adicionales de alquiler de equipo para una inmersi\u00f3n adicional despu\u00e9s de la formaci\u00f3n b\u00e1sica.<\/p>\n<\/div>\n<\/div><\/div><\/div><div id=\"pgc-1016-0-1\"  class=\"panel-grid-cell\" ><div id=\"panel-1016-0-1-0\" class=\"so-panel widget widget_sow-image panel-first-child panel-last-child\" data-index=\"1\" ><div\n\t\t\t\n\t\t\tclass=\"so-widget-sow-image so-widget-sow-image-default-8b5b6f678277-1016\"\n\t\t\t\n\t\t>\n<div class=\"sow-image-container\">\n\t\t<img \n\tsrc=\"https:\/\/dive-bluedolphin.com\/wp-content\/uploads\/2021\/09\/Dive-Center-Blue-Dolphin-Elounda-Crete-guests-and-happy-dive.jpg\" width=\"448\" height=\"336\" srcset=\"https:\/\/dive-bluedolphin.com\/wp-content\/uploads\/2021\/09\/Dive-Center-Blue-Dolphin-Elounda-Crete-guests-and-happy-dive.jpg 448w, https:\/\/dive-bluedolphin.com\/wp-content\/uploads\/2021\/09\/Dive-Center-Blue-Dolphin-Elounda-Crete-guests-and-happy-dive-300x225.jpg 300w\" sizes=\"(max-width: 448px) 100vw, 448px\" title=\"DCIM100GOPROGOPR2167.\" alt=\"\" \t\tclass=\"so-widget-image\"\/>\n\t<\/div>\n\n<\/div><\/div><\/div><\/div><\/div>","protected":false},"excerpt":{"rendered":"<p>En nuestro arrecife, con profundidades de hasta 30 metros, podemos llevar a cabo todos los cursos de formaci\u00f3n, desde los b\u00e1sicos hasta los de instructor de buceo. Sin estr\u00e9s ni presi\u00f3n de grupo. Lo mejor: todo se completa en el mar, sin aburridas inmersiones en la piscina. Nuestra bah\u00eda protegida tiene hasta 5 metros de [&hellip;]<\/p>\n","protected":false},"author":1,"featured_media":0,"parent":0,"menu_order":3,"comment_status":"closed","ping_status":"closed","template":"","meta":{"footnotes":""},"class_list":["post-1016","page","type-page","status-publish","hentry","post"],"yoast_head":"<!-- This site is optimized with the Yoast SEO plugin v27.3 - https:\/\/yoast.com\/product\/yoast-seo-wordpress\/ -->\n<title>Formaci\u00f3n - Diving Center Blue Dolphin<\/title>\n<meta name=\"robots\" content=\"index, follow, max-snippet:-1, max-image-preview:large, max-video-preview:-1\" \/>\n<link rel=\"canonical\" href=\"https:\/\/dive-bluedolphin.com\/es\/formacion\/\" \/>\n<meta property=\"og:locale\" content=\"es_ES\" \/>\n<meta property=\"og:type\" content=\"article\" \/>\n<meta property=\"og:title\" content=\"Formaci\u00f3n - Diving Center Blue Dolphin\" \/>\n<meta property=\"og:description\" content=\"En nuestro arrecife, con profundidades de hasta 30 metros, podemos llevar a cabo todos los cursos de formaci\u00f3n, desde los b\u00e1sicos hasta los de instructor de buceo. Sin estr\u00e9s ni presi\u00f3n de grupo. Lo mejor: todo se completa en el mar, sin aburridas inmersiones en la piscina. Nuestra bah\u00eda protegida tiene hasta 5 metros de [&hellip;]\" \/>\n<meta property=\"og:url\" content=\"https:\/\/dive-bluedolphin.com\/es\/formacion\/\" \/>\n<meta property=\"og:site_name\" content=\"Diving Center Blue Dolphin\" \/>\n<meta property=\"article:modified_time\" content=\"2021-11-01T10:27:25+00:00\" \/>\n<meta name=\"twitter:card\" content=\"summary_large_image\" \/>\n<meta name=\"twitter:label1\" content=\"Tiempo de lectura\" \/>\n\t<meta name=\"twitter:data1\" content=\"1 minuto\" \/>\n<script type=\"application\/ld+json\" class=\"yoast-schema-graph\">{\"@context\":\"https:\\\/\\\/schema.org\",\"@graph\":[{\"@type\":\"WebPage\",\"@id\":\"https:\\\/\\\/dive-bluedolphin.com\\\/es\\\/formacion\\\/\",\"url\":\"https:\\\/\\\/dive-bluedolphin.com\\\/es\\\/formacion\\\/\",\"name\":\"Formaci\u00f3n - Diving Center Blue Dolphin\",\"isPartOf\":{\"@id\":\"https:\\\/\\\/dive-bluedolphin.com\\\/es\\\/#website\"},\"datePublished\":\"2021-10-29T09:17:36+00:00\",\"dateModified\":\"2021-11-01T10:27:25+00:00\",\"breadcrumb\":{\"@id\":\"https:\\\/\\\/dive-bluedolphin.com\\\/es\\\/formacion\\\/#breadcrumb\"},\"inLanguage\":\"es\",\"potentialAction\":[{\"@type\":\"ReadAction\",\"target\":[\"https:\\\/\\\/dive-bluedolphin.com\\\/es\\\/formacion\\\/\"]}]},{\"@type\":\"BreadcrumbList\",\"@id\":\"https:\\\/\\\/dive-bluedolphin.com\\\/es\\\/formacion\\\/#breadcrumb\",\"itemListElement\":[{\"@type\":\"ListItem\",\"position\":1,\"name\":\"Home\",\"item\":\"https:\\\/\\\/dive-bluedolphin.com\\\/es\\\/\"},{\"@type\":\"ListItem\",\"position\":2,\"name\":\"Formaci\u00f3n\"}]},{\"@type\":\"WebSite\",\"@id\":\"https:\\\/\\\/dive-bluedolphin.com\\\/es\\\/#website\",\"url\":\"https:\\\/\\\/dive-bluedolphin.com\\\/es\\\/\",\"name\":\"Diving Center Blue Dolphin\",\"description\":\"Elounda - Crete\",\"potentialAction\":[{\"@type\":\"SearchAction\",\"target\":{\"@type\":\"EntryPoint\",\"urlTemplate\":\"https:\\\/\\\/dive-bluedolphin.com\\\/es\\\/?s={search_term_string}\"},\"query-input\":{\"@type\":\"PropertyValueSpecification\",\"valueRequired\":true,\"valueName\":\"search_term_string\"}}],\"inLanguage\":\"es\"}]}<\/script>\n<!-- \/ Yoast SEO plugin. -->","yoast_head_json":{"title":"Formaci\u00f3n - Diving Center Blue Dolphin","robots":{"index":"index","follow":"follow","max-snippet":"max-snippet:-1","max-image-preview":"max-image-preview:large","max-video-preview":"max-video-preview:-1"},"canonical":"https:\/\/dive-bluedolphin.com\/es\/formacion\/","og_locale":"es_ES","og_type":"article","og_title":"Formaci\u00f3n - Diving Center Blue Dolphin","og_description":"En nuestro arrecife, con profundidades de hasta 30 metros, podemos llevar a cabo todos los cursos de formaci\u00f3n, desde los b\u00e1sicos hasta los de instructor de buceo. Sin estr\u00e9s ni presi\u00f3n de grupo. Lo mejor: todo se completa en el mar, sin aburridas inmersiones en la piscina. Nuestra bah\u00eda protegida tiene hasta 5 metros de [&hellip;]","og_url":"https:\/\/dive-bluedolphin.com\/es\/formacion\/","og_site_name":"Diving Center Blue Dolphin","article_modified_time":"2021-11-01T10:27:25+00:00","twitter_card":"summary_large_image","twitter_misc":{"Tiempo de lectura":"1 minuto"},"schema":{"@context":"https:\/\/schema.org","@graph":[{"@type":"WebPage","@id":"https:\/\/dive-bluedolphin.com\/es\/formacion\/","url":"https:\/\/dive-bluedolphin.com\/es\/formacion\/","name":"Formaci\u00f3n - Diving Center Blue Dolphin","isPartOf":{"@id":"https:\/\/dive-bluedolphin.com\/es\/#website"},"datePublished":"2021-10-29T09:17:36+00:00","dateModified":"2021-11-01T10:27:25+00:00","breadcrumb":{"@id":"https:\/\/dive-bluedolphin.com\/es\/formacion\/#breadcrumb"},"inLanguage":"es","potentialAction":[{"@type":"ReadAction","target":["https:\/\/dive-bluedolphin.com\/es\/formacion\/"]}]},{"@type":"BreadcrumbList","@id":"https:\/\/dive-bluedolphin.com\/es\/formacion\/#breadcrumb","itemListElement":[{"@type":"ListItem","position":1,"name":"Home","item":"https:\/\/dive-bluedolphin.com\/es\/"},{"@type":"ListItem","position":2,"name":"Formaci\u00f3n"}]},{"@type":"WebSite","@id":"https:\/\/dive-bluedolphin.com\/es\/#website","url":"https:\/\/dive-bluedolphin.com\/es\/","name":"Diving Center Blue Dolphin","description":"Elounda - Crete","potentialAction":[{"@type":"SearchAction","target":{"@type":"EntryPoint","urlTemplate":"https:\/\/dive-bluedolphin.com\/es\/?s={search_term_string}"},"query-input":{"@type":"PropertyValueSpecification","valueRequired":true,"valueName":"search_term_string"}}],"inLanguage":"es"}]}},"_links":{"self":[{"href":"https:\/\/dive-bluedolphin.com\/es\/wp-json\/wp\/v2\/pages\/1016","targetHints":{"allow":["GET"]}}],"collection":[{"href":"https:\/\/dive-bluedolphin.com\/es\/wp-json\/wp\/v2\/pages"}],"about":[{"href":"https:\/\/dive-bluedolphin.com\/es\/wp-json\/wp\/v2\/types\/page"}],"author":[{"embeddable":true,"href":"https:\/\/dive-bluedolphin.com\/es\/wp-json\/wp\/v2\/users\/1"}],"replies":[{"embeddable":true,"href":"https:\/\/dive-bluedolphin.com\/es\/wp-json\/wp\/v2\/comments?post=1016"}],"version-history":[{"count":3,"href":"https:\/\/dive-bluedolphin.com\/es\/wp-json\/wp\/v2\/pages\/1016\/revisions"}],"predecessor-version":[{"id":1390,"href":"https:\/\/dive-bluedolphin.com\/es\/wp-json\/wp\/v2\/pages\/1016\/revisions\/1390"}],"wp:attachment":[{"href":"https:\/\/dive-bluedolphin.com\/es\/wp-json\/wp\/v2\/media?parent=1016"}],"curies":[{"name":"wp","href":"https:\/\/api.w.org\/{rel}","templated":true}]}}