{"id":1022,"date":"2021-10-29T11:23:21","date_gmt":"2021-10-29T09:23:21","guid":{"rendered":"https:\/\/dive-bluedolphin.com\/?page_id=1022"},"modified":"2021-10-31T16:13:20","modified_gmt":"2021-10-31T15:13:20","slug":"curso-prueba","status":"publish","type":"page","link":"https:\/\/dive-bluedolphin.com\/es\/formacion\/curso-prueba\/","title":{"rendered":"Curso de prueba"},"content":{"rendered":"<div id=\"pl-1022\"  class=\"panel-layout\" ><div id=\"pg-1022-0\"  class=\"panel-grid panel-no-style\" ><div id=\"pgc-1022-0-0\"  class=\"panel-grid-cell\" ><div id=\"panel-1022-0-0-0\" class=\"so-panel widget widget_sow-editor panel-first-child panel-last-child\" data-index=\"0\" ><div\n\t\t\t\n\t\t\tclass=\"so-widget-sow-editor so-widget-sow-editor-base\"\n\t\t\t\n\t\t>\n<div class=\"siteorigin-widget-tinymce textwidget\">\n\t<p>Para todos aquellos que quieran descubrir el mundo submarino con nosotros, pero que no tengan (todav\u00eda) una licencia de buceo:<\/p>\n<\/div>\n<\/div><\/div><\/div><\/div><div id=\"pg-1022-1\"  class=\"panel-grid panel-no-style\" ><div id=\"pgc-1022-1-0\"  class=\"panel-grid-cell\" ><div id=\"panel-1022-1-0-0\" class=\"so-panel widget widget_sow-image panel-first-child panel-last-child\" data-index=\"1\" ><div\n\t\t\t\n\t\t\tclass=\"so-widget-sow-image so-widget-sow-image-default-8b5b6f678277-1022\"\n\t\t\t\n\t\t>\n<div class=\"sow-image-container\">\n\t\t<img \n\tsrc=\"https:\/\/dive-bluedolphin.com\/wp-content\/uploads\/2021\/09\/Dive-Center-Blue-Dolphin-Elounda-Crete-guests-and-happy-dive-1.jpg\" width=\"448\" height=\"336\" srcset=\"https:\/\/dive-bluedolphin.com\/wp-content\/uploads\/2021\/09\/Dive-Center-Blue-Dolphin-Elounda-Crete-guests-and-happy-dive-1.jpg 448w, https:\/\/dive-bluedolphin.com\/wp-content\/uploads\/2021\/09\/Dive-Center-Blue-Dolphin-Elounda-Crete-guests-and-happy-dive-1-300x225.jpg 300w\" sizes=\"(max-width: 448px) 100vw, 448px\" title=\"DCIM100GOPRO\" alt=\"\" \t\tclass=\"so-widget-image\"\/>\n\t<\/div>\n\n<\/div><\/div><\/div><div id=\"pgc-1022-1-1\"  class=\"panel-grid-cell\" ><div id=\"panel-1022-1-1-0\" class=\"so-panel widget widget_sow-editor panel-first-child panel-last-child\" data-index=\"2\" ><div\n\t\t\t\n\t\t\tclass=\"so-widget-sow-editor so-widget-sow-editor-base\"\n\t\t\t\n\t\t><h3 class=\"widget-title\">Discover Scuba Diving \/ Basic Diver<\/h3>\n<div class=\"siteorigin-widget-tinymce textwidget\">\n\t<p>\u00bfEst\u00e1 interesado pero no est\u00e1 seguro de que el buceo sea adecuado para usted? \u00bfO no tiene mucho tiempo, dinero o ganas de hacer un curso completo? Entonces esto es exactamente lo que necesita.<\/p>\n<\/div>\n<\/div><\/div><\/div><\/div><div id=\"pg-1022-2\"  class=\"panel-grid panel-no-style\" ><div id=\"pgc-1022-2-0\"  class=\"panel-grid-cell\" ><div id=\"panel-1022-2-0-0\" class=\"so-panel widget widget_sow-editor panel-first-child\" data-index=\"3\" ><div\n\t\t\t\n\t\t\tclass=\"so-widget-sow-editor so-widget-sow-editor-base\"\n\t\t\t\n\t\t><h3 class=\"widget-title\">Discover Scuba Diving - Descubrir el buceo (desde la playa)<\/h3>\n<div class=\"siteorigin-widget-tinymce textwidget\">\n\t<p>El programa Discover Scuba Diving es la introducci\u00f3n al buceo sin mucha teor\u00eda, pero lo suficientemente seguro como para hacer tus primeras respiraciones bajo el agua en presencia de tu instructor. Tras un breve v\u00eddeo, el instructor hace otra breve introducci\u00f3n.<br \/>\nLuego se coloca el equipo y se va a las aguas poco profundas. Despu\u00e9s de algunos ejercicios b\u00e1sicos (como qu\u00e9 hacer si entra agua en la m\u00e1scara o c\u00f3mo igualar la presi\u00f3n en los o\u00eddos), que el instructor demuestra y usted repite, la seguridad est\u00e1 garantizada.<br \/>\nDespu\u00e9s de completar con \u00e9xito los ejercicios, ir\u00e1s de la mano del instructor a una profundidad m\u00e1xima de 12 metros. Y se le acredita esta inmersi\u00f3n como la primera lecci\u00f3n de su curso de buceo, si decide hacer un curso de buceo con nosotros.<br \/>\nPara m\u00e1s informaci\u00f3n sobre los cursos de buceo, haga clic<\/p>\n<\/div>\n<\/div><\/div><div id=\"panel-1022-2-0-1\" class=\"so-panel widget widget_sow-button panel-last-child\" data-index=\"4\" ><div\n\t\t\t\n\t\t\tclass=\"so-widget-sow-button so-widget-sow-button-atom-d630cf018251-1022\"\n\t\t\t\n\t\t><div class=\"ow-button-base ow-button-align-center\"\n>\n\t\t\t<a\n\t\t\t\t\thref=\"https:\/\/dive-bluedolphin.com\/de\/ausbildung\/beginner\/\"\n\t\t\t\t\tclass=\"sowb-button ow-icon-placement-left ow-button-hover\" \t>\n\t\t<span>\n\t\t\t\n\t\t\taqu\u00ed!\t\t<\/span>\n\t\t\t<\/a>\n\t<\/div>\n<\/div><\/div><\/div><div id=\"pgc-1022-2-1\"  class=\"panel-grid-cell\" ><div id=\"panel-1022-2-1-0\" class=\"so-panel widget widget_sow-editor panel-first-child panel-last-child\" data-index=\"5\" ><div\n\t\t\t\n\t\t\tclass=\"so-widget-sow-editor so-widget-sow-editor-base\"\n\t\t\t\n\t\t><h3 class=\"widget-title\">Otras inmersiones sin certificaci\u00f3n (desde el barco):<\/h3>\n<div class=\"siteorigin-widget-tinymce textwidget\">\n\t<p>Despu\u00e9s de completar con \u00e9xito tu primer programa de Discover Scuba Diving con nosotros, pero sin querer hacer un curso completo, ahora tendr\u00e1s la oportunidad de hacer inmersiones desde el barco, buceando de la mano del instructor hasta una profundidad m\u00e1xima de 12 metros.<br \/>\nDespu\u00e9s de completar el programa Discover Scuba Diving, este programa le permite ir de vacaciones de una semana de buceo. Bucea hasta 12 metros con la supervisi\u00f3n directa de un instructor.<\/p>\n<\/div>\n<\/div><\/div><\/div><\/div><\/div>","protected":false},"excerpt":{"rendered":"<p>Para todos aquellos que quieran descubrir el mundo submarino con nosotros, pero que no tengan (todav\u00eda) una licencia de buceo: \u00bfEst\u00e1 interesado pero no est\u00e1 seguro de que el buceo sea adecuado para usted? \u00bfO no tiene mucho tiempo, dinero o ganas de hacer un curso completo? Entonces esto es exactamente lo que necesita.<\/p>\n","protected":false},"author":1,"featured_media":0,"parent":1016,"menu_order":1,"comment_status":"closed","ping_status":"closed","template":"","meta":{"footnotes":""},"class_list":["post-1022","page","type-page","status-publish","hentry","post"],"yoast_head":"<!-- This site is optimized with the Yoast SEO plugin v27.3 - https:\/\/yoast.com\/product\/yoast-seo-wordpress\/ -->\n<title>Curso de prueba - Diving Center Blue Dolphin<\/title>\n<meta name=\"robots\" content=\"index, follow, max-snippet:-1, max-image-preview:large, max-video-preview:-1\" \/>\n<link rel=\"canonical\" href=\"https:\/\/dive-bluedolphin.com\/es\/formacion\/curso-prueba\/\" \/>\n<meta property=\"og:locale\" content=\"es_ES\" \/>\n<meta property=\"og:type\" content=\"article\" \/>\n<meta property=\"og:title\" content=\"Curso de prueba - Diving Center Blue Dolphin\" \/>\n<meta property=\"og:description\" content=\"Para todos aquellos que quieran descubrir el mundo submarino con nosotros, pero que no tengan (todav\u00eda) una licencia de buceo: \u00bfEst\u00e1 interesado pero no est\u00e1 seguro de que el buceo sea adecuado para usted? \u00bfO no tiene mucho tiempo, dinero o ganas de hacer un curso completo? Entonces esto es exactamente lo que necesita.\" \/>\n<meta property=\"og:url\" content=\"https:\/\/dive-bluedolphin.com\/es\/formacion\/curso-prueba\/\" \/>\n<meta property=\"og:site_name\" content=\"Diving Center Blue Dolphin\" \/>\n<meta property=\"article:modified_time\" content=\"2021-10-31T15:13:20+00:00\" \/>\n<meta name=\"twitter:card\" content=\"summary_large_image\" \/>\n<meta name=\"twitter:label1\" content=\"Tiempo de lectura\" \/>\n\t<meta name=\"twitter:data1\" content=\"2 minutos\" \/>\n<script type=\"application\/ld+json\" class=\"yoast-schema-graph\">{\"@context\":\"https:\\\/\\\/schema.org\",\"@graph\":[{\"@type\":\"WebPage\",\"@id\":\"https:\\\/\\\/dive-bluedolphin.com\\\/es\\\/formacion\\\/curso-prueba\\\/\",\"url\":\"https:\\\/\\\/dive-bluedolphin.com\\\/es\\\/formacion\\\/curso-prueba\\\/\",\"name\":\"Curso de prueba - Diving Center Blue Dolphin\",\"isPartOf\":{\"@id\":\"https:\\\/\\\/dive-bluedolphin.com\\\/es\\\/#website\"},\"datePublished\":\"2021-10-29T09:23:21+00:00\",\"dateModified\":\"2021-10-31T15:13:20+00:00\",\"breadcrumb\":{\"@id\":\"https:\\\/\\\/dive-bluedolphin.com\\\/es\\\/formacion\\\/curso-prueba\\\/#breadcrumb\"},\"inLanguage\":\"es\",\"potentialAction\":[{\"@type\":\"ReadAction\",\"target\":[\"https:\\\/\\\/dive-bluedolphin.com\\\/es\\\/formacion\\\/curso-prueba\\\/\"]}]},{\"@type\":\"BreadcrumbList\",\"@id\":\"https:\\\/\\\/dive-bluedolphin.com\\\/es\\\/formacion\\\/curso-prueba\\\/#breadcrumb\",\"itemListElement\":[{\"@type\":\"ListItem\",\"position\":1,\"name\":\"Home\",\"item\":\"https:\\\/\\\/dive-bluedolphin.com\\\/es\\\/\"},{\"@type\":\"ListItem\",\"position\":2,\"name\":\"Formaci\u00f3n\",\"item\":\"https:\\\/\\\/dive-bluedolphin.com\\\/es\\\/formacion\\\/\"},{\"@type\":\"ListItem\",\"position\":3,\"name\":\"Curso de prueba\"}]},{\"@type\":\"WebSite\",\"@id\":\"https:\\\/\\\/dive-bluedolphin.com\\\/es\\\/#website\",\"url\":\"https:\\\/\\\/dive-bluedolphin.com\\\/es\\\/\",\"name\":\"Diving Center Blue Dolphin\",\"description\":\"Elounda - Crete\",\"potentialAction\":[{\"@type\":\"SearchAction\",\"target\":{\"@type\":\"EntryPoint\",\"urlTemplate\":\"https:\\\/\\\/dive-bluedolphin.com\\\/es\\\/?s={search_term_string}\"},\"query-input\":{\"@type\":\"PropertyValueSpecification\",\"valueRequired\":true,\"valueName\":\"search_term_string\"}}],\"inLanguage\":\"es\"}]}<\/script>\n<!-- \/ Yoast SEO plugin. -->","yoast_head_json":{"title":"Curso de prueba - Diving Center Blue Dolphin","robots":{"index":"index","follow":"follow","max-snippet":"max-snippet:-1","max-image-preview":"max-image-preview:large","max-video-preview":"max-video-preview:-1"},"canonical":"https:\/\/dive-bluedolphin.com\/es\/formacion\/curso-prueba\/","og_locale":"es_ES","og_type":"article","og_title":"Curso de prueba - Diving Center Blue Dolphin","og_description":"Para todos aquellos que quieran descubrir el mundo submarino con nosotros, pero que no tengan (todav\u00eda) una licencia de buceo: \u00bfEst\u00e1 interesado pero no est\u00e1 seguro de que el buceo sea adecuado para usted? \u00bfO no tiene mucho tiempo, dinero o ganas de hacer un curso completo? Entonces esto es exactamente lo que necesita.","og_url":"https:\/\/dive-bluedolphin.com\/es\/formacion\/curso-prueba\/","og_site_name":"Diving Center Blue Dolphin","article_modified_time":"2021-10-31T15:13:20+00:00","twitter_card":"summary_large_image","twitter_misc":{"Tiempo de lectura":"2 minutos"},"schema":{"@context":"https:\/\/schema.org","@graph":[{"@type":"WebPage","@id":"https:\/\/dive-bluedolphin.com\/es\/formacion\/curso-prueba\/","url":"https:\/\/dive-bluedolphin.com\/es\/formacion\/curso-prueba\/","name":"Curso de prueba - Diving Center Blue Dolphin","isPartOf":{"@id":"https:\/\/dive-bluedolphin.com\/es\/#website"},"datePublished":"2021-10-29T09:23:21+00:00","dateModified":"2021-10-31T15:13:20+00:00","breadcrumb":{"@id":"https:\/\/dive-bluedolphin.com\/es\/formacion\/curso-prueba\/#breadcrumb"},"inLanguage":"es","potentialAction":[{"@type":"ReadAction","target":["https:\/\/dive-bluedolphin.com\/es\/formacion\/curso-prueba\/"]}]},{"@type":"BreadcrumbList","@id":"https:\/\/dive-bluedolphin.com\/es\/formacion\/curso-prueba\/#breadcrumb","itemListElement":[{"@type":"ListItem","position":1,"name":"Home","item":"https:\/\/dive-bluedolphin.com\/es\/"},{"@type":"ListItem","position":2,"name":"Formaci\u00f3n","item":"https:\/\/dive-bluedolphin.com\/es\/formacion\/"},{"@type":"ListItem","position":3,"name":"Curso de prueba"}]},{"@type":"WebSite","@id":"https:\/\/dive-bluedolphin.com\/es\/#website","url":"https:\/\/dive-bluedolphin.com\/es\/","name":"Diving Center Blue Dolphin","description":"Elounda - Crete","potentialAction":[{"@type":"SearchAction","target":{"@type":"EntryPoint","urlTemplate":"https:\/\/dive-bluedolphin.com\/es\/?s={search_term_string}"},"query-input":{"@type":"PropertyValueSpecification","valueRequired":true,"valueName":"search_term_string"}}],"inLanguage":"es"}]}},"_links":{"self":[{"href":"https:\/\/dive-bluedolphin.com\/es\/wp-json\/wp\/v2\/pages\/1022","targetHints":{"allow":["GET"]}}],"collection":[{"href":"https:\/\/dive-bluedolphin.com\/es\/wp-json\/wp\/v2\/pages"}],"about":[{"href":"https:\/\/dive-bluedolphin.com\/es\/wp-json\/wp\/v2\/types\/page"}],"author":[{"embeddable":true,"href":"https:\/\/dive-bluedolphin.com\/es\/wp-json\/wp\/v2\/users\/1"}],"replies":[{"embeddable":true,"href":"https:\/\/dive-bluedolphin.com\/es\/wp-json\/wp\/v2\/comments?post=1022"}],"version-history":[{"count":5,"href":"https:\/\/dive-bluedolphin.com\/es\/wp-json\/wp\/v2\/pages\/1022\/revisions"}],"predecessor-version":[{"id":1376,"href":"https:\/\/dive-bluedolphin.com\/es\/wp-json\/wp\/v2\/pages\/1022\/revisions\/1376"}],"up":[{"embeddable":true,"href":"https:\/\/dive-bluedolphin.com\/es\/wp-json\/wp\/v2\/pages\/1016"}],"wp:attachment":[{"href":"https:\/\/dive-bluedolphin.com\/es\/wp-json\/wp\/v2\/media?parent=1022"}],"curies":[{"name":"wp","href":"https:\/\/api.w.org\/{rel}","templated":true}]}}