{"id":1027,"date":"2021-10-29T11:25:52","date_gmt":"2021-10-29T09:25:52","guid":{"rendered":"https:\/\/dive-bluedolphin.com\/?page_id=1027"},"modified":"2021-11-01T12:18:33","modified_gmt":"2021-11-01T11:18:33","slug":"principiantes","status":"publish","type":"page","link":"https:\/\/dive-bluedolphin.com\/es\/formacion\/principiantes\/","title":{"rendered":"Para principiantes"},"content":{"rendered":"<div id=\"pl-1027\"  class=\"panel-layout\" ><div id=\"pg-1027-0\"  class=\"panel-grid panel-no-style\" ><div id=\"pgc-1027-0-0\"  class=\"panel-grid-cell\" ><div id=\"panel-1027-0-0-0\" class=\"so-panel widget widget_sow-editor panel-first-child panel-last-child\" data-index=\"0\" ><div\n\t\t\t\n\t\t\tclass=\"so-widget-sow-editor so-widget-sow-editor-base\"\n\t\t\t\n\t\t><h3 class=\"widget-title\">Su aventura de buceo comienza aqu\u00ed:<\/h3>\n<div class=\"siteorigin-widget-tinymce textwidget\">\n\t<div class=\"siteorigin-widget-tinymce textwidget\">\n<p>A continuaci\u00f3n encontrar\u00e1 la informaci\u00f3n b\u00e1sica sobre el curso \"peque\u00f1o\" de <strong>Scuba Diver<\/strong>, el curso \"b\u00e1sico\" de<strong> Open Water Diver<\/strong> y la ampliaci\u00f3n de <strong>Scuba Diver<\/strong> a <strong>Open Water Diver<\/strong>.<\/p>\n<h3><span style=\"color: #00ccff;\"><strong>Curso de buceo Scuba Diver\u00a0<\/strong><\/span><\/h3>\n<\/div>\n<p>Este es un curso de buceo corto (2-3 d\u00edas) para alcanzar el primer nivel de buceo. Una vez completado, recibir\u00e1s un certificado internacional de buceo, con el que podr\u00e1s bucear en todo el mundo bajo la supervisi\u00f3n de un divemaster o un instructor.<\/p>\n<div class='yrm-content yrm-content-1 yrm-content-hide  ' id='yrm-ioNZD' data-id='1' data-show-status='false' data-after-action='' style=\"visibility: hidden;height: 0;\">\n\t\t\t<div id='yrm-inner-content-yrm-ioNZD' class='yrm-inner-content-wrapper yrm-cntent-1'><\/p>\n<p>El <strong>Scuba Diver<\/strong> es la primera certificaci\u00f3n de buceo para principiantes, perfecta para los que est\u00e1n de vacaciones o para los que s\u00f3lo quieren hacer unas pocas inmersiones al a\u00f1o. Como precursor del programa <strong>Open Water Diver<\/strong>, el <strong>Scuba Diver<\/strong> te permite certificarte r\u00e1pida y f\u00e1cilmente en el menor tiempo posible.<\/p>\n<p>Con la certificaci\u00f3n <strong>Scuba Diver<\/strong> puedes ir a bucear con un Divemaster, Asistente de Instructor, Instructor o un profesional del buceo con una formaci\u00f3n a\u00fan m\u00e1s alta en tus pr\u00f3ximas vacaciones o viaje de buceo.<\/p>\n<p>Durante el curso aprender\u00e1s los fundamentos del buceo, incluyendo el manejo del equipo de buceo y varias t\u00e9cnicas de buceo. Obtendr\u00e1s tu t\u00edtulo de buceador participando en clases para desarrollar tus conocimientos te\u00f3ricos e inmersiones en la piscina, as\u00ed como dos inmersiones en aguas abiertas.<\/p>\n<div class=\"siteorigin-widget-tinymce textwidget\">\n<p>Si aprende de antemano de forma interactiva en Internet, podr\u00e1 ahorrar un valioso tiempo en las vacaciones para realizar otras actividades. <a href=\"https:\/\/dive-bluedolphin.com\/es\/contacto\/\">P\u00f3ngase en contacto con nosotros para obtener m\u00e1s informaci\u00f3n<\/a>.<\/p>\n<p>En cualquier momento puedes actualizar el curso <strong>Scuba Diver<\/strong> al curso <strong>Open Water Diver<\/strong>.<\/p>\n<p><strong>Requisitos previos:<\/strong><\/p>\n<ul>\n<li>Edad m\u00ednima de 10 a\u00f1os<\/li>\n<li>Certificado m\u00e9dico de salud, con una antig\u00fcedad no superior a 2 a\u00f1os, o tambi\u00e9n puede rellenar un cuestionario m\u00e9dico in situ, en caso de no tener ninguna condici\u00f3n o enfermedad m\u00e9dica, as\u00ed como no tomar ninguna medicaci\u00f3n.<\/li>\n<\/ul>\n<p><strong>El curso incluye:<\/strong><\/p>\n<ul>\n<li>3 clases te\u00f3ricas<\/li>\n<li>3 m\u00f3dulos de formaci\u00f3n en aguas poco profundas<\/li>\n<li>2 inmersiones en aguas abiertas para aplicar lo aprendido en presencia del instructor<\/li>\n<li>Equipo de alquiler incluido<\/li>\n<li>Despu\u00e9s de la certificaci\u00f3n: profundidad m\u00e1xima de buceo de 12 metros en compa\u00f1\u00eda de un profesional del buceo.<\/li>\n<\/ul>\n<\/div>\n<p><\/div>\n\t\t<\/div><div class='yrm-btn-wrapper yrm-btn-wrapper-1 yrm-more-button-wrapper button '\n\t\tdata-custom-more-class-name='button' data-custom-less-class-name='button'><span title='' data-less-title='' data-more-title='' class='yrm-toggle-expand  yrm-toggle-expand-1 yrm-button-auto-mode' data-rel='yrm-ioNZD' data-more='abrir' data-less='cerrar'><span class='yrm-text-wrapper '><span class=\"yrm-button-text-1 yrm-button-text-span\">abrir<\/span><\/span><\/span><\/div>\n<p>&nbsp;<\/p>\n<div class=\"siteorigin-widget-tinymce textwidget\">\n<p>Obt\u00e9n tu certificaci\u00f3n de buceo. Si siempre has querido aprender a bucear, buscas nuevas aventuras y quieres descubrir el fabuloso mundo submarino:<\/p>\n<h3><span style=\"color: #00ccff;\"><strong>Curso de buceo <\/strong><\/span><span style=\"color: #00ccff;\"><strong>Open Water Diver Course<\/strong><\/span><\/h3>\n<p>El curso <strong>Open Water Diver<\/strong> es el curso de buceo m\u00e1s famoso del mundo y ya ha introducido a millones de personas en el estilo de vida aventurero del buceo.<\/p>\n<div class='yrm-content yrm-content-1 yrm-content-hide  ' id='yrm-TAkca' data-id='1' data-show-status='false' data-after-action='' style=\"visibility: hidden;height: 0;\">\n\t\t\t<div id='yrm-inner-content-yrm-TAkca' class='yrm-inner-content-wrapper yrm-cntent-1'><\/p>\n<p>La diversi\u00f3n en este curso es... Bueno, en realidad todo, porque aprender a bucear es simplemente incre\u00edble. Respirar\u00e1s bajo el agua por primera vez (lo que te garantizamos que no olvidar\u00e1s) y aprender\u00e1s todo lo necesario para convertirte en un buceador con certificaci\u00f3n internacional. Durante el curso, bajo la supervisi\u00f3n de tu instructor, har\u00e1s al menos cinco sesiones de buceo en aguas poco profundas y cuatro inmersiones sin estr\u00e9s en nuestro arrecife.<\/p>\n<p>Este programa de certificaci\u00f3n reconocido mundialmente es la mejor manera de comenzar una aventura de por vida como buceador certificado. A trav\u00e9s de una formaci\u00f3n personalizada combinada con ejercicios en el agua, adquirir\u00e1s las habilidades y la experiencia necesarias para sentirte c\u00f3modo y seguro bajo el agua. Recibir\u00e1s la certificaci\u00f3n<strong> Open Water Diver<\/strong>.<\/p>\n<p>La formaci\u00f3n te\u00f3rica, despu\u00e9s de haber repasado el material de aprendizaje, se apoya en v\u00eddeos de aprendizaje, presentaciones de diapositivas y lecciones en el aula.<\/p>\n<p>Al aprender de forma interactiva en Internet con antelaci\u00f3n, podr\u00e1 ahorrar un valioso tiempo en las vacaciones para realizar otras actividades.<a href=\"https:\/\/dive-bluedolphin.com\/es\/contacto\/\"> P\u00f3ngase en contacto con nosotros para obtener m\u00e1s informaci\u00f3n<\/a>.<\/p>\n<p><strong>Requisitos previos:<\/strong><\/p>\n<ul>\n<li>Edad m\u00ednima de 10 a\u00f1os<\/li>\n<li>Certificado m\u00e9dico de salud, con una antig\u00fcedad no superior a 2 a\u00f1os, o puede rellenar un cuestionario m\u00e9dico in situ, aunque s\u00f3lo si no tiene ninguna afecci\u00f3n o enfermedad y no est\u00e1 tomando ninguna medicaci\u00f3n.<\/li>\n<\/ul>\n<p><strong>Contenido del curso:<\/strong><\/p>\n<ul>\n<li>5 clases te\u00f3ricas<\/li>\n<li>5 m\u00f3dulos de formaci\u00f3n<\/li>\n<li>4 inmersiones en aguas abiertas, incluido el alquiler del equipo<\/li>\n<li>Profundidad m\u00e1xima de buceo despu\u00e9s de la certificaci\u00f3n 18 metros<\/li>\n<\/ul>\n<p>El concepto de curso del programa <strong>Open Water Diver<\/strong> es \u00fanico en el mundo. No es necesario realizar aburridas experiencias de snorkel antes de comenzar con el buceo propiamente dicho. La primera lecci\u00f3n en el agua comienza inmediatamente con el equipo de buceo completo.<\/p>\n<p><\/div>\n\t\t<\/div><div class='yrm-btn-wrapper yrm-btn-wrapper-1 yrm-more-button-wrapper button '\n\t\tdata-custom-more-class-name='button' data-custom-less-class-name='button'><span title='' data-less-title='' data-more-title='' class='yrm-toggle-expand  yrm-toggle-expand-1 yrm-button-auto-mode' data-rel='yrm-TAkca' data-more='abrir' data-less='cerrar'><span class='yrm-text-wrapper '><span class=\"yrm-button-text-1 yrm-button-text-span\">abrir<\/span><\/span><\/span><\/div>\n<p>\u00bfYa eres un <strong>Scuba Diver<\/strong> y quieres continuar tu formaci\u00f3n para convertirte en un <strong>Open Water Diver<\/strong>? \u00a1Entonces este curso es el adecuado para ti!<\/p>\n<h3><span style=\"color: #00ccff;\"><strong>Scuba Diver actualizar a\u00a0 Open Water Diver<\/strong><\/span><\/h3>\n<p>Bas\u00e1ndose en los conocimientos y habilidades que aprendiste en el curso <strong>Scuba Diver<\/strong>, este curso te ense\u00f1a los m\u00f3dulos restantes del <strong>Open Water Diver<\/strong>.<\/p>\n<div class='yrm-content yrm-content-1 yrm-content-hide  ' id='yrm-s9KWg' data-id='1' data-show-status='false' data-after-action='' style=\"visibility: hidden;height: 0;\">\n\t\t\t<div id='yrm-inner-content-yrm-s9KWg' class='yrm-inner-content-wrapper yrm-cntent-1'><\/p>\n<p>Despu\u00e9s de completar con \u00e9xito el curso <strong>Open Water Diver<\/strong> ser\u00e1s capaz de planificar y realizar inmersiones de forma independiente con tu compa\u00f1ero de buceo.<\/p>\n<p><strong>El curso consta de las siguientes partes:<\/strong><\/p>\n<ul>\n<li>2 lecciones de teor\u00eda<\/li>\n<li>2 m\u00f3dulos de formaci\u00f3n<\/li>\n<li>2 inmersiones en aguas abiertas<\/li>\n<\/ul>\n<p>En dos lecciones de teor\u00eda, que primero trabajar\u00e1s de forma independiente con la ayuda del libro del curso Open Water Diver y el DVD o a trav\u00e9s de Internet, aprender\u00e1s, entre otras cosas, a planificar inmersiones de forma independiente. Durante las clases te\u00f3ricas tendr\u00e1s la oportunidad de repasar y profundizar tus conocimientos.<\/p>\n<p>Adem\u00e1s de las habilidades de buceo que ya has aprendido, aprender\u00e1s y practicar\u00e1s nuevas habilidades y procedimientos de buceo bajo la direcci\u00f3n de tu instructor.<\/p>\n<p>En las \u00faltimas inmersiones en aguas abiertas, aplicar\u00e1s y desarrollar\u00e1s tus conocimientos y habilidades de buceo reci\u00e9n adquiridos en un entorno de buceo real y bajo la gu\u00eda y el acompa\u00f1amiento de tu instructor.<\/p>\n<p><\/div>\n\t\t<\/div><div class='yrm-btn-wrapper yrm-btn-wrapper-1 yrm-more-button-wrapper button '\n\t\tdata-custom-more-class-name='button' data-custom-less-class-name='button'><span title='' data-less-title='' data-more-title='' class='yrm-toggle-expand  yrm-toggle-expand-1 yrm-button-auto-mode' data-rel='yrm-s9KWg' data-more='abrir' data-less='cerrar'><span class='yrm-text-wrapper '><span class=\"yrm-button-text-1 yrm-button-text-span\">abrir<\/span><\/span><\/span><\/div>\n<\/div>\n<\/div>\n<\/div><\/div><\/div><\/div><\/div>","protected":false},"excerpt":{"rendered":"<p>A continuaci\u00f3n encontrar\u00e1 la informaci\u00f3n b\u00e1sica sobre el curso \u00abpeque\u00f1o\u00bb de Scuba Diver, el curso \u00abb\u00e1sico\u00bb de Open Water Diver y la ampliaci\u00f3n de Scuba Diver a Open Water Diver. Curso de buceo Scuba Diver\u00a0 Este es un curso de buceo corto (2-3 d\u00edas) para alcanzar el primer nivel de buceo. Una vez completado, recibir\u00e1s [&hellip;]<\/p>\n","protected":false},"author":1,"featured_media":0,"parent":1016,"menu_order":2,"comment_status":"closed","ping_status":"closed","template":"","meta":{"footnotes":""},"class_list":["post-1027","page","type-page","status-publish","hentry","post"],"yoast_head":"<!-- This site is optimized with the Yoast SEO plugin v27.3 - https:\/\/yoast.com\/product\/yoast-seo-wordpress\/ -->\n<title>Para principiantes - Diving Center Blue Dolphin<\/title>\n<meta name=\"robots\" content=\"index, follow, max-snippet:-1, max-image-preview:large, max-video-preview:-1\" \/>\n<link rel=\"canonical\" href=\"https:\/\/dive-bluedolphin.com\/es\/formacion\/principiantes\/\" \/>\n<meta property=\"og:locale\" content=\"es_ES\" \/>\n<meta property=\"og:type\" content=\"article\" \/>\n<meta property=\"og:title\" content=\"Para principiantes - Diving Center Blue Dolphin\" \/>\n<meta property=\"og:description\" content=\"A continuaci\u00f3n encontrar\u00e1 la informaci\u00f3n b\u00e1sica sobre el curso &quot;peque\u00f1o&quot; de Scuba Diver, el curso &quot;b\u00e1sico&quot; de Open Water Diver y la ampliaci\u00f3n de Scuba Diver a Open Water Diver. Curso de buceo Scuba Diver\u00a0 Este es un curso de buceo corto (2-3 d\u00edas) para alcanzar el primer nivel de buceo. Una vez completado, recibir\u00e1s [&hellip;]\" \/>\n<meta property=\"og:url\" content=\"https:\/\/dive-bluedolphin.com\/es\/formacion\/principiantes\/\" \/>\n<meta property=\"og:site_name\" content=\"Diving Center Blue Dolphin\" \/>\n<meta property=\"article:modified_time\" content=\"2021-11-01T11:18:33+00:00\" \/>\n<meta name=\"twitter:card\" content=\"summary_large_image\" \/>\n<meta name=\"twitter:label1\" content=\"Tiempo de lectura\" \/>\n\t<meta name=\"twitter:data1\" content=\"5 minutos\" \/>\n<script type=\"application\/ld+json\" class=\"yoast-schema-graph\">{\"@context\":\"https:\\\/\\\/schema.org\",\"@graph\":[{\"@type\":\"WebPage\",\"@id\":\"https:\\\/\\\/dive-bluedolphin.com\\\/es\\\/formacion\\\/principiantes\\\/\",\"url\":\"https:\\\/\\\/dive-bluedolphin.com\\\/es\\\/formacion\\\/principiantes\\\/\",\"name\":\"Para principiantes - Diving Center Blue Dolphin\",\"isPartOf\":{\"@id\":\"https:\\\/\\\/dive-bluedolphin.com\\\/es\\\/#website\"},\"datePublished\":\"2021-10-29T09:25:52+00:00\",\"dateModified\":\"2021-11-01T11:18:33+00:00\",\"breadcrumb\":{\"@id\":\"https:\\\/\\\/dive-bluedolphin.com\\\/es\\\/formacion\\\/principiantes\\\/#breadcrumb\"},\"inLanguage\":\"es\",\"potentialAction\":[{\"@type\":\"ReadAction\",\"target\":[\"https:\\\/\\\/dive-bluedolphin.com\\\/es\\\/formacion\\\/principiantes\\\/\"]}]},{\"@type\":\"BreadcrumbList\",\"@id\":\"https:\\\/\\\/dive-bluedolphin.com\\\/es\\\/formacion\\\/principiantes\\\/#breadcrumb\",\"itemListElement\":[{\"@type\":\"ListItem\",\"position\":1,\"name\":\"Home\",\"item\":\"https:\\\/\\\/dive-bluedolphin.com\\\/es\\\/\"},{\"@type\":\"ListItem\",\"position\":2,\"name\":\"Formaci\u00f3n\",\"item\":\"https:\\\/\\\/dive-bluedolphin.com\\\/es\\\/formacion\\\/\"},{\"@type\":\"ListItem\",\"position\":3,\"name\":\"Para principiantes\"}]},{\"@type\":\"WebSite\",\"@id\":\"https:\\\/\\\/dive-bluedolphin.com\\\/es\\\/#website\",\"url\":\"https:\\\/\\\/dive-bluedolphin.com\\\/es\\\/\",\"name\":\"Diving Center Blue Dolphin\",\"description\":\"Elounda - Crete\",\"potentialAction\":[{\"@type\":\"SearchAction\",\"target\":{\"@type\":\"EntryPoint\",\"urlTemplate\":\"https:\\\/\\\/dive-bluedolphin.com\\\/es\\\/?s={search_term_string}\"},\"query-input\":{\"@type\":\"PropertyValueSpecification\",\"valueRequired\":true,\"valueName\":\"search_term_string\"}}],\"inLanguage\":\"es\"}]}<\/script>\n<!-- \/ Yoast SEO plugin. -->","yoast_head_json":{"title":"Para principiantes - Diving Center Blue Dolphin","robots":{"index":"index","follow":"follow","max-snippet":"max-snippet:-1","max-image-preview":"max-image-preview:large","max-video-preview":"max-video-preview:-1"},"canonical":"https:\/\/dive-bluedolphin.com\/es\/formacion\/principiantes\/","og_locale":"es_ES","og_type":"article","og_title":"Para principiantes - Diving Center Blue Dolphin","og_description":"A continuaci\u00f3n encontrar\u00e1 la informaci\u00f3n b\u00e1sica sobre el curso \"peque\u00f1o\" de Scuba Diver, el curso \"b\u00e1sico\" de Open Water Diver y la ampliaci\u00f3n de Scuba Diver a Open Water Diver. Curso de buceo Scuba Diver\u00a0 Este es un curso de buceo corto (2-3 d\u00edas) para alcanzar el primer nivel de buceo. Una vez completado, recibir\u00e1s [&hellip;]","og_url":"https:\/\/dive-bluedolphin.com\/es\/formacion\/principiantes\/","og_site_name":"Diving Center Blue Dolphin","article_modified_time":"2021-11-01T11:18:33+00:00","twitter_card":"summary_large_image","twitter_misc":{"Tiempo de lectura":"5 minutos"},"schema":{"@context":"https:\/\/schema.org","@graph":[{"@type":"WebPage","@id":"https:\/\/dive-bluedolphin.com\/es\/formacion\/principiantes\/","url":"https:\/\/dive-bluedolphin.com\/es\/formacion\/principiantes\/","name":"Para principiantes - Diving Center Blue Dolphin","isPartOf":{"@id":"https:\/\/dive-bluedolphin.com\/es\/#website"},"datePublished":"2021-10-29T09:25:52+00:00","dateModified":"2021-11-01T11:18:33+00:00","breadcrumb":{"@id":"https:\/\/dive-bluedolphin.com\/es\/formacion\/principiantes\/#breadcrumb"},"inLanguage":"es","potentialAction":[{"@type":"ReadAction","target":["https:\/\/dive-bluedolphin.com\/es\/formacion\/principiantes\/"]}]},{"@type":"BreadcrumbList","@id":"https:\/\/dive-bluedolphin.com\/es\/formacion\/principiantes\/#breadcrumb","itemListElement":[{"@type":"ListItem","position":1,"name":"Home","item":"https:\/\/dive-bluedolphin.com\/es\/"},{"@type":"ListItem","position":2,"name":"Formaci\u00f3n","item":"https:\/\/dive-bluedolphin.com\/es\/formacion\/"},{"@type":"ListItem","position":3,"name":"Para principiantes"}]},{"@type":"WebSite","@id":"https:\/\/dive-bluedolphin.com\/es\/#website","url":"https:\/\/dive-bluedolphin.com\/es\/","name":"Diving Center Blue Dolphin","description":"Elounda - Crete","potentialAction":[{"@type":"SearchAction","target":{"@type":"EntryPoint","urlTemplate":"https:\/\/dive-bluedolphin.com\/es\/?s={search_term_string}"},"query-input":{"@type":"PropertyValueSpecification","valueRequired":true,"valueName":"search_term_string"}}],"inLanguage":"es"}]}},"_links":{"self":[{"href":"https:\/\/dive-bluedolphin.com\/es\/wp-json\/wp\/v2\/pages\/1027","targetHints":{"allow":["GET"]}}],"collection":[{"href":"https:\/\/dive-bluedolphin.com\/es\/wp-json\/wp\/v2\/pages"}],"about":[{"href":"https:\/\/dive-bluedolphin.com\/es\/wp-json\/wp\/v2\/types\/page"}],"author":[{"embeddable":true,"href":"https:\/\/dive-bluedolphin.com\/es\/wp-json\/wp\/v2\/users\/1"}],"replies":[{"embeddable":true,"href":"https:\/\/dive-bluedolphin.com\/es\/wp-json\/wp\/v2\/comments?post=1027"}],"version-history":[{"count":12,"href":"https:\/\/dive-bluedolphin.com\/es\/wp-json\/wp\/v2\/pages\/1027\/revisions"}],"predecessor-version":[{"id":1399,"href":"https:\/\/dive-bluedolphin.com\/es\/wp-json\/wp\/v2\/pages\/1027\/revisions\/1399"}],"up":[{"embeddable":true,"href":"https:\/\/dive-bluedolphin.com\/es\/wp-json\/wp\/v2\/pages\/1016"}],"wp:attachment":[{"href":"https:\/\/dive-bluedolphin.com\/es\/wp-json\/wp\/v2\/media?parent=1027"}],"curies":[{"name":"wp","href":"https:\/\/api.w.org\/{rel}","templated":true}]}}