{"id":1032,"date":"2021-09-06T18:34:51","date_gmt":"2021-09-06T16:34:51","guid":{"rendered":"https:\/\/dive-bluedolphin.com\/?page_id=1032"},"modified":"2021-11-03T13:32:49","modified_gmt":"2021-11-03T12:32:49","slug":"ninos","status":"publish","type":"page","link":"https:\/\/dive-bluedolphin.com\/es\/formacion\/ninos\/","title":{"rendered":"Ni\u00f1os a partir de 8 a\u00f1os"},"content":{"rendered":"<div id=\"pl-1032\"  class=\"panel-layout\" ><div id=\"pg-1032-0\"  class=\"panel-grid panel-no-style\" ><div id=\"pgc-1032-0-0\"  class=\"panel-grid-cell\" ><div id=\"panel-1032-0-0-0\" class=\"so-panel widget widget_sow-image panel-first-child panel-last-child\" data-index=\"0\" ><div\n\t\t\t\n\t\t\tclass=\"so-widget-sow-image so-widget-sow-image-default-dbf295114b96-1032\"\n\t\t\t\n\t\t>\n<div class=\"sow-image-container\">\n\t\t<img \n\tsrc=\"https:\/\/dive-bluedolphin.com\/wp-content\/uploads\/2021\/09\/kinder1-gr.jpg\" width=\"227\" height=\"170\" sizes=\"(max-width: 227px) 100vw, 227px\" alt=\"\" \t\tclass=\"so-widget-image\"\/>\n\t<\/div>\n\n<\/div><\/div><\/div><div id=\"pgc-1032-0-1\"  class=\"panel-grid-cell\" ><div id=\"panel-1032-0-1-0\" class=\"so-panel widget widget_sow-editor panel-first-child panel-last-child\" data-index=\"1\" ><div\n\t\t\t\n\t\t\tclass=\"so-widget-sow-editor so-widget-sow-editor-base\"\n\t\t\t\n\t\t>\n<div class=\"siteorigin-widget-tinymce textwidget\">\n\t<h3><span style=\"color: #00ccff;\"><strong>Bubblemaker<\/strong><\/span><\/h3>\n<p>\u00a1Diversi\u00f3n en el buceo para los ni\u00f1os m\u00e1s guapos! (sin certificaci\u00f3n)<\/p>\n<p>Una gran aventura para ni\u00f1os a partir de 8 a\u00f1os que quieran descubrir la aventura del buceo y el mundo submarino. Aqu\u00ed la seguridad se aprende de forma l\u00fadica y con mucha diversi\u00f3n, siempre bajo la supervisi\u00f3n directa de un instructor de buceo.<\/p>\n<p>Duraci\u00f3n del curso: aprox. 90 minutos, profundidad m\u00e1xima de buceo: 4 metros.<\/p>\n<\/div>\n<\/div><\/div><\/div><\/div><div id=\"pg-1032-1\"  class=\"panel-grid panel-no-style\" ><div id=\"pgc-1032-1-0\"  class=\"panel-grid-cell\" ><div id=\"panel-1032-1-0-0\" class=\"so-panel widget widget_sow-editor panel-first-child panel-last-child\" data-index=\"2\" ><div\n\t\t\t\n\t\t\tclass=\"so-widget-sow-editor so-widget-sow-editor-base\"\n\t\t\t\n\t\t>\n<div class=\"siteorigin-widget-tinymce textwidget\">\n\t<h3><span style=\"color: #00ccff;\"><strong>Buceador Junior \/ Junior Scuba Diver<\/strong><\/span><\/h3>\n<p>Este es el curso Scuba Diver para ni\u00f1os de 10 a 15 a\u00f1os y es un programa de 2 y \u00bd d\u00edas que puede ser acreditado como la primera parte del curso Junior Open Water Diver. Una vez completado, recibir\u00e1s un certificado internacional de buceo que te permitir\u00e1 bucear en todo el mundo bajo la supervisi\u00f3n de un Divemaster o Instructor.<\/p>\n<p><strong>Requisitos previos:<\/strong><\/p>\n<ul>\n<li>Edad m\u00ednima de 10 a\u00f1os<\/li>\n<\/ul>\n<p><strong>El curso incluye:<\/strong><\/p>\n<ul>\n<li>3 lecciones de teor\u00eda<\/li>\n<li>3 m\u00f3dulos de formaci\u00f3n en aguas poco profundas<\/li>\n<li>2 inmersiones en aguas abiertas para aplicar lo aprendido en presencia del instructor<\/li>\n<li>Equipo de alquiler incluido<\/li>\n<li>Despu\u00e9s de la certificaci\u00f3n: profundidad m\u00e1xima de buceo de 12 metros en compa\u00f1\u00eda de un profesional del buceo<\/li>\n<\/ul>\n<p><em><strong>Despu\u00e9s de cumplir 15 a\u00f1os, tu certificaci\u00f3n de Junior Scuba Diver se convierte autom\u00e1ticamente en una certificaci\u00f3n de Scuba Diver.<\/strong><\/em><\/p>\n<p>&nbsp;<\/p>\n<h3><span style=\"color: #00ccff;\"><strong>Buceador Junior de Aguas Abiertas \/ Junior Open Water Diver<\/strong><\/span><\/h3>\n<p>Este es el curso Open Water Diver para j\u00f3venes de 10 a 15 a\u00f1os. Tiene la misma estructura y los mismos requisitos de rendimiento, pero los j\u00f3venes deben ir acompa\u00f1ados por un adulto en cada inmersi\u00f3n. Los buzos de 10 a 12 a\u00f1os tambi\u00e9n est\u00e1n autorizados a bucear hasta una profundidad m\u00e1xima de 12 metros con un padre o tutor o un profesional de buceo.<\/p>\n<p><strong>Requisitos:<\/strong><\/p>\n<ul>\n<li>Edad m\u00ednima de 10 a\u00f1os<\/li>\n<\/ul>\n<p><strong>El curso incluye:<\/strong><\/p>\n<ul>\n<li>5 lecciones de teor\u00eda<\/li>\n<li>5 m\u00f3dulos de formaci\u00f3n en aguas poco profundas<\/li>\n<li>4 inmersiones en aguas abiertas para aplicar lo aprendido en presencia del instructor<\/li>\n<li>Equipo de alquiler incluido<\/li>\n<li>Despu\u00e9s de la certificaci\u00f3n: profundidad m\u00e1xima de buceo 12 (edades 10-12) o 18 metros (edades 12 y m\u00e1s) en compa\u00f1\u00eda de un profesional de buceo<\/li>\n<\/ul>\n<p><em><strong>Despu\u00e9s de cumplir 15 a\u00f1os, tu certificaci\u00f3n de Junior Open Water se convierte autom\u00e1ticamente en una certificaci\u00f3n de Open Water Diver.<\/strong><\/em><\/p>\n<\/div>\n<\/div><\/div><\/div><\/div><\/div>","protected":false},"excerpt":{"rendered":"<p>Bubblemaker \u00a1Diversi\u00f3n en el buceo para los ni\u00f1os m\u00e1s guapos! (sin certificaci\u00f3n) Una gran aventura para ni\u00f1os a partir de 8 a\u00f1os que quieran descubrir la aventura del buceo y el mundo submarino. Aqu\u00ed la seguridad se aprende de forma l\u00fadica y con mucha diversi\u00f3n, siempre bajo la supervisi\u00f3n directa de un instructor de buceo. [&hellip;]<\/p>\n","protected":false},"author":1,"featured_media":0,"parent":1016,"menu_order":3,"comment_status":"closed","ping_status":"closed","template":"","meta":{"footnotes":""},"class_list":["post-1032","page","type-page","status-publish","hentry","post"],"yoast_head":"<!-- This site is optimized with the Yoast SEO plugin v27.4 - https:\/\/yoast.com\/product\/yoast-seo-wordpress\/ -->\n<title>Ni\u00f1os a partir de 8 a\u00f1os - Diving Center Blue Dolphin<\/title>\n<meta name=\"robots\" content=\"index, follow, max-snippet:-1, max-image-preview:large, max-video-preview:-1\" \/>\n<link rel=\"canonical\" href=\"https:\/\/dive-bluedolphin.com\/es\/formacion\/ninos\/\" \/>\n<meta property=\"og:locale\" content=\"es_ES\" \/>\n<meta property=\"og:type\" content=\"article\" \/>\n<meta property=\"og:title\" content=\"Ni\u00f1os a partir de 8 a\u00f1os - Diving Center Blue Dolphin\" \/>\n<meta property=\"og:description\" content=\"Bubblemaker \u00a1Diversi\u00f3n en el buceo para los ni\u00f1os m\u00e1s guapos! (sin certificaci\u00f3n) Una gran aventura para ni\u00f1os a partir de 8 a\u00f1os que quieran descubrir la aventura del buceo y el mundo submarino. Aqu\u00ed la seguridad se aprende de forma l\u00fadica y con mucha diversi\u00f3n, siempre bajo la supervisi\u00f3n directa de un instructor de buceo. [&hellip;]\" \/>\n<meta property=\"og:url\" content=\"https:\/\/dive-bluedolphin.com\/es\/formacion\/ninos\/\" \/>\n<meta property=\"og:site_name\" content=\"Diving Center Blue Dolphin\" \/>\n<meta property=\"article:modified_time\" content=\"2021-11-03T12:32:49+00:00\" \/>\n<meta name=\"twitter:card\" content=\"summary_large_image\" \/>\n<meta name=\"twitter:label1\" content=\"Tiempo de lectura\" \/>\n\t<meta name=\"twitter:data1\" content=\"2 minutos\" \/>\n<script type=\"application\/ld+json\" class=\"yoast-schema-graph\">{\"@context\":\"https:\\\/\\\/schema.org\",\"@graph\":[{\"@type\":\"WebPage\",\"@id\":\"https:\\\/\\\/dive-bluedolphin.com\\\/es\\\/formacion\\\/ninos\\\/\",\"url\":\"https:\\\/\\\/dive-bluedolphin.com\\\/es\\\/formacion\\\/ninos\\\/\",\"name\":\"Ni\u00f1os a partir de 8 a\u00f1os - Diving Center Blue Dolphin\",\"isPartOf\":{\"@id\":\"https:\\\/\\\/dive-bluedolphin.com\\\/es\\\/#website\"},\"datePublished\":\"2021-09-06T16:34:51+00:00\",\"dateModified\":\"2021-11-03T12:32:49+00:00\",\"breadcrumb\":{\"@id\":\"https:\\\/\\\/dive-bluedolphin.com\\\/es\\\/formacion\\\/ninos\\\/#breadcrumb\"},\"inLanguage\":\"es\",\"potentialAction\":[{\"@type\":\"ReadAction\",\"target\":[\"https:\\\/\\\/dive-bluedolphin.com\\\/es\\\/formacion\\\/ninos\\\/\"]}]},{\"@type\":\"BreadcrumbList\",\"@id\":\"https:\\\/\\\/dive-bluedolphin.com\\\/es\\\/formacion\\\/ninos\\\/#breadcrumb\",\"itemListElement\":[{\"@type\":\"ListItem\",\"position\":1,\"name\":\"Home\",\"item\":\"https:\\\/\\\/dive-bluedolphin.com\\\/es\\\/\"},{\"@type\":\"ListItem\",\"position\":2,\"name\":\"Formaci\u00f3n\",\"item\":\"https:\\\/\\\/dive-bluedolphin.com\\\/es\\\/formacion\\\/\"},{\"@type\":\"ListItem\",\"position\":3,\"name\":\"Ni\u00f1os a partir de 8 a\u00f1os\"}]},{\"@type\":\"WebSite\",\"@id\":\"https:\\\/\\\/dive-bluedolphin.com\\\/es\\\/#website\",\"url\":\"https:\\\/\\\/dive-bluedolphin.com\\\/es\\\/\",\"name\":\"Diving Center Blue Dolphin\",\"description\":\"Elounda - Crete\",\"potentialAction\":[{\"@type\":\"SearchAction\",\"target\":{\"@type\":\"EntryPoint\",\"urlTemplate\":\"https:\\\/\\\/dive-bluedolphin.com\\\/es\\\/?s={search_term_string}\"},\"query-input\":{\"@type\":\"PropertyValueSpecification\",\"valueRequired\":true,\"valueName\":\"search_term_string\"}}],\"inLanguage\":\"es\"}]}<\/script>\n<!-- \/ Yoast SEO plugin. -->","yoast_head_json":{"title":"Ni\u00f1os a partir de 8 a\u00f1os - Diving Center Blue Dolphin","robots":{"index":"index","follow":"follow","max-snippet":"max-snippet:-1","max-image-preview":"max-image-preview:large","max-video-preview":"max-video-preview:-1"},"canonical":"https:\/\/dive-bluedolphin.com\/es\/formacion\/ninos\/","og_locale":"es_ES","og_type":"article","og_title":"Ni\u00f1os a partir de 8 a\u00f1os - Diving Center Blue Dolphin","og_description":"Bubblemaker \u00a1Diversi\u00f3n en el buceo para los ni\u00f1os m\u00e1s guapos! (sin certificaci\u00f3n) Una gran aventura para ni\u00f1os a partir de 8 a\u00f1os que quieran descubrir la aventura del buceo y el mundo submarino. Aqu\u00ed la seguridad se aprende de forma l\u00fadica y con mucha diversi\u00f3n, siempre bajo la supervisi\u00f3n directa de un instructor de buceo. [&hellip;]","og_url":"https:\/\/dive-bluedolphin.com\/es\/formacion\/ninos\/","og_site_name":"Diving Center Blue Dolphin","article_modified_time":"2021-11-03T12:32:49+00:00","twitter_card":"summary_large_image","twitter_misc":{"Tiempo de lectura":"2 minutos"},"schema":{"@context":"https:\/\/schema.org","@graph":[{"@type":"WebPage","@id":"https:\/\/dive-bluedolphin.com\/es\/formacion\/ninos\/","url":"https:\/\/dive-bluedolphin.com\/es\/formacion\/ninos\/","name":"Ni\u00f1os a partir de 8 a\u00f1os - Diving Center Blue Dolphin","isPartOf":{"@id":"https:\/\/dive-bluedolphin.com\/es\/#website"},"datePublished":"2021-09-06T16:34:51+00:00","dateModified":"2021-11-03T12:32:49+00:00","breadcrumb":{"@id":"https:\/\/dive-bluedolphin.com\/es\/formacion\/ninos\/#breadcrumb"},"inLanguage":"es","potentialAction":[{"@type":"ReadAction","target":["https:\/\/dive-bluedolphin.com\/es\/formacion\/ninos\/"]}]},{"@type":"BreadcrumbList","@id":"https:\/\/dive-bluedolphin.com\/es\/formacion\/ninos\/#breadcrumb","itemListElement":[{"@type":"ListItem","position":1,"name":"Home","item":"https:\/\/dive-bluedolphin.com\/es\/"},{"@type":"ListItem","position":2,"name":"Formaci\u00f3n","item":"https:\/\/dive-bluedolphin.com\/es\/formacion\/"},{"@type":"ListItem","position":3,"name":"Ni\u00f1os a partir de 8 a\u00f1os"}]},{"@type":"WebSite","@id":"https:\/\/dive-bluedolphin.com\/es\/#website","url":"https:\/\/dive-bluedolphin.com\/es\/","name":"Diving Center Blue Dolphin","description":"Elounda - Crete","potentialAction":[{"@type":"SearchAction","target":{"@type":"EntryPoint","urlTemplate":"https:\/\/dive-bluedolphin.com\/es\/?s={search_term_string}"},"query-input":{"@type":"PropertyValueSpecification","valueRequired":true,"valueName":"search_term_string"}}],"inLanguage":"es"}]}},"_links":{"self":[{"href":"https:\/\/dive-bluedolphin.com\/es\/wp-json\/wp\/v2\/pages\/1032","targetHints":{"allow":["GET"]}}],"collection":[{"href":"https:\/\/dive-bluedolphin.com\/es\/wp-json\/wp\/v2\/pages"}],"about":[{"href":"https:\/\/dive-bluedolphin.com\/es\/wp-json\/wp\/v2\/types\/page"}],"author":[{"embeddable":true,"href":"https:\/\/dive-bluedolphin.com\/es\/wp-json\/wp\/v2\/users\/1"}],"replies":[{"embeddable":true,"href":"https:\/\/dive-bluedolphin.com\/es\/wp-json\/wp\/v2\/comments?post=1032"}],"version-history":[{"count":12,"href":"https:\/\/dive-bluedolphin.com\/es\/wp-json\/wp\/v2\/pages\/1032\/revisions"}],"predecessor-version":[{"id":1433,"href":"https:\/\/dive-bluedolphin.com\/es\/wp-json\/wp\/v2\/pages\/1032\/revisions\/1433"}],"up":[{"embeddable":true,"href":"https:\/\/dive-bluedolphin.com\/es\/wp-json\/wp\/v2\/pages\/1016"}],"wp:attachment":[{"href":"https:\/\/dive-bluedolphin.com\/es\/wp-json\/wp\/v2\/media?parent=1032"}],"curies":[{"name":"wp","href":"https:\/\/api.w.org\/{rel}","templated":true}]}}