{"id":1078,"date":"2021-10-29T12:13:45","date_gmt":"2021-10-29T10:13:45","guid":{"rendered":"https:\/\/dive-bluedolphin.com\/?page_id=1078"},"modified":"2021-11-03T15:53:56","modified_gmt":"2021-11-03T14:53:56","slug":"educacion-formacion-continua","status":"publish","type":"page","link":"https:\/\/dive-bluedolphin.com\/es\/formacion\/educacion-formacion-continua\/","title":{"rendered":"Educaci\u00f3n \/ Formaci\u00f3n continua"},"content":{"rendered":"<div id=\"pl-1078\"  class=\"panel-layout\" ><div id=\"pg-1078-0\"  class=\"panel-grid panel-no-style\" ><div id=\"pgc-1078-0-0\"  class=\"panel-grid-cell\" ><div id=\"panel-1078-0-0-0\" class=\"so-panel widget widget_sow-editor panel-first-child panel-last-child\" data-index=\"0\" ><div\n\t\t\t\n\t\t\tclass=\"so-widget-sow-editor so-widget-sow-editor-base\"\n\t\t\t\n\t\t>\n<div class=\"siteorigin-widget-tinymce textwidget\">\n\t<h3><span style=\"color: #00ccff;\"><strong>Buceador avanzado de aguas abiertas \/ Advanced Open Water (PADI) \/ Buceador avanzado de aventura \/ Advanced Adventurer (SSI)<\/strong><\/span><\/h3>\n<p>Esta certificaci\u00f3n es necesaria en casi todo el mundo para poder bucear a m\u00e1s de 18 metros de profundidad. Tambi\u00e9n te permite aprender algunas habilidades importantes m\u00e1s all\u00e1 de la certificaci\u00f3n b\u00e1sica de buceo y descubrir d\u00f3nde est\u00e1n tus intereses y talentos.<\/p>\n<p>Este curso de 2-3 d\u00edas le permite adquirir m\u00e1s experiencia bajo la gu\u00eda y supervisi\u00f3n de un instructor. El \u00fanico requisito es completar 5 inmersiones de aventura con la teor\u00eda asociada. Puedes elegir tres m\u00f3dulos que te interesen de la amplia oferta.\u00a0 Otros dos son obligatorios.<\/p>\n<\/div>\n<\/div><\/div><\/div><\/div><div id=\"pg-1078-1\"  class=\"panel-grid panel-no-style\" ><div id=\"pgc-1078-1-0\"  class=\"panel-grid-cell\" ><div id=\"panel-1078-1-0-0\" class=\"so-panel widget widget_sow-image panel-first-child panel-last-child\" data-index=\"1\" ><div\n\t\t\t\n\t\t\tclass=\"so-widget-sow-image so-widget-sow-image-default-8b5b6f678277-1078\"\n\t\t\t\n\t\t>\n<div class=\"sow-image-container\">\n\t\t<img \n\tsrc=\"https:\/\/dive-bluedolphin.com\/wp-content\/uploads\/2021\/09\/Joschi-3.jpg\" width=\"448\" height=\"252\" srcset=\"https:\/\/dive-bluedolphin.com\/wp-content\/uploads\/2021\/09\/Joschi-3.jpg 448w, https:\/\/dive-bluedolphin.com\/wp-content\/uploads\/2021\/09\/Joschi-3-300x169.jpg 300w\" sizes=\"(max-width: 448px) 100vw, 448px\" alt=\"\" \t\tclass=\"so-widget-image\"\/>\n\t<\/div>\n\n<\/div><\/div><\/div><div id=\"pgc-1078-1-1\"  class=\"panel-grid-cell\" ><div id=\"panel-1078-1-1-0\" class=\"so-panel widget widget_sow-editor panel-first-child panel-last-child\" data-index=\"2\" ><div\n\t\t\t\n\t\t\tclass=\"so-widget-sow-editor so-widget-sow-editor-base\"\n\t\t\t\n\t\t>\n<div class=\"siteorigin-widget-tinymce textwidget\">\n\t<p>El curso incluye:<\/p>\n<ul>\n<li>Breves clases te\u00f3ricas para cada una de las inmersiones de aventura.<\/li>\n<li>2 m\u00f3dulos obligatorios: Buceo profundo (hasta 30 metros) y navegaci\u00f3n.<\/li>\n<li>3 inmersiones optativas, por ejemplo, ajuste de la flotabilidad, buceo nocturno, fotograf\u00eda, identificaci\u00f3n de peces, buceo en pecios, b\u00fasqueda y recuperaci\u00f3n... Habla con nuestros instructores sobre lo que te interesa.<\/li>\n<\/ul>\n<\/div>\n<\/div><\/div><\/div><\/div><div id=\"pg-1078-2\"  class=\"panel-grid panel-no-style\" ><div id=\"pgc-1078-2-0\"  class=\"panel-grid-cell\" ><div id=\"panel-1078-2-0-0\" class=\"so-panel widget widget_sow-editor panel-first-child panel-last-child\" data-index=\"3\" ><div\n\t\t\t\n\t\t\tclass=\"so-widget-sow-editor so-widget-sow-editor-base\"\n\t\t\t\n\t\t>\n<div class=\"siteorigin-widget-tinymce textwidget\">\n\t<h3><span style=\"color: #00ccff;\"><strong>Primeros auxilios (First Aid) \/ Reaccionar correctamente (React Right)<\/strong><\/span><\/h3>\n<p>Este curso pr\u00e1ctico no s\u00f3lo est\u00e1 recomendado para buceadores, sino que ense\u00f1a los fundamentos de los primeros auxilios en relaci\u00f3n con situaciones que tambi\u00e9n pueden darse en la vida cotidiana.<\/p>\n<p>Aqu\u00ed se aprenden y ense\u00f1an los primeros pasos para ayudar en peque\u00f1as lecciones f\u00e1ciles de entender, as\u00ed como con la ayuda de v\u00eddeos y del maniqu\u00ed. Empezando por lo que hay que hacer si alguien no se encuentra bien hasta el abordaje de v\u00edctimas desmayadas y sin respiraci\u00f3n. En el curso tambi\u00e9n se presta atenci\u00f3n a que el reanimador est\u00e9 lo m\u00e1s seguro posible.<\/p>\n<p>Duraci\u00f3n tras el aprendizaje aut\u00f3nomo: aprox. 8 horas<\/p>\n<p style=\"text-align: center;\">*****<\/p>\n<h3><span style=\"color: #00ccff;\"><strong>Buceador de rescate \/ Rescue diver<\/strong><\/span><\/h3>\n<p>Ser buceador de rescate significa aprender a apoyar a otro buceador y ayudarle a superar los problemas. Estar\u00e1s capacitado para reconocer los problemas a tiempo (incluso antes de que el buceador sepa que los tiene) y tomar medidas para evitarlos.<\/p>\n<p>Los escenarios pr\u00e1cticos se utilizan para trabajar todo, desde los calambres y el p\u00e1nico hasta la desaparici\u00f3n de buceadores y la recuperaci\u00f3n de v\u00edctimas. Este curso le permitir\u00e1 evitar percances de la mejor manera posible. Le proporcionar\u00e1 los conocimientos que le ayudar\u00e1n a ganar la confianza que necesita para enfrentarse a una situaci\u00f3n dif\u00edcil.<\/p>\n<p><strong>El curso incluye:<\/strong><\/p>\n<ul>\n<li>10 lecciones te\u00f3ricas<\/li>\n<li>10 escenarios de pr\u00e1ctica en aguas poco profundas<\/li>\n<li>Creaci\u00f3n de un plan de rescate<\/li>\n<li>Escenarios en aguas abiertas para aplicar lo aprendido en presencia del instructor.<\/li>\n<\/ul>\n<p>Duraci\u00f3n aprox. 4-5 d\u00edas<\/p>\n<p style=\"text-align: center;\">*****<\/p>\n<h3><span style=\"color: #00ccff;\"><strong>Buceador Nitrox<\/strong><\/span><\/h3>\n<p>Desde que nacemos, los seres humanos respiramos Nitrox (Nitr\u00f3geno = nitr\u00f3geno y Ox\u00edgeno = ox\u00edgeno). Pero s\u00f3lo unos pocos conocen la seguridad adicional que esta mezcla de gas enriquecida con ox\u00edgeno aporta al buceo.<\/p>\n<p>Muchos piensan que el Nitrox es un buceo t\u00e9cnico (Tec-diving)... \u00a1lejos de eso!<\/p>\n<p>El buceo con Nitrox minimiza el nitr\u00f3geno con ox\u00edgeno suplementario, por lo que tenemos menos saturaci\u00f3n de nitr\u00f3geno durante y despu\u00e9s de la inmersi\u00f3n.<\/p>\n<ul>\n<li>Duraci\u00f3n del curso 1 \u00bd d\u00edas<\/li>\n<li>2 clases te\u00f3ricas<\/li>\n<li>2 inmersiones en aguas abiertas<\/li>\n<li>Requisito: Licencia de buceo min. Open Water o equivalente<\/li>\n<\/ul>\n<p style=\"text-align: center;\">*****<\/p>\n<h3><span style=\"color: #00ccff;\"><strong>Cursos de especialidades diversas<\/strong><\/span><\/h3>\n<p>Ofrecemos varios cursos de especialidad. Estos incluyen cursos de especialidad en buceo profundo y nocturno,<\/p>\n<p>ajuste de la flotabilidad, fotograf\u00eda, identificaci\u00f3n de peces y algunos m\u00e1s. <a href=\"https:\/\/dive-bluedolphin.com\/es\/contacto\/\">S\u00f3lo tienes que preguntar<\/a>.<\/p>\n<p>&nbsp;<\/p>\n<\/div>\n<\/div><\/div><\/div><\/div><\/div>","protected":false},"excerpt":{"rendered":"<p>Buceador avanzado de aguas abiertas \/ Advanced Open Water (PADI) \/ Buceador avanzado de aventura \/ Advanced Adventurer (SSI) Esta certificaci\u00f3n es necesaria en casi todo el mundo para poder bucear a m\u00e1s de 18 metros de profundidad. Tambi\u00e9n te permite aprender algunas habilidades importantes m\u00e1s all\u00e1 de la certificaci\u00f3n b\u00e1sica de buceo y descubrir [&hellip;]<\/p>\n","protected":false},"author":1,"featured_media":0,"parent":1016,"menu_order":4,"comment_status":"closed","ping_status":"closed","template":"","meta":{"footnotes":""},"class_list":["post-1078","page","type-page","status-publish","hentry","post"],"yoast_head":"<!-- This site is optimized with the Yoast SEO plugin v27.5 - https:\/\/yoast.com\/product\/yoast-seo-wordpress\/ -->\n<title>Educaci\u00f3n \/ Formaci\u00f3n continua - Diving Center Blue Dolphin<\/title>\n<meta name=\"robots\" content=\"index, follow, max-snippet:-1, max-image-preview:large, max-video-preview:-1\" \/>\n<link rel=\"canonical\" href=\"https:\/\/dive-bluedolphin.com\/es\/formacion\/educacion-formacion-continua\/\" \/>\n<meta property=\"og:locale\" content=\"es_ES\" \/>\n<meta property=\"og:type\" content=\"article\" \/>\n<meta property=\"og:title\" content=\"Educaci\u00f3n \/ Formaci\u00f3n continua - Diving Center Blue Dolphin\" \/>\n<meta property=\"og:description\" content=\"Buceador avanzado de aguas abiertas \/ Advanced Open Water (PADI) \/ Buceador avanzado de aventura \/ Advanced Adventurer (SSI) Esta certificaci\u00f3n es necesaria en casi todo el mundo para poder bucear a m\u00e1s de 18 metros de profundidad. Tambi\u00e9n te permite aprender algunas habilidades importantes m\u00e1s all\u00e1 de la certificaci\u00f3n b\u00e1sica de buceo y descubrir [&hellip;]\" \/>\n<meta property=\"og:url\" content=\"https:\/\/dive-bluedolphin.com\/es\/formacion\/educacion-formacion-continua\/\" \/>\n<meta property=\"og:site_name\" content=\"Diving Center Blue Dolphin\" \/>\n<meta property=\"article:modified_time\" content=\"2021-11-03T14:53:56+00:00\" \/>\n<meta name=\"twitter:card\" content=\"summary_large_image\" \/>\n<meta name=\"twitter:label1\" content=\"Tiempo de lectura\" \/>\n\t<meta name=\"twitter:data1\" content=\"3 minutos\" \/>\n<script type=\"application\/ld+json\" class=\"yoast-schema-graph\">{\"@context\":\"https:\\\/\\\/schema.org\",\"@graph\":[{\"@type\":\"WebPage\",\"@id\":\"https:\\\/\\\/dive-bluedolphin.com\\\/es\\\/formacion\\\/educacion-formacion-continua\\\/\",\"url\":\"https:\\\/\\\/dive-bluedolphin.com\\\/es\\\/formacion\\\/educacion-formacion-continua\\\/\",\"name\":\"Educaci\u00f3n \\\/ Formaci\u00f3n continua - Diving Center Blue Dolphin\",\"isPartOf\":{\"@id\":\"https:\\\/\\\/dive-bluedolphin.com\\\/es\\\/#website\"},\"datePublished\":\"2021-10-29T10:13:45+00:00\",\"dateModified\":\"2021-11-03T14:53:56+00:00\",\"breadcrumb\":{\"@id\":\"https:\\\/\\\/dive-bluedolphin.com\\\/es\\\/formacion\\\/educacion-formacion-continua\\\/#breadcrumb\"},\"inLanguage\":\"es\",\"potentialAction\":[{\"@type\":\"ReadAction\",\"target\":[\"https:\\\/\\\/dive-bluedolphin.com\\\/es\\\/formacion\\\/educacion-formacion-continua\\\/\"]}]},{\"@type\":\"BreadcrumbList\",\"@id\":\"https:\\\/\\\/dive-bluedolphin.com\\\/es\\\/formacion\\\/educacion-formacion-continua\\\/#breadcrumb\",\"itemListElement\":[{\"@type\":\"ListItem\",\"position\":1,\"name\":\"Home\",\"item\":\"https:\\\/\\\/dive-bluedolphin.com\\\/es\\\/\"},{\"@type\":\"ListItem\",\"position\":2,\"name\":\"Formaci\u00f3n\",\"item\":\"https:\\\/\\\/dive-bluedolphin.com\\\/es\\\/formacion\\\/\"},{\"@type\":\"ListItem\",\"position\":3,\"name\":\"Educaci\u00f3n \\\/ Formaci\u00f3n continua\"}]},{\"@type\":\"WebSite\",\"@id\":\"https:\\\/\\\/dive-bluedolphin.com\\\/es\\\/#website\",\"url\":\"https:\\\/\\\/dive-bluedolphin.com\\\/es\\\/\",\"name\":\"Diving Center Blue Dolphin\",\"description\":\"Elounda - Crete\",\"potentialAction\":[{\"@type\":\"SearchAction\",\"target\":{\"@type\":\"EntryPoint\",\"urlTemplate\":\"https:\\\/\\\/dive-bluedolphin.com\\\/es\\\/?s={search_term_string}\"},\"query-input\":{\"@type\":\"PropertyValueSpecification\",\"valueRequired\":true,\"valueName\":\"search_term_string\"}}],\"inLanguage\":\"es\"}]}<\/script>\n<!-- \/ Yoast SEO plugin. -->","yoast_head_json":{"title":"Educaci\u00f3n \/ Formaci\u00f3n continua - Diving Center Blue Dolphin","robots":{"index":"index","follow":"follow","max-snippet":"max-snippet:-1","max-image-preview":"max-image-preview:large","max-video-preview":"max-video-preview:-1"},"canonical":"https:\/\/dive-bluedolphin.com\/es\/formacion\/educacion-formacion-continua\/","og_locale":"es_ES","og_type":"article","og_title":"Educaci\u00f3n \/ Formaci\u00f3n continua - Diving Center Blue Dolphin","og_description":"Buceador avanzado de aguas abiertas \/ Advanced Open Water (PADI) \/ Buceador avanzado de aventura \/ Advanced Adventurer (SSI) Esta certificaci\u00f3n es necesaria en casi todo el mundo para poder bucear a m\u00e1s de 18 metros de profundidad. Tambi\u00e9n te permite aprender algunas habilidades importantes m\u00e1s all\u00e1 de la certificaci\u00f3n b\u00e1sica de buceo y descubrir [&hellip;]","og_url":"https:\/\/dive-bluedolphin.com\/es\/formacion\/educacion-formacion-continua\/","og_site_name":"Diving Center Blue Dolphin","article_modified_time":"2021-11-03T14:53:56+00:00","twitter_card":"summary_large_image","twitter_misc":{"Tiempo de lectura":"3 minutos"},"schema":{"@context":"https:\/\/schema.org","@graph":[{"@type":"WebPage","@id":"https:\/\/dive-bluedolphin.com\/es\/formacion\/educacion-formacion-continua\/","url":"https:\/\/dive-bluedolphin.com\/es\/formacion\/educacion-formacion-continua\/","name":"Educaci\u00f3n \/ Formaci\u00f3n continua - Diving Center Blue Dolphin","isPartOf":{"@id":"https:\/\/dive-bluedolphin.com\/es\/#website"},"datePublished":"2021-10-29T10:13:45+00:00","dateModified":"2021-11-03T14:53:56+00:00","breadcrumb":{"@id":"https:\/\/dive-bluedolphin.com\/es\/formacion\/educacion-formacion-continua\/#breadcrumb"},"inLanguage":"es","potentialAction":[{"@type":"ReadAction","target":["https:\/\/dive-bluedolphin.com\/es\/formacion\/educacion-formacion-continua\/"]}]},{"@type":"BreadcrumbList","@id":"https:\/\/dive-bluedolphin.com\/es\/formacion\/educacion-formacion-continua\/#breadcrumb","itemListElement":[{"@type":"ListItem","position":1,"name":"Home","item":"https:\/\/dive-bluedolphin.com\/es\/"},{"@type":"ListItem","position":2,"name":"Formaci\u00f3n","item":"https:\/\/dive-bluedolphin.com\/es\/formacion\/"},{"@type":"ListItem","position":3,"name":"Educaci\u00f3n \/ Formaci\u00f3n continua"}]},{"@type":"WebSite","@id":"https:\/\/dive-bluedolphin.com\/es\/#website","url":"https:\/\/dive-bluedolphin.com\/es\/","name":"Diving Center Blue Dolphin","description":"Elounda - Crete","potentialAction":[{"@type":"SearchAction","target":{"@type":"EntryPoint","urlTemplate":"https:\/\/dive-bluedolphin.com\/es\/?s={search_term_string}"},"query-input":{"@type":"PropertyValueSpecification","valueRequired":true,"valueName":"search_term_string"}}],"inLanguage":"es"}]}},"_links":{"self":[{"href":"https:\/\/dive-bluedolphin.com\/es\/wp-json\/wp\/v2\/pages\/1078","targetHints":{"allow":["GET"]}}],"collection":[{"href":"https:\/\/dive-bluedolphin.com\/es\/wp-json\/wp\/v2\/pages"}],"about":[{"href":"https:\/\/dive-bluedolphin.com\/es\/wp-json\/wp\/v2\/types\/page"}],"author":[{"embeddable":true,"href":"https:\/\/dive-bluedolphin.com\/es\/wp-json\/wp\/v2\/users\/1"}],"replies":[{"embeddable":true,"href":"https:\/\/dive-bluedolphin.com\/es\/wp-json\/wp\/v2\/comments?post=1078"}],"version-history":[{"count":4,"href":"https:\/\/dive-bluedolphin.com\/es\/wp-json\/wp\/v2\/pages\/1078\/revisions"}],"predecessor-version":[{"id":1445,"href":"https:\/\/dive-bluedolphin.com\/es\/wp-json\/wp\/v2\/pages\/1078\/revisions\/1445"}],"up":[{"embeddable":true,"href":"https:\/\/dive-bluedolphin.com\/es\/wp-json\/wp\/v2\/pages\/1016"}],"wp:attachment":[{"href":"https:\/\/dive-bluedolphin.com\/es\/wp-json\/wp\/v2\/media?parent=1078"}],"curies":[{"name":"wp","href":"https:\/\/api.w.org\/{rel}","templated":true}]}}