{"id":1083,"date":"2021-10-29T12:21:51","date_gmt":"2021-10-29T10:21:51","guid":{"rendered":"https:\/\/dive-bluedolphin.com\/?page_id=1083"},"modified":"2021-10-29T12:21:51","modified_gmt":"2021-10-29T10:21:51","slug":"buceo-con-discapacidades","status":"publish","type":"page","link":"https:\/\/dive-bluedolphin.com\/es\/buceo-con-discapacidades\/","title":{"rendered":"Buceo con discapacidades"},"content":{"rendered":"<p>Tambi\u00e9n entrenamos seg\u00fan las directrices de DDI (Disabled Divers International).<\/p>\n<p>Lamentablemente, esta p\u00e1gina a\u00fan est\u00e1 en construcci\u00f3n.<\/p>\n<p>No obstante, estaremos encantados de proporcionarle informaci\u00f3n si lo solicita.<\/p>\n","protected":false},"excerpt":{"rendered":"<p>Tambi\u00e9n entrenamos seg\u00fan las directrices de DDI (Disabled Divers International). Lamentablemente, esta p\u00e1gina a\u00fan est\u00e1 en construcci\u00f3n. No obstante, estaremos encantados de proporcionarle informaci\u00f3n si lo solicita.<\/p>\n","protected":false},"author":1,"featured_media":0,"parent":0,"menu_order":4,"comment_status":"closed","ping_status":"closed","template":"","meta":{"footnotes":""},"class_list":["post-1083","page","type-page","status-publish","hentry","post"],"yoast_head":"<!-- This site is optimized with the Yoast SEO plugin v27.3 - https:\/\/yoast.com\/product\/yoast-seo-wordpress\/ -->\n<title>Buceo con discapacidades - Diving Center Blue Dolphin<\/title>\n<meta name=\"robots\" content=\"index, follow, max-snippet:-1, max-image-preview:large, max-video-preview:-1\" \/>\n<link rel=\"canonical\" href=\"https:\/\/dive-bluedolphin.com\/es\/buceo-con-discapacidades\/\" \/>\n<meta property=\"og:locale\" content=\"es_ES\" \/>\n<meta property=\"og:type\" content=\"article\" \/>\n<meta property=\"og:title\" content=\"Buceo con discapacidades - Diving Center Blue Dolphin\" \/>\n<meta property=\"og:description\" content=\"Tambi\u00e9n entrenamos seg\u00fan las directrices de DDI (Disabled Divers International). Lamentablemente, esta p\u00e1gina a\u00fan est\u00e1 en construcci\u00f3n. No obstante, estaremos encantados de proporcionarle informaci\u00f3n si lo solicita.\" \/>\n<meta property=\"og:url\" content=\"https:\/\/dive-bluedolphin.com\/es\/buceo-con-discapacidades\/\" \/>\n<meta property=\"og:site_name\" content=\"Diving Center Blue Dolphin\" \/>\n<meta name=\"twitter:card\" content=\"summary_large_image\" \/>\n<meta name=\"twitter:label1\" content=\"Tiempo de lectura\" \/>\n\t<meta name=\"twitter:data1\" content=\"1 minuto\" \/>\n<script type=\"application\/ld+json\" class=\"yoast-schema-graph\">{\"@context\":\"https:\\\/\\\/schema.org\",\"@graph\":[{\"@type\":\"WebPage\",\"@id\":\"https:\\\/\\\/dive-bluedolphin.com\\\/es\\\/buceo-con-discapacidades\\\/\",\"url\":\"https:\\\/\\\/dive-bluedolphin.com\\\/es\\\/buceo-con-discapacidades\\\/\",\"name\":\"Buceo con discapacidades - Diving Center Blue Dolphin\",\"isPartOf\":{\"@id\":\"https:\\\/\\\/dive-bluedolphin.com\\\/es\\\/#website\"},\"datePublished\":\"2021-10-29T10:21:51+00:00\",\"breadcrumb\":{\"@id\":\"https:\\\/\\\/dive-bluedolphin.com\\\/es\\\/buceo-con-discapacidades\\\/#breadcrumb\"},\"inLanguage\":\"es\",\"potentialAction\":[{\"@type\":\"ReadAction\",\"target\":[\"https:\\\/\\\/dive-bluedolphin.com\\\/es\\\/buceo-con-discapacidades\\\/\"]}]},{\"@type\":\"BreadcrumbList\",\"@id\":\"https:\\\/\\\/dive-bluedolphin.com\\\/es\\\/buceo-con-discapacidades\\\/#breadcrumb\",\"itemListElement\":[{\"@type\":\"ListItem\",\"position\":1,\"name\":\"Home\",\"item\":\"https:\\\/\\\/dive-bluedolphin.com\\\/es\\\/\"},{\"@type\":\"ListItem\",\"position\":2,\"name\":\"Buceo con discapacidades\"}]},{\"@type\":\"WebSite\",\"@id\":\"https:\\\/\\\/dive-bluedolphin.com\\\/es\\\/#website\",\"url\":\"https:\\\/\\\/dive-bluedolphin.com\\\/es\\\/\",\"name\":\"Diving Center Blue Dolphin\",\"description\":\"Elounda - Crete\",\"potentialAction\":[{\"@type\":\"SearchAction\",\"target\":{\"@type\":\"EntryPoint\",\"urlTemplate\":\"https:\\\/\\\/dive-bluedolphin.com\\\/es\\\/?s={search_term_string}\"},\"query-input\":{\"@type\":\"PropertyValueSpecification\",\"valueRequired\":true,\"valueName\":\"search_term_string\"}}],\"inLanguage\":\"es\"}]}<\/script>\n<!-- \/ Yoast SEO plugin. -->","yoast_head_json":{"title":"Buceo con discapacidades - Diving Center Blue Dolphin","robots":{"index":"index","follow":"follow","max-snippet":"max-snippet:-1","max-image-preview":"max-image-preview:large","max-video-preview":"max-video-preview:-1"},"canonical":"https:\/\/dive-bluedolphin.com\/es\/buceo-con-discapacidades\/","og_locale":"es_ES","og_type":"article","og_title":"Buceo con discapacidades - Diving Center Blue Dolphin","og_description":"Tambi\u00e9n entrenamos seg\u00fan las directrices de DDI (Disabled Divers International). Lamentablemente, esta p\u00e1gina a\u00fan est\u00e1 en construcci\u00f3n. No obstante, estaremos encantados de proporcionarle informaci\u00f3n si lo solicita.","og_url":"https:\/\/dive-bluedolphin.com\/es\/buceo-con-discapacidades\/","og_site_name":"Diving Center Blue Dolphin","twitter_card":"summary_large_image","twitter_misc":{"Tiempo de lectura":"1 minuto"},"schema":{"@context":"https:\/\/schema.org","@graph":[{"@type":"WebPage","@id":"https:\/\/dive-bluedolphin.com\/es\/buceo-con-discapacidades\/","url":"https:\/\/dive-bluedolphin.com\/es\/buceo-con-discapacidades\/","name":"Buceo con discapacidades - Diving Center Blue Dolphin","isPartOf":{"@id":"https:\/\/dive-bluedolphin.com\/es\/#website"},"datePublished":"2021-10-29T10:21:51+00:00","breadcrumb":{"@id":"https:\/\/dive-bluedolphin.com\/es\/buceo-con-discapacidades\/#breadcrumb"},"inLanguage":"es","potentialAction":[{"@type":"ReadAction","target":["https:\/\/dive-bluedolphin.com\/es\/buceo-con-discapacidades\/"]}]},{"@type":"BreadcrumbList","@id":"https:\/\/dive-bluedolphin.com\/es\/buceo-con-discapacidades\/#breadcrumb","itemListElement":[{"@type":"ListItem","position":1,"name":"Home","item":"https:\/\/dive-bluedolphin.com\/es\/"},{"@type":"ListItem","position":2,"name":"Buceo con discapacidades"}]},{"@type":"WebSite","@id":"https:\/\/dive-bluedolphin.com\/es\/#website","url":"https:\/\/dive-bluedolphin.com\/es\/","name":"Diving Center Blue Dolphin","description":"Elounda - Crete","potentialAction":[{"@type":"SearchAction","target":{"@type":"EntryPoint","urlTemplate":"https:\/\/dive-bluedolphin.com\/es\/?s={search_term_string}"},"query-input":{"@type":"PropertyValueSpecification","valueRequired":true,"valueName":"search_term_string"}}],"inLanguage":"es"}]}},"_links":{"self":[{"href":"https:\/\/dive-bluedolphin.com\/es\/wp-json\/wp\/v2\/pages\/1083","targetHints":{"allow":["GET"]}}],"collection":[{"href":"https:\/\/dive-bluedolphin.com\/es\/wp-json\/wp\/v2\/pages"}],"about":[{"href":"https:\/\/dive-bluedolphin.com\/es\/wp-json\/wp\/v2\/types\/page"}],"author":[{"embeddable":true,"href":"https:\/\/dive-bluedolphin.com\/es\/wp-json\/wp\/v2\/users\/1"}],"replies":[{"embeddable":true,"href":"https:\/\/dive-bluedolphin.com\/es\/wp-json\/wp\/v2\/comments?post=1083"}],"version-history":[{"count":1,"href":"https:\/\/dive-bluedolphin.com\/es\/wp-json\/wp\/v2\/pages\/1083\/revisions"}],"predecessor-version":[{"id":1084,"href":"https:\/\/dive-bluedolphin.com\/es\/wp-json\/wp\/v2\/pages\/1083\/revisions\/1084"}],"wp:attachment":[{"href":"https:\/\/dive-bluedolphin.com\/es\/wp-json\/wp\/v2\/media?parent=1083"}],"curies":[{"name":"wp","href":"https:\/\/api.w.org\/{rel}","templated":true}]}}