{"id":1088,"date":"2021-10-29T12:28:28","date_gmt":"2021-10-29T10:28:28","guid":{"rendered":"https:\/\/dive-bluedolphin.com\/?page_id=1088"},"modified":"2021-11-03T16:18:17","modified_gmt":"2021-11-03T15:18:17","slug":"alojamientos","status":"publish","type":"page","link":"https:\/\/dive-bluedolphin.com\/es\/alojamientos\/","title":{"rendered":"Alojamientos"},"content":{"rendered":"<div id=\"pl-1088\"  class=\"panel-layout\" ><div id=\"pg-1088-0\"  class=\"panel-grid panel-no-style\" ><div id=\"pgc-1088-0-0\"  class=\"panel-grid-cell\" ><div id=\"panel-1088-0-0-0\" class=\"so-panel widget widget_sow-editor panel-first-child panel-last-child\" data-index=\"0\" ><div\n\t\t\t\n\t\t\tclass=\"so-widget-sow-editor so-widget-sow-editor-base\"\n\t\t\t\n\t\t>\n<div class=\"siteorigin-widget-tinymce textwidget\">\n\t<div class=\"art-content-layout-wrapper layout-item-0\">\n<div class=\"art-content-layout\">\n<div class=\"art-content-layout-row\">\n<div class=\"art-layout-cell\">\n<div class=\"art-postcontent clearfix\"><\/div>\n<\/div>\n<\/div>\n<\/div>\n<\/div>\n<p>El hotel Sensimar Aquila Elounda Village *****, donde se encuentra nuestro centro de buceo, es un amplio complejo con numerosas piscinas de agua dulce y salada. Est\u00e1 situado en medio de un tranquilo complejo ajardinado, que desciende en terrazas hacia el mar. El hotel pertenece a la mayor cadena hotelera griega, conocida por su alto nivel internacional y su excelente cocina.<\/p>\n<p>Los hu\u00e9spedes que no bucean tambi\u00e9n est\u00e1n bien atendidos, ya que no hay lugar para el aburrimiento con las actividades de animaci\u00f3n y las estupendas instalaciones de spa, as\u00ed como las excursiones organizadas.<\/p>\n<p>El hotel Sensimar Aquila Elounda Village ***** es un hotel s\u00f3lo para adultos con acceso a partir de los 16 a\u00f1os. Por lo tanto, damos la bienvenida a nuestros hu\u00e9spedes m\u00e1s j\u00f3venes en nuestra sucursal del hotel Elounda Breeze, desde donde tambi\u00e9n ofrecemos inmersiones de iniciaci\u00f3n, una primera inmersi\u00f3n f\u00e1cil y cursos de buceo. Para las excursiones en barco, nuestros j\u00f3venes buceadores son recogidos en barco en la playa del Hotel Elounda Breeze.<\/p>\n<p>Otras opciones de alojamiento de 3 y 4 estrellas en hoteles y pisos situados en las inmediaciones ofrecen alternativas diferentes o asequibles para todos nuestros hu\u00e9spedes.<\/p>\n<p>He aqu\u00ed un peque\u00f1o resumen de las opciones de alojamiento en nuestras inmediaciones.<\/p>\n<p style=\"text-align: center;\">***<\/p>\n<h3>Hoteles en nuestras inmediaciones (hasta 5 minutos):<\/h3>\n<p>Hotel Elounda Ilion****<\/p>\n<p>Hotel Elounda Breeze****<\/p>\n<p>Hotel Elounda Palm****<\/p>\n<p>Hotel Elounda Krini ***<\/p>\n<p>Elounda Vistas Villas<\/p>\n<p>________________________________________<\/p>\n<p>Elounda Gulf Villas &amp; Suits*****<\/p>\n<p>Elounda Mare*****+<\/p>\n<p>Porto Elounda Mare*****+<\/p>\n<p>Elounda Bay Palace*****<\/p>\n<p>________________________________________<\/p>\n<h3>Hoteles y pisos en nuestros alrededores (5 a 10 min.):<\/h3>\n<p>Hotel Elounda Residence ( Aquapark)****<\/p>\n<p>Elounda Garden Suites - https:\/\/eloundagardensuites.com\/<\/p>\n<p>Hotel Akti Olous ***<\/p>\n<p>Elounda Blu **** - https:\/\/eloundablu.com\/<\/p>\n<p>Elounda Island Villas<\/p>\n<p>George Studios - https:\/\/www.eloundageorgestudios.gr\/<\/p>\n<p>________________________________________<\/p>\n<p>\u00a1Ofrecemos un traslado gratuito a todos los alojamientos y villas mencionados en Elounda! Dependiendo de la posibilidad, estamos encantados de ayudar con el arreglo.<\/p>\n<p>\u00a1La ciudad de Agios Nikolaos est\u00e1 a s\u00f3lo unos 15 minutos en coche de nuestro centro de buceo!<\/p>\n<div class=\"art-content-layout-wrapper layout-item-0\">\n<div class=\"art-content-layout\">\n<div class=\"art-content-layout-row\">\n<div class=\"art-layout-cell\">\n<div class=\"art-postcontent clearfix\">\n<p>&nbsp;<\/p>\n<\/div>\n<\/div>\n<\/div>\n<\/div>\n<\/div>\n<\/div>\n<\/div><\/div><\/div><\/div><\/div>","protected":false},"excerpt":{"rendered":"<p>El hotel Sensimar Aquila Elounda Village *****, donde se encuentra nuestro centro de buceo, es un amplio complejo con numerosas piscinas de agua dulce y salada. Est\u00e1 situado en medio de un tranquilo complejo ajardinado, que desciende en terrazas hacia el mar. El hotel pertenece a la mayor cadena hotelera griega, conocida por su alto [&hellip;]<\/p>\n","protected":false},"author":1,"featured_media":0,"parent":0,"menu_order":5,"comment_status":"closed","ping_status":"closed","template":"","meta":{"footnotes":""},"class_list":["post-1088","page","type-page","status-publish","hentry","post"],"yoast_head":"<!-- This site is optimized with the Yoast SEO plugin v27.3 - https:\/\/yoast.com\/product\/yoast-seo-wordpress\/ -->\n<title>Alojamientos - Diving Center Blue Dolphin<\/title>\n<meta name=\"robots\" content=\"index, follow, max-snippet:-1, max-image-preview:large, max-video-preview:-1\" \/>\n<link rel=\"canonical\" href=\"https:\/\/dive-bluedolphin.com\/es\/alojamientos\/\" \/>\n<meta property=\"og:locale\" content=\"es_ES\" \/>\n<meta property=\"og:type\" content=\"article\" \/>\n<meta property=\"og:title\" content=\"Alojamientos - Diving Center Blue Dolphin\" \/>\n<meta property=\"og:description\" content=\"El hotel Sensimar Aquila Elounda Village *****, donde se encuentra nuestro centro de buceo, es un amplio complejo con numerosas piscinas de agua dulce y salada. Est\u00e1 situado en medio de un tranquilo complejo ajardinado, que desciende en terrazas hacia el mar. El hotel pertenece a la mayor cadena hotelera griega, conocida por su alto [&hellip;]\" \/>\n<meta property=\"og:url\" content=\"https:\/\/dive-bluedolphin.com\/es\/alojamientos\/\" \/>\n<meta property=\"og:site_name\" content=\"Diving Center Blue Dolphin\" \/>\n<meta property=\"article:modified_time\" content=\"2021-11-03T15:18:17+00:00\" \/>\n<meta name=\"twitter:card\" content=\"summary_large_image\" \/>\n<meta name=\"twitter:label1\" content=\"Tiempo de lectura\" \/>\n\t<meta name=\"twitter:data1\" content=\"2 minutos\" \/>\n<script type=\"application\/ld+json\" class=\"yoast-schema-graph\">{\"@context\":\"https:\\\/\\\/schema.org\",\"@graph\":[{\"@type\":\"WebPage\",\"@id\":\"https:\\\/\\\/dive-bluedolphin.com\\\/es\\\/alojamientos\\\/\",\"url\":\"https:\\\/\\\/dive-bluedolphin.com\\\/es\\\/alojamientos\\\/\",\"name\":\"Alojamientos - Diving Center Blue Dolphin\",\"isPartOf\":{\"@id\":\"https:\\\/\\\/dive-bluedolphin.com\\\/es\\\/#website\"},\"datePublished\":\"2021-10-29T10:28:28+00:00\",\"dateModified\":\"2021-11-03T15:18:17+00:00\",\"breadcrumb\":{\"@id\":\"https:\\\/\\\/dive-bluedolphin.com\\\/es\\\/alojamientos\\\/#breadcrumb\"},\"inLanguage\":\"es\",\"potentialAction\":[{\"@type\":\"ReadAction\",\"target\":[\"https:\\\/\\\/dive-bluedolphin.com\\\/es\\\/alojamientos\\\/\"]}]},{\"@type\":\"BreadcrumbList\",\"@id\":\"https:\\\/\\\/dive-bluedolphin.com\\\/es\\\/alojamientos\\\/#breadcrumb\",\"itemListElement\":[{\"@type\":\"ListItem\",\"position\":1,\"name\":\"Home\",\"item\":\"https:\\\/\\\/dive-bluedolphin.com\\\/es\\\/\"},{\"@type\":\"ListItem\",\"position\":2,\"name\":\"Alojamientos\"}]},{\"@type\":\"WebSite\",\"@id\":\"https:\\\/\\\/dive-bluedolphin.com\\\/es\\\/#website\",\"url\":\"https:\\\/\\\/dive-bluedolphin.com\\\/es\\\/\",\"name\":\"Diving Center Blue Dolphin\",\"description\":\"Elounda - Crete\",\"potentialAction\":[{\"@type\":\"SearchAction\",\"target\":{\"@type\":\"EntryPoint\",\"urlTemplate\":\"https:\\\/\\\/dive-bluedolphin.com\\\/es\\\/?s={search_term_string}\"},\"query-input\":{\"@type\":\"PropertyValueSpecification\",\"valueRequired\":true,\"valueName\":\"search_term_string\"}}],\"inLanguage\":\"es\"}]}<\/script>\n<!-- \/ Yoast SEO plugin. -->","yoast_head_json":{"title":"Alojamientos - Diving Center Blue Dolphin","robots":{"index":"index","follow":"follow","max-snippet":"max-snippet:-1","max-image-preview":"max-image-preview:large","max-video-preview":"max-video-preview:-1"},"canonical":"https:\/\/dive-bluedolphin.com\/es\/alojamientos\/","og_locale":"es_ES","og_type":"article","og_title":"Alojamientos - Diving Center Blue Dolphin","og_description":"El hotel Sensimar Aquila Elounda Village *****, donde se encuentra nuestro centro de buceo, es un amplio complejo con numerosas piscinas de agua dulce y salada. Est\u00e1 situado en medio de un tranquilo complejo ajardinado, que desciende en terrazas hacia el mar. El hotel pertenece a la mayor cadena hotelera griega, conocida por su alto [&hellip;]","og_url":"https:\/\/dive-bluedolphin.com\/es\/alojamientos\/","og_site_name":"Diving Center Blue Dolphin","article_modified_time":"2021-11-03T15:18:17+00:00","twitter_card":"summary_large_image","twitter_misc":{"Tiempo de lectura":"2 minutos"},"schema":{"@context":"https:\/\/schema.org","@graph":[{"@type":"WebPage","@id":"https:\/\/dive-bluedolphin.com\/es\/alojamientos\/","url":"https:\/\/dive-bluedolphin.com\/es\/alojamientos\/","name":"Alojamientos - Diving Center Blue Dolphin","isPartOf":{"@id":"https:\/\/dive-bluedolphin.com\/es\/#website"},"datePublished":"2021-10-29T10:28:28+00:00","dateModified":"2021-11-03T15:18:17+00:00","breadcrumb":{"@id":"https:\/\/dive-bluedolphin.com\/es\/alojamientos\/#breadcrumb"},"inLanguage":"es","potentialAction":[{"@type":"ReadAction","target":["https:\/\/dive-bluedolphin.com\/es\/alojamientos\/"]}]},{"@type":"BreadcrumbList","@id":"https:\/\/dive-bluedolphin.com\/es\/alojamientos\/#breadcrumb","itemListElement":[{"@type":"ListItem","position":1,"name":"Home","item":"https:\/\/dive-bluedolphin.com\/es\/"},{"@type":"ListItem","position":2,"name":"Alojamientos"}]},{"@type":"WebSite","@id":"https:\/\/dive-bluedolphin.com\/es\/#website","url":"https:\/\/dive-bluedolphin.com\/es\/","name":"Diving Center Blue Dolphin","description":"Elounda - Crete","potentialAction":[{"@type":"SearchAction","target":{"@type":"EntryPoint","urlTemplate":"https:\/\/dive-bluedolphin.com\/es\/?s={search_term_string}"},"query-input":{"@type":"PropertyValueSpecification","valueRequired":true,"valueName":"search_term_string"}}],"inLanguage":"es"}]}},"_links":{"self":[{"href":"https:\/\/dive-bluedolphin.com\/es\/wp-json\/wp\/v2\/pages\/1088","targetHints":{"allow":["GET"]}}],"collection":[{"href":"https:\/\/dive-bluedolphin.com\/es\/wp-json\/wp\/v2\/pages"}],"about":[{"href":"https:\/\/dive-bluedolphin.com\/es\/wp-json\/wp\/v2\/types\/page"}],"author":[{"embeddable":true,"href":"https:\/\/dive-bluedolphin.com\/es\/wp-json\/wp\/v2\/users\/1"}],"replies":[{"embeddable":true,"href":"https:\/\/dive-bluedolphin.com\/es\/wp-json\/wp\/v2\/comments?post=1088"}],"version-history":[{"count":3,"href":"https:\/\/dive-bluedolphin.com\/es\/wp-json\/wp\/v2\/pages\/1088\/revisions"}],"predecessor-version":[{"id":1453,"href":"https:\/\/dive-bluedolphin.com\/es\/wp-json\/wp\/v2\/pages\/1088\/revisions\/1453"}],"wp:attachment":[{"href":"https:\/\/dive-bluedolphin.com\/es\/wp-json\/wp\/v2\/media?parent=1088"}],"curies":[{"name":"wp","href":"https:\/\/api.w.org\/{rel}","templated":true}]}}