{"id":1101,"date":"2021-09-06T18:47:21","date_gmt":"2021-09-06T16:47:21","guid":{"rendered":"https:\/\/dive-bluedolphin.com\/impressum\/"},"modified":"2021-10-29T12:35:33","modified_gmt":"2021-10-29T10:35:33","slug":"impressum","status":"publish","type":"page","link":"https:\/\/dive-bluedolphin.com\/es\/impressum\/","title":{"rendered":"Impressum"},"content":{"rendered":"<div class=\"entry-content\">\n<p><strong>Postanschrift:<\/strong><br \/>\nDiving Center Blue Dolphin<br \/>\nSensimar Aquila Elounda Village<br \/>\n72053 Elounda<br \/>\nCrete \u2013 Greece<\/p>\n<p><strong>Kommunikationsdaten:<\/strong><br \/>\nTelefon: +302 841 041 802<br \/>\nHandy Griechenland: +306955897711<br \/>\nE-Mail: mail@dive-bluedolphin.com<\/p>\n<p><strong>Gesch\u00e4ftsf\u00fchrung:<\/strong><br \/>\nApostolos Tsioufis<\/p>\n<p><strong>Steuernummern:<\/strong><br \/>\nUST-ID-Nr. EL 046634099<\/p>\n<p><strong>Gestaltung und Programmierung:<\/strong><br \/>\n<a href=\"https:\/\/web.archive.org\/web\/20210305201729\/http:\/\/www.printlayout-und-webdesign.de\/\" target=\"_blank\" rel=\"noopener noreferrer\">printlayout &amp; webdesign, Potsdam, Germany<\/a><\/p>\n<p><strong>Haftungsausschluss:<\/strong><br \/>\nWir m\u00f6chten ausdr\u00fccklich betonen, dass wir keinerlei Einfluss auf die Inhalte der gelinkten Seiten haben. Wir haften lediglich f\u00fcr Inhalte dieser Seite. Deshalb distanzieren wir uns hiermit ausdr\u00fccklich von allen Inhalten aller gelinkten Seiten auf dieser Homepage.<\/p>\n<p><strong>Copyright:<\/strong><br \/>\nDie Rechte der Texte und Fotos dieser Website liegen, soweit nicht anders angegeben, bei Diving Center Blue Dolphin.<br \/>\nOhne R\u00fcckfrage an das Diving Center Blue Dolphin ist das Kopieren der Fotos oder Inhalte nicht erlaubt.<\/p>\n<\/div>\n","protected":false},"excerpt":{"rendered":"<p>Postanschrift: Diving Center Blue Dolphin Sensimar Aquila Elounda Village 72053 Elounda Crete \u2013 Greece Kommunikationsdaten: Telefon: +302 841 041 802 Handy Griechenland: +306955897711 E-Mail: mail@dive-bluedolphin.com Gesch\u00e4ftsf\u00fchrung: Apostolos Tsioufis Steuernummern: UST-ID-Nr. EL 046634099 Gestaltung und Programmierung: printlayout &amp; webdesign, Potsdam, Germany Haftungsausschluss: Wir m\u00f6chten ausdr\u00fccklich betonen, dass wir keinerlei Einfluss auf die Inhalte der gelinkten Seiten [&hellip;]<\/p>\n","protected":false},"author":1,"featured_media":0,"parent":0,"menu_order":9,"comment_status":"closed","ping_status":"closed","template":"","meta":{"footnotes":""},"class_list":["post-1101","page","type-page","status-publish","hentry","post"],"yoast_head":"<!-- This site is optimized with the Yoast SEO plugin v27.3 - https:\/\/yoast.com\/product\/yoast-seo-wordpress\/ -->\n<title>Impressum - Diving Center Blue Dolphin<\/title>\n<meta name=\"robots\" content=\"index, follow, max-snippet:-1, max-image-preview:large, max-video-preview:-1\" \/>\n<link rel=\"canonical\" href=\"https:\/\/dive-bluedolphin.com\/es\/impressum\/\" \/>\n<meta property=\"og:locale\" content=\"es_ES\" \/>\n<meta property=\"og:type\" content=\"article\" \/>\n<meta property=\"og:title\" content=\"Impressum - Diving Center Blue Dolphin\" \/>\n<meta property=\"og:description\" content=\"Postanschrift: Diving Center Blue Dolphin Sensimar Aquila Elounda Village 72053 Elounda Crete \u2013 Greece Kommunikationsdaten: Telefon: +302 841 041 802 Handy Griechenland: +306955897711 E-Mail: mail@dive-bluedolphin.com Gesch\u00e4ftsf\u00fchrung: Apostolos Tsioufis Steuernummern: UST-ID-Nr. EL 046634099 Gestaltung und Programmierung: printlayout &amp; webdesign, Potsdam, Germany Haftungsausschluss: Wir m\u00f6chten ausdr\u00fccklich betonen, dass wir keinerlei Einfluss auf die Inhalte der gelinkten Seiten [&hellip;]\" \/>\n<meta property=\"og:url\" content=\"https:\/\/dive-bluedolphin.com\/es\/impressum\/\" \/>\n<meta property=\"og:site_name\" content=\"Diving Center Blue Dolphin\" \/>\n<meta property=\"article:modified_time\" content=\"2021-10-29T10:35:33+00:00\" \/>\n<meta name=\"twitter:card\" content=\"summary_large_image\" \/>\n<meta name=\"twitter:label1\" content=\"Tiempo de lectura\" \/>\n\t<meta name=\"twitter:data1\" content=\"1 minuto\" \/>\n<script type=\"application\/ld+json\" class=\"yoast-schema-graph\">{\"@context\":\"https:\\\/\\\/schema.org\",\"@graph\":[{\"@type\":\"WebPage\",\"@id\":\"https:\\\/\\\/dive-bluedolphin.com\\\/es\\\/impressum\\\/\",\"url\":\"https:\\\/\\\/dive-bluedolphin.com\\\/es\\\/impressum\\\/\",\"name\":\"Impressum - Diving Center Blue Dolphin\",\"isPartOf\":{\"@id\":\"https:\\\/\\\/dive-bluedolphin.com\\\/es\\\/#website\"},\"datePublished\":\"2021-09-06T16:47:21+00:00\",\"dateModified\":\"2021-10-29T10:35:33+00:00\",\"breadcrumb\":{\"@id\":\"https:\\\/\\\/dive-bluedolphin.com\\\/es\\\/impressum\\\/#breadcrumb\"},\"inLanguage\":\"es\",\"potentialAction\":[{\"@type\":\"ReadAction\",\"target\":[\"https:\\\/\\\/dive-bluedolphin.com\\\/es\\\/impressum\\\/\"]}]},{\"@type\":\"BreadcrumbList\",\"@id\":\"https:\\\/\\\/dive-bluedolphin.com\\\/es\\\/impressum\\\/#breadcrumb\",\"itemListElement\":[{\"@type\":\"ListItem\",\"position\":1,\"name\":\"Home\",\"item\":\"https:\\\/\\\/dive-bluedolphin.com\\\/es\\\/\"},{\"@type\":\"ListItem\",\"position\":2,\"name\":\"Impressum\"}]},{\"@type\":\"WebSite\",\"@id\":\"https:\\\/\\\/dive-bluedolphin.com\\\/es\\\/#website\",\"url\":\"https:\\\/\\\/dive-bluedolphin.com\\\/es\\\/\",\"name\":\"Diving Center Blue Dolphin\",\"description\":\"Elounda - Crete\",\"potentialAction\":[{\"@type\":\"SearchAction\",\"target\":{\"@type\":\"EntryPoint\",\"urlTemplate\":\"https:\\\/\\\/dive-bluedolphin.com\\\/es\\\/?s={search_term_string}\"},\"query-input\":{\"@type\":\"PropertyValueSpecification\",\"valueRequired\":true,\"valueName\":\"search_term_string\"}}],\"inLanguage\":\"es\"}]}<\/script>\n<!-- \/ Yoast SEO plugin. -->","yoast_head_json":{"title":"Impressum - Diving Center Blue Dolphin","robots":{"index":"index","follow":"follow","max-snippet":"max-snippet:-1","max-image-preview":"max-image-preview:large","max-video-preview":"max-video-preview:-1"},"canonical":"https:\/\/dive-bluedolphin.com\/es\/impressum\/","og_locale":"es_ES","og_type":"article","og_title":"Impressum - Diving Center Blue Dolphin","og_description":"Postanschrift: Diving Center Blue Dolphin Sensimar Aquila Elounda Village 72053 Elounda Crete \u2013 Greece Kommunikationsdaten: Telefon: +302 841 041 802 Handy Griechenland: +306955897711 E-Mail: mail@dive-bluedolphin.com Gesch\u00e4ftsf\u00fchrung: Apostolos Tsioufis Steuernummern: UST-ID-Nr. EL 046634099 Gestaltung und Programmierung: printlayout &amp; webdesign, Potsdam, Germany Haftungsausschluss: Wir m\u00f6chten ausdr\u00fccklich betonen, dass wir keinerlei Einfluss auf die Inhalte der gelinkten Seiten [&hellip;]","og_url":"https:\/\/dive-bluedolphin.com\/es\/impressum\/","og_site_name":"Diving Center Blue Dolphin","article_modified_time":"2021-10-29T10:35:33+00:00","twitter_card":"summary_large_image","twitter_misc":{"Tiempo de lectura":"1 minuto"},"schema":{"@context":"https:\/\/schema.org","@graph":[{"@type":"WebPage","@id":"https:\/\/dive-bluedolphin.com\/es\/impressum\/","url":"https:\/\/dive-bluedolphin.com\/es\/impressum\/","name":"Impressum - Diving Center Blue Dolphin","isPartOf":{"@id":"https:\/\/dive-bluedolphin.com\/es\/#website"},"datePublished":"2021-09-06T16:47:21+00:00","dateModified":"2021-10-29T10:35:33+00:00","breadcrumb":{"@id":"https:\/\/dive-bluedolphin.com\/es\/impressum\/#breadcrumb"},"inLanguage":"es","potentialAction":[{"@type":"ReadAction","target":["https:\/\/dive-bluedolphin.com\/es\/impressum\/"]}]},{"@type":"BreadcrumbList","@id":"https:\/\/dive-bluedolphin.com\/es\/impressum\/#breadcrumb","itemListElement":[{"@type":"ListItem","position":1,"name":"Home","item":"https:\/\/dive-bluedolphin.com\/es\/"},{"@type":"ListItem","position":2,"name":"Impressum"}]},{"@type":"WebSite","@id":"https:\/\/dive-bluedolphin.com\/es\/#website","url":"https:\/\/dive-bluedolphin.com\/es\/","name":"Diving Center Blue Dolphin","description":"Elounda - Crete","potentialAction":[{"@type":"SearchAction","target":{"@type":"EntryPoint","urlTemplate":"https:\/\/dive-bluedolphin.com\/es\/?s={search_term_string}"},"query-input":{"@type":"PropertyValueSpecification","valueRequired":true,"valueName":"search_term_string"}}],"inLanguage":"es"}]}},"_links":{"self":[{"href":"https:\/\/dive-bluedolphin.com\/es\/wp-json\/wp\/v2\/pages\/1101","targetHints":{"allow":["GET"]}}],"collection":[{"href":"https:\/\/dive-bluedolphin.com\/es\/wp-json\/wp\/v2\/pages"}],"about":[{"href":"https:\/\/dive-bluedolphin.com\/es\/wp-json\/wp\/v2\/types\/page"}],"author":[{"embeddable":true,"href":"https:\/\/dive-bluedolphin.com\/es\/wp-json\/wp\/v2\/users\/1"}],"replies":[{"embeddable":true,"href":"https:\/\/dive-bluedolphin.com\/es\/wp-json\/wp\/v2\/comments?post=1101"}],"version-history":[{"count":1,"href":"https:\/\/dive-bluedolphin.com\/es\/wp-json\/wp\/v2\/pages\/1101\/revisions"}],"predecessor-version":[{"id":1105,"href":"https:\/\/dive-bluedolphin.com\/es\/wp-json\/wp\/v2\/pages\/1101\/revisions\/1105"}],"wp:attachment":[{"href":"https:\/\/dive-bluedolphin.com\/es\/wp-json\/wp\/v2\/media?parent=1101"}],"curies":[{"name":"wp","href":"https:\/\/api.w.org\/{rel}","templated":true}]}}