{"id":1776,"date":"2025-02-15T17:19:59","date_gmt":"2025-02-15T16:19:59","guid":{"rendered":"https:\/\/dive-bluedolphin.com\/?page_id=1776"},"modified":"2025-02-15T17:22:27","modified_gmt":"2025-02-15T16:22:27","slug":"30-anos-blue-dolphin","status":"publish","type":"page","link":"https:\/\/dive-bluedolphin.com\/es\/30-anos-blue-dolphin\/","title":{"rendered":"30 a\u00f1os Blue Dolphin"},"content":{"rendered":"<div id=\"pl-1776\"  class=\"panel-layout\" ><div id=\"pg-1776-0\"  class=\"panel-grid panel-no-style\" ><div id=\"pgc-1776-0-0\"  class=\"panel-grid-cell\" ><div id=\"panel-1776-0-0-0\" class=\"so-panel widget widget_sow-editor panel-first-child panel-last-child\" data-index=\"0\" ><div\n\t\t\t\n\t\t\tclass=\"so-widget-sow-editor so-widget-sow-editor-base\"\n\t\t\t\n\t\t>\n<div class=\"siteorigin-widget-tinymce textwidget\">\n\t<p><span style=\"font-size: 14pt;\"><strong>\u00a1Un gran agradecimiento!<\/strong><\/span><\/p>\n<p>Lucky y los equipos de Blue Dolphin quieren dar las gracias a todos los amigos buceadores que nos han visitado todos los a\u00f1os. Fuiste t\u00fa quien hizo que nuestras temporadas fuera fant\u00e1stica. Hemos disfrutado de todas las inmersiones exploratorias y divertidas con vosotros, buceadores certificados, ha sido un placer acompa\u00f1aros por el mundo submarino de la Bah\u00eda de Mirabello. Tambi\u00e9n nos alegramos por todos aquellos que tuvieron su primera experiencia de buceo, una inmersi\u00f3n de iniciaci\u00f3n con nosotros y esperamos haber podido darles una nueva idea de empleo. Tambi\u00e9n queremos felicitar a todos nuestros alumnos por haber aprobado sus cursos aqu\u00ed con Blue Dolphin. Ha sido un gran placer ser vuestros profesores y gu\u00edas y os deseamos muchas m\u00e1s aventuras de buceo emocionantes en este mundo. Y, por supuesto, no queremos olvidarnos de nuestros invitados a bucear y tambi\u00e9n de los amigos que se pasaron a tomar un caf\u00e9. Nosotros tambi\u00e9n queremos darles las gracias. Y, lo m\u00e1s importante, tambi\u00e9n queremos que sepas que nos lo hemos pasado muy bien contigo en cada una de las cenas de buceo de Blue Dolphin y que hemos disfrutado al m\u00e1ximo de todas las conversaciones y momentos divertidos.<\/p>\n<p>Ser\u00e1 un placer volver a verle alg\u00fan d\u00eda. Y, por supuesto, esperamos dar la bienvenida a todos los nuevos invitados de este a\u00f1o.<\/p>\n<p>Y nos gustar\u00eda haceros saber algo importante:<\/p>\n<p><span style=\"font-size: 14pt;\"><strong>\u00a1\u00a1\u00a1\u00a1Blue Dolphin cumple 30 a\u00f1os este a\u00f1o y estamos deseando que todos los amigos buceadores conocidos y desconocidos celebren este cumplea\u00f1os con nosotros!!!!<\/strong><\/span><\/p>\n<\/div>\n<\/div><\/div><\/div><\/div><\/div>","protected":false},"excerpt":{"rendered":"<p>\u00a1Un gran agradecimiento! Lucky y los equipos de Blue Dolphin quieren dar las gracias a todos los amigos buceadores que nos han visitado todos los a\u00f1os. Fuiste t\u00fa quien hizo que nuestras temporadas fuera fant\u00e1stica. Hemos disfrutado de todas las inmersiones exploratorias y divertidas con vosotros, buceadores certificados, ha sido un placer acompa\u00f1aros por el [&hellip;]<\/p>\n","protected":false},"author":1,"featured_media":0,"parent":0,"menu_order":0,"comment_status":"closed","ping_status":"closed","template":"","meta":{"footnotes":""},"class_list":["post-1776","page","type-page","status-publish","hentry","post"],"yoast_head":"<!-- This site is optimized with the Yoast SEO plugin v27.3 - https:\/\/yoast.com\/product\/yoast-seo-wordpress\/ -->\n<title>30 a\u00f1os30 a\u00f1os Blue Dolphin - Diving Center Blue Dolphin<\/title>\n<meta name=\"description\" content=\"\u00a1\u00a1\u00a1En 2024 Blue Dolphin cumpli\u00f3 30 a\u00f1os y nos alegramos por todos nuestros amigos buceadores conocidos y desconocidos que celebraron el cumplea\u00f1os con nosotros!!!\" \/>\n<meta name=\"robots\" content=\"index, follow, max-snippet:-1, max-image-preview:large, max-video-preview:-1\" \/>\n<link rel=\"canonical\" href=\"https:\/\/dive-bluedolphin.com\/es\/30-anos-blue-dolphin\/\" \/>\n<meta property=\"og:locale\" content=\"es_ES\" \/>\n<meta property=\"og:type\" content=\"article\" \/>\n<meta property=\"og:title\" content=\"30 a\u00f1os30 a\u00f1os Blue Dolphin - Diving Center Blue Dolphin\" \/>\n<meta property=\"og:description\" content=\"\u00a1\u00a1\u00a1En 2024 Blue Dolphin cumpli\u00f3 30 a\u00f1os y nos alegramos por todos nuestros amigos buceadores conocidos y desconocidos que celebraron el cumplea\u00f1os con nosotros!!!\" \/>\n<meta property=\"og:url\" content=\"https:\/\/dive-bluedolphin.com\/es\/30-anos-blue-dolphin\/\" \/>\n<meta property=\"og:site_name\" content=\"Diving Center Blue Dolphin\" \/>\n<meta property=\"article:modified_time\" content=\"2025-02-15T16:22:27+00:00\" \/>\n<meta name=\"twitter:card\" content=\"summary_large_image\" \/>\n<meta name=\"twitter:label1\" content=\"Tiempo de lectura\" \/>\n\t<meta name=\"twitter:data1\" content=\"1 minuto\" \/>\n<script type=\"application\/ld+json\" class=\"yoast-schema-graph\">{\"@context\":\"https:\\\/\\\/schema.org\",\"@graph\":[{\"@type\":\"WebPage\",\"@id\":\"https:\\\/\\\/dive-bluedolphin.com\\\/es\\\/30-anos-blue-dolphin\\\/\",\"url\":\"https:\\\/\\\/dive-bluedolphin.com\\\/es\\\/30-anos-blue-dolphin\\\/\",\"name\":\"30 a\u00f1os30 a\u00f1os Blue Dolphin - Diving Center Blue Dolphin\",\"isPartOf\":{\"@id\":\"https:\\\/\\\/dive-bluedolphin.com\\\/es\\\/#website\"},\"datePublished\":\"2025-02-15T16:19:59+00:00\",\"dateModified\":\"2025-02-15T16:22:27+00:00\",\"description\":\"\u00a1\u00a1\u00a1En 2024 Blue Dolphin cumpli\u00f3 30 a\u00f1os y nos alegramos por todos nuestros amigos buceadores conocidos y desconocidos que celebraron el cumplea\u00f1os con nosotros!!!\",\"breadcrumb\":{\"@id\":\"https:\\\/\\\/dive-bluedolphin.com\\\/es\\\/30-anos-blue-dolphin\\\/#breadcrumb\"},\"inLanguage\":\"es\",\"potentialAction\":[{\"@type\":\"ReadAction\",\"target\":[\"https:\\\/\\\/dive-bluedolphin.com\\\/es\\\/30-anos-blue-dolphin\\\/\"]}]},{\"@type\":\"BreadcrumbList\",\"@id\":\"https:\\\/\\\/dive-bluedolphin.com\\\/es\\\/30-anos-blue-dolphin\\\/#breadcrumb\",\"itemListElement\":[{\"@type\":\"ListItem\",\"position\":1,\"name\":\"Home\",\"item\":\"https:\\\/\\\/dive-bluedolphin.com\\\/es\\\/\"},{\"@type\":\"ListItem\",\"position\":2,\"name\":\"30 a\u00f1os Blue Dolphin\"}]},{\"@type\":\"WebSite\",\"@id\":\"https:\\\/\\\/dive-bluedolphin.com\\\/es\\\/#website\",\"url\":\"https:\\\/\\\/dive-bluedolphin.com\\\/es\\\/\",\"name\":\"Diving Center Blue Dolphin\",\"description\":\"Elounda - Crete\",\"potentialAction\":[{\"@type\":\"SearchAction\",\"target\":{\"@type\":\"EntryPoint\",\"urlTemplate\":\"https:\\\/\\\/dive-bluedolphin.com\\\/es\\\/?s={search_term_string}\"},\"query-input\":{\"@type\":\"PropertyValueSpecification\",\"valueRequired\":true,\"valueName\":\"search_term_string\"}}],\"inLanguage\":\"es\"}]}<\/script>\n<!-- \/ Yoast SEO plugin. -->","yoast_head_json":{"title":"30 a\u00f1os30 a\u00f1os Blue Dolphin - Diving Center Blue Dolphin","description":"\u00a1\u00a1\u00a1En 2024 Blue Dolphin cumpli\u00f3 30 a\u00f1os y nos alegramos por todos nuestros amigos buceadores conocidos y desconocidos que celebraron el cumplea\u00f1os con nosotros!!!","robots":{"index":"index","follow":"follow","max-snippet":"max-snippet:-1","max-image-preview":"max-image-preview:large","max-video-preview":"max-video-preview:-1"},"canonical":"https:\/\/dive-bluedolphin.com\/es\/30-anos-blue-dolphin\/","og_locale":"es_ES","og_type":"article","og_title":"30 a\u00f1os30 a\u00f1os Blue Dolphin - Diving Center Blue Dolphin","og_description":"\u00a1\u00a1\u00a1En 2024 Blue Dolphin cumpli\u00f3 30 a\u00f1os y nos alegramos por todos nuestros amigos buceadores conocidos y desconocidos que celebraron el cumplea\u00f1os con nosotros!!!","og_url":"https:\/\/dive-bluedolphin.com\/es\/30-anos-blue-dolphin\/","og_site_name":"Diving Center Blue Dolphin","article_modified_time":"2025-02-15T16:22:27+00:00","twitter_card":"summary_large_image","twitter_misc":{"Tiempo de lectura":"1 minuto"},"schema":{"@context":"https:\/\/schema.org","@graph":[{"@type":"WebPage","@id":"https:\/\/dive-bluedolphin.com\/es\/30-anos-blue-dolphin\/","url":"https:\/\/dive-bluedolphin.com\/es\/30-anos-blue-dolphin\/","name":"30 a\u00f1os30 a\u00f1os Blue Dolphin - Diving Center Blue Dolphin","isPartOf":{"@id":"https:\/\/dive-bluedolphin.com\/es\/#website"},"datePublished":"2025-02-15T16:19:59+00:00","dateModified":"2025-02-15T16:22:27+00:00","description":"\u00a1\u00a1\u00a1En 2024 Blue Dolphin cumpli\u00f3 30 a\u00f1os y nos alegramos por todos nuestros amigos buceadores conocidos y desconocidos que celebraron el cumplea\u00f1os con nosotros!!!","breadcrumb":{"@id":"https:\/\/dive-bluedolphin.com\/es\/30-anos-blue-dolphin\/#breadcrumb"},"inLanguage":"es","potentialAction":[{"@type":"ReadAction","target":["https:\/\/dive-bluedolphin.com\/es\/30-anos-blue-dolphin\/"]}]},{"@type":"BreadcrumbList","@id":"https:\/\/dive-bluedolphin.com\/es\/30-anos-blue-dolphin\/#breadcrumb","itemListElement":[{"@type":"ListItem","position":1,"name":"Home","item":"https:\/\/dive-bluedolphin.com\/es\/"},{"@type":"ListItem","position":2,"name":"30 a\u00f1os Blue Dolphin"}]},{"@type":"WebSite","@id":"https:\/\/dive-bluedolphin.com\/es\/#website","url":"https:\/\/dive-bluedolphin.com\/es\/","name":"Diving Center Blue Dolphin","description":"Elounda - Crete","potentialAction":[{"@type":"SearchAction","target":{"@type":"EntryPoint","urlTemplate":"https:\/\/dive-bluedolphin.com\/es\/?s={search_term_string}"},"query-input":{"@type":"PropertyValueSpecification","valueRequired":true,"valueName":"search_term_string"}}],"inLanguage":"es"}]}},"_links":{"self":[{"href":"https:\/\/dive-bluedolphin.com\/es\/wp-json\/wp\/v2\/pages\/1776","targetHints":{"allow":["GET"]}}],"collection":[{"href":"https:\/\/dive-bluedolphin.com\/es\/wp-json\/wp\/v2\/pages"}],"about":[{"href":"https:\/\/dive-bluedolphin.com\/es\/wp-json\/wp\/v2\/types\/page"}],"author":[{"embeddable":true,"href":"https:\/\/dive-bluedolphin.com\/es\/wp-json\/wp\/v2\/users\/1"}],"replies":[{"embeddable":true,"href":"https:\/\/dive-bluedolphin.com\/es\/wp-json\/wp\/v2\/comments?post=1776"}],"version-history":[{"count":2,"href":"https:\/\/dive-bluedolphin.com\/es\/wp-json\/wp\/v2\/pages\/1776\/revisions"}],"predecessor-version":[{"id":1778,"href":"https:\/\/dive-bluedolphin.com\/es\/wp-json\/wp\/v2\/pages\/1776\/revisions\/1778"}],"wp:attachment":[{"href":"https:\/\/dive-bluedolphin.com\/es\/wp-json\/wp\/v2\/media?parent=1776"}],"curies":[{"name":"wp","href":"https:\/\/api.w.org\/{rel}","templated":true}]}}