{"id":437,"date":"2021-09-06T18:28:55","date_gmt":"2021-09-06T16:28:55","guid":{"rendered":"https:\/\/dive-bluedolphin.com\/ueber-uns\/"},"modified":"2025-02-15T17:33:02","modified_gmt":"2025-02-15T16:33:02","slug":"buceo-elounda","status":"publish","type":"page","link":"https:\/\/dive-bluedolphin.com\/es\/","title":{"rendered":"Sobre nosotros"},"content":{"rendered":"<div id=\"pl-437\"  class=\"panel-layout\" ><div id=\"pg-437-0\"  class=\"panel-grid panel-no-style\" ><div id=\"pgc-437-0-0\"  class=\"panel-grid-cell\" ><div id=\"panel-437-0-0-0\" class=\"so-panel widget widget_sow-editor panel-first-child panel-last-child\" data-index=\"0\" ><div\n\t\t\t\n\t\t\tclass=\"so-widget-sow-editor so-widget-sow-editor-base\"\n\t\t\t\n\t\t><h3 class=\"widget-title\">Centro de buceo Blue Dolphin Elounda<\/h3>\n<div class=\"siteorigin-widget-tinymce textwidget\">\n\t<p><img loading=\"lazy\" decoding=\"async\" class=\"alignnone wp-image-119 size-full\" src=\"https:\/\/dive-bluedolphin.com\/wp-content\/uploads\/2021\/09\/Dive-Center-Blue-Dolphin-Elounda-Crete-2015-e1504262853928-1.jpg\" alt=\"\" width=\"1024\" height=\"228\" srcset=\"https:\/\/dive-bluedolphin.com\/wp-content\/uploads\/2021\/09\/Dive-Center-Blue-Dolphin-Elounda-Crete-2015-e1504262853928-1.jpg 1024w, https:\/\/dive-bluedolphin.com\/wp-content\/uploads\/2021\/09\/Dive-Center-Blue-Dolphin-Elounda-Crete-2015-e1504262853928-1-300x67.jpg 300w, https:\/\/dive-bluedolphin.com\/wp-content\/uploads\/2021\/09\/Dive-Center-Blue-Dolphin-Elounda-Crete-2015-e1504262853928-1-768x171.jpg 768w\" sizes=\"auto, (max-width: 1024px) 100vw, 1024px\" \/><\/p>\n<p>El <strong>Centro de Buceo Blue Dolphin<\/strong> <strong>Elounda<\/strong> es uno de los pioneros en la historia del buceo en Creta. Blue Dolphin ha contribuido a que las zonas de buceo existentes sean accesibles para el turismo de buceo; despu\u00e9s de<span style=\"font-size: 18pt; color: #ff6600;\"> 30 a\u00f1os <\/span>alrededor de Creta no tiene parang\u00f3n por su biodiversidad y variedad. Actualmente ofrecemos viajes a m\u00e1s de 25 sitios de buceo.<\/p>\n<p>Lucky y su equipo, as\u00ed como los bi\u00f3logos marinos, siguen esforz\u00e1ndose para que la zona de buceo de la bah\u00eda de Mirabello sea declarada reserva natural.<\/p>\n<p>Como escuela de buceo profesional y experimentada, ponemos especial \u00e9nfasis en la seguridad y la comodidad de nuestros hu\u00e9spedes y nuestra ense\u00f1anza se basa en las \u00faltimas directrices de organizaciones de buceo reconocidas internacionalmente como PADI y SSI.<\/p>\n<p>Sin embargo, nuestro principal objetivo sigue siendo la relajaci\u00f3n de nuestros hu\u00e9spedes de buceo... Sentirse como Zeus en Creta.<\/p>\n<p><strong>\u00a1Esperamos verle pronto!<\/strong><\/p>\n<\/div>\n<\/div><\/div><\/div><\/div><div id=\"pg-437-1\"  class=\"panel-grid panel-no-style\" ><div id=\"pgc-437-1-0\"  class=\"panel-grid-cell\" ><div id=\"panel-437-1-0-0\" class=\"so-panel widget widget_sow-image panel-first-child panel-last-child\" data-index=\"1\" ><div\n\t\t\t\n\t\t\tclass=\"so-widget-sow-image so-widget-sow-image-default-8b5b6f678277-437\"\n\t\t\t\n\t\t>\n<div class=\"sow-image-container\">\n\t\t<img \n\tsrc=\"https:\/\/dive-bluedolphin.com\/wp-content\/uploads\/2025\/01\/BildnLogo-MGT-1.jpg\" width=\"845\" height=\"794\" srcset=\"https:\/\/dive-bluedolphin.com\/wp-content\/uploads\/2025\/01\/BildnLogo-MGT-1.jpg 845w, https:\/\/dive-bluedolphin.com\/wp-content\/uploads\/2025\/01\/BildnLogo-MGT-1-300x282.jpg 300w, https:\/\/dive-bluedolphin.com\/wp-content\/uploads\/2025\/01\/BildnLogo-MGT-1-768x722.jpg 768w\" sizes=\"(max-width: 845px) 100vw, 845px\" title=\"Bild&#8217;n&#8217;Logo MGT (1)\" alt=\"\" \t\tclass=\"so-widget-image\"\/>\n\t<\/div>\n\n<\/div><\/div><\/div><div id=\"pgc-437-1-1\"  class=\"panel-grid-cell\" ><div id=\"panel-437-1-1-0\" class=\"so-panel widget widget_sow-editor panel-first-child\" data-index=\"2\" ><div\n\t\t\t\n\t\t\tclass=\"so-widget-sow-editor so-widget-sow-editor-base\"\n\t\t\t\n\t\t><h3 class=\"widget-title\">\u00a1\u00a1\u00a1NUEVO!!! Experimenta m\u00e1s...<\/h3>\n<div class=\"siteorigin-widget-tinymce textwidget\">\n\t<div class=\"siteorigin-widget-tinymce textwidget\">\n<p>\u00a1Es hora de una nueva asociaci\u00f3n! El centro de buceo Blue Dolphin y la empresa privada de viajes <a href=\"https:\/\/my-green-travel.com\/en\/travel-companion-east-crete\/\" target=\"_blank\" rel=\"noopener\">My Green Travel<\/a> quieren organizar paquetes de aventura para ti. \u00bfNo s\u00f3lo quieres bucear o hacer snorkel, sino tambi\u00e9n aprender m\u00e1s sobre el entorno que est\u00e1s visitando? \u00bfO le gustar\u00eda experimentar el mundo submarino, pero su compa\u00f1ero de viaje prefiere ir de excursi\u00f3n? Nosotros lo hacemos posible.<\/p>\n<\/div>\n<\/div>\n<\/div><\/div><div id=\"panel-437-1-1-1\" class=\"so-panel widget widget_sow-button panel-last-child\" data-index=\"3\" ><div\n\t\t\t\n\t\t\tclass=\"so-widget-sow-button so-widget-sow-button-atom-95753d34a2a6-437\"\n\t\t\t\n\t\t><div class=\"ow-button-base ow-button-align-left\"\n>\n\t\t\t<a\n\t\t\t\t\thref=\"https:\/\/dive-bluedolphin.com\/es\/buceo-elounda\/asociado-my-green-travel\/\"\n\t\t\t\t\tclass=\"sowb-button ow-icon-placement-left ow-button-hover\" \t>\n\t\t<span>\n\t\t\t\n\t\t\tleer m\u00e1s ...\t\t<\/span>\n\t\t\t<\/a>\n\t<\/div>\n<\/div><\/div><\/div><\/div><div id=\"pg-437-2\"  class=\"panel-grid panel-no-style\" ><div id=\"pgc-437-2-0\"  class=\"panel-grid-cell\" ><div id=\"panel-437-2-0-0\" class=\"so-panel widget widget_sow-image panel-first-child panel-last-child\" data-index=\"4\" ><div\n\t\t\t\n\t\t\tclass=\"so-widget-sow-image so-widget-sow-image-default-8b5b6f678277-437\"\n\t\t\t\n\t\t>\n<div class=\"sow-image-container\">\n\t\t\t<a href=\"\/tauchbasis\/schnorcheltrips\/\"\n\t\t\t\t\t>\n\t\t\t<img \n\tsrc=\"https:\/\/dive-bluedolphin.com\/wp-content\/uploads\/2021\/09\/Blue-Dolphin-Divecenter-Elounda-Crete-Greece-Sunken-City-Olo.jpg\" width=\"448\" height=\"336\" srcset=\"https:\/\/dive-bluedolphin.com\/wp-content\/uploads\/2021\/09\/Blue-Dolphin-Divecenter-Elounda-Crete-Greece-Sunken-City-Olo.jpg 448w, https:\/\/dive-bluedolphin.com\/wp-content\/uploads\/2021\/09\/Blue-Dolphin-Divecenter-Elounda-Crete-Greece-Sunken-City-Olo-300x225.jpg 300w\" sizes=\"(max-width: 448px) 100vw, 448px\" alt=\"\" \t\tclass=\"so-widget-image\"\/>\n\t\t\t<\/a><\/div>\n\n<\/div><\/div><\/div><div id=\"pgc-437-2-1\"  class=\"panel-grid-cell\" ><div id=\"panel-437-2-1-0\" class=\"so-panel widget widget_sow-editor panel-first-child\" data-index=\"5\" ><div\n\t\t\t\n\t\t\tclass=\"so-widget-sow-editor so-widget-sow-editor-base\"\n\t\t\t\n\t\t><h3 class=\"widget-title\">Excursiones de snorkel<\/h3>\n<div class=\"siteorigin-widget-tinymce textwidget\">\n\t<p>Ya sea buceando en uno de nuestros numerosos puntos de inmersi\u00f3n o descubriendo ruinas minoicas hundidas, tenemos algo para todos, \u00a1incluso para los no buceadores!<\/p>\n<\/div>\n<\/div><\/div><div id=\"panel-437-2-1-1\" class=\"so-panel widget widget_sow-button panel-last-child\" data-index=\"6\" ><div\n\t\t\t\n\t\t\tclass=\"so-widget-sow-button so-widget-sow-button-atom-63cfc46f7929-437\"\n\t\t\t\n\t\t><div class=\"ow-button-base ow-button-align-left\"\n>\n\t\t\t<a\n\t\t\t\t\thref=\"\/es\/centro-de-buceo\/excursion-snorkel-olous\/\"\n\t\t\t\t\tclass=\"sowb-button ow-icon-placement-left ow-button-hover\" \t>\n\t\t<span>\n\t\t\t\n\t\t\tleer m\u00e1s ...\t\t<\/span>\n\t\t\t<\/a>\n\t<\/div>\n<\/div><\/div><\/div><\/div><div id=\"pg-437-3\"  class=\"panel-grid panel-no-style\" ><div id=\"pgc-437-3-0\"  class=\"panel-grid-cell\" ><div id=\"panel-437-3-0-0\" class=\"so-panel widget widget_sow-image panel-first-child panel-last-child\" data-index=\"7\" ><div\n\t\t\t\n\t\t\tclass=\"so-widget-sow-image so-widget-sow-image-default-8b5b6f678277-437\"\n\t\t\t\n\t\t>\n<div class=\"sow-image-container\">\n\t\t\t<a href=\"\/ueber-uns\/neuigkeiten\/\"\n\t\t\t\t\t>\n\t\t\t<img \n\tsrc=\"https:\/\/dive-bluedolphin.com\/wp-content\/uploads\/2021\/09\/Blue-Dolphin-Team-2021-scaled.jpg\" width=\"2560\" height=\"1439\" srcset=\"https:\/\/dive-bluedolphin.com\/wp-content\/uploads\/2021\/09\/Blue-Dolphin-Team-2021-scaled.jpg 2560w, https:\/\/dive-bluedolphin.com\/wp-content\/uploads\/2021\/09\/Blue-Dolphin-Team-2021-300x169.jpg 300w, https:\/\/dive-bluedolphin.com\/wp-content\/uploads\/2021\/09\/Blue-Dolphin-Team-2021-1024x575.jpg 1024w, https:\/\/dive-bluedolphin.com\/wp-content\/uploads\/2021\/09\/Blue-Dolphin-Team-2021-768x432.jpg 768w, https:\/\/dive-bluedolphin.com\/wp-content\/uploads\/2021\/09\/Blue-Dolphin-Team-2021-1536x863.jpg 1536w, https:\/\/dive-bluedolphin.com\/wp-content\/uploads\/2021\/09\/Blue-Dolphin-Team-2021-2048x1151.jpg 2048w\" sizes=\"(max-width: 2560px) 100vw, 2560px\" title=\"Blue Dolphin Team 2021\" alt=\"\" \t\tclass=\"so-widget-image\"\/>\n\t\t\t<\/a><\/div>\n\n<\/div><\/div><\/div><div id=\"pgc-437-3-1\"  class=\"panel-grid-cell\" ><div id=\"panel-437-3-1-0\" class=\"so-panel widget widget_sow-editor panel-first-child\" data-index=\"8\" ><div\n\t\t\t\n\t\t\tclass=\"so-widget-sow-editor so-widget-sow-editor-base\"\n\t\t\t\n\t\t><h3 class=\"widget-title\">\u00a1Un gran agradecimiento!<\/h3>\n<div class=\"siteorigin-widget-tinymce textwidget\">\n\t<p>\u00a1\u00a1\u00a1\u00a1Blue Dolphin cumple <span style=\"font-size: 18pt; color: #ff6600;\">30 a\u00f1os <\/span>este a\u00f1o y estamos deseando que todos los amigos buceadores conocidos y desconocidos celebren este cumplea\u00f1os con nosotros!!!!<\/p>\n<\/div>\n<\/div><\/div><div id=\"panel-437-3-1-1\" class=\"so-panel widget widget_sow-button panel-last-child\" data-index=\"9\" ><div\n\t\t\t\n\t\t\tclass=\"so-widget-sow-button so-widget-sow-button-atom-95753d34a2a6-437\"\n\t\t\t\n\t\t><div class=\"ow-button-base ow-button-align-left\"\n>\n\t\t\t<a\n\t\t\t\t\thref=\"https:\/\/dive-bluedolphin.com\/es\/30-anos-blue-dolphin\/\"\n\t\t\t\t\tclass=\"sowb-button ow-icon-placement-left ow-button-hover\" \t>\n\t\t<span>\n\t\t\t\n\t\t\tleer m\u00e1s ...\t\t<\/span>\n\t\t\t<\/a>\n\t<\/div>\n<\/div><\/div><\/div><\/div><div id=\"pg-437-4\"  class=\"panel-grid panel-no-style\" ><div id=\"pgc-437-4-0\"  class=\"panel-grid-cell\" ><div id=\"panel-437-4-0-0\" class=\"so-panel widget widget_sow-image panel-first-child panel-last-child\" data-index=\"10\" ><div\n\t\t\t\n\t\t\tclass=\"so-widget-sow-image so-widget-sow-image-default-8b5b6f678277-437\"\n\t\t\t\n\t\t>\n<div class=\"sow-image-container\">\n\t\t\t<a href=\"\/ueber-uns\/jobs\/\"\n\t\t\t\t\t>\n\t\t\t<img \n\tsrc=\"https:\/\/dive-bluedolphin.com\/wp-content\/uploads\/2021\/09\/Blue-Dolphin-Divecenter-Elounda-Crete-Greece-3.jpg\" width=\"448\" height=\"336\" srcset=\"https:\/\/dive-bluedolphin.com\/wp-content\/uploads\/2021\/09\/Blue-Dolphin-Divecenter-Elounda-Crete-Greece-3.jpg 448w, https:\/\/dive-bluedolphin.com\/wp-content\/uploads\/2021\/09\/Blue-Dolphin-Divecenter-Elounda-Crete-Greece-3-300x225.jpg 300w\" sizes=\"(max-width: 448px) 100vw, 448px\" alt=\"\" \t\tclass=\"so-widget-image\"\/>\n\t\t\t<\/a><\/div>\n\n<\/div><\/div><\/div><div id=\"pgc-437-4-1\"  class=\"panel-grid-cell\" ><div id=\"panel-437-4-1-0\" class=\"so-panel widget widget_sow-editor panel-first-child\" data-index=\"11\" ><div\n\t\t\t\n\t\t\tclass=\"so-widget-sow-editor so-widget-sow-editor-base\"\n\t\t\t\n\t\t><h3 class=\"widget-title\">Trabajos<\/h3>\n<div class=\"siteorigin-widget-tinymce textwidget\">\n\t<p>Looking for an opportunity to do what you love and inspire others in the process? Get in touch, we are always looking for the right team member!...<\/p>\n<\/div>\n<\/div><\/div><div id=\"panel-437-4-1-1\" class=\"so-panel widget widget_sow-button panel-last-child\" data-index=\"12\" ><div\n\t\t\t\n\t\t\tclass=\"so-widget-sow-button so-widget-sow-button-atom-63cfc46f7929-437\"\n\t\t\t\n\t\t><div class=\"ow-button-base ow-button-align-left\"\n>\n\t\t\t<a\n\t\t\t\t\thref=\"\/es\/buceo-elounda\/trabajos\/\"\n\t\t\t\t\tclass=\"sowb-button ow-icon-placement-left ow-button-hover\" \t>\n\t\t<span>\n\t\t\t\n\t\t\tleer m\u00e1s ...\t\t<\/span>\n\t\t\t<\/a>\n\t<\/div>\n<\/div><\/div><\/div><\/div><\/div>","protected":false},"excerpt":{"rendered":"<p>El Centro de Buceo Blue Dolphin Elounda es uno de los pioneros en la historia del buceo en Creta. Blue Dolphin ha contribuido a que las zonas de buceo existentes sean accesibles para el turismo de buceo; despu\u00e9s de 30 a\u00f1os alrededor de Creta no tiene parang\u00f3n por su biodiversidad y variedad. Actualmente ofrecemos viajes [&hellip;]<\/p>\n","protected":false},"author":1,"featured_media":0,"parent":0,"menu_order":1,"comment_status":"closed","ping_status":"closed","template":"","meta":{"footnotes":""},"class_list":["post-437","page","type-page","status-publish","hentry","post"],"yoast_head":"<!-- This site is optimized with the Yoast SEO plugin v27.3 - https:\/\/yoast.com\/product\/yoast-seo-wordpress\/ -->\n<title>Centro de buceo Blue Dolphin | Elounda, Creta<\/title>\n<meta name=\"description\" content=\"Centro de buceo Blue Dolphin | Elounda, Creta | Formaci\u00f3n para ni\u00f1os, buceadores aficionados y profesionales | Inmersiones para buceadores certificados\" \/>\n<meta name=\"robots\" content=\"index, follow, max-snippet:-1, max-image-preview:large, max-video-preview:-1\" \/>\n<link rel=\"canonical\" href=\"https:\/\/dive-bluedolphin.com\/es\/\" \/>\n<meta property=\"og:locale\" content=\"es_ES\" \/>\n<meta property=\"og:type\" content=\"article\" \/>\n<meta property=\"og:title\" content=\"Centro de buceo Blue Dolphin | Elounda, Creta\" \/>\n<meta property=\"og:description\" content=\"Centro de buceo Blue Dolphin | Elounda, Creta | Formaci\u00f3n para ni\u00f1os, buceadores aficionados y profesionales | Inmersiones para buceadores certificados\" \/>\n<meta property=\"og:url\" content=\"https:\/\/dive-bluedolphin.com\/es\/\" \/>\n<meta property=\"og:site_name\" content=\"Diving Center Blue Dolphin\" \/>\n<meta property=\"article:modified_time\" content=\"2025-02-15T16:33:02+00:00\" \/>\n<meta property=\"og:image\" content=\"https:\/\/dive-bluedolphin.com\/wp-content\/uploads\/2021\/09\/Dive-Center-Blue-Dolphin-Elounda-Crete-2015-e1504262853928-1.jpg\" \/>\n\t<meta property=\"og:image:width\" content=\"1024\" \/>\n\t<meta property=\"og:image:height\" content=\"228\" \/>\n\t<meta property=\"og:image:type\" content=\"image\/jpeg\" \/>\n<meta name=\"twitter:card\" content=\"summary_large_image\" \/>\n<meta name=\"twitter:label1\" content=\"Tiempo de lectura\" \/>\n\t<meta name=\"twitter:data1\" content=\"2 minutos\" \/>\n<script type=\"application\/ld+json\" class=\"yoast-schema-graph\">{\"@context\":\"https:\\\/\\\/schema.org\",\"@graph\":[{\"@type\":\"WebPage\",\"@id\":\"https:\\\/\\\/dive-bluedolphin.com\\\/es\\\/\",\"url\":\"https:\\\/\\\/dive-bluedolphin.com\\\/es\\\/\",\"name\":\"Centro de buceo Blue Dolphin | Elounda, Creta\",\"isPartOf\":{\"@id\":\"https:\\\/\\\/dive-bluedolphin.com\\\/es\\\/#website\"},\"primaryImageOfPage\":{\"@id\":\"https:\\\/\\\/dive-bluedolphin.com\\\/es\\\/#primaryimage\"},\"image\":{\"@id\":\"https:\\\/\\\/dive-bluedolphin.com\\\/es\\\/#primaryimage\"},\"thumbnailUrl\":\"https:\\\/\\\/dive-bluedolphin.com\\\/wp-content\\\/uploads\\\/2021\\\/09\\\/Dive-Center-Blue-Dolphin-Elounda-Crete-2015-e1504262853928-1.jpg\",\"datePublished\":\"2021-09-06T16:28:55+00:00\",\"dateModified\":\"2025-02-15T16:33:02+00:00\",\"description\":\"Centro de buceo Blue Dolphin | Elounda, Creta | Formaci\u00f3n para ni\u00f1os, buceadores aficionados y profesionales | Inmersiones para buceadores certificados\",\"breadcrumb\":{\"@id\":\"https:\\\/\\\/dive-bluedolphin.com\\\/es\\\/#breadcrumb\"},\"inLanguage\":\"es\",\"potentialAction\":[{\"@type\":\"ReadAction\",\"target\":[\"https:\\\/\\\/dive-bluedolphin.com\\\/es\\\/\"]}]},{\"@type\":\"ImageObject\",\"inLanguage\":\"es\",\"@id\":\"https:\\\/\\\/dive-bluedolphin.com\\\/es\\\/#primaryimage\",\"url\":\"https:\\\/\\\/dive-bluedolphin.com\\\/wp-content\\\/uploads\\\/2021\\\/09\\\/Dive-Center-Blue-Dolphin-Elounda-Crete-2015-e1504262853928-1.jpg\",\"contentUrl\":\"https:\\\/\\\/dive-bluedolphin.com\\\/wp-content\\\/uploads\\\/2021\\\/09\\\/Dive-Center-Blue-Dolphin-Elounda-Crete-2015-e1504262853928-1.jpg\"},{\"@type\":\"BreadcrumbList\",\"@id\":\"https:\\\/\\\/dive-bluedolphin.com\\\/es\\\/#breadcrumb\",\"itemListElement\":[{\"@type\":\"ListItem\",\"position\":1,\"name\":\"Home\",\"item\":\"https:\\\/\\\/dive-bluedolphin.com\\\/es\\\/\"},{\"@type\":\"ListItem\",\"position\":2,\"name\":\"Sobre nosotros\"}]},{\"@type\":\"WebSite\",\"@id\":\"https:\\\/\\\/dive-bluedolphin.com\\\/es\\\/#website\",\"url\":\"https:\\\/\\\/dive-bluedolphin.com\\\/es\\\/\",\"name\":\"Diving Center Blue Dolphin\",\"description\":\"Elounda - Crete\",\"potentialAction\":[{\"@type\":\"SearchAction\",\"target\":{\"@type\":\"EntryPoint\",\"urlTemplate\":\"https:\\\/\\\/dive-bluedolphin.com\\\/es\\\/?s={search_term_string}\"},\"query-input\":{\"@type\":\"PropertyValueSpecification\",\"valueRequired\":true,\"valueName\":\"search_term_string\"}}],\"inLanguage\":\"es\"}]}<\/script>\n<!-- \/ Yoast SEO plugin. -->","yoast_head_json":{"title":"Centro de buceo Blue Dolphin | Elounda, Creta","description":"Centro de buceo Blue Dolphin | Elounda, Creta | Formaci\u00f3n para ni\u00f1os, buceadores aficionados y profesionales | Inmersiones para buceadores certificados","robots":{"index":"index","follow":"follow","max-snippet":"max-snippet:-1","max-image-preview":"max-image-preview:large","max-video-preview":"max-video-preview:-1"},"canonical":"https:\/\/dive-bluedolphin.com\/es\/","og_locale":"es_ES","og_type":"article","og_title":"Centro de buceo Blue Dolphin | Elounda, Creta","og_description":"Centro de buceo Blue Dolphin | Elounda, Creta | Formaci\u00f3n para ni\u00f1os, buceadores aficionados y profesionales | Inmersiones para buceadores certificados","og_url":"https:\/\/dive-bluedolphin.com\/es\/","og_site_name":"Diving Center Blue Dolphin","article_modified_time":"2025-02-15T16:33:02+00:00","og_image":[{"width":1024,"height":228,"url":"https:\/\/dive-bluedolphin.com\/wp-content\/uploads\/2021\/09\/Dive-Center-Blue-Dolphin-Elounda-Crete-2015-e1504262853928-1.jpg","type":"image\/jpeg"}],"twitter_card":"summary_large_image","twitter_misc":{"Tiempo de lectura":"2 minutos"},"schema":{"@context":"https:\/\/schema.org","@graph":[{"@type":"WebPage","@id":"https:\/\/dive-bluedolphin.com\/es\/","url":"https:\/\/dive-bluedolphin.com\/es\/","name":"Centro de buceo Blue Dolphin | Elounda, Creta","isPartOf":{"@id":"https:\/\/dive-bluedolphin.com\/es\/#website"},"primaryImageOfPage":{"@id":"https:\/\/dive-bluedolphin.com\/es\/#primaryimage"},"image":{"@id":"https:\/\/dive-bluedolphin.com\/es\/#primaryimage"},"thumbnailUrl":"https:\/\/dive-bluedolphin.com\/wp-content\/uploads\/2021\/09\/Dive-Center-Blue-Dolphin-Elounda-Crete-2015-e1504262853928-1.jpg","datePublished":"2021-09-06T16:28:55+00:00","dateModified":"2025-02-15T16:33:02+00:00","description":"Centro de buceo Blue Dolphin | Elounda, Creta | Formaci\u00f3n para ni\u00f1os, buceadores aficionados y profesionales | Inmersiones para buceadores certificados","breadcrumb":{"@id":"https:\/\/dive-bluedolphin.com\/es\/#breadcrumb"},"inLanguage":"es","potentialAction":[{"@type":"ReadAction","target":["https:\/\/dive-bluedolphin.com\/es\/"]}]},{"@type":"ImageObject","inLanguage":"es","@id":"https:\/\/dive-bluedolphin.com\/es\/#primaryimage","url":"https:\/\/dive-bluedolphin.com\/wp-content\/uploads\/2021\/09\/Dive-Center-Blue-Dolphin-Elounda-Crete-2015-e1504262853928-1.jpg","contentUrl":"https:\/\/dive-bluedolphin.com\/wp-content\/uploads\/2021\/09\/Dive-Center-Blue-Dolphin-Elounda-Crete-2015-e1504262853928-1.jpg"},{"@type":"BreadcrumbList","@id":"https:\/\/dive-bluedolphin.com\/es\/#breadcrumb","itemListElement":[{"@type":"ListItem","position":1,"name":"Home","item":"https:\/\/dive-bluedolphin.com\/es\/"},{"@type":"ListItem","position":2,"name":"Sobre nosotros"}]},{"@type":"WebSite","@id":"https:\/\/dive-bluedolphin.com\/es\/#website","url":"https:\/\/dive-bluedolphin.com\/es\/","name":"Diving Center Blue Dolphin","description":"Elounda - Crete","potentialAction":[{"@type":"SearchAction","target":{"@type":"EntryPoint","urlTemplate":"https:\/\/dive-bluedolphin.com\/es\/?s={search_term_string}"},"query-input":{"@type":"PropertyValueSpecification","valueRequired":true,"valueName":"search_term_string"}}],"inLanguage":"es"}]}},"_links":{"self":[{"href":"https:\/\/dive-bluedolphin.com\/es\/wp-json\/wp\/v2\/pages\/437","targetHints":{"allow":["GET"]}}],"collection":[{"href":"https:\/\/dive-bluedolphin.com\/es\/wp-json\/wp\/v2\/pages"}],"about":[{"href":"https:\/\/dive-bluedolphin.com\/es\/wp-json\/wp\/v2\/types\/page"}],"author":[{"embeddable":true,"href":"https:\/\/dive-bluedolphin.com\/es\/wp-json\/wp\/v2\/users\/1"}],"replies":[{"embeddable":true,"href":"https:\/\/dive-bluedolphin.com\/es\/wp-json\/wp\/v2\/comments?post=437"}],"version-history":[{"count":18,"href":"https:\/\/dive-bluedolphin.com\/es\/wp-json\/wp\/v2\/pages\/437\/revisions"}],"predecessor-version":[{"id":1780,"href":"https:\/\/dive-bluedolphin.com\/es\/wp-json\/wp\/v2\/pages\/437\/revisions\/1780"}],"wp:attachment":[{"href":"https:\/\/dive-bluedolphin.com\/es\/wp-json\/wp\/v2\/media?parent=437"}],"curies":[{"name":"wp","href":"https:\/\/api.w.org\/{rel}","templated":true}]}}