{"id":504,"date":"2021-09-06T18:29:37","date_gmt":"2021-09-06T16:29:37","guid":{"rendered":"https:\/\/dive-bluedolphin.com\/ueber-uns\/kreta\/"},"modified":"2021-10-30T14:16:49","modified_gmt":"2021-10-30T12:16:49","slug":"creta-la-cuna-de-nuestra-civilizacion","status":"publish","type":"page","link":"https:\/\/dive-bluedolphin.com\/es\/buceo-elounda\/creta-la-cuna-de-nuestra-civilizacion\/","title":{"rendered":"Creta: la cuna de nuestra civilizaci\u00f3n"},"content":{"rendered":"<div id=\"pl-504\"  class=\"panel-layout\" ><div id=\"pg-504-0\"  class=\"panel-grid panel-no-style\" ><div id=\"pgc-504-0-0\"  class=\"panel-grid-cell\" ><div id=\"panel-504-0-0-0\" class=\"so-panel widget widget_sow-image panel-first-child panel-last-child\" data-index=\"0\" ><div\n\t\t\t\n\t\t\tclass=\"so-widget-sow-image so-widget-sow-image-default-8b5b6f678277-504\"\n\t\t\t\n\t\t>\n<div class=\"sow-image-container\">\n\t\t<img \n\tsrc=\"https:\/\/dive-bluedolphin.com\/wp-content\/uploads\/2021\/09\/Blue-Dolphin-Divecenter-Elounda-Crete-Greece-4.jpg\" width=\"448\" height=\"252\" srcset=\"https:\/\/dive-bluedolphin.com\/wp-content\/uploads\/2021\/09\/Blue-Dolphin-Divecenter-Elounda-Crete-Greece-4.jpg 448w, https:\/\/dive-bluedolphin.com\/wp-content\/uploads\/2021\/09\/Blue-Dolphin-Divecenter-Elounda-Crete-Greece-4-300x169.jpg 300w\" sizes=\"(max-width: 448px) 100vw, 448px\" alt=\"\" \t\tclass=\"so-widget-image\"\/>\n\t<\/div>\n\n<\/div><\/div><\/div><div id=\"pgc-504-0-1\"  class=\"panel-grid-cell\" ><div id=\"panel-504-0-1-0\" class=\"so-panel widget widget_sow-editor panel-first-child panel-last-child\" data-index=\"1\" ><div\n\t\t\t\n\t\t\tclass=\"so-widget-sow-editor so-widget-sow-editor-base\"\n\t\t\t\n\t\t>\n<div class=\"siteorigin-widget-tinymce textwidget\">\n\t<p>Creta no s\u00f3lo es la isla m\u00e1s grande y meridional de Grecia, sino tambi\u00e9n el punto m\u00e1s meridional de Europa.<\/p>\n<\/div>\n<\/div><\/div><\/div><\/div><div id=\"pg-504-1\"  class=\"panel-grid panel-no-style\" ><div id=\"pgc-504-1-0\"  class=\"panel-grid-cell\" ><div id=\"panel-504-1-0-0\" class=\"so-panel widget widget_sow-editor panel-first-child panel-last-child\" data-index=\"2\" ><div\n\t\t\t\n\t\t\tclass=\"so-widget-sow-editor so-widget-sow-editor-base\"\n\t\t\t\n\t\t>\n<div class=\"siteorigin-widget-tinymce textwidget\">\n\t<p>En Creta floreci\u00f3 la primera civilizaci\u00f3n avanzada del mundo occidental, se elevaron los primeros pueblos y se construy\u00f3 el primer laberinto. Probablemente ninguna otra isla del Mediterr\u00e1neo tenga tantos lugares de inter\u00e9s y tesoros naturales que ofrecer como Creta: m\u00e1s de 800 capillas bizantinas, algunos de los museos m\u00e1s importantes, la llanura m\u00e1s amplia y f\u00e9rtil de Grecia, el desfiladero m\u00e1s inmenso de Europa y una riqueza casi inconmensurable de tesoros arqueol\u00f3gicos y ciudades antiguas.<\/p>\n<\/div>\n<\/div><\/div><\/div><\/div><div id=\"pg-504-2\"  class=\"panel-grid panel-no-style\" ><div id=\"pgc-504-2-0\"  class=\"panel-grid-cell\" ><div id=\"panel-504-2-0-0\" class=\"so-panel widget widget_sow-image panel-first-child panel-last-child\" data-index=\"3\" ><div\n\t\t\t\n\t\t\tclass=\"so-widget-sow-image so-widget-sow-image-default-8b5b6f678277-504\"\n\t\t\t\n\t\t>\n<div class=\"sow-image-container\">\n\t\t<img \n\tsrc=\"https:\/\/dive-bluedolphin.com\/wp-content\/uploads\/2021\/09\/kreta1.jpg\" width=\"100\" height=\"75\" sizes=\"(max-width: 100px) 100vw, 100px\" alt=\"\" \t\tclass=\"so-widget-image\"\/>\n\t<\/div>\n\n<\/div><\/div><\/div><div id=\"pgc-504-2-1\"  class=\"panel-grid-cell\" ><div id=\"panel-504-2-1-0\" class=\"so-panel widget widget_sow-image panel-first-child panel-last-child\" data-index=\"4\" ><div\n\t\t\t\n\t\t\tclass=\"so-widget-sow-image so-widget-sow-image-default-8b5b6f678277-504\"\n\t\t\t\n\t\t>\n<div class=\"sow-image-container\">\n\t\t<img \n\tsrc=\"https:\/\/dive-bluedolphin.com\/wp-content\/uploads\/2021\/09\/kreta2.jpg\" width=\"100\" height=\"75\" sizes=\"(max-width: 100px) 100vw, 100px\" alt=\"\" \t\tclass=\"so-widget-image\"\/>\n\t<\/div>\n\n<\/div><\/div><\/div><div id=\"pgc-504-2-2\"  class=\"panel-grid-cell\" ><div id=\"panel-504-2-2-0\" class=\"so-panel widget widget_sow-image panel-first-child panel-last-child\" data-index=\"5\" ><div\n\t\t\t\n\t\t\tclass=\"so-widget-sow-image so-widget-sow-image-default-8b5b6f678277-504\"\n\t\t\t\n\t\t>\n<div class=\"sow-image-container\">\n\t\t<img \n\tsrc=\"https:\/\/dive-bluedolphin.com\/wp-content\/uploads\/2021\/09\/kreta3.jpg\" width=\"100\" height=\"75\" sizes=\"(max-width: 100px) 100vw, 100px\" alt=\"\" \t\tclass=\"so-widget-image\"\/>\n\t<\/div>\n\n<\/div><\/div><\/div><div id=\"pgc-504-2-3\"  class=\"panel-grid-cell\" ><div id=\"panel-504-2-3-0\" class=\"so-panel widget widget_sow-image panel-first-child panel-last-child\" data-index=\"6\" ><div\n\t\t\t\n\t\t\tclass=\"so-widget-sow-image so-widget-sow-image-default-8b5b6f678277-504\"\n\t\t\t\n\t\t>\n<div class=\"sow-image-container\">\n\t\t<img \n\tsrc=\"https:\/\/dive-bluedolphin.com\/wp-content\/uploads\/2021\/09\/kreta4-150x150-1.jpg\" width=\"150\" height=\"150\" sizes=\"(max-width: 150px) 100vw, 150px\" title=\"kreta4-150&#215;150\" alt=\"\" \t\tclass=\"so-widget-image\"\/>\n\t<\/div>\n\n<\/div><\/div><\/div><div id=\"pgc-504-2-4\"  class=\"panel-grid-cell\" ><div id=\"panel-504-2-4-0\" class=\"so-panel widget widget_sow-image panel-first-child panel-last-child\" data-index=\"7\" ><div\n\t\t\t\n\t\t\tclass=\"so-widget-sow-image so-widget-sow-image-default-8b5b6f678277-504\"\n\t\t\t\n\t\t>\n<div class=\"sow-image-container\">\n\t\t<img \n\tsrc=\"https:\/\/dive-bluedolphin.com\/wp-content\/uploads\/2021\/09\/kreta5.jpg\" width=\"220\" height=\"170\" sizes=\"(max-width: 220px) 100vw, 220px\" alt=\"\" \t\tclass=\"so-widget-image\"\/>\n\t<\/div>\n\n<\/div><\/div><\/div><div id=\"pgc-504-2-5\"  class=\"panel-grid-cell\" ><div id=\"panel-504-2-5-0\" class=\"so-panel widget widget_sow-image panel-first-child panel-last-child\" data-index=\"8\" ><div\n\t\t\t\n\t\t\tclass=\"so-widget-sow-image so-widget-sow-image-default-8b5b6f678277-504\"\n\t\t\t\n\t\t>\n<div class=\"sow-image-container\">\n\t\t<img \n\tsrc=\"https:\/\/dive-bluedolphin.com\/wp-content\/uploads\/2021\/09\/kreta6.jpg\" width=\"220\" height=\"170\" sizes=\"(max-width: 220px) 100vw, 220px\" alt=\"\" \t\tclass=\"so-widget-image\"\/>\n\t<\/div>\n\n<\/div><\/div><\/div><\/div><div id=\"pg-504-3\"  class=\"panel-grid panel-no-style\" ><div id=\"pgc-504-3-0\"  class=\"panel-grid-cell\" ><div id=\"panel-504-3-0-0\" class=\"so-panel widget widget_sow-editor panel-first-child panel-last-child\" data-index=\"9\" ><div\n\t\t\t\n\t\t\tclass=\"so-widget-sow-editor so-widget-sow-editor-base\"\n\t\t\t\n\t\t>\n<div class=\"siteorigin-widget-tinymce textwidget\">\n\t<p>El pintoresco pueblo pesquero de Elounda se encuentra en la hermosa bah\u00eda de Mirabello, al este de la isla. Aqu\u00ed, incluso los que no bucean y sus hijos encontrar\u00e1n todo lo que puedan desear. Hay muchas tabernas, caf\u00e9s y pubs para disfrutar. Elounda es una peque\u00f1a ciudad que tiene mucho que ofrecer, pero sigue siendo muy acogedora. Los amantes de la vida nocturna animada, sin embargo, obtendr\u00e1n el valor de su dinero en la ciudad de Agios Nikolaos, a 9 km de distancia.<\/p>\n<\/div>\n<\/div><\/div><\/div><\/div><\/div>","protected":false},"excerpt":{"rendered":"<p>Creta no s\u00f3lo es la isla m\u00e1s grande y meridional de Grecia, sino tambi\u00e9n el punto m\u00e1s meridional de Europa. En Creta floreci\u00f3 la primera civilizaci\u00f3n avanzada del mundo occidental, se elevaron los primeros pueblos y se construy\u00f3 el primer laberinto. Probablemente ninguna otra isla del Mediterr\u00e1neo tenga tantos lugares de inter\u00e9s y tesoros naturales [&hellip;]<\/p>\n","protected":false},"author":1,"featured_media":0,"parent":437,"menu_order":2,"comment_status":"closed","ping_status":"closed","template":"","meta":{"footnotes":""},"class_list":["post-504","page","type-page","status-publish","hentry","post"],"yoast_head":"<!-- This site is optimized with the Yoast SEO plugin v27.4 - https:\/\/yoast.com\/product\/yoast-seo-wordpress\/ -->\n<title>Creta: la cuna de nuestra civilizaci\u00f3n - Diving Center Blue Dolphin<\/title>\n<meta name=\"robots\" content=\"index, follow, max-snippet:-1, max-image-preview:large, max-video-preview:-1\" \/>\n<link rel=\"canonical\" href=\"https:\/\/dive-bluedolphin.com\/es\/buceo-elounda\/creta-la-cuna-de-nuestra-civilizacion\/\" \/>\n<meta property=\"og:locale\" content=\"es_ES\" \/>\n<meta property=\"og:type\" content=\"article\" \/>\n<meta property=\"og:title\" content=\"Creta: la cuna de nuestra civilizaci\u00f3n - Diving Center Blue Dolphin\" \/>\n<meta property=\"og:description\" content=\"Creta no s\u00f3lo es la isla m\u00e1s grande y meridional de Grecia, sino tambi\u00e9n el punto m\u00e1s meridional de Europa. En Creta floreci\u00f3 la primera civilizaci\u00f3n avanzada del mundo occidental, se elevaron los primeros pueblos y se construy\u00f3 el primer laberinto. Probablemente ninguna otra isla del Mediterr\u00e1neo tenga tantos lugares de inter\u00e9s y tesoros naturales [&hellip;]\" \/>\n<meta property=\"og:url\" content=\"https:\/\/dive-bluedolphin.com\/es\/buceo-elounda\/creta-la-cuna-de-nuestra-civilizacion\/\" \/>\n<meta property=\"og:site_name\" content=\"Diving Center Blue Dolphin\" \/>\n<meta property=\"article:modified_time\" content=\"2021-10-30T12:16:49+00:00\" \/>\n<meta name=\"twitter:card\" content=\"summary_large_image\" \/>\n<meta name=\"twitter:label1\" content=\"Tiempo de lectura\" \/>\n\t<meta name=\"twitter:data1\" content=\"1 minuto\" \/>\n<script type=\"application\/ld+json\" class=\"yoast-schema-graph\">{\"@context\":\"https:\\\/\\\/schema.org\",\"@graph\":[{\"@type\":\"WebPage\",\"@id\":\"https:\\\/\\\/dive-bluedolphin.com\\\/es\\\/buceo-elounda\\\/creta-la-cuna-de-nuestra-civilizacion\\\/\",\"url\":\"https:\\\/\\\/dive-bluedolphin.com\\\/es\\\/buceo-elounda\\\/creta-la-cuna-de-nuestra-civilizacion\\\/\",\"name\":\"Creta: la cuna de nuestra civilizaci\u00f3n - Diving Center Blue Dolphin\",\"isPartOf\":{\"@id\":\"https:\\\/\\\/dive-bluedolphin.com\\\/es\\\/#website\"},\"datePublished\":\"2021-09-06T16:29:37+00:00\",\"dateModified\":\"2021-10-30T12:16:49+00:00\",\"breadcrumb\":{\"@id\":\"https:\\\/\\\/dive-bluedolphin.com\\\/es\\\/buceo-elounda\\\/creta-la-cuna-de-nuestra-civilizacion\\\/#breadcrumb\"},\"inLanguage\":\"es\",\"potentialAction\":[{\"@type\":\"ReadAction\",\"target\":[\"https:\\\/\\\/dive-bluedolphin.com\\\/es\\\/buceo-elounda\\\/creta-la-cuna-de-nuestra-civilizacion\\\/\"]}]},{\"@type\":\"BreadcrumbList\",\"@id\":\"https:\\\/\\\/dive-bluedolphin.com\\\/es\\\/buceo-elounda\\\/creta-la-cuna-de-nuestra-civilizacion\\\/#breadcrumb\",\"itemListElement\":[{\"@type\":\"ListItem\",\"position\":1,\"name\":\"Home\",\"item\":\"https:\\\/\\\/dive-bluedolphin.com\\\/es\\\/\"},{\"@type\":\"ListItem\",\"position\":2,\"name\":\"Sobre nosotros\",\"item\":\"https:\\\/\\\/dive-bluedolphin.com\\\/es\\\/\"},{\"@type\":\"ListItem\",\"position\":3,\"name\":\"Creta: la cuna de nuestra civilizaci\u00f3n\"}]},{\"@type\":\"WebSite\",\"@id\":\"https:\\\/\\\/dive-bluedolphin.com\\\/es\\\/#website\",\"url\":\"https:\\\/\\\/dive-bluedolphin.com\\\/es\\\/\",\"name\":\"Diving Center Blue Dolphin\",\"description\":\"Elounda - Crete\",\"potentialAction\":[{\"@type\":\"SearchAction\",\"target\":{\"@type\":\"EntryPoint\",\"urlTemplate\":\"https:\\\/\\\/dive-bluedolphin.com\\\/es\\\/?s={search_term_string}\"},\"query-input\":{\"@type\":\"PropertyValueSpecification\",\"valueRequired\":true,\"valueName\":\"search_term_string\"}}],\"inLanguage\":\"es\"}]}<\/script>\n<!-- \/ Yoast SEO plugin. -->","yoast_head_json":{"title":"Creta: la cuna de nuestra civilizaci\u00f3n - Diving Center Blue Dolphin","robots":{"index":"index","follow":"follow","max-snippet":"max-snippet:-1","max-image-preview":"max-image-preview:large","max-video-preview":"max-video-preview:-1"},"canonical":"https:\/\/dive-bluedolphin.com\/es\/buceo-elounda\/creta-la-cuna-de-nuestra-civilizacion\/","og_locale":"es_ES","og_type":"article","og_title":"Creta: la cuna de nuestra civilizaci\u00f3n - Diving Center Blue Dolphin","og_description":"Creta no s\u00f3lo es la isla m\u00e1s grande y meridional de Grecia, sino tambi\u00e9n el punto m\u00e1s meridional de Europa. En Creta floreci\u00f3 la primera civilizaci\u00f3n avanzada del mundo occidental, se elevaron los primeros pueblos y se construy\u00f3 el primer laberinto. Probablemente ninguna otra isla del Mediterr\u00e1neo tenga tantos lugares de inter\u00e9s y tesoros naturales [&hellip;]","og_url":"https:\/\/dive-bluedolphin.com\/es\/buceo-elounda\/creta-la-cuna-de-nuestra-civilizacion\/","og_site_name":"Diving Center Blue Dolphin","article_modified_time":"2021-10-30T12:16:49+00:00","twitter_card":"summary_large_image","twitter_misc":{"Tiempo de lectura":"1 minuto"},"schema":{"@context":"https:\/\/schema.org","@graph":[{"@type":"WebPage","@id":"https:\/\/dive-bluedolphin.com\/es\/buceo-elounda\/creta-la-cuna-de-nuestra-civilizacion\/","url":"https:\/\/dive-bluedolphin.com\/es\/buceo-elounda\/creta-la-cuna-de-nuestra-civilizacion\/","name":"Creta: la cuna de nuestra civilizaci\u00f3n - Diving Center Blue Dolphin","isPartOf":{"@id":"https:\/\/dive-bluedolphin.com\/es\/#website"},"datePublished":"2021-09-06T16:29:37+00:00","dateModified":"2021-10-30T12:16:49+00:00","breadcrumb":{"@id":"https:\/\/dive-bluedolphin.com\/es\/buceo-elounda\/creta-la-cuna-de-nuestra-civilizacion\/#breadcrumb"},"inLanguage":"es","potentialAction":[{"@type":"ReadAction","target":["https:\/\/dive-bluedolphin.com\/es\/buceo-elounda\/creta-la-cuna-de-nuestra-civilizacion\/"]}]},{"@type":"BreadcrumbList","@id":"https:\/\/dive-bluedolphin.com\/es\/buceo-elounda\/creta-la-cuna-de-nuestra-civilizacion\/#breadcrumb","itemListElement":[{"@type":"ListItem","position":1,"name":"Home","item":"https:\/\/dive-bluedolphin.com\/es\/"},{"@type":"ListItem","position":2,"name":"Sobre nosotros","item":"https:\/\/dive-bluedolphin.com\/es\/"},{"@type":"ListItem","position":3,"name":"Creta: la cuna de nuestra civilizaci\u00f3n"}]},{"@type":"WebSite","@id":"https:\/\/dive-bluedolphin.com\/es\/#website","url":"https:\/\/dive-bluedolphin.com\/es\/","name":"Diving Center Blue Dolphin","description":"Elounda - Crete","potentialAction":[{"@type":"SearchAction","target":{"@type":"EntryPoint","urlTemplate":"https:\/\/dive-bluedolphin.com\/es\/?s={search_term_string}"},"query-input":{"@type":"PropertyValueSpecification","valueRequired":true,"valueName":"search_term_string"}}],"inLanguage":"es"}]}},"_links":{"self":[{"href":"https:\/\/dive-bluedolphin.com\/es\/wp-json\/wp\/v2\/pages\/504","targetHints":{"allow":["GET"]}}],"collection":[{"href":"https:\/\/dive-bluedolphin.com\/es\/wp-json\/wp\/v2\/pages"}],"about":[{"href":"https:\/\/dive-bluedolphin.com\/es\/wp-json\/wp\/v2\/types\/page"}],"author":[{"embeddable":true,"href":"https:\/\/dive-bluedolphin.com\/es\/wp-json\/wp\/v2\/users\/1"}],"replies":[{"embeddable":true,"href":"https:\/\/dive-bluedolphin.com\/es\/wp-json\/wp\/v2\/comments?post=504"}],"version-history":[{"count":6,"href":"https:\/\/dive-bluedolphin.com\/es\/wp-json\/wp\/v2\/pages\/504\/revisions"}],"predecessor-version":[{"id":1274,"href":"https:\/\/dive-bluedolphin.com\/es\/wp-json\/wp\/v2\/pages\/504\/revisions\/1274"}],"up":[{"embeddable":true,"href":"https:\/\/dive-bluedolphin.com\/es\/wp-json\/wp\/v2\/pages\/437"}],"wp:attachment":[{"href":"https:\/\/dive-bluedolphin.com\/es\/wp-json\/wp\/v2\/media?parent=504"}],"curies":[{"name":"wp","href":"https:\/\/api.w.org\/{rel}","templated":true}]}}