{"id":823,"date":"2021-09-06T18:35:47","date_gmt":"2021-09-06T16:35:47","guid":{"rendered":"https:\/\/dive-bluedolphin.com\/pro-level\/"},"modified":"2021-11-03T16:03:25","modified_gmt":"2021-11-03T15:03:25","slug":"nivel-pro","status":"publish","type":"page","link":"https:\/\/dive-bluedolphin.com\/es\/formacion\/nivel-pro\/","title":{"rendered":"Nivel Pro"},"content":{"rendered":"<div id=\"pl-823\"  class=\"panel-layout\" ><div id=\"pg-823-0\"  class=\"panel-grid panel-no-style\" ><div id=\"pgc-823-0-0\"  class=\"panel-grid-cell\" ><div id=\"panel-823-0-0-0\" class=\"so-panel widget widget_sow-editor panel-first-child panel-last-child\" data-index=\"0\" ><div\n\t\t\t\n\t\t\tclass=\"so-widget-sow-editor so-widget-sow-editor-base\"\n\t\t\t\n\t\t>\n<div class=\"siteorigin-widget-tinymce textwidget\">\n\t<p>Lamentablemente, esta p\u00e1gina a\u00fan est\u00e1 en construcci\u00f3n.<\/p>\n<p>P\u00f3ngase en contacto con nosotros si necesita m\u00e1s informaci\u00f3n.<\/p>\n<h3>Go Pro PADI<\/h3>\n<h3>Go Pro SSI<\/h3>\n<h3>Pr\u00e1cticas<\/h3>\n<\/div>\n<\/div><\/div><\/div><\/div><\/div>","protected":false},"excerpt":{"rendered":"<p>Lamentablemente, esta p\u00e1gina a\u00fan est\u00e1 en construcci\u00f3n. P\u00f3ngase en contacto con nosotros si necesita m\u00e1s informaci\u00f3n. Go Pro PADI Go Pro SSI Pr\u00e1cticas<\/p>\n","protected":false},"author":1,"featured_media":0,"parent":1016,"menu_order":5,"comment_status":"closed","ping_status":"closed","template":"","meta":{"footnotes":""},"class_list":["post-823","page","type-page","status-publish","hentry","post"],"yoast_head":"<!-- This site is optimized with the Yoast SEO plugin v27.3 - https:\/\/yoast.com\/product\/yoast-seo-wordpress\/ -->\n<title>Nivel Pro - Diving Center Blue Dolphin<\/title>\n<meta name=\"robots\" content=\"index, follow, max-snippet:-1, max-image-preview:large, max-video-preview:-1\" \/>\n<link rel=\"canonical\" href=\"https:\/\/dive-bluedolphin.com\/es\/formacion\/nivel-pro\/\" \/>\n<meta property=\"og:locale\" content=\"es_ES\" \/>\n<meta property=\"og:type\" content=\"article\" \/>\n<meta property=\"og:title\" content=\"Nivel Pro - Diving Center Blue Dolphin\" \/>\n<meta property=\"og:description\" content=\"Lamentablemente, esta p\u00e1gina a\u00fan est\u00e1 en construcci\u00f3n. P\u00f3ngase en contacto con nosotros si necesita m\u00e1s informaci\u00f3n. Go Pro PADI Go Pro SSI Pr\u00e1cticas\" \/>\n<meta property=\"og:url\" content=\"https:\/\/dive-bluedolphin.com\/es\/formacion\/nivel-pro\/\" \/>\n<meta property=\"og:site_name\" content=\"Diving Center Blue Dolphin\" \/>\n<meta property=\"article:modified_time\" content=\"2021-11-03T15:03:25+00:00\" \/>\n<meta name=\"twitter:card\" content=\"summary_large_image\" \/>\n<script type=\"application\/ld+json\" class=\"yoast-schema-graph\">{\"@context\":\"https:\\\/\\\/schema.org\",\"@graph\":[{\"@type\":\"WebPage\",\"@id\":\"https:\\\/\\\/dive-bluedolphin.com\\\/es\\\/formacion\\\/nivel-pro\\\/\",\"url\":\"https:\\\/\\\/dive-bluedolphin.com\\\/es\\\/formacion\\\/nivel-pro\\\/\",\"name\":\"Nivel Pro - Diving Center Blue Dolphin\",\"isPartOf\":{\"@id\":\"https:\\\/\\\/dive-bluedolphin.com\\\/es\\\/#website\"},\"datePublished\":\"2021-09-06T16:35:47+00:00\",\"dateModified\":\"2021-11-03T15:03:25+00:00\",\"breadcrumb\":{\"@id\":\"https:\\\/\\\/dive-bluedolphin.com\\\/es\\\/formacion\\\/nivel-pro\\\/#breadcrumb\"},\"inLanguage\":\"es\",\"potentialAction\":[{\"@type\":\"ReadAction\",\"target\":[\"https:\\\/\\\/dive-bluedolphin.com\\\/es\\\/formacion\\\/nivel-pro\\\/\"]}]},{\"@type\":\"BreadcrumbList\",\"@id\":\"https:\\\/\\\/dive-bluedolphin.com\\\/es\\\/formacion\\\/nivel-pro\\\/#breadcrumb\",\"itemListElement\":[{\"@type\":\"ListItem\",\"position\":1,\"name\":\"Home\",\"item\":\"https:\\\/\\\/dive-bluedolphin.com\\\/es\\\/\"},{\"@type\":\"ListItem\",\"position\":2,\"name\":\"Formaci\u00f3n\",\"item\":\"https:\\\/\\\/dive-bluedolphin.com\\\/es\\\/formacion\\\/\"},{\"@type\":\"ListItem\",\"position\":3,\"name\":\"Nivel Pro\"}]},{\"@type\":\"WebSite\",\"@id\":\"https:\\\/\\\/dive-bluedolphin.com\\\/es\\\/#website\",\"url\":\"https:\\\/\\\/dive-bluedolphin.com\\\/es\\\/\",\"name\":\"Diving Center Blue Dolphin\",\"description\":\"Elounda - Crete\",\"potentialAction\":[{\"@type\":\"SearchAction\",\"target\":{\"@type\":\"EntryPoint\",\"urlTemplate\":\"https:\\\/\\\/dive-bluedolphin.com\\\/es\\\/?s={search_term_string}\"},\"query-input\":{\"@type\":\"PropertyValueSpecification\",\"valueRequired\":true,\"valueName\":\"search_term_string\"}}],\"inLanguage\":\"es\"}]}<\/script>\n<!-- \/ Yoast SEO plugin. -->","yoast_head_json":{"title":"Nivel Pro - Diving Center Blue Dolphin","robots":{"index":"index","follow":"follow","max-snippet":"max-snippet:-1","max-image-preview":"max-image-preview:large","max-video-preview":"max-video-preview:-1"},"canonical":"https:\/\/dive-bluedolphin.com\/es\/formacion\/nivel-pro\/","og_locale":"es_ES","og_type":"article","og_title":"Nivel Pro - Diving Center Blue Dolphin","og_description":"Lamentablemente, esta p\u00e1gina a\u00fan est\u00e1 en construcci\u00f3n. P\u00f3ngase en contacto con nosotros si necesita m\u00e1s informaci\u00f3n. Go Pro PADI Go Pro SSI Pr\u00e1cticas","og_url":"https:\/\/dive-bluedolphin.com\/es\/formacion\/nivel-pro\/","og_site_name":"Diving Center Blue Dolphin","article_modified_time":"2021-11-03T15:03:25+00:00","twitter_card":"summary_large_image","schema":{"@context":"https:\/\/schema.org","@graph":[{"@type":"WebPage","@id":"https:\/\/dive-bluedolphin.com\/es\/formacion\/nivel-pro\/","url":"https:\/\/dive-bluedolphin.com\/es\/formacion\/nivel-pro\/","name":"Nivel Pro - Diving Center Blue Dolphin","isPartOf":{"@id":"https:\/\/dive-bluedolphin.com\/es\/#website"},"datePublished":"2021-09-06T16:35:47+00:00","dateModified":"2021-11-03T15:03:25+00:00","breadcrumb":{"@id":"https:\/\/dive-bluedolphin.com\/es\/formacion\/nivel-pro\/#breadcrumb"},"inLanguage":"es","potentialAction":[{"@type":"ReadAction","target":["https:\/\/dive-bluedolphin.com\/es\/formacion\/nivel-pro\/"]}]},{"@type":"BreadcrumbList","@id":"https:\/\/dive-bluedolphin.com\/es\/formacion\/nivel-pro\/#breadcrumb","itemListElement":[{"@type":"ListItem","position":1,"name":"Home","item":"https:\/\/dive-bluedolphin.com\/es\/"},{"@type":"ListItem","position":2,"name":"Formaci\u00f3n","item":"https:\/\/dive-bluedolphin.com\/es\/formacion\/"},{"@type":"ListItem","position":3,"name":"Nivel Pro"}]},{"@type":"WebSite","@id":"https:\/\/dive-bluedolphin.com\/es\/#website","url":"https:\/\/dive-bluedolphin.com\/es\/","name":"Diving Center Blue Dolphin","description":"Elounda - Crete","potentialAction":[{"@type":"SearchAction","target":{"@type":"EntryPoint","urlTemplate":"https:\/\/dive-bluedolphin.com\/es\/?s={search_term_string}"},"query-input":{"@type":"PropertyValueSpecification","valueRequired":true,"valueName":"search_term_string"}}],"inLanguage":"es"}]}},"_links":{"self":[{"href":"https:\/\/dive-bluedolphin.com\/es\/wp-json\/wp\/v2\/pages\/823","targetHints":{"allow":["GET"]}}],"collection":[{"href":"https:\/\/dive-bluedolphin.com\/es\/wp-json\/wp\/v2\/pages"}],"about":[{"href":"https:\/\/dive-bluedolphin.com\/es\/wp-json\/wp\/v2\/types\/page"}],"author":[{"embeddable":true,"href":"https:\/\/dive-bluedolphin.com\/es\/wp-json\/wp\/v2\/users\/1"}],"replies":[{"embeddable":true,"href":"https:\/\/dive-bluedolphin.com\/es\/wp-json\/wp\/v2\/comments?post=823"}],"version-history":[{"count":2,"href":"https:\/\/dive-bluedolphin.com\/es\/wp-json\/wp\/v2\/pages\/823\/revisions"}],"predecessor-version":[{"id":1449,"href":"https:\/\/dive-bluedolphin.com\/es\/wp-json\/wp\/v2\/pages\/823\/revisions\/1449"}],"up":[{"embeddable":true,"href":"https:\/\/dive-bluedolphin.com\/es\/wp-json\/wp\/v2\/pages\/1016"}],"wp:attachment":[{"href":"https:\/\/dive-bluedolphin.com\/es\/wp-json\/wp\/v2\/media?parent=823"}],"curies":[{"name":"wp","href":"https:\/\/api.w.org\/{rel}","templated":true}]}}