{"id":863,"date":"2021-10-29T10:22:59","date_gmt":"2021-10-29T08:22:59","guid":{"rendered":"https:\/\/dive-bluedolphin.com\/?page_id=863"},"modified":"2021-10-30T15:14:38","modified_gmt":"2021-10-30T13:14:38","slug":"centro-de-buceo","status":"publish","type":"page","link":"https:\/\/dive-bluedolphin.com\/es\/centro-de-buceo\/","title":{"rendered":"Centro de buceo"},"content":{"rendered":"<div id=\"pl-863\"  class=\"panel-layout\" ><div id=\"pg-863-0\"  class=\"panel-grid panel-no-style\" ><div id=\"pgc-863-0-0\"  class=\"panel-grid-cell\" ><div id=\"panel-863-0-0-0\" class=\"so-panel widget widget_sow-image panel-first-child panel-last-child\" data-index=\"0\" ><div\n\t\t\t\n\t\t\tclass=\"so-widget-sow-image so-widget-sow-image-default-8b5b6f678277-863\"\n\t\t\t\n\t\t>\n<div class=\"sow-image-container\">\n\t\t<img \n\tsrc=\"https:\/\/dive-bluedolphin.com\/wp-content\/uploads\/2021\/09\/Blue-Dolphin-Divecenter-Elounda-Crete-Greece-3-1.jpg\" width=\"448\" height=\"336\" srcset=\"https:\/\/dive-bluedolphin.com\/wp-content\/uploads\/2021\/09\/Blue-Dolphin-Divecenter-Elounda-Crete-Greece-3-1.jpg 448w, https:\/\/dive-bluedolphin.com\/wp-content\/uploads\/2021\/09\/Blue-Dolphin-Divecenter-Elounda-Crete-Greece-3-1-300x225.jpg 300w\" sizes=\"(max-width: 448px) 100vw, 448px\" title=\"Blue-Dolphin-Divecenter-Elounda-Crete-Greece-3\" alt=\"\" \t\tclass=\"so-widget-image\"\/>\n\t<\/div>\n\n<\/div><\/div><\/div><div id=\"pgc-863-0-1\"  class=\"panel-grid-cell\" ><div id=\"panel-863-0-1-0\" class=\"so-panel widget widget_sow-editor panel-first-child panel-last-child\" data-index=\"1\" ><div\n\t\t\t\n\t\t\tclass=\"so-widget-sow-editor so-widget-sow-editor-base\"\n\t\t\t\n\t\t>\n<div class=\"siteorigin-widget-tinymce textwidget\">\n\t<p>El Centro de Buceo Blue Dolphin se encuentra en el complejo hotelero Sensimar Aquila Elounda Village*****, s\u00f3lo para adultos (a partir de 16 a\u00f1os), situado directamente en el mar y a unos 3 kil\u00f3metros de la ciudad de Elounda. Nuestros peque\u00f1os amigos buceadores (menores de 16 a\u00f1os) ser\u00e1n recibidos por nosotros en la playa de nuestra base filial en el Hotel Elounda Breeze**** - \u00e9sta se encuentra a menos de un kil\u00f3metro de nuestra base principal.<\/p>\n<p>Tanto en la base como en el barco, el ox\u00edgeno y los kits de emergencia forman parte de nuestro est\u00e1ndar de seguridad, as\u00ed como la formaci\u00f3n en primeros auxilios de nuestros instructores y asistentes.<\/p>\n<\/div>\n<\/div><\/div><\/div><\/div><div id=\"pg-863-1\"  class=\"panel-grid panel-no-style\" ><div id=\"pgc-863-1-0\"  class=\"panel-grid-cell\" ><div id=\"panel-863-1-0-0\" class=\"so-panel widget widget_sow-editor panel-first-child panel-last-child\" data-index=\"2\" ><div\n\t\t\t\n\t\t\tclass=\"so-widget-sow-editor so-widget-sow-editor-base\"\n\t\t\t\n\t\t>\n<div class=\"siteorigin-widget-tinymce textwidget\">\n\t<p>Con la formaci\u00f3n profesional de nuestros instructores de buceo, equipos de alquiler de primera clase de proveedores de renombre como ScubaPro, Cressi y AquaLung, as\u00ed como dos potentes compresores BAUER, cumplimos todos los requisitos de un centro de buceo moderno.<\/p>\n<p>El equipo de alquiler para nuestros hu\u00e9spedes (totalmente equipado con tanques de 10 l y 12 l, v\u00e1lvulas DIN) se mantiene y renueva regularmente. Los reguladores son mantenidos por nuestros propios t\u00e9cnicos y as\u00ed podemos garantizar un perfecto estado.<\/p>\n<\/div>\n<\/div><\/div><\/div><div id=\"pgc-863-1-1\"  class=\"panel-grid-cell\" ><div id=\"panel-863-1-1-0\" class=\"so-panel widget widget_sow-image panel-first-child panel-last-child\" data-index=\"3\" ><div\n\t\t\t\n\t\t\tclass=\"so-widget-sow-image so-widget-sow-image-default-8b5b6f678277-863\"\n\t\t\t\n\t\t>\n<div class=\"sow-image-container\">\n\t\t<img \n\tsrc=\"https:\/\/dive-bluedolphin.com\/wp-content\/uploads\/2021\/09\/Blue-Dolphin-Divecenter-Elounda-Crete-Greece-5.jpg\" width=\"448\" height=\"336\" srcset=\"https:\/\/dive-bluedolphin.com\/wp-content\/uploads\/2021\/09\/Blue-Dolphin-Divecenter-Elounda-Crete-Greece-5.jpg 448w, https:\/\/dive-bluedolphin.com\/wp-content\/uploads\/2021\/09\/Blue-Dolphin-Divecenter-Elounda-Crete-Greece-5-300x225.jpg 300w\" sizes=\"(max-width: 448px) 100vw, 448px\" alt=\"\" \t\tclass=\"so-widget-image\"\/>\n\t<\/div>\n\n<\/div><\/div><\/div><\/div><div id=\"pg-863-2\"  class=\"panel-grid panel-no-style\" ><div id=\"pgc-863-2-0\"  class=\"panel-grid-cell\" ><div id=\"panel-863-2-0-0\" class=\"so-panel widget widget_sow-editor panel-first-child panel-last-child\" data-index=\"4\" ><div\n\t\t\t\n\t\t\tclass=\"so-widget-sow-editor so-widget-sow-editor-base\"\n\t\t\t\n\t\t>\n<div class=\"siteorigin-widget-tinymce textwidget\">\n\t<p>Para el acompa\u00f1ante que no bucea, aqu\u00ed se ofrece todo lo que pueda desear. M\u00edmese en el SPA de nuestro hotel, t\u00f3mese un refresco en el chiringuito del hotel o simplemente rel\u00e1jese en la playa mientras los dem\u00e1s bucean.<\/p>\n<\/div>\n<\/div><\/div><\/div><\/div><\/div>","protected":false},"excerpt":{"rendered":"<p>El Centro de Buceo Blue Dolphin se encuentra en el complejo hotelero Sensimar Aquila Elounda Village*****, s\u00f3lo para adultos (a partir de 16 a\u00f1os), situado directamente en el mar y a unos 3 kil\u00f3metros de la ciudad de Elounda. Nuestros peque\u00f1os amigos buceadores (menores de 16 a\u00f1os) ser\u00e1n recibidos por nosotros en la playa de [&hellip;]<\/p>\n","protected":false},"author":1,"featured_media":0,"parent":0,"menu_order":2,"comment_status":"closed","ping_status":"closed","template":"","meta":{"footnotes":""},"class_list":["post-863","page","type-page","status-publish","hentry","post"],"yoast_head":"<!-- This site is optimized with the Yoast SEO plugin v27.4 - https:\/\/yoast.com\/product\/yoast-seo-wordpress\/ -->\n<title>Centro de buceo - Diving Center Blue Dolphin<\/title>\n<meta name=\"robots\" content=\"index, follow, max-snippet:-1, max-image-preview:large, max-video-preview:-1\" \/>\n<link rel=\"canonical\" href=\"https:\/\/dive-bluedolphin.com\/es\/centro-de-buceo\/\" \/>\n<meta property=\"og:locale\" content=\"es_ES\" \/>\n<meta property=\"og:type\" content=\"article\" \/>\n<meta property=\"og:title\" content=\"Centro de buceo - Diving Center Blue Dolphin\" \/>\n<meta property=\"og:description\" content=\"El Centro de Buceo Blue Dolphin se encuentra en el complejo hotelero Sensimar Aquila Elounda Village*****, s\u00f3lo para adultos (a partir de 16 a\u00f1os), situado directamente en el mar y a unos 3 kil\u00f3metros de la ciudad de Elounda. Nuestros peque\u00f1os amigos buceadores (menores de 16 a\u00f1os) ser\u00e1n recibidos por nosotros en la playa de [&hellip;]\" \/>\n<meta property=\"og:url\" content=\"https:\/\/dive-bluedolphin.com\/es\/centro-de-buceo\/\" \/>\n<meta property=\"og:site_name\" content=\"Diving Center Blue Dolphin\" \/>\n<meta property=\"article:modified_time\" content=\"2021-10-30T13:14:38+00:00\" \/>\n<meta name=\"twitter:card\" content=\"summary_large_image\" \/>\n<meta name=\"twitter:label1\" content=\"Tiempo de lectura\" \/>\n\t<meta name=\"twitter:data1\" content=\"1 minuto\" \/>\n<script type=\"application\/ld+json\" class=\"yoast-schema-graph\">{\"@context\":\"https:\\\/\\\/schema.org\",\"@graph\":[{\"@type\":\"WebPage\",\"@id\":\"https:\\\/\\\/dive-bluedolphin.com\\\/es\\\/centro-de-buceo\\\/\",\"url\":\"https:\\\/\\\/dive-bluedolphin.com\\\/es\\\/centro-de-buceo\\\/\",\"name\":\"Centro de buceo - Diving Center Blue Dolphin\",\"isPartOf\":{\"@id\":\"https:\\\/\\\/dive-bluedolphin.com\\\/es\\\/#website\"},\"datePublished\":\"2021-10-29T08:22:59+00:00\",\"dateModified\":\"2021-10-30T13:14:38+00:00\",\"breadcrumb\":{\"@id\":\"https:\\\/\\\/dive-bluedolphin.com\\\/es\\\/centro-de-buceo\\\/#breadcrumb\"},\"inLanguage\":\"es\",\"potentialAction\":[{\"@type\":\"ReadAction\",\"target\":[\"https:\\\/\\\/dive-bluedolphin.com\\\/es\\\/centro-de-buceo\\\/\"]}]},{\"@type\":\"BreadcrumbList\",\"@id\":\"https:\\\/\\\/dive-bluedolphin.com\\\/es\\\/centro-de-buceo\\\/#breadcrumb\",\"itemListElement\":[{\"@type\":\"ListItem\",\"position\":1,\"name\":\"Home\",\"item\":\"https:\\\/\\\/dive-bluedolphin.com\\\/es\\\/\"},{\"@type\":\"ListItem\",\"position\":2,\"name\":\"Centro de buceo\"}]},{\"@type\":\"WebSite\",\"@id\":\"https:\\\/\\\/dive-bluedolphin.com\\\/es\\\/#website\",\"url\":\"https:\\\/\\\/dive-bluedolphin.com\\\/es\\\/\",\"name\":\"Diving Center Blue Dolphin\",\"description\":\"Elounda - Crete\",\"potentialAction\":[{\"@type\":\"SearchAction\",\"target\":{\"@type\":\"EntryPoint\",\"urlTemplate\":\"https:\\\/\\\/dive-bluedolphin.com\\\/es\\\/?s={search_term_string}\"},\"query-input\":{\"@type\":\"PropertyValueSpecification\",\"valueRequired\":true,\"valueName\":\"search_term_string\"}}],\"inLanguage\":\"es\"}]}<\/script>\n<!-- \/ Yoast SEO plugin. -->","yoast_head_json":{"title":"Centro de buceo - Diving Center Blue Dolphin","robots":{"index":"index","follow":"follow","max-snippet":"max-snippet:-1","max-image-preview":"max-image-preview:large","max-video-preview":"max-video-preview:-1"},"canonical":"https:\/\/dive-bluedolphin.com\/es\/centro-de-buceo\/","og_locale":"es_ES","og_type":"article","og_title":"Centro de buceo - Diving Center Blue Dolphin","og_description":"El Centro de Buceo Blue Dolphin se encuentra en el complejo hotelero Sensimar Aquila Elounda Village*****, s\u00f3lo para adultos (a partir de 16 a\u00f1os), situado directamente en el mar y a unos 3 kil\u00f3metros de la ciudad de Elounda. Nuestros peque\u00f1os amigos buceadores (menores de 16 a\u00f1os) ser\u00e1n recibidos por nosotros en la playa de [&hellip;]","og_url":"https:\/\/dive-bluedolphin.com\/es\/centro-de-buceo\/","og_site_name":"Diving Center Blue Dolphin","article_modified_time":"2021-10-30T13:14:38+00:00","twitter_card":"summary_large_image","twitter_misc":{"Tiempo de lectura":"1 minuto"},"schema":{"@context":"https:\/\/schema.org","@graph":[{"@type":"WebPage","@id":"https:\/\/dive-bluedolphin.com\/es\/centro-de-buceo\/","url":"https:\/\/dive-bluedolphin.com\/es\/centro-de-buceo\/","name":"Centro de buceo - Diving Center Blue Dolphin","isPartOf":{"@id":"https:\/\/dive-bluedolphin.com\/es\/#website"},"datePublished":"2021-10-29T08:22:59+00:00","dateModified":"2021-10-30T13:14:38+00:00","breadcrumb":{"@id":"https:\/\/dive-bluedolphin.com\/es\/centro-de-buceo\/#breadcrumb"},"inLanguage":"es","potentialAction":[{"@type":"ReadAction","target":["https:\/\/dive-bluedolphin.com\/es\/centro-de-buceo\/"]}]},{"@type":"BreadcrumbList","@id":"https:\/\/dive-bluedolphin.com\/es\/centro-de-buceo\/#breadcrumb","itemListElement":[{"@type":"ListItem","position":1,"name":"Home","item":"https:\/\/dive-bluedolphin.com\/es\/"},{"@type":"ListItem","position":2,"name":"Centro de buceo"}]},{"@type":"WebSite","@id":"https:\/\/dive-bluedolphin.com\/es\/#website","url":"https:\/\/dive-bluedolphin.com\/es\/","name":"Diving Center Blue Dolphin","description":"Elounda - Crete","potentialAction":[{"@type":"SearchAction","target":{"@type":"EntryPoint","urlTemplate":"https:\/\/dive-bluedolphin.com\/es\/?s={search_term_string}"},"query-input":{"@type":"PropertyValueSpecification","valueRequired":true,"valueName":"search_term_string"}}],"inLanguage":"es"}]}},"_links":{"self":[{"href":"https:\/\/dive-bluedolphin.com\/es\/wp-json\/wp\/v2\/pages\/863","targetHints":{"allow":["GET"]}}],"collection":[{"href":"https:\/\/dive-bluedolphin.com\/es\/wp-json\/wp\/v2\/pages"}],"about":[{"href":"https:\/\/dive-bluedolphin.com\/es\/wp-json\/wp\/v2\/types\/page"}],"author":[{"embeddable":true,"href":"https:\/\/dive-bluedolphin.com\/es\/wp-json\/wp\/v2\/users\/1"}],"replies":[{"embeddable":true,"href":"https:\/\/dive-bluedolphin.com\/es\/wp-json\/wp\/v2\/comments?post=863"}],"version-history":[{"count":4,"href":"https:\/\/dive-bluedolphin.com\/es\/wp-json\/wp\/v2\/pages\/863\/revisions"}],"predecessor-version":[{"id":1316,"href":"https:\/\/dive-bluedolphin.com\/es\/wp-json\/wp\/v2\/pages\/863\/revisions\/1316"}],"wp:attachment":[{"href":"https:\/\/dive-bluedolphin.com\/es\/wp-json\/wp\/v2\/media?parent=863"}],"curies":[{"name":"wp","href":"https:\/\/api.w.org\/{rel}","templated":true}]}}