{"id":870,"date":"2021-10-29T10:27:31","date_gmt":"2021-10-29T08:27:31","guid":{"rendered":"https:\/\/dive-bluedolphin.com\/?page_id=870"},"modified":"2021-10-30T15:29:09","modified_gmt":"2021-10-30T13:29:09","slug":"zonas-de-buceo","status":"publish","type":"page","link":"https:\/\/dive-bluedolphin.com\/es\/centro-de-buceo\/zonas-de-buceo\/","title":{"rendered":"Zonas de buceo"},"content":{"rendered":"<div id=\"pl-870\"  class=\"panel-layout\" ><div id=\"pg-870-0\"  class=\"panel-grid panel-no-style\" ><div id=\"pgc-870-0-0\"  class=\"panel-grid-cell\" ><div id=\"panel-870-0-0-0\" class=\"so-panel widget widget_sow-image panel-first-child panel-last-child\" data-index=\"0\" ><div\n\t\t\t\n\t\t\tclass=\"so-widget-sow-image so-widget-sow-image-default-8b5b6f678277-870\"\n\t\t\t\n\t\t>\n<div class=\"sow-image-container\">\n\t\t<img \n\tsrc=\"https:\/\/dive-bluedolphin.com\/wp-content\/uploads\/2021\/09\/Divecenter-Blue-Dolphin-Elounda-Crete-best-view-best-dives-7.jpg\" width=\"768\" height=\"432\" srcset=\"https:\/\/dive-bluedolphin.com\/wp-content\/uploads\/2021\/09\/Divecenter-Blue-Dolphin-Elounda-Crete-best-view-best-dives-7.jpg 768w, https:\/\/dive-bluedolphin.com\/wp-content\/uploads\/2021\/09\/Divecenter-Blue-Dolphin-Elounda-Crete-best-view-best-dives-7-300x169.jpg 300w\" sizes=\"(max-width: 768px) 100vw, 768px\" alt=\"\" \t\tclass=\"so-widget-image\"\/>\n\t<\/div>\n\n<\/div><\/div><\/div><div id=\"pgc-870-0-1\"  class=\"panel-grid-cell\" ><div id=\"panel-870-0-1-0\" class=\"so-panel widget widget_sow-editor panel-first-child panel-last-child\" data-index=\"1\" ><div\n\t\t\t\n\t\t\tclass=\"so-widget-sow-editor so-widget-sow-editor-base\"\n\t\t\t\n\t\t>\n<div class=\"siteorigin-widget-tinymce textwidget\">\n\t<p>Elounda cuenta con una de las mayores zonas de buceo de Grecia, que se hizo accesible al turismo de buceo en 1994 gracias a la iniciativa del centro de buceo Blue Dolphin. El n\u00famero de m\u00e1s de 25 puntos de inmersi\u00f3n habla por s\u00ed mismo.<\/p>\n<p>Se ofrece un variado mundo submarino y la consiguiente gran diversidad de especies. Las aguas cristalinas para el buceo, en las que la visibilidad es de 25 m de media, (aunque no es raro que sea de 30-40 m) ofrecen de todo: desde descensos sobre amplias terrazas inclinadas y ca\u00f1ones hasta sitios de buceo poco profundos (pero no por ello menos interesantes). Tambi\u00e9n se pueden encontrar hallazgos hist\u00f3ricos de la historia m\u00e1s reciente y antigua.<\/p>\n<\/div>\n<\/div><\/div><\/div><\/div><div id=\"pg-870-1\"  class=\"panel-grid panel-no-style\" ><div id=\"pgc-870-1-0\"  class=\"panel-grid-cell\" ><div id=\"panel-870-1-0-0\" class=\"so-panel widget widget_sow-editor panel-first-child panel-last-child\" data-index=\"2\" ><div\n\t\t\t\n\t\t\tclass=\"so-widget-sow-editor so-widget-sow-editor-base\"\n\t\t\t\n\t\t>\n<div class=\"siteorigin-widget-tinymce textwidget\">\n\t<p>Para las excursiones, disponemos de dos potentes embarcaciones con las que podemos llegar a los puntos de inmersi\u00f3n m\u00e1s remotos en un m\u00e1ximo de 15 minutos.<\/p>\n<p>Tambi\u00e9n es posible bucear desde la orilla en nuestro arrecife, rico en peces, que tiene entre 10 y 23 m de profundidad en tres lugares diferentes.<\/p>\n<p>Todas las inmersiones son guiadas y se organizan en peque\u00f1os grupos de un m\u00e1ximo de 6 personas.<br \/>\nEsto permite un control \u00f3ptimo incluso para los buceadores menos experimentados.<\/p>\n<p>Las inmersiones nocturnas en nuestro arrecife son uno de los aspectos m\u00e1s destacados de las vacaciones de buceo.<\/p>\n<p>La gran ventaja es la facilidad para entrar en el agua y la seguridad resultante.<\/p>\n<p>&nbsp;<\/p>\n<p>***Nuestros puntos de inmersi\u00f3n son adecuados para buceadores de todos los niveles de experiencia***.<\/p>\n<p>***El lugar de inmersi\u00f3n depende de las condiciones meteorol\u00f3gicas, la experiencia de buceo y los intereses personales***.<\/p>\n<p>***El tiempo m\u00e1ximo de inmersi\u00f3n para cada buceador es de una hora, dependiendo del consumo de aire de todos los buceadores participantes ***.<\/p>\n<\/div>\n<\/div><\/div><\/div><\/div><\/div>","protected":false},"excerpt":{"rendered":"<p>Elounda cuenta con una de las mayores zonas de buceo de Grecia, que se hizo accesible al turismo de buceo en 1994 gracias a la iniciativa del centro de buceo Blue Dolphin. El n\u00famero de m\u00e1s de 25 puntos de inmersi\u00f3n habla por s\u00ed mismo. Se ofrece un variado mundo submarino y la consiguiente gran [&hellip;]<\/p>\n","protected":false},"author":1,"featured_media":0,"parent":863,"menu_order":1,"comment_status":"closed","ping_status":"closed","template":"","meta":{"footnotes":""},"class_list":["post-870","page","type-page","status-publish","hentry","post"],"yoast_head":"<!-- This site is optimized with the Yoast SEO plugin v27.4 - https:\/\/yoast.com\/product\/yoast-seo-wordpress\/ -->\n<title>Zonas de buceo - Diving Center Blue Dolphin<\/title>\n<meta name=\"robots\" content=\"index, follow, max-snippet:-1, max-image-preview:large, max-video-preview:-1\" \/>\n<link rel=\"canonical\" href=\"https:\/\/dive-bluedolphin.com\/es\/centro-de-buceo\/zonas-de-buceo\/\" \/>\n<meta property=\"og:locale\" content=\"es_ES\" \/>\n<meta property=\"og:type\" content=\"article\" \/>\n<meta property=\"og:title\" content=\"Zonas de buceo - Diving Center Blue Dolphin\" \/>\n<meta property=\"og:description\" content=\"Elounda cuenta con una de las mayores zonas de buceo de Grecia, que se hizo accesible al turismo de buceo en 1994 gracias a la iniciativa del centro de buceo Blue Dolphin. El n\u00famero de m\u00e1s de 25 puntos de inmersi\u00f3n habla por s\u00ed mismo. Se ofrece un variado mundo submarino y la consiguiente gran [&hellip;]\" \/>\n<meta property=\"og:url\" content=\"https:\/\/dive-bluedolphin.com\/es\/centro-de-buceo\/zonas-de-buceo\/\" \/>\n<meta property=\"og:site_name\" content=\"Diving Center Blue Dolphin\" \/>\n<meta property=\"article:modified_time\" content=\"2021-10-30T13:29:09+00:00\" \/>\n<meta name=\"twitter:card\" content=\"summary_large_image\" \/>\n<meta name=\"twitter:label1\" content=\"Tiempo de lectura\" \/>\n\t<meta name=\"twitter:data1\" content=\"2 minutos\" \/>\n<script type=\"application\/ld+json\" class=\"yoast-schema-graph\">{\"@context\":\"https:\\\/\\\/schema.org\",\"@graph\":[{\"@type\":\"WebPage\",\"@id\":\"https:\\\/\\\/dive-bluedolphin.com\\\/es\\\/centro-de-buceo\\\/zonas-de-buceo\\\/\",\"url\":\"https:\\\/\\\/dive-bluedolphin.com\\\/es\\\/centro-de-buceo\\\/zonas-de-buceo\\\/\",\"name\":\"Zonas de buceo - Diving Center Blue Dolphin\",\"isPartOf\":{\"@id\":\"https:\\\/\\\/dive-bluedolphin.com\\\/es\\\/#website\"},\"datePublished\":\"2021-10-29T08:27:31+00:00\",\"dateModified\":\"2021-10-30T13:29:09+00:00\",\"breadcrumb\":{\"@id\":\"https:\\\/\\\/dive-bluedolphin.com\\\/es\\\/centro-de-buceo\\\/zonas-de-buceo\\\/#breadcrumb\"},\"inLanguage\":\"es\",\"potentialAction\":[{\"@type\":\"ReadAction\",\"target\":[\"https:\\\/\\\/dive-bluedolphin.com\\\/es\\\/centro-de-buceo\\\/zonas-de-buceo\\\/\"]}]},{\"@type\":\"BreadcrumbList\",\"@id\":\"https:\\\/\\\/dive-bluedolphin.com\\\/es\\\/centro-de-buceo\\\/zonas-de-buceo\\\/#breadcrumb\",\"itemListElement\":[{\"@type\":\"ListItem\",\"position\":1,\"name\":\"Home\",\"item\":\"https:\\\/\\\/dive-bluedolphin.com\\\/es\\\/\"},{\"@type\":\"ListItem\",\"position\":2,\"name\":\"Centro de buceo\",\"item\":\"https:\\\/\\\/dive-bluedolphin.com\\\/es\\\/centro-de-buceo\\\/\"},{\"@type\":\"ListItem\",\"position\":3,\"name\":\"Zonas de buceo\"}]},{\"@type\":\"WebSite\",\"@id\":\"https:\\\/\\\/dive-bluedolphin.com\\\/es\\\/#website\",\"url\":\"https:\\\/\\\/dive-bluedolphin.com\\\/es\\\/\",\"name\":\"Diving Center Blue Dolphin\",\"description\":\"Elounda - Crete\",\"potentialAction\":[{\"@type\":\"SearchAction\",\"target\":{\"@type\":\"EntryPoint\",\"urlTemplate\":\"https:\\\/\\\/dive-bluedolphin.com\\\/es\\\/?s={search_term_string}\"},\"query-input\":{\"@type\":\"PropertyValueSpecification\",\"valueRequired\":true,\"valueName\":\"search_term_string\"}}],\"inLanguage\":\"es\"}]}<\/script>\n<!-- \/ Yoast SEO plugin. -->","yoast_head_json":{"title":"Zonas de buceo - Diving Center Blue Dolphin","robots":{"index":"index","follow":"follow","max-snippet":"max-snippet:-1","max-image-preview":"max-image-preview:large","max-video-preview":"max-video-preview:-1"},"canonical":"https:\/\/dive-bluedolphin.com\/es\/centro-de-buceo\/zonas-de-buceo\/","og_locale":"es_ES","og_type":"article","og_title":"Zonas de buceo - Diving Center Blue Dolphin","og_description":"Elounda cuenta con una de las mayores zonas de buceo de Grecia, que se hizo accesible al turismo de buceo en 1994 gracias a la iniciativa del centro de buceo Blue Dolphin. El n\u00famero de m\u00e1s de 25 puntos de inmersi\u00f3n habla por s\u00ed mismo. Se ofrece un variado mundo submarino y la consiguiente gran [&hellip;]","og_url":"https:\/\/dive-bluedolphin.com\/es\/centro-de-buceo\/zonas-de-buceo\/","og_site_name":"Diving Center Blue Dolphin","article_modified_time":"2021-10-30T13:29:09+00:00","twitter_card":"summary_large_image","twitter_misc":{"Tiempo de lectura":"2 minutos"},"schema":{"@context":"https:\/\/schema.org","@graph":[{"@type":"WebPage","@id":"https:\/\/dive-bluedolphin.com\/es\/centro-de-buceo\/zonas-de-buceo\/","url":"https:\/\/dive-bluedolphin.com\/es\/centro-de-buceo\/zonas-de-buceo\/","name":"Zonas de buceo - Diving Center Blue Dolphin","isPartOf":{"@id":"https:\/\/dive-bluedolphin.com\/es\/#website"},"datePublished":"2021-10-29T08:27:31+00:00","dateModified":"2021-10-30T13:29:09+00:00","breadcrumb":{"@id":"https:\/\/dive-bluedolphin.com\/es\/centro-de-buceo\/zonas-de-buceo\/#breadcrumb"},"inLanguage":"es","potentialAction":[{"@type":"ReadAction","target":["https:\/\/dive-bluedolphin.com\/es\/centro-de-buceo\/zonas-de-buceo\/"]}]},{"@type":"BreadcrumbList","@id":"https:\/\/dive-bluedolphin.com\/es\/centro-de-buceo\/zonas-de-buceo\/#breadcrumb","itemListElement":[{"@type":"ListItem","position":1,"name":"Home","item":"https:\/\/dive-bluedolphin.com\/es\/"},{"@type":"ListItem","position":2,"name":"Centro de buceo","item":"https:\/\/dive-bluedolphin.com\/es\/centro-de-buceo\/"},{"@type":"ListItem","position":3,"name":"Zonas de buceo"}]},{"@type":"WebSite","@id":"https:\/\/dive-bluedolphin.com\/es\/#website","url":"https:\/\/dive-bluedolphin.com\/es\/","name":"Diving Center Blue Dolphin","description":"Elounda - Crete","potentialAction":[{"@type":"SearchAction","target":{"@type":"EntryPoint","urlTemplate":"https:\/\/dive-bluedolphin.com\/es\/?s={search_term_string}"},"query-input":{"@type":"PropertyValueSpecification","valueRequired":true,"valueName":"search_term_string"}}],"inLanguage":"es"}]}},"_links":{"self":[{"href":"https:\/\/dive-bluedolphin.com\/es\/wp-json\/wp\/v2\/pages\/870","targetHints":{"allow":["GET"]}}],"collection":[{"href":"https:\/\/dive-bluedolphin.com\/es\/wp-json\/wp\/v2\/pages"}],"about":[{"href":"https:\/\/dive-bluedolphin.com\/es\/wp-json\/wp\/v2\/types\/page"}],"author":[{"embeddable":true,"href":"https:\/\/dive-bluedolphin.com\/es\/wp-json\/wp\/v2\/users\/1"}],"replies":[{"embeddable":true,"href":"https:\/\/dive-bluedolphin.com\/es\/wp-json\/wp\/v2\/comments?post=870"}],"version-history":[{"count":4,"href":"https:\/\/dive-bluedolphin.com\/es\/wp-json\/wp\/v2\/pages\/870\/revisions"}],"predecessor-version":[{"id":1322,"href":"https:\/\/dive-bluedolphin.com\/es\/wp-json\/wp\/v2\/pages\/870\/revisions\/1322"}],"up":[{"embeddable":true,"href":"https:\/\/dive-bluedolphin.com\/es\/wp-json\/wp\/v2\/pages\/863"}],"wp:attachment":[{"href":"https:\/\/dive-bluedolphin.com\/es\/wp-json\/wp\/v2\/media?parent=870"}],"curies":[{"name":"wp","href":"https:\/\/api.w.org\/{rel}","templated":true}]}}