{"id":877,"date":"2021-09-06T18:30:41","date_gmt":"2021-09-06T16:30:41","guid":{"rendered":"https:\/\/dive-bluedolphin.com\/?page_id=877"},"modified":"2023-05-15T12:28:53","modified_gmt":"2023-05-15T10:28:53","slug":"excursion-snorkel-olous","status":"publish","type":"page","link":"https:\/\/dive-bluedolphin.com\/es\/centro-de-buceo\/excursion-snorkel-olous\/","title":{"rendered":"Excursi\u00f3n de snorkel a Olous y clases de snorkel"},"content":{"rendered":"<div id=\"pl-877\"  class=\"panel-layout\" ><div id=\"pg-877-0\"  class=\"panel-grid panel-no-style\" ><div id=\"pgc-877-0-0\"  class=\"panel-grid-cell\" ><div id=\"panel-877-0-0-0\" class=\"so-panel widget widget_sow-image panel-first-child panel-last-child\" data-index=\"0\" ><div\n\t\t\t\n\t\t\tclass=\"so-widget-sow-image so-widget-sow-image-default-8b5b6f678277-877\"\n\t\t\t\n\t\t>\n<div class=\"sow-image-container\">\n\t\t<img \n\tsrc=\"https:\/\/dive-bluedolphin.com\/wp-content\/uploads\/2021\/09\/snorkeling-picture-e1507124829483.jpg\" width=\"706\" height=\"539\" srcset=\"https:\/\/dive-bluedolphin.com\/wp-content\/uploads\/2021\/09\/snorkeling-picture-e1507124829483.jpg 706w, https:\/\/dive-bluedolphin.com\/wp-content\/uploads\/2021\/09\/snorkeling-picture-e1507124829483-300x229.jpg 300w\" sizes=\"(max-width: 706px) 100vw, 706px\" alt=\"\" \t\tclass=\"so-widget-image\"\/>\n\t<\/div>\n\n<\/div><\/div><\/div><div id=\"pgc-877-0-1\"  class=\"panel-grid-cell\" ><div id=\"panel-877-0-1-0\" class=\"so-panel widget widget_sow-editor panel-first-child panel-last-child\" data-index=\"1\" ><div\n\t\t\t\n\t\t\tclass=\"so-widget-sow-editor so-widget-sow-editor-base\"\n\t\t\t\n\t\t><h3 class=\"widget-title\">Excursi\u00f3n guiada de snorkel a la famosa ciudad hundida \"Olous\"<\/h3>\n<div class=\"siteorigin-widget-tinymce textwidget\">\n\t<p>Descubra la historia de Creta de cerca y el maravilloso mundo submarino del Mar Mediterr\u00e1neo.<\/p>\n<\/div>\n<\/div><\/div><\/div><\/div><div id=\"pg-877-1\"  class=\"panel-grid panel-no-style\" ><div id=\"pgc-877-1-0\"  class=\"panel-grid-cell\" ><div id=\"panel-877-1-0-0\" class=\"so-panel widget widget_sow-editor panel-first-child panel-last-child\" data-index=\"2\" ><div\n\t\t\t\n\t\t\tclass=\"so-widget-sow-editor so-widget-sow-editor-base\"\n\t\t\t\n\t\t>\n<div class=\"siteorigin-widget-tinymce textwidget\">\n\t<p><strong>Ofrecemos:<\/strong><\/p>\n<ul>\n<li>Una breve introducci\u00f3n a la historia de \"Olous\" y a la flora y fauna submarina<\/li>\n<li>Valiosos consejos sobre el snorkel<\/li>\n<li>Gu\u00edas de buceo profesionales<\/li>\n<li>Todo el equipo necesario<\/li>\n<li>Recogida en su hotel o apartamento<\/li>\n<\/ul>\n<p>Traiga a sus amigos y familiares.<\/p>\n<p>Tambi\u00e9n ofrecemos excursiones de snorkel a otros hermosos lugares. \u00bfNo te basta con hacer snorkel?<\/p>\n<p>\u00a1Ven a probar el buceo para una aventura a\u00fan m\u00e1s profunda!<\/p>\n<\/div>\n<\/div><\/div><\/div><\/div><div id=\"pg-877-2\"  class=\"panel-grid panel-no-style\" ><div id=\"pgc-877-2-0\"  class=\"panel-grid-cell\" ><div id=\"panel-877-2-0-0\" class=\"so-panel widget widget_sow-image panel-first-child panel-last-child\" data-index=\"3\" ><div\n\t\t\t\n\t\t\tclass=\"so-widget-sow-image so-widget-sow-image-default-8b5b6f678277-877\"\n\t\t\t\n\t\t>\n<div class=\"sow-image-container\">\n\t\t<img \n\tsrc=\"https:\/\/dive-bluedolphin.com\/wp-content\/uploads\/2021\/09\/Blue-Dolphin-Divecenter-Elounda-Crete-Greece-1.jpg\" width=\"448\" height=\"336\" srcset=\"https:\/\/dive-bluedolphin.com\/wp-content\/uploads\/2021\/09\/Blue-Dolphin-Divecenter-Elounda-Crete-Greece-1.jpg 448w, https:\/\/dive-bluedolphin.com\/wp-content\/uploads\/2021\/09\/Blue-Dolphin-Divecenter-Elounda-Crete-Greece-1-300x225.jpg 300w\" sizes=\"(max-width: 448px) 100vw, 448px\" alt=\"\" \t\tclass=\"so-widget-image\"\/>\n\t<\/div>\n\n<\/div><\/div><\/div><div id=\"pgc-877-2-1\"  class=\"panel-grid-cell\" ><div id=\"panel-877-2-1-0\" class=\"so-panel widget widget_sow-editor panel-first-child panel-last-child\" data-index=\"4\" ><div\n\t\t\t\n\t\t\tclass=\"so-widget-sow-editor so-widget-sow-editor-base\"\n\t\t\t\n\t\t><h3 class=\"widget-title\">\u00bfNunca ha practicado snorkel?<\/h3>\n<div class=\"siteorigin-widget-tinymce textwidget\">\n\t<p>\u00bfQu\u00e9 tal una aventura de snorkel y submarinismo? Un instructor<br \/>\nexperimentado le ense\u00f1ar\u00e1 t\u00e9cnicas \u00fatiles y le introducir\u00e1 en el mundo<br \/>\nsubmarino de la hermosa bah\u00eda de Mirabello.<\/p>\n<p>Duraci\u00f3n: 1,5 - 2 horas<\/p>\n<p>\u00a1Pregunte por nuestras diferentes ofertas!<\/p>\n<\/div>\n<\/div><\/div><\/div><\/div><div id=\"pg-877-3\"  class=\"panel-grid panel-no-style\" ><div id=\"pgc-877-3-0\"  class=\"panel-grid-cell\" ><div id=\"panel-877-3-0-0\" class=\"so-panel widget widget_sow-image panel-first-child panel-last-child\" data-index=\"5\" ><div\n\t\t\t\n\t\t\tclass=\"so-widget-sow-image so-widget-sow-image-default-8b5b6f678277-877\"\n\t\t\t\n\t\t>\n<div class=\"sow-image-container\">\n\t\t<img \n\tsrc=\"https:\/\/dive-bluedolphin.com\/wp-content\/uploads\/2021\/09\/Blue-Dolphin-Divecenter-Elounda-Crete-Greece-Sunken-City-Olo-1.jpg\" width=\"448\" height=\"336\" srcset=\"https:\/\/dive-bluedolphin.com\/wp-content\/uploads\/2021\/09\/Blue-Dolphin-Divecenter-Elounda-Crete-Greece-Sunken-City-Olo-1.jpg 448w, https:\/\/dive-bluedolphin.com\/wp-content\/uploads\/2021\/09\/Blue-Dolphin-Divecenter-Elounda-Crete-Greece-Sunken-City-Olo-1-300x225.jpg 300w\" sizes=\"(max-width: 448px) 100vw, 448px\" title=\"Blue-Dolphin-Divecenter-Elounda-Crete-Greece-Sunken-City-Olo\" alt=\"\" \t\tclass=\"so-widget-image\"\/>\n\t<\/div>\n\n<\/div><\/div><\/div><div id=\"pgc-877-3-1\"  class=\"panel-grid-cell\" ><div id=\"panel-877-3-1-0\" class=\"so-panel widget widget_sow-image panel-first-child panel-last-child\" data-index=\"6\" ><div\n\t\t\t\n\t\t\tclass=\"so-widget-sow-image so-widget-sow-image-default-8b5b6f678277-877\"\n\t\t\t\n\t\t>\n<div class=\"sow-image-container\">\n\t\t<img \n\tsrc=\"https:\/\/dive-bluedolphin.com\/wp-content\/uploads\/2021\/09\/Blue-Dolphin-Divecenter-Elounda-Crete-Greece-Sunken-City_002.jpg\" width=\"448\" height=\"336\" srcset=\"https:\/\/dive-bluedolphin.com\/wp-content\/uploads\/2021\/09\/Blue-Dolphin-Divecenter-Elounda-Crete-Greece-Sunken-City_002.jpg 448w, https:\/\/dive-bluedolphin.com\/wp-content\/uploads\/2021\/09\/Blue-Dolphin-Divecenter-Elounda-Crete-Greece-Sunken-City_002-300x225.jpg 300w\" sizes=\"(max-width: 448px) 100vw, 448px\" alt=\"\" \t\tclass=\"so-widget-image\"\/>\n\t<\/div>\n\n<\/div><\/div><\/div><div id=\"pgc-877-3-2\"  class=\"panel-grid-cell\" ><div id=\"panel-877-3-2-0\" class=\"so-panel widget widget_sow-image panel-first-child panel-last-child\" data-index=\"7\" ><div\n\t\t\t\n\t\t\tclass=\"so-widget-sow-image so-widget-sow-image-default-8b5b6f678277-877\"\n\t\t\t\n\t\t>\n<div class=\"sow-image-container\">\n\t\t<img \n\tsrc=\"https:\/\/dive-bluedolphin.com\/wp-content\/uploads\/2021\/09\/Blue-Dolphin-Divecenter-Elounda-Crete-Greece-Sunken-City_003.jpg\" width=\"448\" height=\"336\" srcset=\"https:\/\/dive-bluedolphin.com\/wp-content\/uploads\/2021\/09\/Blue-Dolphin-Divecenter-Elounda-Crete-Greece-Sunken-City_003.jpg 448w, https:\/\/dive-bluedolphin.com\/wp-content\/uploads\/2021\/09\/Blue-Dolphin-Divecenter-Elounda-Crete-Greece-Sunken-City_003-300x225.jpg 300w\" sizes=\"(max-width: 448px) 100vw, 448px\" alt=\"\" \t\tclass=\"so-widget-image\"\/>\n\t<\/div>\n\n<\/div><\/div><\/div><\/div><\/div>","protected":false},"excerpt":{"rendered":"<p>Descubra la historia de Creta de cerca y el maravilloso mundo submarino del Mar Mediterr\u00e1neo. Ofrecemos: Una breve introducci\u00f3n a la historia de \u00abOlous\u00bb y a la flora y fauna submarina Valiosos consejos sobre el snorkel Gu\u00edas de buceo profesionales Todo el equipo necesario Recogida en su hotel o apartamento Traiga a sus amigos y [&hellip;]<\/p>\n","protected":false},"author":1,"featured_media":0,"parent":863,"menu_order":2,"comment_status":"closed","ping_status":"closed","template":"","meta":{"footnotes":""},"class_list":["post-877","page","type-page","status-publish","hentry","post"],"yoast_head":"<!-- This site is optimized with the Yoast SEO plugin v27.3 - https:\/\/yoast.com\/product\/yoast-seo-wordpress\/ -->\n<title>La ciudad hundida de Olous: Excursi\u00f3n guiada de snorkel con el Centro de Buceo Blue Dolphin Elounda<\/title>\n<meta name=\"description\" content=\"Excursi\u00f3n guiada de snorkel a la famosa ciudad hundida &quot;Olous&quot;Descubra la historia de Creta de cerca y el maravilloso mundo submarino del Mar Mediterr\u00e1neo.\" \/>\n<meta name=\"robots\" content=\"index, follow, max-snippet:-1, max-image-preview:large, max-video-preview:-1\" \/>\n<link rel=\"canonical\" href=\"https:\/\/dive-bluedolphin.com\/es\/centro-de-buceo\/excursion-snorkel-olous\/\" \/>\n<meta property=\"og:locale\" content=\"es_ES\" \/>\n<meta property=\"og:type\" content=\"article\" \/>\n<meta property=\"og:title\" content=\"La ciudad hundida de Olous: Excursi\u00f3n guiada de snorkel con el Centro de Buceo Blue Dolphin Elounda\" \/>\n<meta property=\"og:description\" content=\"Excursi\u00f3n guiada de snorkel a la famosa ciudad hundida &quot;Olous&quot;Descubra la historia de Creta de cerca y el maravilloso mundo submarino del Mar Mediterr\u00e1neo.\" \/>\n<meta property=\"og:url\" content=\"https:\/\/dive-bluedolphin.com\/es\/centro-de-buceo\/excursion-snorkel-olous\/\" \/>\n<meta property=\"og:site_name\" content=\"Diving Center Blue Dolphin\" \/>\n<meta property=\"article:modified_time\" content=\"2023-05-15T10:28:53+00:00\" \/>\n<meta name=\"twitter:card\" content=\"summary_large_image\" \/>\n<meta name=\"twitter:label1\" content=\"Tiempo de lectura\" \/>\n\t<meta name=\"twitter:data1\" content=\"1 minuto\" \/>\n<script type=\"application\/ld+json\" class=\"yoast-schema-graph\">{\"@context\":\"https:\\\/\\\/schema.org\",\"@graph\":[{\"@type\":\"WebPage\",\"@id\":\"https:\\\/\\\/dive-bluedolphin.com\\\/es\\\/centro-de-buceo\\\/excursion-snorkel-olous\\\/\",\"url\":\"https:\\\/\\\/dive-bluedolphin.com\\\/es\\\/centro-de-buceo\\\/excursion-snorkel-olous\\\/\",\"name\":\"La ciudad hundida de Olous: Excursi\u00f3n guiada de snorkel con el Centro de Buceo Blue Dolphin Elounda\",\"isPartOf\":{\"@id\":\"https:\\\/\\\/dive-bluedolphin.com\\\/es\\\/#website\"},\"datePublished\":\"2021-09-06T16:30:41+00:00\",\"dateModified\":\"2023-05-15T10:28:53+00:00\",\"description\":\"Excursi\u00f3n guiada de snorkel a la famosa ciudad hundida \\\"Olous\\\"Descubra la historia de Creta de cerca y el maravilloso mundo submarino del Mar Mediterr\u00e1neo.\",\"breadcrumb\":{\"@id\":\"https:\\\/\\\/dive-bluedolphin.com\\\/es\\\/centro-de-buceo\\\/excursion-snorkel-olous\\\/#breadcrumb\"},\"inLanguage\":\"es\",\"potentialAction\":[{\"@type\":\"ReadAction\",\"target\":[\"https:\\\/\\\/dive-bluedolphin.com\\\/es\\\/centro-de-buceo\\\/excursion-snorkel-olous\\\/\"]}]},{\"@type\":\"BreadcrumbList\",\"@id\":\"https:\\\/\\\/dive-bluedolphin.com\\\/es\\\/centro-de-buceo\\\/excursion-snorkel-olous\\\/#breadcrumb\",\"itemListElement\":[{\"@type\":\"ListItem\",\"position\":1,\"name\":\"Home\",\"item\":\"https:\\\/\\\/dive-bluedolphin.com\\\/es\\\/\"},{\"@type\":\"ListItem\",\"position\":2,\"name\":\"Centro de buceo\",\"item\":\"https:\\\/\\\/dive-bluedolphin.com\\\/es\\\/centro-de-buceo\\\/\"},{\"@type\":\"ListItem\",\"position\":3,\"name\":\"Excursi\u00f3n de snorkel a Olous y clases de snorkel\"}]},{\"@type\":\"WebSite\",\"@id\":\"https:\\\/\\\/dive-bluedolphin.com\\\/es\\\/#website\",\"url\":\"https:\\\/\\\/dive-bluedolphin.com\\\/es\\\/\",\"name\":\"Diving Center Blue Dolphin\",\"description\":\"Elounda - Crete\",\"potentialAction\":[{\"@type\":\"SearchAction\",\"target\":{\"@type\":\"EntryPoint\",\"urlTemplate\":\"https:\\\/\\\/dive-bluedolphin.com\\\/es\\\/?s={search_term_string}\"},\"query-input\":{\"@type\":\"PropertyValueSpecification\",\"valueRequired\":true,\"valueName\":\"search_term_string\"}}],\"inLanguage\":\"es\"}]}<\/script>\n<!-- \/ Yoast SEO plugin. -->","yoast_head_json":{"title":"La ciudad hundida de Olous: Excursi\u00f3n guiada de snorkel con el Centro de Buceo Blue Dolphin Elounda","description":"Excursi\u00f3n guiada de snorkel a la famosa ciudad hundida \"Olous\"Descubra la historia de Creta de cerca y el maravilloso mundo submarino del Mar Mediterr\u00e1neo.","robots":{"index":"index","follow":"follow","max-snippet":"max-snippet:-1","max-image-preview":"max-image-preview:large","max-video-preview":"max-video-preview:-1"},"canonical":"https:\/\/dive-bluedolphin.com\/es\/centro-de-buceo\/excursion-snorkel-olous\/","og_locale":"es_ES","og_type":"article","og_title":"La ciudad hundida de Olous: Excursi\u00f3n guiada de snorkel con el Centro de Buceo Blue Dolphin Elounda","og_description":"Excursi\u00f3n guiada de snorkel a la famosa ciudad hundida \"Olous\"Descubra la historia de Creta de cerca y el maravilloso mundo submarino del Mar Mediterr\u00e1neo.","og_url":"https:\/\/dive-bluedolphin.com\/es\/centro-de-buceo\/excursion-snorkel-olous\/","og_site_name":"Diving Center Blue Dolphin","article_modified_time":"2023-05-15T10:28:53+00:00","twitter_card":"summary_large_image","twitter_misc":{"Tiempo de lectura":"1 minuto"},"schema":{"@context":"https:\/\/schema.org","@graph":[{"@type":"WebPage","@id":"https:\/\/dive-bluedolphin.com\/es\/centro-de-buceo\/excursion-snorkel-olous\/","url":"https:\/\/dive-bluedolphin.com\/es\/centro-de-buceo\/excursion-snorkel-olous\/","name":"La ciudad hundida de Olous: Excursi\u00f3n guiada de snorkel con el Centro de Buceo Blue Dolphin Elounda","isPartOf":{"@id":"https:\/\/dive-bluedolphin.com\/es\/#website"},"datePublished":"2021-09-06T16:30:41+00:00","dateModified":"2023-05-15T10:28:53+00:00","description":"Excursi\u00f3n guiada de snorkel a la famosa ciudad hundida \"Olous\"Descubra la historia de Creta de cerca y el maravilloso mundo submarino del Mar Mediterr\u00e1neo.","breadcrumb":{"@id":"https:\/\/dive-bluedolphin.com\/es\/centro-de-buceo\/excursion-snorkel-olous\/#breadcrumb"},"inLanguage":"es","potentialAction":[{"@type":"ReadAction","target":["https:\/\/dive-bluedolphin.com\/es\/centro-de-buceo\/excursion-snorkel-olous\/"]}]},{"@type":"BreadcrumbList","@id":"https:\/\/dive-bluedolphin.com\/es\/centro-de-buceo\/excursion-snorkel-olous\/#breadcrumb","itemListElement":[{"@type":"ListItem","position":1,"name":"Home","item":"https:\/\/dive-bluedolphin.com\/es\/"},{"@type":"ListItem","position":2,"name":"Centro de buceo","item":"https:\/\/dive-bluedolphin.com\/es\/centro-de-buceo\/"},{"@type":"ListItem","position":3,"name":"Excursi\u00f3n de snorkel a Olous y clases de snorkel"}]},{"@type":"WebSite","@id":"https:\/\/dive-bluedolphin.com\/es\/#website","url":"https:\/\/dive-bluedolphin.com\/es\/","name":"Diving Center Blue Dolphin","description":"Elounda - Crete","potentialAction":[{"@type":"SearchAction","target":{"@type":"EntryPoint","urlTemplate":"https:\/\/dive-bluedolphin.com\/es\/?s={search_term_string}"},"query-input":{"@type":"PropertyValueSpecification","valueRequired":true,"valueName":"search_term_string"}}],"inLanguage":"es"}]}},"_links":{"self":[{"href":"https:\/\/dive-bluedolphin.com\/es\/wp-json\/wp\/v2\/pages\/877","targetHints":{"allow":["GET"]}}],"collection":[{"href":"https:\/\/dive-bluedolphin.com\/es\/wp-json\/wp\/v2\/pages"}],"about":[{"href":"https:\/\/dive-bluedolphin.com\/es\/wp-json\/wp\/v2\/types\/page"}],"author":[{"embeddable":true,"href":"https:\/\/dive-bluedolphin.com\/es\/wp-json\/wp\/v2\/users\/1"}],"replies":[{"embeddable":true,"href":"https:\/\/dive-bluedolphin.com\/es\/wp-json\/wp\/v2\/comments?post=877"}],"version-history":[{"count":16,"href":"https:\/\/dive-bluedolphin.com\/es\/wp-json\/wp\/v2\/pages\/877\/revisions"}],"predecessor-version":[{"id":1620,"href":"https:\/\/dive-bluedolphin.com\/es\/wp-json\/wp\/v2\/pages\/877\/revisions\/1620"}],"up":[{"embeddable":true,"href":"https:\/\/dive-bluedolphin.com\/es\/wp-json\/wp\/v2\/pages\/863"}],"wp:attachment":[{"href":"https:\/\/dive-bluedolphin.com\/es\/wp-json\/wp\/v2\/media?parent=877"}],"curies":[{"name":"wp","href":"https:\/\/api.w.org\/{rel}","templated":true}]}}