{"id":1742,"date":"2025-02-15T15:53:47","date_gmt":"2025-02-15T14:53:47","guid":{"rendered":"https:\/\/dive-bluedolphin.com\/?page_id=1742"},"modified":"2025-02-15T17:11:46","modified_gmt":"2025-02-15T16:11:46","slug":"blue-dolphin-plus-des-30-ans","status":"publish","type":"page","link":"https:\/\/dive-bluedolphin.com\/fr\/blue-dolphin-plus-des-30-ans\/","title":{"rendered":"30 ans Blue Dolphin"},"content":{"rendered":"<div id=\"pl-1742\"  class=\"panel-layout\" ><div id=\"pg-1742-0\"  class=\"panel-grid panel-no-style\" ><div id=\"pgc-1742-0-0\"  class=\"panel-grid-cell\" ><div id=\"panel-1742-0-0-0\" class=\"so-panel widget widget_sow-editor panel-first-child panel-last-child\" data-index=\"0\" ><div\n\t\t\t\n\t\t\tclass=\"so-widget-sow-editor so-widget-sow-editor-base\"\n\t\t\t\n\t\t>\n<div class=\"siteorigin-widget-tinymce textwidget\">\n\t<p><strong><span style=\"font-size: 14pt;\">Un grand merci !<\/span><\/strong><\/p>\n<p>Lucky et les \u00e9quipes de Blue Dolphin voudraient remercier tous nos amis plongeurs qui nous ont rendu visite toutes ces ann\u00e9es ! C\u2019est vous qui avez rendu nos saisons si fantastique ! Nous avons appr\u00e9ci\u00e9 toutes les plong\u00e9es d\u2019explorations avec nos plongeurs certifi\u00e9s \u2013 c\u2019\u00e9tait un plaisir de vous accompagner dans le monde sous-marin de Mirabello Bay. Nous sommes \u00e9galement heureux pour tous ceux qui ont eu leur premi\u00e8re exp\u00e9rience de plong\u00e9e \u2013 une plong\u00e9e DSD ou initiation \u00e0 la plong\u00e9e avec nous \u2013 et nous esp\u00e9rons que nous avons pu vous montrez un nouveau monde excitant. Nous aimerions \u00e9galement f\u00e9liciter tous nos \u00e9tudiants pour avoir r\u00e9ussi vos cours ici chez Blue Dolphin. Ce fut un grand plaisir d\u2019\u00eatre vos instructeurs et guides et nous vous souhaitons beaucoup d\u2019autres aventures et de merveilleuses plong\u00e9es dans ce monde. Bien s\u00fbr nous ne voulons pas oublier nos snorkelers et nos amis qui nous ont rendu visite pour prendre une tasse de caf\u00e9. Nous voulons aussi vous remercier ! Plus important encore, nous voulons que vous sachiez que nous avons pass\u00e9 un moment fantastique avec vous \u00e0 chaque d\u00eener de plong\u00e9e Blue Dolphin et que nous avons appr\u00e9ci\u00e9 toutes les conversations et les moments de plaisir au maximum ! Nous esp\u00e9rons avoir le plaisir de vous revoir un jour !<\/p>\n<p>Vous avez tous fait de nos saisons d\u2019\u00e9t\u00e9 un moment formidable, nous voulons vous remercier et nous aimerions encore vous faire part d\u2019une chose importante :<\/p>\n<p><strong><span style=\"font-size: 14pt;\">Blue Dolphin a 30 ans cette ann\u00e9e et nous nous r\u00e9jouissons d\u2019accueillir tous nos amis plongeurs, connus et inconnus, pour f\u00eater dignement cet anniversaire avec nous !!!!<\/span><\/strong><\/p>\n<\/div>\n<\/div><\/div><\/div><\/div><\/div>","protected":false},"excerpt":{"rendered":"<p>Un grand merci ! Lucky et les \u00e9quipes de Blue Dolphin voudraient remercier tous nos amis plongeurs qui nous ont rendu visite toutes ces ann\u00e9es ! C\u2019est vous qui avez rendu nos saisons si fantastique ! Nous avons appr\u00e9ci\u00e9 toutes les plong\u00e9es d\u2019explorations avec nos plongeurs certifi\u00e9s \u2013 c\u2019\u00e9tait un plaisir de vous accompagner dans [&hellip;]<\/p>\n","protected":false},"author":1,"featured_media":0,"parent":0,"menu_order":0,"comment_status":"closed","ping_status":"closed","template":"","meta":{"footnotes":""},"class_list":["post-1742","page","type-page","status-publish","hentry","post"],"yoast_head":"<!-- This site is optimized with the Yoast SEO plugin v27.4 - https:\/\/yoast.com\/product\/yoast-seo-wordpress\/ -->\n<title>30 ans Blue Dolphin - Diving Center Blue Dolphin<\/title>\n<meta name=\"description\" content=\"Blue Dolphin a eu 30 ans en 2024 et nous avons \u00e9t\u00e9 ravis d&#039;accueillir tous nos amis plongeurs connus et inconnus, qui ont c\u00e9l\u00e9br\u00e9 notre anniversaire avec style !!!\" \/>\n<meta name=\"robots\" content=\"index, follow, max-snippet:-1, max-image-preview:large, max-video-preview:-1\" \/>\n<link rel=\"canonical\" href=\"https:\/\/dive-bluedolphin.com\/fr\/blue-dolphin-plus-des-30-ans\/\" \/>\n<meta property=\"og:locale\" content=\"fr_FR\" \/>\n<meta property=\"og:type\" content=\"article\" \/>\n<meta property=\"og:title\" content=\"30 ans Blue Dolphin - Diving Center Blue Dolphin\" \/>\n<meta property=\"og:description\" content=\"Blue Dolphin a eu 30 ans en 2024 et nous avons \u00e9t\u00e9 ravis d&#039;accueillir tous nos amis plongeurs connus et inconnus, qui ont c\u00e9l\u00e9br\u00e9 notre anniversaire avec style !!!\" \/>\n<meta property=\"og:url\" content=\"https:\/\/dive-bluedolphin.com\/fr\/blue-dolphin-plus-des-30-ans\/\" \/>\n<meta property=\"og:site_name\" content=\"Diving Center Blue Dolphin\" \/>\n<meta property=\"article:modified_time\" content=\"2025-02-15T16:11:46+00:00\" \/>\n<meta name=\"twitter:card\" content=\"summary_large_image\" \/>\n<meta name=\"twitter:label1\" content=\"Dur\u00e9e de lecture estim\u00e9e\" \/>\n\t<meta name=\"twitter:data1\" content=\"1 minute\" \/>\n<script type=\"application\/ld+json\" class=\"yoast-schema-graph\">{\"@context\":\"https:\\\/\\\/schema.org\",\"@graph\":[{\"@type\":\"WebPage\",\"@id\":\"https:\\\/\\\/dive-bluedolphin.com\\\/fr\\\/blue-dolphin-plus-des-30-ans\\\/\",\"url\":\"https:\\\/\\\/dive-bluedolphin.com\\\/fr\\\/blue-dolphin-plus-des-30-ans\\\/\",\"name\":\"30 ans Blue Dolphin - Diving Center Blue Dolphin\",\"isPartOf\":{\"@id\":\"https:\\\/\\\/dive-bluedolphin.com\\\/fr\\\/#website\"},\"datePublished\":\"2025-02-15T14:53:47+00:00\",\"dateModified\":\"2025-02-15T16:11:46+00:00\",\"description\":\"Blue Dolphin a eu 30 ans en 2024 et nous avons \u00e9t\u00e9 ravis d'accueillir tous nos amis plongeurs connus et inconnus, qui ont c\u00e9l\u00e9br\u00e9 notre anniversaire avec style !!!\",\"breadcrumb\":{\"@id\":\"https:\\\/\\\/dive-bluedolphin.com\\\/fr\\\/blue-dolphin-plus-des-30-ans\\\/#breadcrumb\"},\"inLanguage\":\"fr-FR\",\"potentialAction\":[{\"@type\":\"ReadAction\",\"target\":[\"https:\\\/\\\/dive-bluedolphin.com\\\/fr\\\/blue-dolphin-plus-des-30-ans\\\/\"]}]},{\"@type\":\"BreadcrumbList\",\"@id\":\"https:\\\/\\\/dive-bluedolphin.com\\\/fr\\\/blue-dolphin-plus-des-30-ans\\\/#breadcrumb\",\"itemListElement\":[{\"@type\":\"ListItem\",\"position\":1,\"name\":\"Home\",\"item\":\"https:\\\/\\\/dive-bluedolphin.com\\\/fr\\\/\"},{\"@type\":\"ListItem\",\"position\":2,\"name\":\"30 ans Blue Dolphin\"}]},{\"@type\":\"WebSite\",\"@id\":\"https:\\\/\\\/dive-bluedolphin.com\\\/fr\\\/#website\",\"url\":\"https:\\\/\\\/dive-bluedolphin.com\\\/fr\\\/\",\"name\":\"Diving Center Blue Dolphin\",\"description\":\"Elounda - Crete\",\"potentialAction\":[{\"@type\":\"SearchAction\",\"target\":{\"@type\":\"EntryPoint\",\"urlTemplate\":\"https:\\\/\\\/dive-bluedolphin.com\\\/fr\\\/?s={search_term_string}\"},\"query-input\":{\"@type\":\"PropertyValueSpecification\",\"valueRequired\":true,\"valueName\":\"search_term_string\"}}],\"inLanguage\":\"fr-FR\"}]}<\/script>\n<!-- \/ Yoast SEO plugin. -->","yoast_head_json":{"title":"30 ans Blue Dolphin - Diving Center Blue Dolphin","description":"Blue Dolphin a eu 30 ans en 2024 et nous avons \u00e9t\u00e9 ravis d'accueillir tous nos amis plongeurs connus et inconnus, qui ont c\u00e9l\u00e9br\u00e9 notre anniversaire avec style !!!","robots":{"index":"index","follow":"follow","max-snippet":"max-snippet:-1","max-image-preview":"max-image-preview:large","max-video-preview":"max-video-preview:-1"},"canonical":"https:\/\/dive-bluedolphin.com\/fr\/blue-dolphin-plus-des-30-ans\/","og_locale":"fr_FR","og_type":"article","og_title":"30 ans Blue Dolphin - Diving Center Blue Dolphin","og_description":"Blue Dolphin a eu 30 ans en 2024 et nous avons \u00e9t\u00e9 ravis d'accueillir tous nos amis plongeurs connus et inconnus, qui ont c\u00e9l\u00e9br\u00e9 notre anniversaire avec style !!!","og_url":"https:\/\/dive-bluedolphin.com\/fr\/blue-dolphin-plus-des-30-ans\/","og_site_name":"Diving Center Blue Dolphin","article_modified_time":"2025-02-15T16:11:46+00:00","twitter_card":"summary_large_image","twitter_misc":{"Dur\u00e9e de lecture estim\u00e9e":"1 minute"},"schema":{"@context":"https:\/\/schema.org","@graph":[{"@type":"WebPage","@id":"https:\/\/dive-bluedolphin.com\/fr\/blue-dolphin-plus-des-30-ans\/","url":"https:\/\/dive-bluedolphin.com\/fr\/blue-dolphin-plus-des-30-ans\/","name":"30 ans Blue Dolphin - Diving Center Blue Dolphin","isPartOf":{"@id":"https:\/\/dive-bluedolphin.com\/fr\/#website"},"datePublished":"2025-02-15T14:53:47+00:00","dateModified":"2025-02-15T16:11:46+00:00","description":"Blue Dolphin a eu 30 ans en 2024 et nous avons \u00e9t\u00e9 ravis d'accueillir tous nos amis plongeurs connus et inconnus, qui ont c\u00e9l\u00e9br\u00e9 notre anniversaire avec style !!!","breadcrumb":{"@id":"https:\/\/dive-bluedolphin.com\/fr\/blue-dolphin-plus-des-30-ans\/#breadcrumb"},"inLanguage":"fr-FR","potentialAction":[{"@type":"ReadAction","target":["https:\/\/dive-bluedolphin.com\/fr\/blue-dolphin-plus-des-30-ans\/"]}]},{"@type":"BreadcrumbList","@id":"https:\/\/dive-bluedolphin.com\/fr\/blue-dolphin-plus-des-30-ans\/#breadcrumb","itemListElement":[{"@type":"ListItem","position":1,"name":"Home","item":"https:\/\/dive-bluedolphin.com\/fr\/"},{"@type":"ListItem","position":2,"name":"30 ans Blue Dolphin"}]},{"@type":"WebSite","@id":"https:\/\/dive-bluedolphin.com\/fr\/#website","url":"https:\/\/dive-bluedolphin.com\/fr\/","name":"Diving Center Blue Dolphin","description":"Elounda - Crete","potentialAction":[{"@type":"SearchAction","target":{"@type":"EntryPoint","urlTemplate":"https:\/\/dive-bluedolphin.com\/fr\/?s={search_term_string}"},"query-input":{"@type":"PropertyValueSpecification","valueRequired":true,"valueName":"search_term_string"}}],"inLanguage":"fr-FR"}]}},"_links":{"self":[{"href":"https:\/\/dive-bluedolphin.com\/fr\/wp-json\/wp\/v2\/pages\/1742","targetHints":{"allow":["GET"]}}],"collection":[{"href":"https:\/\/dive-bluedolphin.com\/fr\/wp-json\/wp\/v2\/pages"}],"about":[{"href":"https:\/\/dive-bluedolphin.com\/fr\/wp-json\/wp\/v2\/types\/page"}],"author":[{"embeddable":true,"href":"https:\/\/dive-bluedolphin.com\/fr\/wp-json\/wp\/v2\/users\/1"}],"replies":[{"embeddable":true,"href":"https:\/\/dive-bluedolphin.com\/fr\/wp-json\/wp\/v2\/comments?post=1742"}],"version-history":[{"count":5,"href":"https:\/\/dive-bluedolphin.com\/fr\/wp-json\/wp\/v2\/pages\/1742\/revisions"}],"predecessor-version":[{"id":1773,"href":"https:\/\/dive-bluedolphin.com\/fr\/wp-json\/wp\/v2\/pages\/1742\/revisions\/1773"}],"wp:attachment":[{"href":"https:\/\/dive-bluedolphin.com\/fr\/wp-json\/wp\/v2\/media?parent=1742"}],"curies":[{"name":"wp","href":"https:\/\/api.w.org\/{rel}","templated":true}]}}