{"id":431,"date":"2021-09-06T18:28:55","date_gmt":"2021-09-06T16:28:55","guid":{"rendered":"https:\/\/dive-bluedolphin.com\/?page_id=431"},"modified":"2025-02-15T17:43:44","modified_gmt":"2025-02-15T16:43:44","slug":"plongee-elounda","status":"publish","type":"page","link":"https:\/\/dive-bluedolphin.com\/fr\/","title":{"rendered":"Qui sommes nous"},"content":{"rendered":"<div id=\"pl-431\"  class=\"panel-layout\" ><div id=\"pg-431-0\"  class=\"panel-grid panel-no-style\" ><div id=\"pgc-431-0-0\"  class=\"panel-grid-cell\" ><div id=\"panel-431-0-0-0\" class=\"so-panel widget widget_sow-editor panel-first-child panel-last-child\" data-index=\"0\" ><div\n\t\t\t\n\t\t\tclass=\"so-widget-sow-editor so-widget-sow-editor-base\"\n\t\t\t\n\t\t><h3 class=\"widget-title\">Centre de Plonge\u00e9 Blue Dolphin Elounda<\/h3>\n<div class=\"siteorigin-widget-tinymce textwidget\">\n\t<p><img loading=\"lazy\" decoding=\"async\" class=\"alignnone wp-image-119 size-full\" src=\"https:\/\/dive-bluedolphin.com\/wp-content\/uploads\/2021\/09\/Dive-Center-Blue-Dolphin-Elounda-Crete-2015-e1504262853928-1.jpg\" alt=\"\" width=\"1024\" height=\"228\" srcset=\"https:\/\/dive-bluedolphin.com\/wp-content\/uploads\/2021\/09\/Dive-Center-Blue-Dolphin-Elounda-Crete-2015-e1504262853928-1.jpg 1024w, https:\/\/dive-bluedolphin.com\/wp-content\/uploads\/2021\/09\/Dive-Center-Blue-Dolphin-Elounda-Crete-2015-e1504262853928-1-300x67.jpg 300w, https:\/\/dive-bluedolphin.com\/wp-content\/uploads\/2021\/09\/Dive-Center-Blue-Dolphin-Elounda-Crete-2015-e1504262853928-1-768x171.jpg 768w\" sizes=\"auto, (max-width: 1024px) 100vw, 1024px\" \/><\/p>\n<p><strong>Le centre de plong\u00e9e Blue Dolphin<\/strong> \u00e0 Elounda est l'un des pionniers de l'histoire de la plong\u00e9e en Cr\u00e8te. Blue Dolphin a contribu\u00e9 \u00e0 rendre les zones de plong\u00e9e existantes accessibles au tourisme de la plong\u00e9e. Apr\u00e8s <span style=\"font-size: 18pt; color: #ff6600;\">30 ans<\/span> de pr\u00e9sence en Cr\u00e8te, la biodiversit\u00e9 et la vari\u00e9t\u00e9 de ses sites sont uniques. Actuellement, nous proposons des excursions vers plus de 25 sites de plong\u00e9e.<\/p>\n<p>Lucky et son \u00e9quipe, ainsi que des biologistes marins, continuent \u00e0 faire des efforts pour que la zone de plong\u00e9e de la baie de Mirabello soit d\u00e9clar\u00e9e une r\u00e9serve naturelle marine.<\/p>\n<p>En tant qu'\u00e9cole de plong\u00e9e professionnelle et exp\u00e9riment\u00e9e, nous accordons une importance particuli\u00e8re \u00e0 la s\u00e9curit\u00e9 et au confort de nos clients et notre enseignement est bas\u00e9 sur les derni\u00e8res directives des organisations de plong\u00e9e sous-marine internationalement reconnues telles que PADI et SSI.<\/p>\n<p>Cependant, notre objectif principal reste la d\u00e9tente de nos plongeurs... Se sentir comme Zeus en Cr\u00e8te.<\/p>\n<p><strong>Nous nous r\u00e9jouissons de vous voir bient\u00f4t !<\/strong><\/p>\n<\/div>\n<\/div><\/div><\/div><\/div><div id=\"pg-431-1\"  class=\"panel-grid panel-no-style\" ><div id=\"pgc-431-1-0\"  class=\"panel-grid-cell\" ><div id=\"panel-431-1-0-0\" class=\"so-panel widget widget_sow-image panel-first-child panel-last-child\" data-index=\"1\" ><div\n\t\t\t\n\t\t\tclass=\"so-widget-sow-image so-widget-sow-image-default-8b5b6f678277-431\"\n\t\t\t\n\t\t>\n<div class=\"sow-image-container\">\n\t\t<img \n\tsrc=\"https:\/\/dive-bluedolphin.com\/wp-content\/uploads\/2025\/01\/BildnLogo-MGT-1.jpg\" width=\"845\" height=\"794\" srcset=\"https:\/\/dive-bluedolphin.com\/wp-content\/uploads\/2025\/01\/BildnLogo-MGT-1.jpg 845w, https:\/\/dive-bluedolphin.com\/wp-content\/uploads\/2025\/01\/BildnLogo-MGT-1-300x282.jpg 300w, https:\/\/dive-bluedolphin.com\/wp-content\/uploads\/2025\/01\/BildnLogo-MGT-1-768x722.jpg 768w\" sizes=\"(max-width: 845px) 100vw, 845px\" title=\"Bild&rsquo;n&rsquo;Logo MGT (1)\" alt=\"\" \t\tclass=\"so-widget-image\"\/>\n\t<\/div>\n\n<\/div><\/div><\/div><div id=\"pgc-431-1-1\"  class=\"panel-grid-cell\" ><div id=\"panel-431-1-1-0\" class=\"so-panel widget widget_sow-editor panel-first-child\" data-index=\"2\" ><div\n\t\t\t\n\t\t\tclass=\"so-widget-sow-editor so-widget-sow-editor-base\"\n\t\t\t\n\t\t><h3 class=\"widget-title\">NOUVEAU !! En savoir plus...<\/h3>\n<div class=\"siteorigin-widget-tinymce textwidget\">\n\t<div class=\"siteorigin-widget-tinymce textwidget\">\n<p>Le moment est venu pour un nouveau partenariat ! Le centre de plong\u00e9e Blue Dolphin et le service d'accompagnement priv\u00e9 <a href=\"https:\/\/my-green-travel.com\/fr\/accompagnement-de-voyage-en-crete-orientale\/\" target=\"_blank\" rel=\"noopener\">My Green Travel<\/a> souhaitent s'associer pour vous proposer des forfaits d'aventure. Vous ne voulez pas seulement faire de la plong\u00e9e ou du snorkeling, mais aussi en savoir plus sur l'environnement que vous visitez ? Ou pr\u00e9f\u00e9rez-vous d\u00e9couvrir le monde sous-marin, mais vos partenaires de voyage pr\u00e9f\u00e8rent la randonn\u00e9e ? Nous pouvons le faire !<\/p>\n<\/div>\n<\/div>\n<\/div><\/div><div id=\"panel-431-1-1-1\" class=\"so-panel widget widget_sow-button panel-last-child\" data-index=\"3\" ><div\n\t\t\t\n\t\t\tclass=\"so-widget-sow-button so-widget-sow-button-atom-95753d34a2a6-431\"\n\t\t\t\n\t\t><div class=\"ow-button-base ow-button-align-left\"\n>\n\t\t\t<a\n\t\t\t\t\thref=\"https:\/\/dive-bluedolphin.com\/fr\/plongee-elounda\/partenaire-my-green-travel\/\"\n\t\t\t\t\tclass=\"sowb-button ow-icon-placement-left ow-button-hover\" \t>\n\t\t<span>\n\t\t\t\n\t\t\tEn savoir plus ...\t\t<\/span>\n\t\t\t<\/a>\n\t<\/div>\n<\/div><\/div><\/div><\/div><div id=\"pg-431-2\"  class=\"panel-grid panel-no-style\" ><div id=\"pgc-431-2-0\"  class=\"panel-grid-cell\" ><div id=\"panel-431-2-0-0\" class=\"so-panel widget widget_sow-image panel-first-child panel-last-child\" data-index=\"4\" ><div\n\t\t\t\n\t\t\tclass=\"so-widget-sow-image so-widget-sow-image-default-8b5b6f678277-431\"\n\t\t\t\n\t\t>\n<div class=\"sow-image-container\">\n\t\t\t<a href=\"\/tauchbasis\/schnorcheltrips\/\"\n\t\t\t\t\t>\n\t\t\t<img \n\tsrc=\"https:\/\/dive-bluedolphin.com\/wp-content\/uploads\/2021\/09\/Blue-Dolphin-Divecenter-Elounda-Crete-Greece-Sunken-City-Olo.jpg\" width=\"448\" height=\"336\" srcset=\"https:\/\/dive-bluedolphin.com\/wp-content\/uploads\/2021\/09\/Blue-Dolphin-Divecenter-Elounda-Crete-Greece-Sunken-City-Olo.jpg 448w, https:\/\/dive-bluedolphin.com\/wp-content\/uploads\/2021\/09\/Blue-Dolphin-Divecenter-Elounda-Crete-Greece-Sunken-City-Olo-300x225.jpg 300w\" sizes=\"(max-width: 448px) 100vw, 448px\" alt=\"\" \t\tclass=\"so-widget-image\"\/>\n\t\t\t<\/a><\/div>\n\n<\/div><\/div><\/div><div id=\"pgc-431-2-1\"  class=\"panel-grid-cell\" ><div id=\"panel-431-2-1-0\" class=\"so-panel widget widget_sow-editor panel-first-child\" data-index=\"5\" ><div\n\t\t\t\n\t\t\tclass=\"so-widget-sow-editor so-widget-sow-editor-base\"\n\t\t\t\n\t\t><h3 class=\"widget-title\">Excursions de plong\u00e9e avec tuba<\/h3>\n<div class=\"siteorigin-widget-tinymce textwidget\">\n\t<p>Qu'il s'agisse de faire du snorkeling sur l'un de nos nombreux sites de plong\u00e9e ou de d\u00e9couvrir des ruines minoennes englouties, nous avons quelque chose \u00e0 offrir \u00e0 chacun, m\u00eame aux non-plongeurs !...<\/p>\n<\/div>\n<\/div><\/div><div id=\"panel-431-2-1-1\" class=\"so-panel widget widget_sow-button panel-last-child\" data-index=\"6\" ><div\n\t\t\t\n\t\t\tclass=\"so-widget-sow-button so-widget-sow-button-atom-63cfc46f7929-431\"\n\t\t\t\n\t\t><div class=\"ow-button-base ow-button-align-left\"\n>\n\t\t\t<a\n\t\t\t\t\thref=\"\/fr\/centre-de-plongee\/excursion-plongee-olous\/\"\n\t\t\t\t\tclass=\"sowb-button ow-icon-placement-left ow-button-hover\" \t>\n\t\t<span>\n\t\t\t\n\t\t\tEn savoir plus ...\t\t<\/span>\n\t\t\t<\/a>\n\t<\/div>\n<\/div><\/div><\/div><\/div><div id=\"pg-431-3\"  class=\"panel-grid panel-no-style\" ><div id=\"pgc-431-3-0\"  class=\"panel-grid-cell\" ><div id=\"panel-431-3-0-0\" class=\"so-panel widget widget_sow-image panel-first-child panel-last-child\" data-index=\"7\" ><div\n\t\t\t\n\t\t\tclass=\"so-widget-sow-image so-widget-sow-image-default-8b5b6f678277-431\"\n\t\t\t\n\t\t>\n<div class=\"sow-image-container\">\n\t\t\t<a href=\"\/ueber-uns\/neuigkeiten\/\"\n\t\t\t\t\t>\n\t\t\t<img \n\tsrc=\"https:\/\/dive-bluedolphin.com\/wp-content\/uploads\/2021\/09\/Blue-Dolphin-Team-2021-scaled.jpg\" width=\"2560\" height=\"1439\" srcset=\"https:\/\/dive-bluedolphin.com\/wp-content\/uploads\/2021\/09\/Blue-Dolphin-Team-2021-scaled.jpg 2560w, https:\/\/dive-bluedolphin.com\/wp-content\/uploads\/2021\/09\/Blue-Dolphin-Team-2021-300x169.jpg 300w, https:\/\/dive-bluedolphin.com\/wp-content\/uploads\/2021\/09\/Blue-Dolphin-Team-2021-1024x575.jpg 1024w, https:\/\/dive-bluedolphin.com\/wp-content\/uploads\/2021\/09\/Blue-Dolphin-Team-2021-768x432.jpg 768w, https:\/\/dive-bluedolphin.com\/wp-content\/uploads\/2021\/09\/Blue-Dolphin-Team-2021-1536x863.jpg 1536w, https:\/\/dive-bluedolphin.com\/wp-content\/uploads\/2021\/09\/Blue-Dolphin-Team-2021-2048x1151.jpg 2048w\" sizes=\"(max-width: 2560px) 100vw, 2560px\" title=\"Blue Dolphin Team 2021\" alt=\"\" \t\tclass=\"so-widget-image\"\/>\n\t\t\t<\/a><\/div>\n\n<\/div><\/div><\/div><div id=\"pgc-431-3-1\"  class=\"panel-grid-cell\" ><div id=\"panel-431-3-1-0\" class=\"so-panel widget widget_sow-editor panel-first-child\" data-index=\"8\" ><div\n\t\t\t\n\t\t\tclass=\"so-widget-sow-editor so-widget-sow-editor-base\"\n\t\t\t\n\t\t><h3 class=\"widget-title\">Un grand merci !<\/h3>\n<div class=\"siteorigin-widget-tinymce textwidget\">\n\t<p>Blue Dolphin a <span style=\"font-size: 18pt; color: #ff6600;\">30 ans<\/span> cette ann\u00e9e et nous nous r\u00e9jouissons d'accueillir tous nos amis plongeurs, connus et inconnus, pour f\u00eater dignement cet anniversaire avec nous !!!!<\/p>\n<\/div>\n<\/div><\/div><div id=\"panel-431-3-1-1\" class=\"so-panel widget widget_sow-button panel-last-child\" data-index=\"9\" ><div\n\t\t\t\n\t\t\tclass=\"so-widget-sow-button so-widget-sow-button-atom-95753d34a2a6-431\"\n\t\t\t\n\t\t><div class=\"ow-button-base ow-button-align-left\"\n>\n\t\t\t<a\n\t\t\t\t\thref=\"https:\/\/dive-bluedolphin.com\/fr\/blue-dolphin-plus-des-30-ans\/\"\n\t\t\t\t\tclass=\"sowb-button ow-icon-placement-left ow-button-hover\" \t>\n\t\t<span>\n\t\t\t\n\t\t\tEn savoir plus ...\t\t<\/span>\n\t\t\t<\/a>\n\t<\/div>\n<\/div><\/div><\/div><\/div><div id=\"pg-431-4\"  class=\"panel-grid panel-no-style\" ><div id=\"pgc-431-4-0\"  class=\"panel-grid-cell\" ><div id=\"panel-431-4-0-0\" class=\"so-panel widget widget_sow-image panel-first-child panel-last-child\" data-index=\"10\" ><div\n\t\t\t\n\t\t\tclass=\"so-widget-sow-image so-widget-sow-image-default-8b5b6f678277-431\"\n\t\t\t\n\t\t>\n<div class=\"sow-image-container\">\n\t\t\t<a href=\"\/ueber-uns\/jobs\/\"\n\t\t\t\t\t>\n\t\t\t<img \n\tsrc=\"https:\/\/dive-bluedolphin.com\/wp-content\/uploads\/2021\/09\/Blue-Dolphin-Divecenter-Elounda-Crete-Greece-3.jpg\" width=\"448\" height=\"336\" srcset=\"https:\/\/dive-bluedolphin.com\/wp-content\/uploads\/2021\/09\/Blue-Dolphin-Divecenter-Elounda-Crete-Greece-3.jpg 448w, https:\/\/dive-bluedolphin.com\/wp-content\/uploads\/2021\/09\/Blue-Dolphin-Divecenter-Elounda-Crete-Greece-3-300x225.jpg 300w\" sizes=\"(max-width: 448px) 100vw, 448px\" alt=\"\" \t\tclass=\"so-widget-image\"\/>\n\t\t\t<\/a><\/div>\n\n<\/div><\/div><\/div><div id=\"pgc-431-4-1\"  class=\"panel-grid-cell\" ><div id=\"panel-431-4-1-0\" class=\"so-panel widget widget_sow-editor panel-first-child\" data-index=\"11\" ><div\n\t\t\t\n\t\t\tclass=\"so-widget-sow-editor so-widget-sow-editor-base\"\n\t\t\t\n\t\t><h3 class=\"widget-title\">Emplois<\/h3>\n<div class=\"siteorigin-widget-tinymce textwidget\">\n\t<p>Looking for an opportunity to do what you love and inspire others in the process? Get in touch, we are always looking for the right team member!...<\/p>\n<\/div>\n<\/div><\/div><div id=\"panel-431-4-1-1\" class=\"so-panel widget widget_sow-button panel-last-child\" data-index=\"12\" ><div\n\t\t\t\n\t\t\tclass=\"so-widget-sow-button so-widget-sow-button-atom-63cfc46f7929-431\"\n\t\t\t\n\t\t><div class=\"ow-button-base ow-button-align-left\"\n>\n\t\t\t<a\n\t\t\t\t\thref=\"\/fr\/plongee-elounda\/emplois\/\"\n\t\t\t\t\tclass=\"sowb-button ow-icon-placement-left ow-button-hover\" \t>\n\t\t<span>\n\t\t\t\n\t\t\tEn savoir plus...\t\t<\/span>\n\t\t\t<\/a>\n\t<\/div>\n<\/div><\/div><\/div><\/div><\/div>","protected":false},"excerpt":{"rendered":"<p>Le centre de plong\u00e9e Blue Dolphin \u00e0 Elounda est l&rsquo;un des pionniers de l&rsquo;histoire de la plong\u00e9e en Cr\u00e8te. Blue Dolphin a contribu\u00e9 \u00e0 rendre les zones de plong\u00e9e existantes accessibles au tourisme de la plong\u00e9e. Apr\u00e8s 30 ans de pr\u00e9sence en Cr\u00e8te, la biodiversit\u00e9 et la vari\u00e9t\u00e9 de ses sites sont uniques. Actuellement, nous [&hellip;]<\/p>\n","protected":false},"author":1,"featured_media":0,"parent":0,"menu_order":1,"comment_status":"closed","ping_status":"closed","template":"","meta":{"footnotes":""},"class_list":["post-431","page","type-page","status-publish","hentry","post"],"yoast_head":"<!-- This site is optimized with the Yoast SEO plugin v27.4 - https:\/\/yoast.com\/product\/yoast-seo-wordpress\/ -->\n<title>Centre de Plong\u00e9e Blue Dolphin | Elounda, Cr\u00e8te<\/title>\n<meta name=\"description\" content=\"Centre de plong\u00e9e Blue Dolphin | Elounda, Cr\u00e8te | Formation pour les enfants, les plongeurs amateurs et les professionnels | Plong\u00e9es pour les plongeurs certifi\u00e9s\" \/>\n<meta name=\"robots\" content=\"index, follow, max-snippet:-1, max-image-preview:large, max-video-preview:-1\" \/>\n<link rel=\"canonical\" href=\"https:\/\/dive-bluedolphin.com\/fr\/\" \/>\n<meta property=\"og:locale\" content=\"fr_FR\" \/>\n<meta property=\"og:type\" content=\"article\" \/>\n<meta property=\"og:title\" content=\"Centre de Plong\u00e9e Blue Dolphin | Elounda, Cr\u00e8te\" \/>\n<meta property=\"og:description\" content=\"Centre de plong\u00e9e Blue Dolphin | Elounda, Cr\u00e8te | Formation pour les enfants, les plongeurs amateurs et les professionnels | Plong\u00e9es pour les plongeurs certifi\u00e9s\" \/>\n<meta property=\"og:url\" content=\"https:\/\/dive-bluedolphin.com\/fr\/\" \/>\n<meta property=\"og:site_name\" content=\"Diving Center Blue Dolphin\" \/>\n<meta property=\"article:modified_time\" content=\"2025-02-15T16:43:44+00:00\" \/>\n<meta property=\"og:image\" content=\"https:\/\/dive-bluedolphin.com\/wp-content\/uploads\/2021\/09\/Dive-Center-Blue-Dolphin-Elounda-Crete-2015-e1504262853928-1.jpg\" \/>\n\t<meta property=\"og:image:width\" content=\"1024\" \/>\n\t<meta property=\"og:image:height\" content=\"228\" \/>\n\t<meta property=\"og:image:type\" content=\"image\/jpeg\" \/>\n<meta name=\"twitter:card\" content=\"summary_large_image\" \/>\n<meta name=\"twitter:label1\" content=\"Dur\u00e9e de lecture estim\u00e9e\" \/>\n\t<meta name=\"twitter:data1\" content=\"2 minutes\" \/>\n<script type=\"application\/ld+json\" class=\"yoast-schema-graph\">{\"@context\":\"https:\\\/\\\/schema.org\",\"@graph\":[{\"@type\":\"WebPage\",\"@id\":\"https:\\\/\\\/dive-bluedolphin.com\\\/fr\\\/\",\"url\":\"https:\\\/\\\/dive-bluedolphin.com\\\/fr\\\/\",\"name\":\"Centre de Plong\u00e9e Blue Dolphin | Elounda, Cr\u00e8te\",\"isPartOf\":{\"@id\":\"https:\\\/\\\/dive-bluedolphin.com\\\/fr\\\/#website\"},\"primaryImageOfPage\":{\"@id\":\"https:\\\/\\\/dive-bluedolphin.com\\\/fr\\\/#primaryimage\"},\"image\":{\"@id\":\"https:\\\/\\\/dive-bluedolphin.com\\\/fr\\\/#primaryimage\"},\"thumbnailUrl\":\"https:\\\/\\\/dive-bluedolphin.com\\\/wp-content\\\/uploads\\\/2021\\\/09\\\/Dive-Center-Blue-Dolphin-Elounda-Crete-2015-e1504262853928-1.jpg\",\"datePublished\":\"2021-09-06T16:28:55+00:00\",\"dateModified\":\"2025-02-15T16:43:44+00:00\",\"description\":\"Centre de plong\u00e9e Blue Dolphin | Elounda, Cr\u00e8te | Formation pour les enfants, les plongeurs amateurs et les professionnels | Plong\u00e9es pour les plongeurs certifi\u00e9s\",\"breadcrumb\":{\"@id\":\"https:\\\/\\\/dive-bluedolphin.com\\\/fr\\\/#breadcrumb\"},\"inLanguage\":\"fr-FR\",\"potentialAction\":[{\"@type\":\"ReadAction\",\"target\":[\"https:\\\/\\\/dive-bluedolphin.com\\\/fr\\\/\"]}]},{\"@type\":\"ImageObject\",\"inLanguage\":\"fr-FR\",\"@id\":\"https:\\\/\\\/dive-bluedolphin.com\\\/fr\\\/#primaryimage\",\"url\":\"https:\\\/\\\/dive-bluedolphin.com\\\/wp-content\\\/uploads\\\/2021\\\/09\\\/Dive-Center-Blue-Dolphin-Elounda-Crete-2015-e1504262853928-1.jpg\",\"contentUrl\":\"https:\\\/\\\/dive-bluedolphin.com\\\/wp-content\\\/uploads\\\/2021\\\/09\\\/Dive-Center-Blue-Dolphin-Elounda-Crete-2015-e1504262853928-1.jpg\"},{\"@type\":\"BreadcrumbList\",\"@id\":\"https:\\\/\\\/dive-bluedolphin.com\\\/fr\\\/#breadcrumb\",\"itemListElement\":[{\"@type\":\"ListItem\",\"position\":1,\"name\":\"Home\",\"item\":\"https:\\\/\\\/dive-bluedolphin.com\\\/fr\\\/\"},{\"@type\":\"ListItem\",\"position\":2,\"name\":\"Qui sommes nous\"}]},{\"@type\":\"WebSite\",\"@id\":\"https:\\\/\\\/dive-bluedolphin.com\\\/fr\\\/#website\",\"url\":\"https:\\\/\\\/dive-bluedolphin.com\\\/fr\\\/\",\"name\":\"Diving Center Blue Dolphin\",\"description\":\"Elounda - Crete\",\"potentialAction\":[{\"@type\":\"SearchAction\",\"target\":{\"@type\":\"EntryPoint\",\"urlTemplate\":\"https:\\\/\\\/dive-bluedolphin.com\\\/fr\\\/?s={search_term_string}\"},\"query-input\":{\"@type\":\"PropertyValueSpecification\",\"valueRequired\":true,\"valueName\":\"search_term_string\"}}],\"inLanguage\":\"fr-FR\"}]}<\/script>\n<!-- \/ Yoast SEO plugin. -->","yoast_head_json":{"title":"Centre de Plong\u00e9e Blue Dolphin | Elounda, Cr\u00e8te","description":"Centre de plong\u00e9e Blue Dolphin | Elounda, Cr\u00e8te | Formation pour les enfants, les plongeurs amateurs et les professionnels | Plong\u00e9es pour les plongeurs certifi\u00e9s","robots":{"index":"index","follow":"follow","max-snippet":"max-snippet:-1","max-image-preview":"max-image-preview:large","max-video-preview":"max-video-preview:-1"},"canonical":"https:\/\/dive-bluedolphin.com\/fr\/","og_locale":"fr_FR","og_type":"article","og_title":"Centre de Plong\u00e9e Blue Dolphin | Elounda, Cr\u00e8te","og_description":"Centre de plong\u00e9e Blue Dolphin | Elounda, Cr\u00e8te | Formation pour les enfants, les plongeurs amateurs et les professionnels | Plong\u00e9es pour les plongeurs certifi\u00e9s","og_url":"https:\/\/dive-bluedolphin.com\/fr\/","og_site_name":"Diving Center Blue Dolphin","article_modified_time":"2025-02-15T16:43:44+00:00","og_image":[{"width":1024,"height":228,"url":"https:\/\/dive-bluedolphin.com\/wp-content\/uploads\/2021\/09\/Dive-Center-Blue-Dolphin-Elounda-Crete-2015-e1504262853928-1.jpg","type":"image\/jpeg"}],"twitter_card":"summary_large_image","twitter_misc":{"Dur\u00e9e de lecture estim\u00e9e":"2 minutes"},"schema":{"@context":"https:\/\/schema.org","@graph":[{"@type":"WebPage","@id":"https:\/\/dive-bluedolphin.com\/fr\/","url":"https:\/\/dive-bluedolphin.com\/fr\/","name":"Centre de Plong\u00e9e Blue Dolphin | Elounda, Cr\u00e8te","isPartOf":{"@id":"https:\/\/dive-bluedolphin.com\/fr\/#website"},"primaryImageOfPage":{"@id":"https:\/\/dive-bluedolphin.com\/fr\/#primaryimage"},"image":{"@id":"https:\/\/dive-bluedolphin.com\/fr\/#primaryimage"},"thumbnailUrl":"https:\/\/dive-bluedolphin.com\/wp-content\/uploads\/2021\/09\/Dive-Center-Blue-Dolphin-Elounda-Crete-2015-e1504262853928-1.jpg","datePublished":"2021-09-06T16:28:55+00:00","dateModified":"2025-02-15T16:43:44+00:00","description":"Centre de plong\u00e9e Blue Dolphin | Elounda, Cr\u00e8te | Formation pour les enfants, les plongeurs amateurs et les professionnels | Plong\u00e9es pour les plongeurs certifi\u00e9s","breadcrumb":{"@id":"https:\/\/dive-bluedolphin.com\/fr\/#breadcrumb"},"inLanguage":"fr-FR","potentialAction":[{"@type":"ReadAction","target":["https:\/\/dive-bluedolphin.com\/fr\/"]}]},{"@type":"ImageObject","inLanguage":"fr-FR","@id":"https:\/\/dive-bluedolphin.com\/fr\/#primaryimage","url":"https:\/\/dive-bluedolphin.com\/wp-content\/uploads\/2021\/09\/Dive-Center-Blue-Dolphin-Elounda-Crete-2015-e1504262853928-1.jpg","contentUrl":"https:\/\/dive-bluedolphin.com\/wp-content\/uploads\/2021\/09\/Dive-Center-Blue-Dolphin-Elounda-Crete-2015-e1504262853928-1.jpg"},{"@type":"BreadcrumbList","@id":"https:\/\/dive-bluedolphin.com\/fr\/#breadcrumb","itemListElement":[{"@type":"ListItem","position":1,"name":"Home","item":"https:\/\/dive-bluedolphin.com\/fr\/"},{"@type":"ListItem","position":2,"name":"Qui sommes nous"}]},{"@type":"WebSite","@id":"https:\/\/dive-bluedolphin.com\/fr\/#website","url":"https:\/\/dive-bluedolphin.com\/fr\/","name":"Diving Center Blue Dolphin","description":"Elounda - Crete","potentialAction":[{"@type":"SearchAction","target":{"@type":"EntryPoint","urlTemplate":"https:\/\/dive-bluedolphin.com\/fr\/?s={search_term_string}"},"query-input":{"@type":"PropertyValueSpecification","valueRequired":true,"valueName":"search_term_string"}}],"inLanguage":"fr-FR"}]}},"_links":{"self":[{"href":"https:\/\/dive-bluedolphin.com\/fr\/wp-json\/wp\/v2\/pages\/431","targetHints":{"allow":["GET"]}}],"collection":[{"href":"https:\/\/dive-bluedolphin.com\/fr\/wp-json\/wp\/v2\/pages"}],"about":[{"href":"https:\/\/dive-bluedolphin.com\/fr\/wp-json\/wp\/v2\/types\/page"}],"author":[{"embeddable":true,"href":"https:\/\/dive-bluedolphin.com\/fr\/wp-json\/wp\/v2\/users\/1"}],"replies":[{"embeddable":true,"href":"https:\/\/dive-bluedolphin.com\/fr\/wp-json\/wp\/v2\/comments?post=431"}],"version-history":[{"count":27,"href":"https:\/\/dive-bluedolphin.com\/fr\/wp-json\/wp\/v2\/pages\/431\/revisions"}],"predecessor-version":[{"id":1782,"href":"https:\/\/dive-bluedolphin.com\/fr\/wp-json\/wp\/v2\/pages\/431\/revisions\/1782"}],"wp:attachment":[{"href":"https:\/\/dive-bluedolphin.com\/fr\/wp-json\/wp\/v2\/media?parent=431"}],"curies":[{"name":"wp","href":"https:\/\/api.w.org\/{rel}","templated":true}]}}