{"id":481,"date":"2021-09-06T18:29:18","date_gmt":"2021-09-06T16:29:18","guid":{"rendered":"https:\/\/dive-bluedolphin.com\/ueber-uns\/neuigkeiten\/"},"modified":"2025-02-15T17:40:18","modified_gmt":"2025-02-15T16:40:18","slug":"partenaire-my-green-travel","status":"publish","type":"page","link":"https:\/\/dive-bluedolphin.com\/fr\/plongee-elounda\/partenaire-my-green-travel\/","title":{"rendered":"Nouvelles"},"content":{"rendered":"<div id=\"pl-481\"  class=\"panel-layout\" ><div id=\"pg-481-0\"  class=\"panel-grid panel-no-style\" ><div id=\"pgc-481-0-0\"  class=\"panel-grid-cell\" ><div id=\"panel-481-0-0-0\" class=\"so-panel widget widget_sow-editor panel-first-child panel-last-child\" data-index=\"0\" ><div\n\t\t\t\n\t\t\tclass=\"so-widget-sow-editor so-widget-sow-editor-base\"\n\t\t\t\n\t\t>\n<div class=\"siteorigin-widget-tinymce textwidget\">\n\t<p>Il est temps d'\u00e9tablir un nouveau partenariat !<\/p>\n<p>Vous voulez non seulement faire de la plong\u00e9e ou du snorkeling, mais aussi en savoir plus sur la r\u00e9gion que vous visitez ? Ou bien vous voulez d\u00e9couvrir le monde sous-marin, mais votre partenaire de voyage pr\u00e9f\u00e8re faire de la randonn\u00e9e ? Avec nous, tout est possible !<\/p>\n<p>Le centre de plong\u00e9e Blue Dolphin et l'agence de voyage priv\u00e9e My Green Travel vous proposent des formules d'aventure.<\/p>\n<p><a href=\"https:\/\/my-green-travel.com\/fr\/accompagnement-de-voyage-en-crete-orientale\/\" target=\"_blank\" rel=\"noopener\">My Green Travel<\/a> est une entreprise ind\u00e9pendante. <a href=\"https:\/\/my-green-travel.com\/fr\/accompagnement-de-voyage-en-crete-orientale\/qui-est-votre-accompagnateur-de-voyage-personnel\/\" target=\"_blank\" rel=\"noopener\">Dajana Schiwik<\/a> se propose comme accompagnatrice personnelle, exp\u00e9riment\u00e9e et professionnelle pour vous emmener hors des sentiers battus dans la r\u00e9gion de Lasithi ...<\/p>\n<ul>\n<li>d\u00e9couvrir des beaut\u00e9s naturelles magnifiques et rarement visit\u00e9es,<\/li>\n<li>entrer en contact direct avec les habitants, conna\u00eetre leur mode de vie, leurs traditions et leurs pens\u00e9es, et se lier d'amiti\u00e9 avec eux,<\/li>\n<li>vous familiariser avec le patrimoine de la r\u00e9gion de Lasithi et explorer des sites arch\u00e9ologiques inconnus ou n\u00e9glig\u00e9s<\/li>\n<li>et laissez-nous vous conseiller, vous servir d'interm\u00e9diaire et organiser des visites selon vos souhaits.<\/li>\n<\/ul>\n<p>Vous pouvez trouver plus d'informations sur l'offre de Dajana sur son site web <a href=\"https:\/\/my-green-travel.com\/fr\/offres\/\" target=\"_blank\" rel=\"noopener\">ici<\/a>.<\/p>\n<p><strong><span style=\"font-size: 14pt;\">Mais plus encore...<\/span><\/strong><\/p>\n<p>Blue Dolphin et My Green Travel ont mis au point un programme tr\u00e8s sp\u00e9cial, sp\u00e9cialement pour vous :<br \/>\nCes derni\u00e8res ann\u00e9es, de nombreux clients ont appr\u00e9ci\u00e9 notre<a href=\"https:\/\/dive-bluedolphin.com\/fr\/centre-de-plongee\/excursion-plongee-olous\/\"> visite guid\u00e9e avec masque et tuba au-dessus de la ville engloutie d'Olous<\/a>. Mais Olous, c'est bien plus que cela et nos clients s'y int\u00e9ressent \u00e9galement.<br \/>\nL'excursion de plong\u00e9e en apn\u00e9e peut tr\u00e8s bien \u00eatre combin\u00e9e avec une visite de l'\u00eele de Kolokytha, qui offre un aper\u00e7u r\u00e9v\u00e9lateur du pass\u00e9 d'Elounda. L'excursion de plong\u00e9e avec tuba peut \u00e9galement \u00eatre merveilleusement combin\u00e9e avec d'autres sites historiques datant de l'\u00e9poque d'Olous (il y a environ 3000 ans), qui se trouvent dans les environs imm\u00e9diats. Vous pouvez donc d\u00e9couvrir bien d'autres choses en une seule journ\u00e9e...<\/p>\n<p>Mais laissez-vous inspirer par les photos suivantes et prenez simplement <a href=\"https:\/\/dive-bluedolphin.com\/fr\/contact\/\">contact avec nous<\/a> pour obtenir des conseils !<\/p>\n<p>Nombre minimum de 2 personnes ! Convient \u00e9galement aux familles !<\/p>\n<p style=\"text-align: center;\"><span style=\"font-size: 14pt;\">Tr\u00e8s important ! En tant que nouveau partenaire, vous b\u00e9n\u00e9ficiez d'une r\u00e9duction substantielle<\/span><\/p>\n<p style=\"text-align: center;\"><strong><span style=\"font-size: 14pt;\">de 15 % pour 2 personnes et de 20 % pour 4 personnes<\/span><\/strong><\/p>\n<p>sur un programme d'une journ\u00e9e si vous combinez une aventure de plong\u00e9e avec Blue Dolphin avec une excursion avec My Green Travel !<\/p>\n<p>Nous vous attendons avec impatience !<\/p>\n<\/div>\n<\/div><\/div><\/div><\/div><div id=\"pg-481-1\"  class=\"panel-grid panel-no-style\" ><div id=\"pgc-481-1-0\"  class=\"panel-grid-cell panel-grid-cell-empty\" ><\/div><\/div><\/div>","protected":false},"excerpt":{"rendered":"<p>Il est temps d&rsquo;\u00e9tablir un nouveau partenariat ! Vous voulez non seulement faire de la plong\u00e9e ou du snorkeling, mais aussi en savoir plus sur la r\u00e9gion que vous visitez ? Ou bien vous voulez d\u00e9couvrir le monde sous-marin, mais votre partenaire de voyage pr\u00e9f\u00e8re faire de la randonn\u00e9e ? Avec nous, tout est possible [&hellip;]<\/p>\n","protected":false},"author":1,"featured_media":0,"parent":431,"menu_order":1,"comment_status":"closed","ping_status":"closed","template":"","meta":{"footnotes":""},"class_list":["post-481","page","type-page","status-publish","hentry","post"],"yoast_head":"<!-- This site is optimized with the Yoast SEO plugin v27.3 - https:\/\/yoast.com\/product\/yoast-seo-wordpress\/ -->\n<title>Explorer Elounda et Olous en une journ\u00e9e !<\/title>\n<meta name=\"description\" content=\"Vous souhaitez non seulement faire de la plong\u00e9e ou du snorkeling, mais aussi en apprendre davantage sur la r\u00e9gion que vous visitez ? Blue Dolphin et l&#039;agence de voyage priv\u00e9e My Green Travel aimeraient mettre au point des forfaits d&#039;exp\u00e9rience pour vous.\" \/>\n<meta name=\"robots\" content=\"index, follow, max-snippet:-1, max-image-preview:large, max-video-preview:-1\" \/>\n<link rel=\"canonical\" href=\"https:\/\/dive-bluedolphin.com\/fr\/plongee-elounda\/partenaire-my-green-travel\/\" \/>\n<meta property=\"og:locale\" content=\"fr_FR\" \/>\n<meta property=\"og:type\" content=\"article\" \/>\n<meta property=\"og:title\" content=\"Explorer Elounda et Olous en une journ\u00e9e !\" \/>\n<meta property=\"og:description\" content=\"Vous souhaitez non seulement faire de la plong\u00e9e ou du snorkeling, mais aussi en apprendre davantage sur la r\u00e9gion que vous visitez ? Blue Dolphin et l&#039;agence de voyage priv\u00e9e My Green Travel aimeraient mettre au point des forfaits d&#039;exp\u00e9rience pour vous.\" \/>\n<meta property=\"og:url\" content=\"https:\/\/dive-bluedolphin.com\/fr\/plongee-elounda\/partenaire-my-green-travel\/\" \/>\n<meta property=\"og:site_name\" content=\"Diving Center Blue Dolphin\" \/>\n<meta property=\"article:modified_time\" content=\"2025-02-15T16:40:18+00:00\" \/>\n<meta name=\"twitter:card\" content=\"summary_large_image\" \/>\n<meta name=\"twitter:label1\" content=\"Dur\u00e9e de lecture estim\u00e9e\" \/>\n\t<meta name=\"twitter:data1\" content=\"2 minutes\" \/>\n<script type=\"application\/ld+json\" class=\"yoast-schema-graph\">{\"@context\":\"https:\\\/\\\/schema.org\",\"@graph\":[{\"@type\":\"WebPage\",\"@id\":\"https:\\\/\\\/dive-bluedolphin.com\\\/fr\\\/plongee-elounda\\\/partenaire-my-green-travel\\\/\",\"url\":\"https:\\\/\\\/dive-bluedolphin.com\\\/fr\\\/plongee-elounda\\\/partenaire-my-green-travel\\\/\",\"name\":\"Explorer Elounda et Olous en une journ\u00e9e !\",\"isPartOf\":{\"@id\":\"https:\\\/\\\/dive-bluedolphin.com\\\/fr\\\/#website\"},\"datePublished\":\"2021-09-06T16:29:18+00:00\",\"dateModified\":\"2025-02-15T16:40:18+00:00\",\"description\":\"Vous souhaitez non seulement faire de la plong\u00e9e ou du snorkeling, mais aussi en apprendre davantage sur la r\u00e9gion que vous visitez ? Blue Dolphin et l'agence de voyage priv\u00e9e My Green Travel aimeraient mettre au point des forfaits d'exp\u00e9rience pour vous.\",\"breadcrumb\":{\"@id\":\"https:\\\/\\\/dive-bluedolphin.com\\\/fr\\\/plongee-elounda\\\/partenaire-my-green-travel\\\/#breadcrumb\"},\"inLanguage\":\"fr-FR\",\"potentialAction\":[{\"@type\":\"ReadAction\",\"target\":[\"https:\\\/\\\/dive-bluedolphin.com\\\/fr\\\/plongee-elounda\\\/partenaire-my-green-travel\\\/\"]}]},{\"@type\":\"BreadcrumbList\",\"@id\":\"https:\\\/\\\/dive-bluedolphin.com\\\/fr\\\/plongee-elounda\\\/partenaire-my-green-travel\\\/#breadcrumb\",\"itemListElement\":[{\"@type\":\"ListItem\",\"position\":1,\"name\":\"Home\",\"item\":\"https:\\\/\\\/dive-bluedolphin.com\\\/fr\\\/\"},{\"@type\":\"ListItem\",\"position\":2,\"name\":\"Qui sommes nous\",\"item\":\"https:\\\/\\\/dive-bluedolphin.com\\\/fr\\\/\"},{\"@type\":\"ListItem\",\"position\":3,\"name\":\"Nouvelles\"}]},{\"@type\":\"WebSite\",\"@id\":\"https:\\\/\\\/dive-bluedolphin.com\\\/fr\\\/#website\",\"url\":\"https:\\\/\\\/dive-bluedolphin.com\\\/fr\\\/\",\"name\":\"Diving Center Blue Dolphin\",\"description\":\"Elounda - Crete\",\"potentialAction\":[{\"@type\":\"SearchAction\",\"target\":{\"@type\":\"EntryPoint\",\"urlTemplate\":\"https:\\\/\\\/dive-bluedolphin.com\\\/fr\\\/?s={search_term_string}\"},\"query-input\":{\"@type\":\"PropertyValueSpecification\",\"valueRequired\":true,\"valueName\":\"search_term_string\"}}],\"inLanguage\":\"fr-FR\"}]}<\/script>\n<!-- \/ Yoast SEO plugin. -->","yoast_head_json":{"title":"Explorer Elounda et Olous en une journ\u00e9e !","description":"Vous souhaitez non seulement faire de la plong\u00e9e ou du snorkeling, mais aussi en apprendre davantage sur la r\u00e9gion que vous visitez ? Blue Dolphin et l'agence de voyage priv\u00e9e My Green Travel aimeraient mettre au point des forfaits d'exp\u00e9rience pour vous.","robots":{"index":"index","follow":"follow","max-snippet":"max-snippet:-1","max-image-preview":"max-image-preview:large","max-video-preview":"max-video-preview:-1"},"canonical":"https:\/\/dive-bluedolphin.com\/fr\/plongee-elounda\/partenaire-my-green-travel\/","og_locale":"fr_FR","og_type":"article","og_title":"Explorer Elounda et Olous en une journ\u00e9e !","og_description":"Vous souhaitez non seulement faire de la plong\u00e9e ou du snorkeling, mais aussi en apprendre davantage sur la r\u00e9gion que vous visitez ? Blue Dolphin et l'agence de voyage priv\u00e9e My Green Travel aimeraient mettre au point des forfaits d'exp\u00e9rience pour vous.","og_url":"https:\/\/dive-bluedolphin.com\/fr\/plongee-elounda\/partenaire-my-green-travel\/","og_site_name":"Diving Center Blue Dolphin","article_modified_time":"2025-02-15T16:40:18+00:00","twitter_card":"summary_large_image","twitter_misc":{"Dur\u00e9e de lecture estim\u00e9e":"2 minutes"},"schema":{"@context":"https:\/\/schema.org","@graph":[{"@type":"WebPage","@id":"https:\/\/dive-bluedolphin.com\/fr\/plongee-elounda\/partenaire-my-green-travel\/","url":"https:\/\/dive-bluedolphin.com\/fr\/plongee-elounda\/partenaire-my-green-travel\/","name":"Explorer Elounda et Olous en une journ\u00e9e !","isPartOf":{"@id":"https:\/\/dive-bluedolphin.com\/fr\/#website"},"datePublished":"2021-09-06T16:29:18+00:00","dateModified":"2025-02-15T16:40:18+00:00","description":"Vous souhaitez non seulement faire de la plong\u00e9e ou du snorkeling, mais aussi en apprendre davantage sur la r\u00e9gion que vous visitez ? Blue Dolphin et l'agence de voyage priv\u00e9e My Green Travel aimeraient mettre au point des forfaits d'exp\u00e9rience pour vous.","breadcrumb":{"@id":"https:\/\/dive-bluedolphin.com\/fr\/plongee-elounda\/partenaire-my-green-travel\/#breadcrumb"},"inLanguage":"fr-FR","potentialAction":[{"@type":"ReadAction","target":["https:\/\/dive-bluedolphin.com\/fr\/plongee-elounda\/partenaire-my-green-travel\/"]}]},{"@type":"BreadcrumbList","@id":"https:\/\/dive-bluedolphin.com\/fr\/plongee-elounda\/partenaire-my-green-travel\/#breadcrumb","itemListElement":[{"@type":"ListItem","position":1,"name":"Home","item":"https:\/\/dive-bluedolphin.com\/fr\/"},{"@type":"ListItem","position":2,"name":"Qui sommes nous","item":"https:\/\/dive-bluedolphin.com\/fr\/"},{"@type":"ListItem","position":3,"name":"Nouvelles"}]},{"@type":"WebSite","@id":"https:\/\/dive-bluedolphin.com\/fr\/#website","url":"https:\/\/dive-bluedolphin.com\/fr\/","name":"Diving Center Blue Dolphin","description":"Elounda - Crete","potentialAction":[{"@type":"SearchAction","target":{"@type":"EntryPoint","urlTemplate":"https:\/\/dive-bluedolphin.com\/fr\/?s={search_term_string}"},"query-input":{"@type":"PropertyValueSpecification","valueRequired":true,"valueName":"search_term_string"}}],"inLanguage":"fr-FR"}]}},"_links":{"self":[{"href":"https:\/\/dive-bluedolphin.com\/fr\/wp-json\/wp\/v2\/pages\/481","targetHints":{"allow":["GET"]}}],"collection":[{"href":"https:\/\/dive-bluedolphin.com\/fr\/wp-json\/wp\/v2\/pages"}],"about":[{"href":"https:\/\/dive-bluedolphin.com\/fr\/wp-json\/wp\/v2\/types\/page"}],"author":[{"embeddable":true,"href":"https:\/\/dive-bluedolphin.com\/fr\/wp-json\/wp\/v2\/users\/1"}],"replies":[{"embeddable":true,"href":"https:\/\/dive-bluedolphin.com\/fr\/wp-json\/wp\/v2\/comments?post=481"}],"version-history":[{"count":9,"href":"https:\/\/dive-bluedolphin.com\/fr\/wp-json\/wp\/v2\/pages\/481\/revisions"}],"predecessor-version":[{"id":1781,"href":"https:\/\/dive-bluedolphin.com\/fr\/wp-json\/wp\/v2\/pages\/481\/revisions\/1781"}],"up":[{"embeddable":true,"href":"https:\/\/dive-bluedolphin.com\/fr\/wp-json\/wp\/v2\/pages\/431"}],"wp:attachment":[{"href":"https:\/\/dive-bluedolphin.com\/fr\/wp-json\/wp\/v2\/media?parent=481"}],"curies":[{"name":"wp","href":"https:\/\/api.w.org\/{rel}","templated":true}]}}