{"id":500,"date":"2021-09-06T18:29:37","date_gmt":"2021-09-06T16:29:37","guid":{"rendered":"https:\/\/dive-bluedolphin.com\/ueber-uns\/kreta\/"},"modified":"2021-10-30T14:09:30","modified_gmt":"2021-10-30T12:09:30","slug":"la-crete-le-berceau-de-notre-civilisation","status":"publish","type":"page","link":"https:\/\/dive-bluedolphin.com\/fr\/plongee-elounda\/la-crete-le-berceau-de-notre-civilisation\/","title":{"rendered":"La Cr\u00e8te &#8211; le berceau de notre civilisation"},"content":{"rendered":"<div id=\"pl-500\"  class=\"panel-layout\" ><div id=\"pg-500-0\"  class=\"panel-grid panel-no-style\" ><div id=\"pgc-500-0-0\"  class=\"panel-grid-cell\" ><div id=\"panel-500-0-0-0\" class=\"so-panel widget widget_sow-image panel-first-child panel-last-child\" data-index=\"0\" ><div\n\t\t\t\n\t\t\tclass=\"so-widget-sow-image so-widget-sow-image-default-8b5b6f678277-500\"\n\t\t\t\n\t\t>\n<div class=\"sow-image-container\">\n\t\t<img \n\tsrc=\"https:\/\/dive-bluedolphin.com\/wp-content\/uploads\/2021\/09\/Blue-Dolphin-Divecenter-Elounda-Crete-Greece-4.jpg\" width=\"448\" height=\"252\" srcset=\"https:\/\/dive-bluedolphin.com\/wp-content\/uploads\/2021\/09\/Blue-Dolphin-Divecenter-Elounda-Crete-Greece-4.jpg 448w, https:\/\/dive-bluedolphin.com\/wp-content\/uploads\/2021\/09\/Blue-Dolphin-Divecenter-Elounda-Crete-Greece-4-300x169.jpg 300w\" sizes=\"(max-width: 448px) 100vw, 448px\" alt=\"\" \t\tclass=\"so-widget-image\"\/>\n\t<\/div>\n\n<\/div><\/div><\/div><div id=\"pgc-500-0-1\"  class=\"panel-grid-cell\" ><div id=\"panel-500-0-1-0\" class=\"so-panel widget widget_sow-editor panel-first-child panel-last-child\" data-index=\"1\" ><div\n\t\t\t\n\t\t\tclass=\"so-widget-sow-editor so-widget-sow-editor-base\"\n\t\t\t\n\t\t>\n<div class=\"siteorigin-widget-tinymce textwidget\">\n\t<p>La Cr\u00e8te n'est pas seulement l'\u00eele la plus grande et la plus m\u00e9ridionale de la Gr\u00e8ce, mais aussi le point le plus m\u00e9ridional de l'Europe.<\/p>\n<\/div>\n<\/div><\/div><\/div><\/div><div id=\"pg-500-1\"  class=\"panel-grid panel-no-style\" ><div id=\"pgc-500-1-0\"  class=\"panel-grid-cell\" ><div id=\"panel-500-1-0-0\" class=\"so-panel widget widget_sow-editor panel-first-child panel-last-child\" data-index=\"2\" ><div\n\t\t\t\n\t\t\tclass=\"so-widget-sow-editor so-widget-sow-editor-base\"\n\t\t\t\n\t\t>\n<div class=\"siteorigin-widget-tinymce textwidget\">\n\t<p>C'est en Cr\u00e8te que la premi\u00e8re civilisation avanc\u00e9e du monde occidental a connu son \u00e9panouissement, que les premi\u00e8res personnes se sont \u00e9lev\u00e9es dans les airs et que le premier labyrinthe a \u00e9t\u00e9 construit. Aucune autre \u00eele de la M\u00e9diterran\u00e9e n'a probablement autant de curiosit\u00e9s et de tr\u00e9sors naturels \u00e0 offrir que la Cr\u00e8te : plus de 800 chapelles byzantines, certains des mus\u00e9es les plus importants, la plaine la plus large et la plus fertile de Gr\u00e8ce, la gorge la plus immense d'Europe et une richesse presque incommensurable de tr\u00e9sors arch\u00e9ologiques et de villes anciennes.<\/p>\n<\/div>\n<\/div><\/div><\/div><\/div><div id=\"pg-500-2\"  class=\"panel-grid panel-no-style\" ><div id=\"pgc-500-2-0\"  class=\"panel-grid-cell\" ><div id=\"panel-500-2-0-0\" class=\"so-panel widget widget_sow-image panel-first-child panel-last-child\" data-index=\"3\" ><div\n\t\t\t\n\t\t\tclass=\"so-widget-sow-image so-widget-sow-image-default-8b5b6f678277-500\"\n\t\t\t\n\t\t>\n<div class=\"sow-image-container\">\n\t\t<img \n\tsrc=\"https:\/\/dive-bluedolphin.com\/wp-content\/uploads\/2021\/09\/kreta1.jpg\" width=\"100\" height=\"75\" sizes=\"(max-width: 100px) 100vw, 100px\" alt=\"\" \t\tclass=\"so-widget-image\"\/>\n\t<\/div>\n\n<\/div><\/div><\/div><div id=\"pgc-500-2-1\"  class=\"panel-grid-cell\" ><div id=\"panel-500-2-1-0\" class=\"so-panel widget widget_sow-image panel-first-child panel-last-child\" data-index=\"4\" ><div\n\t\t\t\n\t\t\tclass=\"so-widget-sow-image so-widget-sow-image-default-8b5b6f678277-500\"\n\t\t\t\n\t\t>\n<div class=\"sow-image-container\">\n\t\t<img \n\tsrc=\"https:\/\/dive-bluedolphin.com\/wp-content\/uploads\/2021\/09\/kreta2.jpg\" width=\"100\" height=\"75\" sizes=\"(max-width: 100px) 100vw, 100px\" alt=\"\" \t\tclass=\"so-widget-image\"\/>\n\t<\/div>\n\n<\/div><\/div><\/div><div id=\"pgc-500-2-2\"  class=\"panel-grid-cell\" ><div id=\"panel-500-2-2-0\" class=\"so-panel widget widget_sow-image panel-first-child panel-last-child\" data-index=\"5\" ><div\n\t\t\t\n\t\t\tclass=\"so-widget-sow-image so-widget-sow-image-default-8b5b6f678277-500\"\n\t\t\t\n\t\t>\n<div class=\"sow-image-container\">\n\t\t<img \n\tsrc=\"https:\/\/dive-bluedolphin.com\/wp-content\/uploads\/2021\/09\/kreta3.jpg\" width=\"100\" height=\"75\" sizes=\"(max-width: 100px) 100vw, 100px\" alt=\"\" \t\tclass=\"so-widget-image\"\/>\n\t<\/div>\n\n<\/div><\/div><\/div><div id=\"pgc-500-2-3\"  class=\"panel-grid-cell\" ><div id=\"panel-500-2-3-0\" class=\"so-panel widget widget_sow-image panel-first-child panel-last-child\" data-index=\"6\" ><div\n\t\t\t\n\t\t\tclass=\"so-widget-sow-image so-widget-sow-image-default-8b5b6f678277-500\"\n\t\t\t\n\t\t>\n<div class=\"sow-image-container\">\n\t\t<img \n\tsrc=\"https:\/\/dive-bluedolphin.com\/wp-content\/uploads\/2021\/09\/kreta4-150x150-1.jpg\" width=\"150\" height=\"150\" sizes=\"(max-width: 150px) 100vw, 150px\" title=\"kreta4-150&#215;150\" alt=\"\" \t\tclass=\"so-widget-image\"\/>\n\t<\/div>\n\n<\/div><\/div><\/div><div id=\"pgc-500-2-4\"  class=\"panel-grid-cell\" ><div id=\"panel-500-2-4-0\" class=\"so-panel widget widget_sow-image panel-first-child panel-last-child\" data-index=\"7\" ><div\n\t\t\t\n\t\t\tclass=\"so-widget-sow-image so-widget-sow-image-default-8b5b6f678277-500\"\n\t\t\t\n\t\t>\n<div class=\"sow-image-container\">\n\t\t<img \n\tsrc=\"https:\/\/dive-bluedolphin.com\/wp-content\/uploads\/2021\/09\/kreta5.jpg\" width=\"220\" height=\"170\" sizes=\"(max-width: 220px) 100vw, 220px\" alt=\"\" \t\tclass=\"so-widget-image\"\/>\n\t<\/div>\n\n<\/div><\/div><\/div><div id=\"pgc-500-2-5\"  class=\"panel-grid-cell\" ><div id=\"panel-500-2-5-0\" class=\"so-panel widget widget_sow-image panel-first-child panel-last-child\" data-index=\"8\" ><div\n\t\t\t\n\t\t\tclass=\"so-widget-sow-image so-widget-sow-image-default-8b5b6f678277-500\"\n\t\t\t\n\t\t>\n<div class=\"sow-image-container\">\n\t\t<img \n\tsrc=\"https:\/\/dive-bluedolphin.com\/wp-content\/uploads\/2021\/09\/kreta6.jpg\" width=\"220\" height=\"170\" sizes=\"(max-width: 220px) 100vw, 220px\" alt=\"\" \t\tclass=\"so-widget-image\"\/>\n\t<\/div>\n\n<\/div><\/div><\/div><\/div><div id=\"pg-500-3\"  class=\"panel-grid panel-no-style\" ><div id=\"pgc-500-3-0\"  class=\"panel-grid-cell\" ><div id=\"panel-500-3-0-0\" class=\"so-panel widget widget_sow-editor panel-first-child panel-last-child\" data-index=\"9\" ><div\n\t\t\t\n\t\t\tclass=\"so-widget-sow-editor so-widget-sow-editor-base\"\n\t\t\t\n\t\t>\n<div class=\"siteorigin-widget-tinymce textwidget\">\n\t<p>Le pittoresque village de p\u00eacheurs d'Elounda est situ\u00e9 dans la magnifique baie de Mirabello, \u00e0 l'est de l'\u00eele. Ici, m\u00eame les non plongeurs et les enfants trouveront tout ce dont ils peuvent r\u00eaver. Il y a beaucoup de tavernes, de caf\u00e9s et de bars pour se divertir. Elounda est une petite ville qui a beaucoup \u00e0 offrir, mais qui reste tr\u00e8s accueillante. Les amateurs de vie nocturne anim\u00e9e en auront toutefois pour leur argent dans la ville d'Agios Nikolaos, situ\u00e9e \u00e0 9 km.<\/p>\n<\/div>\n<\/div><\/div><\/div><\/div><\/div>","protected":false},"excerpt":{"rendered":"<p>La Cr\u00e8te n&rsquo;est pas seulement l&rsquo;\u00eele la plus grande et la plus m\u00e9ridionale de la Gr\u00e8ce, mais aussi le point le plus m\u00e9ridional de l&rsquo;Europe. C&rsquo;est en Cr\u00e8te que la premi\u00e8re civilisation avanc\u00e9e du monde occidental a connu son \u00e9panouissement, que les premi\u00e8res personnes se sont \u00e9lev\u00e9es dans les airs et que le premier labyrinthe [&hellip;]<\/p>\n","protected":false},"author":1,"featured_media":0,"parent":431,"menu_order":2,"comment_status":"closed","ping_status":"closed","template":"","meta":{"footnotes":""},"class_list":["post-500","page","type-page","status-publish","hentry","post"],"yoast_head":"<!-- This site is optimized with the Yoast SEO plugin v27.4 - https:\/\/yoast.com\/product\/yoast-seo-wordpress\/ -->\n<title>La Cr\u00e8te - le berceau de notre civilisation - Diving Center Blue Dolphin<\/title>\n<meta name=\"robots\" content=\"index, follow, max-snippet:-1, max-image-preview:large, max-video-preview:-1\" \/>\n<link rel=\"canonical\" href=\"https:\/\/dive-bluedolphin.com\/fr\/plongee-elounda\/la-crete-le-berceau-de-notre-civilisation\/\" \/>\n<meta property=\"og:locale\" content=\"fr_FR\" \/>\n<meta property=\"og:type\" content=\"article\" \/>\n<meta property=\"og:title\" content=\"La Cr\u00e8te - le berceau de notre civilisation - Diving Center Blue Dolphin\" \/>\n<meta property=\"og:description\" content=\"La Cr\u00e8te n&#039;est pas seulement l&#039;\u00eele la plus grande et la plus m\u00e9ridionale de la Gr\u00e8ce, mais aussi le point le plus m\u00e9ridional de l&#039;Europe. C&#039;est en Cr\u00e8te que la premi\u00e8re civilisation avanc\u00e9e du monde occidental a connu son \u00e9panouissement, que les premi\u00e8res personnes se sont \u00e9lev\u00e9es dans les airs et que le premier labyrinthe [&hellip;]\" \/>\n<meta property=\"og:url\" content=\"https:\/\/dive-bluedolphin.com\/fr\/plongee-elounda\/la-crete-le-berceau-de-notre-civilisation\/\" \/>\n<meta property=\"og:site_name\" content=\"Diving Center Blue Dolphin\" \/>\n<meta property=\"article:modified_time\" content=\"2021-10-30T12:09:30+00:00\" \/>\n<meta name=\"twitter:card\" content=\"summary_large_image\" \/>\n<meta name=\"twitter:label1\" content=\"Dur\u00e9e de lecture estim\u00e9e\" \/>\n\t<meta name=\"twitter:data1\" content=\"1 minute\" \/>\n<script type=\"application\/ld+json\" class=\"yoast-schema-graph\">{\"@context\":\"https:\\\/\\\/schema.org\",\"@graph\":[{\"@type\":\"WebPage\",\"@id\":\"https:\\\/\\\/dive-bluedolphin.com\\\/fr\\\/plongee-elounda\\\/la-crete-le-berceau-de-notre-civilisation\\\/\",\"url\":\"https:\\\/\\\/dive-bluedolphin.com\\\/fr\\\/plongee-elounda\\\/la-crete-le-berceau-de-notre-civilisation\\\/\",\"name\":\"La Cr\u00e8te - le berceau de notre civilisation - Diving Center Blue Dolphin\",\"isPartOf\":{\"@id\":\"https:\\\/\\\/dive-bluedolphin.com\\\/fr\\\/#website\"},\"datePublished\":\"2021-09-06T16:29:37+00:00\",\"dateModified\":\"2021-10-30T12:09:30+00:00\",\"breadcrumb\":{\"@id\":\"https:\\\/\\\/dive-bluedolphin.com\\\/fr\\\/plongee-elounda\\\/la-crete-le-berceau-de-notre-civilisation\\\/#breadcrumb\"},\"inLanguage\":\"fr-FR\",\"potentialAction\":[{\"@type\":\"ReadAction\",\"target\":[\"https:\\\/\\\/dive-bluedolphin.com\\\/fr\\\/plongee-elounda\\\/la-crete-le-berceau-de-notre-civilisation\\\/\"]}]},{\"@type\":\"BreadcrumbList\",\"@id\":\"https:\\\/\\\/dive-bluedolphin.com\\\/fr\\\/plongee-elounda\\\/la-crete-le-berceau-de-notre-civilisation\\\/#breadcrumb\",\"itemListElement\":[{\"@type\":\"ListItem\",\"position\":1,\"name\":\"Home\",\"item\":\"https:\\\/\\\/dive-bluedolphin.com\\\/fr\\\/\"},{\"@type\":\"ListItem\",\"position\":2,\"name\":\"Qui sommes nous\",\"item\":\"https:\\\/\\\/dive-bluedolphin.com\\\/fr\\\/\"},{\"@type\":\"ListItem\",\"position\":3,\"name\":\"La Cr\u00e8te &#8211; le berceau de notre civilisation\"}]},{\"@type\":\"WebSite\",\"@id\":\"https:\\\/\\\/dive-bluedolphin.com\\\/fr\\\/#website\",\"url\":\"https:\\\/\\\/dive-bluedolphin.com\\\/fr\\\/\",\"name\":\"Diving Center Blue Dolphin\",\"description\":\"Elounda - Crete\",\"potentialAction\":[{\"@type\":\"SearchAction\",\"target\":{\"@type\":\"EntryPoint\",\"urlTemplate\":\"https:\\\/\\\/dive-bluedolphin.com\\\/fr\\\/?s={search_term_string}\"},\"query-input\":{\"@type\":\"PropertyValueSpecification\",\"valueRequired\":true,\"valueName\":\"search_term_string\"}}],\"inLanguage\":\"fr-FR\"}]}<\/script>\n<!-- \/ Yoast SEO plugin. -->","yoast_head_json":{"title":"La Cr\u00e8te - le berceau de notre civilisation - Diving Center Blue Dolphin","robots":{"index":"index","follow":"follow","max-snippet":"max-snippet:-1","max-image-preview":"max-image-preview:large","max-video-preview":"max-video-preview:-1"},"canonical":"https:\/\/dive-bluedolphin.com\/fr\/plongee-elounda\/la-crete-le-berceau-de-notre-civilisation\/","og_locale":"fr_FR","og_type":"article","og_title":"La Cr\u00e8te - le berceau de notre civilisation - Diving Center Blue Dolphin","og_description":"La Cr\u00e8te n'est pas seulement l'\u00eele la plus grande et la plus m\u00e9ridionale de la Gr\u00e8ce, mais aussi le point le plus m\u00e9ridional de l'Europe. C'est en Cr\u00e8te que la premi\u00e8re civilisation avanc\u00e9e du monde occidental a connu son \u00e9panouissement, que les premi\u00e8res personnes se sont \u00e9lev\u00e9es dans les airs et que le premier labyrinthe [&hellip;]","og_url":"https:\/\/dive-bluedolphin.com\/fr\/plongee-elounda\/la-crete-le-berceau-de-notre-civilisation\/","og_site_name":"Diving Center Blue Dolphin","article_modified_time":"2021-10-30T12:09:30+00:00","twitter_card":"summary_large_image","twitter_misc":{"Dur\u00e9e de lecture estim\u00e9e":"1 minute"},"schema":{"@context":"https:\/\/schema.org","@graph":[{"@type":"WebPage","@id":"https:\/\/dive-bluedolphin.com\/fr\/plongee-elounda\/la-crete-le-berceau-de-notre-civilisation\/","url":"https:\/\/dive-bluedolphin.com\/fr\/plongee-elounda\/la-crete-le-berceau-de-notre-civilisation\/","name":"La Cr\u00e8te - le berceau de notre civilisation - Diving Center Blue Dolphin","isPartOf":{"@id":"https:\/\/dive-bluedolphin.com\/fr\/#website"},"datePublished":"2021-09-06T16:29:37+00:00","dateModified":"2021-10-30T12:09:30+00:00","breadcrumb":{"@id":"https:\/\/dive-bluedolphin.com\/fr\/plongee-elounda\/la-crete-le-berceau-de-notre-civilisation\/#breadcrumb"},"inLanguage":"fr-FR","potentialAction":[{"@type":"ReadAction","target":["https:\/\/dive-bluedolphin.com\/fr\/plongee-elounda\/la-crete-le-berceau-de-notre-civilisation\/"]}]},{"@type":"BreadcrumbList","@id":"https:\/\/dive-bluedolphin.com\/fr\/plongee-elounda\/la-crete-le-berceau-de-notre-civilisation\/#breadcrumb","itemListElement":[{"@type":"ListItem","position":1,"name":"Home","item":"https:\/\/dive-bluedolphin.com\/fr\/"},{"@type":"ListItem","position":2,"name":"Qui sommes nous","item":"https:\/\/dive-bluedolphin.com\/fr\/"},{"@type":"ListItem","position":3,"name":"La Cr\u00e8te &#8211; le berceau de notre civilisation"}]},{"@type":"WebSite","@id":"https:\/\/dive-bluedolphin.com\/fr\/#website","url":"https:\/\/dive-bluedolphin.com\/fr\/","name":"Diving Center Blue Dolphin","description":"Elounda - Crete","potentialAction":[{"@type":"SearchAction","target":{"@type":"EntryPoint","urlTemplate":"https:\/\/dive-bluedolphin.com\/fr\/?s={search_term_string}"},"query-input":{"@type":"PropertyValueSpecification","valueRequired":true,"valueName":"search_term_string"}}],"inLanguage":"fr-FR"}]}},"_links":{"self":[{"href":"https:\/\/dive-bluedolphin.com\/fr\/wp-json\/wp\/v2\/pages\/500","targetHints":{"allow":["GET"]}}],"collection":[{"href":"https:\/\/dive-bluedolphin.com\/fr\/wp-json\/wp\/v2\/pages"}],"about":[{"href":"https:\/\/dive-bluedolphin.com\/fr\/wp-json\/wp\/v2\/types\/page"}],"author":[{"embeddable":true,"href":"https:\/\/dive-bluedolphin.com\/fr\/wp-json\/wp\/v2\/users\/1"}],"replies":[{"embeddable":true,"href":"https:\/\/dive-bluedolphin.com\/fr\/wp-json\/wp\/v2\/comments?post=500"}],"version-history":[{"count":7,"href":"https:\/\/dive-bluedolphin.com\/fr\/wp-json\/wp\/v2\/pages\/500\/revisions"}],"predecessor-version":[{"id":1270,"href":"https:\/\/dive-bluedolphin.com\/fr\/wp-json\/wp\/v2\/pages\/500\/revisions\/1270"}],"up":[{"embeddable":true,"href":"https:\/\/dive-bluedolphin.com\/fr\/wp-json\/wp\/v2\/pages\/431"}],"wp:attachment":[{"href":"https:\/\/dive-bluedolphin.com\/fr\/wp-json\/wp\/v2\/media?parent=500"}],"curies":[{"name":"wp","href":"https:\/\/api.w.org\/{rel}","templated":true}]}}