{"id":532,"date":"2021-09-06T18:29:57","date_gmt":"2021-09-06T16:29:57","guid":{"rendered":"https:\/\/dive-bluedolphin.com\/tauchbasis\/"},"modified":"2021-10-30T14:50:57","modified_gmt":"2021-10-30T12:50:57","slug":"centre-de-plongee","status":"publish","type":"page","link":"https:\/\/dive-bluedolphin.com\/fr\/centre-de-plongee\/","title":{"rendered":"Centre de plong\u00e9e"},"content":{"rendered":"<div id=\"pl-532\"  class=\"panel-layout\" ><div id=\"pg-532-0\"  class=\"panel-grid panel-no-style\" ><div id=\"pgc-532-0-0\"  class=\"panel-grid-cell\" ><div id=\"panel-532-0-0-0\" class=\"so-panel widget widget_sow-image panel-first-child panel-last-child\" data-index=\"0\" ><div\n\t\t\t\n\t\t\tclass=\"so-widget-sow-image so-widget-sow-image-default-8b5b6f678277-532\"\n\t\t\t\n\t\t>\n<div class=\"sow-image-container\">\n\t\t<img \n\tsrc=\"https:\/\/dive-bluedolphin.com\/wp-content\/uploads\/2021\/09\/Blue-Dolphin-Divecenter-Elounda-Crete-Greece-3-1.jpg\" width=\"448\" height=\"336\" srcset=\"https:\/\/dive-bluedolphin.com\/wp-content\/uploads\/2021\/09\/Blue-Dolphin-Divecenter-Elounda-Crete-Greece-3-1.jpg 448w, https:\/\/dive-bluedolphin.com\/wp-content\/uploads\/2021\/09\/Blue-Dolphin-Divecenter-Elounda-Crete-Greece-3-1-300x225.jpg 300w\" sizes=\"(max-width: 448px) 100vw, 448px\" title=\"Blue-Dolphin-Divecenter-Elounda-Crete-Greece-3\" alt=\"\" \t\tclass=\"so-widget-image\"\/>\n\t<\/div>\n\n<\/div><\/div><\/div><div id=\"pgc-532-0-1\"  class=\"panel-grid-cell\" ><div id=\"panel-532-0-1-0\" class=\"so-panel widget widget_sow-editor panel-first-child panel-last-child\" data-index=\"1\" ><div\n\t\t\t\n\t\t\tclass=\"so-widget-sow-editor so-widget-sow-editor-base\"\n\t\t\t\n\t\t>\n<div class=\"siteorigin-widget-tinymce textwidget\">\n\t<p>Le centre de plong\u00e9e Blue Dolphin est situ\u00e9 dans le complexe h\u00f4telier Sensimar Aquila Elounda Village*****, r\u00e9serv\u00e9 aux adultes (\u00e0 partir de 16 ans), qui est situ\u00e9 directement sur la mer et \u00e0 environ 3 kilom\u00e8tres de la ville d'Elounda. Nos petits amis plongeurs (moins de 16 ans) seront accueillis par nous sur la plage de notre base secondaire \u00e0 l'h\u00f4tel Elounda Breeze**** - celle-ci est situ\u00e9e \u00e0 moins d'un kilom\u00e8tre de notre base principale.<\/p>\n<p>Que ce soit \u00e0 la base ou sur le bateau, l'oxyg\u00e8ne et les kits d'urgence font partie de notre norme de s\u00e9curit\u00e9, tout comme la formation aux premiers secours de nos instructeurs et assistants.<\/p>\n<\/div>\n<\/div><\/div><\/div><\/div><div id=\"pg-532-1\"  class=\"panel-grid panel-no-style\" ><div id=\"pgc-532-1-0\"  class=\"panel-grid-cell\" ><div id=\"panel-532-1-0-0\" class=\"so-panel widget widget_sow-editor panel-first-child panel-last-child\" data-index=\"2\" ><div\n\t\t\t\n\t\t\tclass=\"so-widget-sow-editor so-widget-sow-editor-base\"\n\t\t\t\n\t\t>\n<div class=\"siteorigin-widget-tinymce textwidget\">\n\t<p>Avec la formation professionnelle de nos instructeurs de plong\u00e9e, un \u00e9quipement de location de premi\u00e8re classe provenant de fournisseurs renomm\u00e9s tels que ScubaPro, Cressi et AquaLung, ainsi que deux puissants compresseurs BAUER, nous r\u00e9pondons \u00e0 toutes les exigences d'un centre de plong\u00e9e moderne.<\/p>\n<p>L'\u00e9quipement de location pour nos clients (enti\u00e8rement \u00e9quip\u00e9 de r\u00e9servoirs de 10 l et 12 l, valves DIN) est r\u00e9guli\u00e8rement entretenu et renouvel\u00e9. Les r\u00e9gulateurs sont entretenus par nos propres techniciens et nous pouvons donc garantir un \u00e9tat parfait.<\/p>\n<\/div>\n<\/div><\/div><\/div><div id=\"pgc-532-1-1\"  class=\"panel-grid-cell\" ><div id=\"panel-532-1-1-0\" class=\"so-panel widget widget_sow-image panel-first-child panel-last-child\" data-index=\"3\" ><div\n\t\t\t\n\t\t\tclass=\"so-widget-sow-image so-widget-sow-image-default-8b5b6f678277-532\"\n\t\t\t\n\t\t>\n<div class=\"sow-image-container\">\n\t\t<img \n\tsrc=\"https:\/\/dive-bluedolphin.com\/wp-content\/uploads\/2021\/09\/Blue-Dolphin-Divecenter-Elounda-Crete-Greece-5.jpg\" width=\"448\" height=\"336\" srcset=\"https:\/\/dive-bluedolphin.com\/wp-content\/uploads\/2021\/09\/Blue-Dolphin-Divecenter-Elounda-Crete-Greece-5.jpg 448w, https:\/\/dive-bluedolphin.com\/wp-content\/uploads\/2021\/09\/Blue-Dolphin-Divecenter-Elounda-Crete-Greece-5-300x225.jpg 300w\" sizes=\"(max-width: 448px) 100vw, 448px\" alt=\"\" \t\tclass=\"so-widget-image\"\/>\n\t<\/div>\n\n<\/div><\/div><\/div><\/div><div id=\"pg-532-2\"  class=\"panel-grid panel-no-style\" ><div id=\"pgc-532-2-0\"  class=\"panel-grid-cell\" ><div id=\"panel-532-2-0-0\" class=\"so-panel widget widget_sow-editor panel-first-child panel-last-child\" data-index=\"4\" ><div\n\t\t\t\n\t\t\tclass=\"so-widget-sow-editor so-widget-sow-editor-base\"\n\t\t\t\n\t\t>\n<div class=\"siteorigin-widget-tinymce textwidget\">\n\t<p>Pour le compagnon non plongeur, tout ce que vous pouvez souhaiter est offert ici. Prenez soin de vous dans le SPA de l'h\u00f4tel, prenez une boisson rafra\u00eechissante au bar de la plage de l'h\u00f4tel ou d\u00e9tendez-vous simplement sur la plage pendant que les autres plongent.<\/p>\n<\/div>\n<\/div><\/div><\/div><\/div><\/div>","protected":false},"excerpt":{"rendered":"<p>Le centre de plong\u00e9e Blue Dolphin est situ\u00e9 dans le complexe h\u00f4telier Sensimar Aquila Elounda Village*****, r\u00e9serv\u00e9 aux adultes (\u00e0 partir de 16 ans), qui est situ\u00e9 directement sur la mer et \u00e0 environ 3 kilom\u00e8tres de la ville d&rsquo;Elounda. Nos petits amis plongeurs (moins de 16 ans) seront accueillis par nous sur la plage [&hellip;]<\/p>\n","protected":false},"author":1,"featured_media":0,"parent":0,"menu_order":2,"comment_status":"closed","ping_status":"closed","template":"","meta":{"footnotes":""},"class_list":["post-532","page","type-page","status-publish","hentry","post"],"yoast_head":"<!-- This site is optimized with the Yoast SEO plugin v27.4 - https:\/\/yoast.com\/product\/yoast-seo-wordpress\/ -->\n<title>Centre de plong\u00e9e - Diving Center Blue Dolphin<\/title>\n<meta name=\"robots\" content=\"index, follow, max-snippet:-1, max-image-preview:large, max-video-preview:-1\" \/>\n<link rel=\"canonical\" href=\"https:\/\/dive-bluedolphin.com\/fr\/centre-de-plongee\/\" \/>\n<meta property=\"og:locale\" content=\"fr_FR\" \/>\n<meta property=\"og:type\" content=\"article\" \/>\n<meta property=\"og:title\" content=\"Centre de plong\u00e9e - Diving Center Blue Dolphin\" \/>\n<meta property=\"og:description\" content=\"Le centre de plong\u00e9e Blue Dolphin est situ\u00e9 dans le complexe h\u00f4telier Sensimar Aquila Elounda Village*****, r\u00e9serv\u00e9 aux adultes (\u00e0 partir de 16 ans), qui est situ\u00e9 directement sur la mer et \u00e0 environ 3 kilom\u00e8tres de la ville d&#039;Elounda. Nos petits amis plongeurs (moins de 16 ans) seront accueillis par nous sur la plage [&hellip;]\" \/>\n<meta property=\"og:url\" content=\"https:\/\/dive-bluedolphin.com\/fr\/centre-de-plongee\/\" \/>\n<meta property=\"og:site_name\" content=\"Diving Center Blue Dolphin\" \/>\n<meta property=\"article:modified_time\" content=\"2021-10-30T12:50:57+00:00\" \/>\n<meta name=\"twitter:card\" content=\"summary_large_image\" \/>\n<meta name=\"twitter:label1\" content=\"Dur\u00e9e de lecture estim\u00e9e\" \/>\n\t<meta name=\"twitter:data1\" content=\"2 minutes\" \/>\n<script type=\"application\/ld+json\" class=\"yoast-schema-graph\">{\"@context\":\"https:\\\/\\\/schema.org\",\"@graph\":[{\"@type\":\"WebPage\",\"@id\":\"https:\\\/\\\/dive-bluedolphin.com\\\/fr\\\/centre-de-plongee\\\/\",\"url\":\"https:\\\/\\\/dive-bluedolphin.com\\\/fr\\\/centre-de-plongee\\\/\",\"name\":\"Centre de plong\u00e9e - Diving Center Blue Dolphin\",\"isPartOf\":{\"@id\":\"https:\\\/\\\/dive-bluedolphin.com\\\/fr\\\/#website\"},\"datePublished\":\"2021-09-06T16:29:57+00:00\",\"dateModified\":\"2021-10-30T12:50:57+00:00\",\"breadcrumb\":{\"@id\":\"https:\\\/\\\/dive-bluedolphin.com\\\/fr\\\/centre-de-plongee\\\/#breadcrumb\"},\"inLanguage\":\"fr-FR\",\"potentialAction\":[{\"@type\":\"ReadAction\",\"target\":[\"https:\\\/\\\/dive-bluedolphin.com\\\/fr\\\/centre-de-plongee\\\/\"]}]},{\"@type\":\"BreadcrumbList\",\"@id\":\"https:\\\/\\\/dive-bluedolphin.com\\\/fr\\\/centre-de-plongee\\\/#breadcrumb\",\"itemListElement\":[{\"@type\":\"ListItem\",\"position\":1,\"name\":\"Home\",\"item\":\"https:\\\/\\\/dive-bluedolphin.com\\\/fr\\\/\"},{\"@type\":\"ListItem\",\"position\":2,\"name\":\"Centre de plong\u00e9e\"}]},{\"@type\":\"WebSite\",\"@id\":\"https:\\\/\\\/dive-bluedolphin.com\\\/fr\\\/#website\",\"url\":\"https:\\\/\\\/dive-bluedolphin.com\\\/fr\\\/\",\"name\":\"Diving Center Blue Dolphin\",\"description\":\"Elounda - Crete\",\"potentialAction\":[{\"@type\":\"SearchAction\",\"target\":{\"@type\":\"EntryPoint\",\"urlTemplate\":\"https:\\\/\\\/dive-bluedolphin.com\\\/fr\\\/?s={search_term_string}\"},\"query-input\":{\"@type\":\"PropertyValueSpecification\",\"valueRequired\":true,\"valueName\":\"search_term_string\"}}],\"inLanguage\":\"fr-FR\"}]}<\/script>\n<!-- \/ Yoast SEO plugin. -->","yoast_head_json":{"title":"Centre de plong\u00e9e - Diving Center Blue Dolphin","robots":{"index":"index","follow":"follow","max-snippet":"max-snippet:-1","max-image-preview":"max-image-preview:large","max-video-preview":"max-video-preview:-1"},"canonical":"https:\/\/dive-bluedolphin.com\/fr\/centre-de-plongee\/","og_locale":"fr_FR","og_type":"article","og_title":"Centre de plong\u00e9e - Diving Center Blue Dolphin","og_description":"Le centre de plong\u00e9e Blue Dolphin est situ\u00e9 dans le complexe h\u00f4telier Sensimar Aquila Elounda Village*****, r\u00e9serv\u00e9 aux adultes (\u00e0 partir de 16 ans), qui est situ\u00e9 directement sur la mer et \u00e0 environ 3 kilom\u00e8tres de la ville d'Elounda. Nos petits amis plongeurs (moins de 16 ans) seront accueillis par nous sur la plage [&hellip;]","og_url":"https:\/\/dive-bluedolphin.com\/fr\/centre-de-plongee\/","og_site_name":"Diving Center Blue Dolphin","article_modified_time":"2021-10-30T12:50:57+00:00","twitter_card":"summary_large_image","twitter_misc":{"Dur\u00e9e de lecture estim\u00e9e":"2 minutes"},"schema":{"@context":"https:\/\/schema.org","@graph":[{"@type":"WebPage","@id":"https:\/\/dive-bluedolphin.com\/fr\/centre-de-plongee\/","url":"https:\/\/dive-bluedolphin.com\/fr\/centre-de-plongee\/","name":"Centre de plong\u00e9e - Diving Center Blue Dolphin","isPartOf":{"@id":"https:\/\/dive-bluedolphin.com\/fr\/#website"},"datePublished":"2021-09-06T16:29:57+00:00","dateModified":"2021-10-30T12:50:57+00:00","breadcrumb":{"@id":"https:\/\/dive-bluedolphin.com\/fr\/centre-de-plongee\/#breadcrumb"},"inLanguage":"fr-FR","potentialAction":[{"@type":"ReadAction","target":["https:\/\/dive-bluedolphin.com\/fr\/centre-de-plongee\/"]}]},{"@type":"BreadcrumbList","@id":"https:\/\/dive-bluedolphin.com\/fr\/centre-de-plongee\/#breadcrumb","itemListElement":[{"@type":"ListItem","position":1,"name":"Home","item":"https:\/\/dive-bluedolphin.com\/fr\/"},{"@type":"ListItem","position":2,"name":"Centre de plong\u00e9e"}]},{"@type":"WebSite","@id":"https:\/\/dive-bluedolphin.com\/fr\/#website","url":"https:\/\/dive-bluedolphin.com\/fr\/","name":"Diving Center Blue Dolphin","description":"Elounda - Crete","potentialAction":[{"@type":"SearchAction","target":{"@type":"EntryPoint","urlTemplate":"https:\/\/dive-bluedolphin.com\/fr\/?s={search_term_string}"},"query-input":{"@type":"PropertyValueSpecification","valueRequired":true,"valueName":"search_term_string"}}],"inLanguage":"fr-FR"}]}},"_links":{"self":[{"href":"https:\/\/dive-bluedolphin.com\/fr\/wp-json\/wp\/v2\/pages\/532","targetHints":{"allow":["GET"]}}],"collection":[{"href":"https:\/\/dive-bluedolphin.com\/fr\/wp-json\/wp\/v2\/pages"}],"about":[{"href":"https:\/\/dive-bluedolphin.com\/fr\/wp-json\/wp\/v2\/types\/page"}],"author":[{"embeddable":true,"href":"https:\/\/dive-bluedolphin.com\/fr\/wp-json\/wp\/v2\/users\/1"}],"replies":[{"embeddable":true,"href":"https:\/\/dive-bluedolphin.com\/fr\/wp-json\/wp\/v2\/comments?post=532"}],"version-history":[{"count":7,"href":"https:\/\/dive-bluedolphin.com\/fr\/wp-json\/wp\/v2\/pages\/532\/revisions"}],"predecessor-version":[{"id":1305,"href":"https:\/\/dive-bluedolphin.com\/fr\/wp-json\/wp\/v2\/pages\/532\/revisions\/1305"}],"wp:attachment":[{"href":"https:\/\/dive-bluedolphin.com\/fr\/wp-json\/wp\/v2\/media?parent=532"}],"curies":[{"name":"wp","href":"https:\/\/api.w.org\/{rel}","templated":true}]}}