{"id":548,"date":"2021-09-06T18:30:17","date_gmt":"2021-09-06T16:30:17","guid":{"rendered":"https:\/\/dive-bluedolphin.com\/tauchbasis\/tauchgebiete\/"},"modified":"2021-10-30T15:16:32","modified_gmt":"2021-10-30T13:16:32","slug":"zones-de-plongee","status":"publish","type":"page","link":"https:\/\/dive-bluedolphin.com\/fr\/centre-de-plongee\/zones-de-plongee\/","title":{"rendered":"Zones de plong\u00e9e"},"content":{"rendered":"<div id=\"pl-548\"  class=\"panel-layout\" ><div id=\"pg-548-0\"  class=\"panel-grid panel-no-style\" ><div id=\"pgc-548-0-0\"  class=\"panel-grid-cell\" ><div id=\"panel-548-0-0-0\" class=\"so-panel widget widget_sow-image panel-first-child panel-last-child\" data-index=\"0\" ><div\n\t\t\t\n\t\t\tclass=\"so-widget-sow-image so-widget-sow-image-default-8b5b6f678277-548\"\n\t\t\t\n\t\t>\n<div class=\"sow-image-container\">\n\t\t<img \n\tsrc=\"https:\/\/dive-bluedolphin.com\/wp-content\/uploads\/2021\/09\/Divecenter-Blue-Dolphin-Elounda-Crete-best-view-best-dives-7.jpg\" width=\"768\" height=\"432\" srcset=\"https:\/\/dive-bluedolphin.com\/wp-content\/uploads\/2021\/09\/Divecenter-Blue-Dolphin-Elounda-Crete-best-view-best-dives-7.jpg 768w, https:\/\/dive-bluedolphin.com\/wp-content\/uploads\/2021\/09\/Divecenter-Blue-Dolphin-Elounda-Crete-best-view-best-dives-7-300x169.jpg 300w\" sizes=\"(max-width: 768px) 100vw, 768px\" alt=\"\" \t\tclass=\"so-widget-image\"\/>\n\t<\/div>\n\n<\/div><\/div><\/div><div id=\"pgc-548-0-1\"  class=\"panel-grid-cell\" ><div id=\"panel-548-0-1-0\" class=\"so-panel widget widget_sow-editor panel-first-child panel-last-child\" data-index=\"1\" ><div\n\t\t\t\n\t\t\tclass=\"so-widget-sow-editor so-widget-sow-editor-base\"\n\t\t\t\n\t\t>\n<div class=\"siteorigin-widget-tinymce textwidget\">\n\t<p>Elounda poss\u00e8de l'une des plus grandes zones de plong\u00e9e de Gr\u00e8ce, qui a \u00e9t\u00e9 rendue accessible au tourisme de la plong\u00e9e en 1994 gr\u00e2ce \u00e0 l'initiative du centre de plong\u00e9e Blue Dolphin. \u00c0 pr\u00e9sent on a plus de 25 sites de plong\u00e9e \u00e0 vous offrir.<\/p>\n<p>On y trouve un monde sous-marin vari\u00e9 et une grande diversit\u00e9 d'esp\u00e8ces. Les sites de plong\u00e9e, o\u00f9 la visibilit\u00e9 est de 25 m en moyenne (mais il n'est pas rare qu'elle soit de 30 \u00e0 40 m), offrent tout - des pentes tombantes, des larges terrasses et des canyons sur les sites de plong\u00e9e peu profonds (mais non moins int\u00e9ressants). Vous pouvez \u00e9galement trouver des objets historiques r\u00e9cents (par exemple de la 2. Guerre Mondiale) et anciens.<\/p>\n<\/div>\n<\/div><\/div><\/div><\/div><div id=\"pg-548-1\"  class=\"panel-grid panel-no-style\" ><div id=\"pgc-548-1-0\"  class=\"panel-grid-cell\" ><div id=\"panel-548-1-0-0\" class=\"so-panel widget widget_sow-editor panel-first-child panel-last-child\" data-index=\"2\" ><div\n\t\t\t\n\t\t\tclass=\"so-widget-sow-editor so-widget-sow-editor-base\"\n\t\t\t\n\t\t>\n<div class=\"siteorigin-widget-tinymce textwidget\">\n\t<p>Pour les excursions, nous disposons de deux bateaux puissants, avec lesquels nous pouvons atteindre les sites de plong\u00e9e les plus \u00e9loign\u00e9s en 15 minutes maximum.<\/p>\n<p>En outre, vous avez la possibilit\u00e9 de plonger depuis le rivage vers notre r\u00e9cif maison riche en poissons avec des profondeurs de 10 m \u00e0 23 m sur trois sites diff\u00e9rents.<\/p>\n<p>&nbsp;<\/p>\n<p>Toutes les plong\u00e9es sont guid\u00e9es et organis\u00e9es en petits groupes de max. 6 personnes.<\/p>\n<p>Cela permet un encadrement optimal m\u00eame pour les plongeurs moins exp\u00e9riment\u00e9s.<\/p>\n<p>Nos plong\u00e9es de nuit sur notre r\u00e9cif maison ont \u00e9t\u00e9 pour beaucoup de plongeurs le point culminant de leurs vacances. L'acc\u00e8s facile et la s\u00e9curit\u00e9 qui y r\u00e8gne sont un grand atout.<\/p>\n<p>&nbsp;<\/p>\n<p>*** Nos sites de plong\u00e9e conviennent \u00e0 tous les plongeurs, quelle que soit leur exp\u00e9rience.<\/p>\n<p>*** L'endroit o\u00f9 nous plongeons d\u00e9pend des conditions m\u00e9t\u00e9orologiques, de l'exp\u00e9rience des plongeurs et des pr\u00e9f\u00e9rences personnelles ***<\/p>\n<p>*** La dur\u00e9e maximale de chaque plong\u00e9e est d'une heure, en fonction de la consommation d'air de tous les plongeurs concern\u00e9s ***<\/p>\n<\/div>\n<\/div><\/div><\/div><\/div><\/div>","protected":false},"excerpt":{"rendered":"<p>Elounda poss\u00e8de l&rsquo;une des plus grandes zones de plong\u00e9e de Gr\u00e8ce, qui a \u00e9t\u00e9 rendue accessible au tourisme de la plong\u00e9e en 1994 gr\u00e2ce \u00e0 l&rsquo;initiative du centre de plong\u00e9e Blue Dolphin. \u00c0 pr\u00e9sent on a plus de 25 sites de plong\u00e9e \u00e0 vous offrir. On y trouve un monde sous-marin vari\u00e9 et une grande [&hellip;]<\/p>\n","protected":false},"author":1,"featured_media":0,"parent":532,"menu_order":1,"comment_status":"closed","ping_status":"closed","template":"","meta":{"footnotes":""},"class_list":["post-548","page","type-page","status-publish","hentry","post"],"yoast_head":"<!-- This site is optimized with the Yoast SEO plugin v27.3 - https:\/\/yoast.com\/product\/yoast-seo-wordpress\/ -->\n<title>Zones de plong\u00e9e - Diving Center Blue Dolphin<\/title>\n<meta name=\"robots\" content=\"index, follow, max-snippet:-1, max-image-preview:large, max-video-preview:-1\" \/>\n<link rel=\"canonical\" href=\"https:\/\/dive-bluedolphin.com\/fr\/centre-de-plongee\/zones-de-plongee\/\" \/>\n<meta property=\"og:locale\" content=\"fr_FR\" \/>\n<meta property=\"og:type\" content=\"article\" \/>\n<meta property=\"og:title\" content=\"Zones de plong\u00e9e - Diving Center Blue Dolphin\" \/>\n<meta property=\"og:description\" content=\"Elounda poss\u00e8de l&#039;une des plus grandes zones de plong\u00e9e de Gr\u00e8ce, qui a \u00e9t\u00e9 rendue accessible au tourisme de la plong\u00e9e en 1994 gr\u00e2ce \u00e0 l&#039;initiative du centre de plong\u00e9e Blue Dolphin. \u00c0 pr\u00e9sent on a plus de 25 sites de plong\u00e9e \u00e0 vous offrir. On y trouve un monde sous-marin vari\u00e9 et une grande [&hellip;]\" \/>\n<meta property=\"og:url\" content=\"https:\/\/dive-bluedolphin.com\/fr\/centre-de-plongee\/zones-de-plongee\/\" \/>\n<meta property=\"og:site_name\" content=\"Diving Center Blue Dolphin\" \/>\n<meta property=\"article:modified_time\" content=\"2021-10-30T13:16:32+00:00\" \/>\n<meta name=\"twitter:card\" content=\"summary_large_image\" \/>\n<meta name=\"twitter:label1\" content=\"Dur\u00e9e de lecture estim\u00e9e\" \/>\n\t<meta name=\"twitter:data1\" content=\"2 minutes\" \/>\n<script type=\"application\/ld+json\" class=\"yoast-schema-graph\">{\"@context\":\"https:\\\/\\\/schema.org\",\"@graph\":[{\"@type\":\"WebPage\",\"@id\":\"https:\\\/\\\/dive-bluedolphin.com\\\/fr\\\/centre-de-plongee\\\/zones-de-plongee\\\/\",\"url\":\"https:\\\/\\\/dive-bluedolphin.com\\\/fr\\\/centre-de-plongee\\\/zones-de-plongee\\\/\",\"name\":\"Zones de plong\u00e9e - Diving Center Blue Dolphin\",\"isPartOf\":{\"@id\":\"https:\\\/\\\/dive-bluedolphin.com\\\/fr\\\/#website\"},\"datePublished\":\"2021-09-06T16:30:17+00:00\",\"dateModified\":\"2021-10-30T13:16:32+00:00\",\"breadcrumb\":{\"@id\":\"https:\\\/\\\/dive-bluedolphin.com\\\/fr\\\/centre-de-plongee\\\/zones-de-plongee\\\/#breadcrumb\"},\"inLanguage\":\"fr-FR\",\"potentialAction\":[{\"@type\":\"ReadAction\",\"target\":[\"https:\\\/\\\/dive-bluedolphin.com\\\/fr\\\/centre-de-plongee\\\/zones-de-plongee\\\/\"]}]},{\"@type\":\"BreadcrumbList\",\"@id\":\"https:\\\/\\\/dive-bluedolphin.com\\\/fr\\\/centre-de-plongee\\\/zones-de-plongee\\\/#breadcrumb\",\"itemListElement\":[{\"@type\":\"ListItem\",\"position\":1,\"name\":\"Home\",\"item\":\"https:\\\/\\\/dive-bluedolphin.com\\\/fr\\\/\"},{\"@type\":\"ListItem\",\"position\":2,\"name\":\"Centre de plong\u00e9e\",\"item\":\"https:\\\/\\\/dive-bluedolphin.com\\\/fr\\\/centre-de-plongee\\\/\"},{\"@type\":\"ListItem\",\"position\":3,\"name\":\"Zones de plong\u00e9e\"}]},{\"@type\":\"WebSite\",\"@id\":\"https:\\\/\\\/dive-bluedolphin.com\\\/fr\\\/#website\",\"url\":\"https:\\\/\\\/dive-bluedolphin.com\\\/fr\\\/\",\"name\":\"Diving Center Blue Dolphin\",\"description\":\"Elounda - Crete\",\"potentialAction\":[{\"@type\":\"SearchAction\",\"target\":{\"@type\":\"EntryPoint\",\"urlTemplate\":\"https:\\\/\\\/dive-bluedolphin.com\\\/fr\\\/?s={search_term_string}\"},\"query-input\":{\"@type\":\"PropertyValueSpecification\",\"valueRequired\":true,\"valueName\":\"search_term_string\"}}],\"inLanguage\":\"fr-FR\"}]}<\/script>\n<!-- \/ Yoast SEO plugin. -->","yoast_head_json":{"title":"Zones de plong\u00e9e - Diving Center Blue Dolphin","robots":{"index":"index","follow":"follow","max-snippet":"max-snippet:-1","max-image-preview":"max-image-preview:large","max-video-preview":"max-video-preview:-1"},"canonical":"https:\/\/dive-bluedolphin.com\/fr\/centre-de-plongee\/zones-de-plongee\/","og_locale":"fr_FR","og_type":"article","og_title":"Zones de plong\u00e9e - Diving Center Blue Dolphin","og_description":"Elounda poss\u00e8de l'une des plus grandes zones de plong\u00e9e de Gr\u00e8ce, qui a \u00e9t\u00e9 rendue accessible au tourisme de la plong\u00e9e en 1994 gr\u00e2ce \u00e0 l'initiative du centre de plong\u00e9e Blue Dolphin. \u00c0 pr\u00e9sent on a plus de 25 sites de plong\u00e9e \u00e0 vous offrir. On y trouve un monde sous-marin vari\u00e9 et une grande [&hellip;]","og_url":"https:\/\/dive-bluedolphin.com\/fr\/centre-de-plongee\/zones-de-plongee\/","og_site_name":"Diving Center Blue Dolphin","article_modified_time":"2021-10-30T13:16:32+00:00","twitter_card":"summary_large_image","twitter_misc":{"Dur\u00e9e de lecture estim\u00e9e":"2 minutes"},"schema":{"@context":"https:\/\/schema.org","@graph":[{"@type":"WebPage","@id":"https:\/\/dive-bluedolphin.com\/fr\/centre-de-plongee\/zones-de-plongee\/","url":"https:\/\/dive-bluedolphin.com\/fr\/centre-de-plongee\/zones-de-plongee\/","name":"Zones de plong\u00e9e - Diving Center Blue Dolphin","isPartOf":{"@id":"https:\/\/dive-bluedolphin.com\/fr\/#website"},"datePublished":"2021-09-06T16:30:17+00:00","dateModified":"2021-10-30T13:16:32+00:00","breadcrumb":{"@id":"https:\/\/dive-bluedolphin.com\/fr\/centre-de-plongee\/zones-de-plongee\/#breadcrumb"},"inLanguage":"fr-FR","potentialAction":[{"@type":"ReadAction","target":["https:\/\/dive-bluedolphin.com\/fr\/centre-de-plongee\/zones-de-plongee\/"]}]},{"@type":"BreadcrumbList","@id":"https:\/\/dive-bluedolphin.com\/fr\/centre-de-plongee\/zones-de-plongee\/#breadcrumb","itemListElement":[{"@type":"ListItem","position":1,"name":"Home","item":"https:\/\/dive-bluedolphin.com\/fr\/"},{"@type":"ListItem","position":2,"name":"Centre de plong\u00e9e","item":"https:\/\/dive-bluedolphin.com\/fr\/centre-de-plongee\/"},{"@type":"ListItem","position":3,"name":"Zones de plong\u00e9e"}]},{"@type":"WebSite","@id":"https:\/\/dive-bluedolphin.com\/fr\/#website","url":"https:\/\/dive-bluedolphin.com\/fr\/","name":"Diving Center Blue Dolphin","description":"Elounda - Crete","potentialAction":[{"@type":"SearchAction","target":{"@type":"EntryPoint","urlTemplate":"https:\/\/dive-bluedolphin.com\/fr\/?s={search_term_string}"},"query-input":{"@type":"PropertyValueSpecification","valueRequired":true,"valueName":"search_term_string"}}],"inLanguage":"fr-FR"}]}},"_links":{"self":[{"href":"https:\/\/dive-bluedolphin.com\/fr\/wp-json\/wp\/v2\/pages\/548","targetHints":{"allow":["GET"]}}],"collection":[{"href":"https:\/\/dive-bluedolphin.com\/fr\/wp-json\/wp\/v2\/pages"}],"about":[{"href":"https:\/\/dive-bluedolphin.com\/fr\/wp-json\/wp\/v2\/types\/page"}],"author":[{"embeddable":true,"href":"https:\/\/dive-bluedolphin.com\/fr\/wp-json\/wp\/v2\/users\/1"}],"replies":[{"embeddable":true,"href":"https:\/\/dive-bluedolphin.com\/fr\/wp-json\/wp\/v2\/comments?post=548"}],"version-history":[{"count":6,"href":"https:\/\/dive-bluedolphin.com\/fr\/wp-json\/wp\/v2\/pages\/548\/revisions"}],"predecessor-version":[{"id":563,"href":"https:\/\/dive-bluedolphin.com\/fr\/wp-json\/wp\/v2\/pages\/548\/revisions\/563"}],"up":[{"embeddable":true,"href":"https:\/\/dive-bluedolphin.com\/fr\/wp-json\/wp\/v2\/pages\/532"}],"wp:attachment":[{"href":"https:\/\/dive-bluedolphin.com\/fr\/wp-json\/wp\/v2\/media?parent=548"}],"curies":[{"name":"wp","href":"https:\/\/api.w.org\/{rel}","templated":true}]}}