{"id":571,"date":"2021-09-06T18:30:41","date_gmt":"2021-09-06T16:30:41","guid":{"rendered":"https:\/\/dive-bluedolphin.com\/tauchbasis\/schnorcheltrips\/"},"modified":"2023-05-15T12:15:53","modified_gmt":"2023-05-15T10:15:53","slug":"excursion-plongee-olous","status":"publish","type":"page","link":"https:\/\/dive-bluedolphin.com\/fr\/centre-de-plongee\/excursion-plongee-olous\/","title":{"rendered":"Excursion de plong\u00e9e avec tuba d&rsquo;Olous et le\u00e7ons de snorkeling"},"content":{"rendered":"<div id=\"pl-571\"  class=\"panel-layout\" ><div id=\"pg-571-0\"  class=\"panel-grid panel-no-style\" ><div id=\"pgc-571-0-0\"  class=\"panel-grid-cell\" ><div id=\"panel-571-0-0-0\" class=\"so-panel widget widget_sow-image panel-first-child panel-last-child\" data-index=\"0\" ><div\n\t\t\t\n\t\t\tclass=\"so-widget-sow-image so-widget-sow-image-default-8b5b6f678277-571\"\n\t\t\t\n\t\t>\n<div class=\"sow-image-container\">\n\t\t<img \n\tsrc=\"https:\/\/dive-bluedolphin.com\/wp-content\/uploads\/2021\/09\/snorkeling-picture-e1507124829483.jpg\" width=\"706\" height=\"539\" srcset=\"https:\/\/dive-bluedolphin.com\/wp-content\/uploads\/2021\/09\/snorkeling-picture-e1507124829483.jpg 706w, https:\/\/dive-bluedolphin.com\/wp-content\/uploads\/2021\/09\/snorkeling-picture-e1507124829483-300x229.jpg 300w\" sizes=\"(max-width: 706px) 100vw, 706px\" alt=\"\" \t\tclass=\"so-widget-image\"\/>\n\t<\/div>\n\n<\/div><\/div><\/div><div id=\"pgc-571-0-1\"  class=\"panel-grid-cell\" ><div id=\"panel-571-0-1-0\" class=\"so-panel widget widget_sow-editor panel-first-child panel-last-child\" data-index=\"1\" ><div\n\t\t\t\n\t\t\tclass=\"so-widget-sow-editor so-widget-sow-editor-base\"\n\t\t\t\n\t\t><h3 class=\"widget-title\">Visite guid\u00e9e en snorkeling de la c\u00e9l\u00e8bre cit\u00e9 engloutie \"Olous\"<\/h3>\n<div class=\"siteorigin-widget-tinymce textwidget\">\n\t<p>D\u00e9couvrez l'histoire de la Cr\u00e8te de pr\u00e8s et le merveilleux monde sous-marin de la mer M\u00e9diterran\u00e9e !<\/p>\n<\/div>\n<\/div><\/div><\/div><\/div><div id=\"pg-571-1\"  class=\"panel-grid panel-no-style\" ><div id=\"pgc-571-1-0\"  class=\"panel-grid-cell\" ><div id=\"panel-571-1-0-0\" class=\"so-panel widget widget_sow-editor panel-first-child panel-last-child\" data-index=\"2\" ><div\n\t\t\t\n\t\t\tclass=\"so-widget-sow-editor so-widget-sow-editor-base\"\n\t\t\t\n\t\t>\n<div class=\"siteorigin-widget-tinymce textwidget\">\n\t<p><strong>Nous vous proposons :<\/strong><\/p>\n<ul>\n<li>Une courte introduction \u00e0 l'histoire d'\"Olous\" et \u00e0 la flore et la faune sous-marines<\/li>\n<li>De pr\u00e9cieux conseils sur le snorkeling<\/li>\n<li>Des guides de plong\u00e9e professionnels<\/li>\n<li>Tout l'\u00e9quipement n\u00e9cessaire<\/li>\n<li>Un pick-up \u00e0 votre h\u00f4tel ou \u00e0 votre appartement<\/li>\n<\/ul>\n<p>Amenez vos amis et votre famille !<\/p>\n<p>Nous proposons \u00e9galement des excursions de snorkeling dans d'autres endroits magnifiques. Le snorkeling ne vous suffit pas ?<\/p>\n<p>Venez essayer la plong\u00e9e pour une aventure encore plus profonde !<\/p>\n<\/div>\n<\/div><\/div><\/div><\/div><div id=\"pg-571-2\"  class=\"panel-grid panel-no-style\" ><div id=\"pgc-571-2-0\"  class=\"panel-grid-cell\" ><div id=\"panel-571-2-0-0\" class=\"so-panel widget widget_sow-image panel-first-child panel-last-child\" data-index=\"3\" ><div\n\t\t\t\n\t\t\tclass=\"so-widget-sow-image so-widget-sow-image-default-8b5b6f678277-571\"\n\t\t\t\n\t\t>\n<div class=\"sow-image-container\">\n\t\t<img \n\tsrc=\"https:\/\/dive-bluedolphin.com\/wp-content\/uploads\/2021\/09\/Blue-Dolphin-Divecenter-Elounda-Crete-Greece-1.jpg\" width=\"448\" height=\"336\" srcset=\"https:\/\/dive-bluedolphin.com\/wp-content\/uploads\/2021\/09\/Blue-Dolphin-Divecenter-Elounda-Crete-Greece-1.jpg 448w, https:\/\/dive-bluedolphin.com\/wp-content\/uploads\/2021\/09\/Blue-Dolphin-Divecenter-Elounda-Crete-Greece-1-300x225.jpg 300w\" sizes=\"(max-width: 448px) 100vw, 448px\" alt=\"\" \t\tclass=\"so-widget-image\"\/>\n\t<\/div>\n\n<\/div><\/div><\/div><div id=\"pgc-571-2-1\"  class=\"panel-grid-cell\" ><div id=\"panel-571-2-1-0\" class=\"so-panel widget widget_sow-editor panel-first-child panel-last-child\" data-index=\"4\" ><div\n\t\t\t\n\t\t\tclass=\"so-widget-sow-editor so-widget-sow-editor-base\"\n\t\t\t\n\t\t><h3 class=\"widget-title\">Vous n'avez jamais fait de plong\u00e9e en apn\u00e9e ?<\/h3>\n<div class=\"siteorigin-widget-tinymce textwidget\">\n\t<p>Que diriez-vous d'une aventure de plong\u00e9e avec masque et tuba et de plong\u00e9e en apn\u00e9e ? Un instructeur<br \/>\nvous enseignera des techniques utiles et vous fera d\u00e9couvrir le monde<br \/>\nsous-marin de la magnifique baie de Mirabello !<\/p>\n<p>Dur\u00e9e : 1,5 - 2 heures<\/p>\n<p>Demandez nos diff\u00e9rentes offres !<\/p>\n<\/div>\n<\/div><\/div><\/div><\/div><div id=\"pg-571-3\"  class=\"panel-grid panel-no-style\" ><div id=\"pgc-571-3-0\"  class=\"panel-grid-cell\" ><div id=\"panel-571-3-0-0\" class=\"so-panel widget widget_sow-image panel-first-child panel-last-child\" data-index=\"5\" ><div\n\t\t\t\n\t\t\tclass=\"so-widget-sow-image so-widget-sow-image-default-8b5b6f678277-571\"\n\t\t\t\n\t\t>\n<div class=\"sow-image-container\">\n\t\t<img \n\tsrc=\"https:\/\/dive-bluedolphin.com\/wp-content\/uploads\/2021\/09\/Blue-Dolphin-Divecenter-Elounda-Crete-Greece-Sunken-City-Olo-1.jpg\" width=\"448\" height=\"336\" srcset=\"https:\/\/dive-bluedolphin.com\/wp-content\/uploads\/2021\/09\/Blue-Dolphin-Divecenter-Elounda-Crete-Greece-Sunken-City-Olo-1.jpg 448w, https:\/\/dive-bluedolphin.com\/wp-content\/uploads\/2021\/09\/Blue-Dolphin-Divecenter-Elounda-Crete-Greece-Sunken-City-Olo-1-300x225.jpg 300w\" sizes=\"(max-width: 448px) 100vw, 448px\" title=\"Blue-Dolphin-Divecenter-Elounda-Crete-Greece-Sunken-City-Olo\" alt=\"\" \t\tclass=\"so-widget-image\"\/>\n\t<\/div>\n\n<\/div><\/div><\/div><div id=\"pgc-571-3-1\"  class=\"panel-grid-cell\" ><div id=\"panel-571-3-1-0\" class=\"so-panel widget widget_sow-image panel-first-child panel-last-child\" data-index=\"6\" ><div\n\t\t\t\n\t\t\tclass=\"so-widget-sow-image so-widget-sow-image-default-8b5b6f678277-571\"\n\t\t\t\n\t\t>\n<div class=\"sow-image-container\">\n\t\t<img \n\tsrc=\"https:\/\/dive-bluedolphin.com\/wp-content\/uploads\/2021\/09\/Blue-Dolphin-Divecenter-Elounda-Crete-Greece-Sunken-City_002.jpg\" width=\"448\" height=\"336\" srcset=\"https:\/\/dive-bluedolphin.com\/wp-content\/uploads\/2021\/09\/Blue-Dolphin-Divecenter-Elounda-Crete-Greece-Sunken-City_002.jpg 448w, https:\/\/dive-bluedolphin.com\/wp-content\/uploads\/2021\/09\/Blue-Dolphin-Divecenter-Elounda-Crete-Greece-Sunken-City_002-300x225.jpg 300w\" sizes=\"(max-width: 448px) 100vw, 448px\" alt=\"\" \t\tclass=\"so-widget-image\"\/>\n\t<\/div>\n\n<\/div><\/div><\/div><div id=\"pgc-571-3-2\"  class=\"panel-grid-cell\" ><div id=\"panel-571-3-2-0\" class=\"so-panel widget widget_sow-image panel-first-child panel-last-child\" data-index=\"7\" ><div\n\t\t\t\n\t\t\tclass=\"so-widget-sow-image so-widget-sow-image-default-8b5b6f678277-571\"\n\t\t\t\n\t\t>\n<div class=\"sow-image-container\">\n\t\t<img \n\tsrc=\"https:\/\/dive-bluedolphin.com\/wp-content\/uploads\/2021\/09\/Blue-Dolphin-Divecenter-Elounda-Crete-Greece-Sunken-City_003.jpg\" width=\"448\" height=\"336\" srcset=\"https:\/\/dive-bluedolphin.com\/wp-content\/uploads\/2021\/09\/Blue-Dolphin-Divecenter-Elounda-Crete-Greece-Sunken-City_003.jpg 448w, https:\/\/dive-bluedolphin.com\/wp-content\/uploads\/2021\/09\/Blue-Dolphin-Divecenter-Elounda-Crete-Greece-Sunken-City_003-300x225.jpg 300w\" sizes=\"(max-width: 448px) 100vw, 448px\" alt=\"\" \t\tclass=\"so-widget-image\"\/>\n\t<\/div>\n\n<\/div><\/div><\/div><\/div><\/div>","protected":false},"excerpt":{"rendered":"<p>D\u00e9couvrez l&rsquo;histoire de la Cr\u00e8te de pr\u00e8s et le merveilleux monde sous-marin de la mer M\u00e9diterran\u00e9e ! Nous vous proposons : Une courte introduction \u00e0 l&rsquo;histoire d'\u00a0\u00bbOlous\u00a0\u00bb et \u00e0 la flore et la faune sous-marines De pr\u00e9cieux conseils sur le snorkeling Des guides de plong\u00e9e professionnels Tout l&rsquo;\u00e9quipement n\u00e9cessaire Un pick-up \u00e0 votre h\u00f4tel ou [&hellip;]<\/p>\n","protected":false},"author":1,"featured_media":0,"parent":532,"menu_order":2,"comment_status":"closed","ping_status":"closed","template":"","meta":{"footnotes":""},"class_list":["post-571","page","type-page","status-publish","hentry","post"],"yoast_head":"<!-- This site is optimized with the Yoast SEO plugin v27.3 - https:\/\/yoast.com\/product\/yoast-seo-wordpress\/ -->\n<title>La ville engloutie d&#039;Olous: Excursion guid\u00e9e de plong\u00e9e en tuba \u00e0 avec Blue Dolphin Diving Center Elounda<\/title>\n<meta name=\"description\" content=\"Visite guid\u00e9e en snorkeling de la c\u00e9l\u00e8bre cit\u00e9 engloutie &quot;Olous&quot;. D\u00e9couvrez l&#039;histoire de la Cr\u00e8te de pr\u00e8s et le merveilleux monde sous-marin de la mer M\u00e9diterran\u00e9e !\" \/>\n<meta name=\"robots\" content=\"index, follow, max-snippet:-1, max-image-preview:large, max-video-preview:-1\" \/>\n<link rel=\"canonical\" href=\"https:\/\/dive-bluedolphin.com\/fr\/centre-de-plongee\/excursion-plongee-olous\/\" \/>\n<meta property=\"og:locale\" content=\"fr_FR\" \/>\n<meta property=\"og:type\" content=\"article\" \/>\n<meta property=\"og:title\" content=\"La ville engloutie d&#039;Olous: Excursion guid\u00e9e de plong\u00e9e en tuba \u00e0 avec Blue Dolphin Diving Center Elounda\" \/>\n<meta property=\"og:description\" content=\"Visite guid\u00e9e en snorkeling de la c\u00e9l\u00e8bre cit\u00e9 engloutie &quot;Olous&quot;. D\u00e9couvrez l&#039;histoire de la Cr\u00e8te de pr\u00e8s et le merveilleux monde sous-marin de la mer M\u00e9diterran\u00e9e !\" \/>\n<meta property=\"og:url\" content=\"https:\/\/dive-bluedolphin.com\/fr\/centre-de-plongee\/excursion-plongee-olous\/\" \/>\n<meta property=\"og:site_name\" content=\"Diving Center Blue Dolphin\" \/>\n<meta property=\"article:modified_time\" content=\"2023-05-15T10:15:53+00:00\" \/>\n<meta name=\"twitter:card\" content=\"summary_large_image\" \/>\n<meta name=\"twitter:label1\" content=\"Dur\u00e9e de lecture estim\u00e9e\" \/>\n\t<meta name=\"twitter:data1\" content=\"1 minute\" \/>\n<script type=\"application\/ld+json\" class=\"yoast-schema-graph\">{\"@context\":\"https:\\\/\\\/schema.org\",\"@graph\":[{\"@type\":\"WebPage\",\"@id\":\"https:\\\/\\\/dive-bluedolphin.com\\\/fr\\\/centre-de-plongee\\\/excursion-plongee-olous\\\/\",\"url\":\"https:\\\/\\\/dive-bluedolphin.com\\\/fr\\\/centre-de-plongee\\\/excursion-plongee-olous\\\/\",\"name\":\"La ville engloutie d'Olous: Excursion guid\u00e9e de plong\u00e9e en tuba \u00e0 avec Blue Dolphin Diving Center Elounda\",\"isPartOf\":{\"@id\":\"https:\\\/\\\/dive-bluedolphin.com\\\/fr\\\/#website\"},\"datePublished\":\"2021-09-06T16:30:41+00:00\",\"dateModified\":\"2023-05-15T10:15:53+00:00\",\"description\":\"Visite guid\u00e9e en snorkeling de la c\u00e9l\u00e8bre cit\u00e9 engloutie \\\"Olous\\\". D\u00e9couvrez l'histoire de la Cr\u00e8te de pr\u00e8s et le merveilleux monde sous-marin de la mer M\u00e9diterran\u00e9e !\",\"breadcrumb\":{\"@id\":\"https:\\\/\\\/dive-bluedolphin.com\\\/fr\\\/centre-de-plongee\\\/excursion-plongee-olous\\\/#breadcrumb\"},\"inLanguage\":\"fr-FR\",\"potentialAction\":[{\"@type\":\"ReadAction\",\"target\":[\"https:\\\/\\\/dive-bluedolphin.com\\\/fr\\\/centre-de-plongee\\\/excursion-plongee-olous\\\/\"]}]},{\"@type\":\"BreadcrumbList\",\"@id\":\"https:\\\/\\\/dive-bluedolphin.com\\\/fr\\\/centre-de-plongee\\\/excursion-plongee-olous\\\/#breadcrumb\",\"itemListElement\":[{\"@type\":\"ListItem\",\"position\":1,\"name\":\"Home\",\"item\":\"https:\\\/\\\/dive-bluedolphin.com\\\/fr\\\/\"},{\"@type\":\"ListItem\",\"position\":2,\"name\":\"Centre de plong\u00e9e\",\"item\":\"https:\\\/\\\/dive-bluedolphin.com\\\/fr\\\/centre-de-plongee\\\/\"},{\"@type\":\"ListItem\",\"position\":3,\"name\":\"Excursion de plong\u00e9e avec tuba d&#8217;Olous et le\u00e7ons de snorkeling\"}]},{\"@type\":\"WebSite\",\"@id\":\"https:\\\/\\\/dive-bluedolphin.com\\\/fr\\\/#website\",\"url\":\"https:\\\/\\\/dive-bluedolphin.com\\\/fr\\\/\",\"name\":\"Diving Center Blue Dolphin\",\"description\":\"Elounda - Crete\",\"potentialAction\":[{\"@type\":\"SearchAction\",\"target\":{\"@type\":\"EntryPoint\",\"urlTemplate\":\"https:\\\/\\\/dive-bluedolphin.com\\\/fr\\\/?s={search_term_string}\"},\"query-input\":{\"@type\":\"PropertyValueSpecification\",\"valueRequired\":true,\"valueName\":\"search_term_string\"}}],\"inLanguage\":\"fr-FR\"}]}<\/script>\n<!-- \/ Yoast SEO plugin. -->","yoast_head_json":{"title":"La ville engloutie d'Olous: Excursion guid\u00e9e de plong\u00e9e en tuba \u00e0 avec Blue Dolphin Diving Center Elounda","description":"Visite guid\u00e9e en snorkeling de la c\u00e9l\u00e8bre cit\u00e9 engloutie \"Olous\". D\u00e9couvrez l'histoire de la Cr\u00e8te de pr\u00e8s et le merveilleux monde sous-marin de la mer M\u00e9diterran\u00e9e !","robots":{"index":"index","follow":"follow","max-snippet":"max-snippet:-1","max-image-preview":"max-image-preview:large","max-video-preview":"max-video-preview:-1"},"canonical":"https:\/\/dive-bluedolphin.com\/fr\/centre-de-plongee\/excursion-plongee-olous\/","og_locale":"fr_FR","og_type":"article","og_title":"La ville engloutie d'Olous: Excursion guid\u00e9e de plong\u00e9e en tuba \u00e0 avec Blue Dolphin Diving Center Elounda","og_description":"Visite guid\u00e9e en snorkeling de la c\u00e9l\u00e8bre cit\u00e9 engloutie \"Olous\". D\u00e9couvrez l'histoire de la Cr\u00e8te de pr\u00e8s et le merveilleux monde sous-marin de la mer M\u00e9diterran\u00e9e !","og_url":"https:\/\/dive-bluedolphin.com\/fr\/centre-de-plongee\/excursion-plongee-olous\/","og_site_name":"Diving Center Blue Dolphin","article_modified_time":"2023-05-15T10:15:53+00:00","twitter_card":"summary_large_image","twitter_misc":{"Dur\u00e9e de lecture estim\u00e9e":"1 minute"},"schema":{"@context":"https:\/\/schema.org","@graph":[{"@type":"WebPage","@id":"https:\/\/dive-bluedolphin.com\/fr\/centre-de-plongee\/excursion-plongee-olous\/","url":"https:\/\/dive-bluedolphin.com\/fr\/centre-de-plongee\/excursion-plongee-olous\/","name":"La ville engloutie d'Olous: Excursion guid\u00e9e de plong\u00e9e en tuba \u00e0 avec Blue Dolphin Diving Center Elounda","isPartOf":{"@id":"https:\/\/dive-bluedolphin.com\/fr\/#website"},"datePublished":"2021-09-06T16:30:41+00:00","dateModified":"2023-05-15T10:15:53+00:00","description":"Visite guid\u00e9e en snorkeling de la c\u00e9l\u00e8bre cit\u00e9 engloutie \"Olous\". D\u00e9couvrez l'histoire de la Cr\u00e8te de pr\u00e8s et le merveilleux monde sous-marin de la mer M\u00e9diterran\u00e9e !","breadcrumb":{"@id":"https:\/\/dive-bluedolphin.com\/fr\/centre-de-plongee\/excursion-plongee-olous\/#breadcrumb"},"inLanguage":"fr-FR","potentialAction":[{"@type":"ReadAction","target":["https:\/\/dive-bluedolphin.com\/fr\/centre-de-plongee\/excursion-plongee-olous\/"]}]},{"@type":"BreadcrumbList","@id":"https:\/\/dive-bluedolphin.com\/fr\/centre-de-plongee\/excursion-plongee-olous\/#breadcrumb","itemListElement":[{"@type":"ListItem","position":1,"name":"Home","item":"https:\/\/dive-bluedolphin.com\/fr\/"},{"@type":"ListItem","position":2,"name":"Centre de plong\u00e9e","item":"https:\/\/dive-bluedolphin.com\/fr\/centre-de-plongee\/"},{"@type":"ListItem","position":3,"name":"Excursion de plong\u00e9e avec tuba d&#8217;Olous et le\u00e7ons de snorkeling"}]},{"@type":"WebSite","@id":"https:\/\/dive-bluedolphin.com\/fr\/#website","url":"https:\/\/dive-bluedolphin.com\/fr\/","name":"Diving Center Blue Dolphin","description":"Elounda - Crete","potentialAction":[{"@type":"SearchAction","target":{"@type":"EntryPoint","urlTemplate":"https:\/\/dive-bluedolphin.com\/fr\/?s={search_term_string}"},"query-input":{"@type":"PropertyValueSpecification","valueRequired":true,"valueName":"search_term_string"}}],"inLanguage":"fr-FR"}]}},"_links":{"self":[{"href":"https:\/\/dive-bluedolphin.com\/fr\/wp-json\/wp\/v2\/pages\/571","targetHints":{"allow":["GET"]}}],"collection":[{"href":"https:\/\/dive-bluedolphin.com\/fr\/wp-json\/wp\/v2\/pages"}],"about":[{"href":"https:\/\/dive-bluedolphin.com\/fr\/wp-json\/wp\/v2\/types\/page"}],"author":[{"embeddable":true,"href":"https:\/\/dive-bluedolphin.com\/fr\/wp-json\/wp\/v2\/users\/1"}],"replies":[{"embeddable":true,"href":"https:\/\/dive-bluedolphin.com\/fr\/wp-json\/wp\/v2\/comments?post=571"}],"version-history":[{"count":15,"href":"https:\/\/dive-bluedolphin.com\/fr\/wp-json\/wp\/v2\/pages\/571\/revisions"}],"predecessor-version":[{"id":1608,"href":"https:\/\/dive-bluedolphin.com\/fr\/wp-json\/wp\/v2\/pages\/571\/revisions\/1608"}],"up":[{"embeddable":true,"href":"https:\/\/dive-bluedolphin.com\/fr\/wp-json\/wp\/v2\/pages\/532"}],"wp:attachment":[{"href":"https:\/\/dive-bluedolphin.com\/fr\/wp-json\/wp\/v2\/media?parent=571"}],"curies":[{"name":"wp","href":"https:\/\/api.w.org\/{rel}","templated":true}]}}