{"id":598,"date":"2021-09-06T18:30:59","date_gmt":"2021-09-06T16:30:59","guid":{"rendered":"https:\/\/dive-bluedolphin.com\/tauchbasis\/fotos\/"},"modified":"2021-10-30T15:38:39","modified_gmt":"2021-10-30T13:38:39","slug":"photos","status":"publish","type":"page","link":"https:\/\/dive-bluedolphin.com\/fr\/centre-de-plongee\/photos\/","title":{"rendered":"Photos"},"content":{"rendered":"<div id=\"pl-598\"  class=\"panel-layout\" ><div id=\"pg-598-0\"  class=\"panel-grid panel-no-style\" ><div id=\"pgc-598-0-0\"  class=\"panel-grid-cell\" ><div id=\"panel-598-0-0-0\" class=\"so-panel widget widget_sow-image panel-first-child\" data-index=\"0\" ><div\n\t\t\t\n\t\t\tclass=\"so-widget-sow-image so-widget-sow-image-default-8b5b6f678277-598\"\n\t\t\t\n\t\t>\n<div class=\"sow-image-container\">\n\t\t\t<a href=\"https:\/\/dive-bluedolphin.com\/tauchbasis\/fotos\/tauchbasis\/\"\n\t\t\t\t\t>\n\t\t\t<img \n\tsrc=\"https:\/\/dive-bluedolphin.com\/wp-content\/uploads\/2021\/09\/Blue-Dolphin-Divecenter-Elounda-Crete-Greece-3-1.jpg\" width=\"448\" height=\"336\" srcset=\"https:\/\/dive-bluedolphin.com\/wp-content\/uploads\/2021\/09\/Blue-Dolphin-Divecenter-Elounda-Crete-Greece-3-1.jpg 448w, https:\/\/dive-bluedolphin.com\/wp-content\/uploads\/2021\/09\/Blue-Dolphin-Divecenter-Elounda-Crete-Greece-3-1-300x225.jpg 300w\" sizes=\"(max-width: 448px) 100vw, 448px\" title=\"Le centre de plong\u00e9e\" alt=\"\" \t\tclass=\"so-widget-image\"\/>\n\t\t\t<\/a><\/div>\n\n<h3 class=\"widget-title\">\t\t<a href=\"https:\/\/dive-bluedolphin.com\/tauchbasis\/fotos\/tauchbasis\/\"\n\t\t\t\t\t>\n\t\tLe centre de plong\u00e9e<\/a><\/h3><\/div><\/div><div id=\"panel-598-0-0-1\" class=\"so-panel widget widget_sow-image panel-last-child\" data-index=\"1\" ><div\n\t\t\t\n\t\t\tclass=\"so-widget-sow-image so-widget-sow-image-default-8b5b6f678277-598\"\n\t\t\t\n\t\t>\n<div class=\"sow-image-container\">\n\t\t\t<a href=\"https:\/\/dive-bluedolphin.com\/tauchbasis\/fotos\/fische\/\"\n\t\t\t\t\t>\n\t\t\t<img \n\tsrc=\"https:\/\/dive-bluedolphin.com\/wp-content\/uploads\/2021\/09\/Blue-Dolphin-Divecenter-Elounda-Crete-Greece-best-fish-1.jpg\" width=\"448\" height=\"336\" srcset=\"https:\/\/dive-bluedolphin.com\/wp-content\/uploads\/2021\/09\/Blue-Dolphin-Divecenter-Elounda-Crete-Greece-best-fish-1.jpg 448w, https:\/\/dive-bluedolphin.com\/wp-content\/uploads\/2021\/09\/Blue-Dolphin-Divecenter-Elounda-Crete-Greece-best-fish-1-300x225.jpg 300w\" sizes=\"(max-width: 448px) 100vw, 448px\" title=\"Poissons\" alt=\"\" \t\tclass=\"so-widget-image\"\/>\n\t\t\t<\/a><\/div>\n\n<h3 class=\"widget-title\">\t\t<a href=\"https:\/\/dive-bluedolphin.com\/tauchbasis\/fotos\/fische\/\"\n\t\t\t\t\t>\n\t\tPoissons<\/a><\/h3><\/div><\/div><\/div><div id=\"pgc-598-0-1\"  class=\"panel-grid-cell\" ><div id=\"panel-598-0-1-0\" class=\"so-panel widget widget_sow-image panel-first-child\" data-index=\"2\" ><div\n\t\t\t\n\t\t\tclass=\"so-widget-sow-image so-widget-sow-image-default-8b5b6f678277-598\"\n\t\t\t\n\t\t>\n<div class=\"sow-image-container\">\n\t\t\t<a href=\"https:\/\/dive-bluedolphin.com\/tauchbasis\/fotos\/kreta\/\"\n\t\t\t\t\t>\n\t\t\t<img \n\tsrc=\"https:\/\/dive-bluedolphin.com\/wp-content\/uploads\/2021\/09\/Kreta-1-1.jpg\" width=\"1280\" height=\"960\" srcset=\"https:\/\/dive-bluedolphin.com\/wp-content\/uploads\/2021\/09\/Kreta-1-1.jpg 1280w, https:\/\/dive-bluedolphin.com\/wp-content\/uploads\/2021\/09\/Kreta-1-1-300x225.jpg 300w, https:\/\/dive-bluedolphin.com\/wp-content\/uploads\/2021\/09\/Kreta-1-1-1024x768.jpg 1024w, https:\/\/dive-bluedolphin.com\/wp-content\/uploads\/2021\/09\/Kreta-1-1-768x576.jpg 768w\" sizes=\"(max-width: 1280px) 100vw, 1280px\" title=\"Cr\u00e8te\" alt=\"\" \t\tclass=\"so-widget-image\"\/>\n\t\t\t<\/a><\/div>\n\n<h3 class=\"widget-title\">\t\t<a href=\"https:\/\/dive-bluedolphin.com\/tauchbasis\/fotos\/kreta\/\"\n\t\t\t\t\t>\n\t\tCr\u00e8te<\/a><\/h3><\/div><\/div><div id=\"panel-598-0-1-1\" class=\"so-panel widget widget_sow-image panel-last-child\" data-index=\"3\" ><div\n\t\t\t\n\t\t\tclass=\"so-widget-sow-image so-widget-sow-image-default-dbf295114b96-598\"\n\t\t\t\n\t\t>\n<div class=\"sow-image-container\">\n\t\t\t<a href=\"https:\/\/dive-bluedolphin.com\/tauchbasis\/fotos\/hotels\/\"\n\t\t\t\t\t>\n\t\t\t<img \n\tsrc=\"https:\/\/dive-bluedolphin.com\/wp-content\/uploads\/2021\/09\/appart2-gr.jpg\" width=\"231\" height=\"173\" sizes=\"(max-width: 231px) 100vw, 231px\" title=\"H\u00f4tels\" alt=\"\" \t\tclass=\"so-widget-image\"\/>\n\t\t\t<\/a><\/div>\n\n<h3 class=\"widget-title\">\t\t<a href=\"https:\/\/dive-bluedolphin.com\/tauchbasis\/fotos\/hotels\/\"\n\t\t\t\t\t>\n\t\tH\u00f4tels<\/a><\/h3><\/div><\/div><\/div><div id=\"pgc-598-0-2\"  class=\"panel-grid-cell\" ><div id=\"panel-598-0-2-0\" class=\"so-panel widget widget_sow-image panel-first-child\" data-index=\"4\" ><div\n\t\t\t\n\t\t\tclass=\"so-widget-sow-image so-widget-sow-image-default-8b5b6f678277-598\"\n\t\t\t\n\t\t>\n<div class=\"sow-image-container\">\n\t\t\t<a href=\"https:\/\/dive-bluedolphin.com\/tauchbasis\/fotos\/unter-wasser\/\"\n\t\t\t\t\t>\n\t\t\t<img \n\tsrc=\"https:\/\/dive-bluedolphin.com\/wp-content\/uploads\/2021\/09\/Blue-Dolphin-Divecenter-Elounda-Crete-Greece-Sunken-City-Olous-snorkeling-3.jpg\" width=\"448\" height=\"336\" srcset=\"https:\/\/dive-bluedolphin.com\/wp-content\/uploads\/2021\/09\/Blue-Dolphin-Divecenter-Elounda-Crete-Greece-Sunken-City-Olous-snorkeling-3.jpg 448w, https:\/\/dive-bluedolphin.com\/wp-content\/uploads\/2021\/09\/Blue-Dolphin-Divecenter-Elounda-Crete-Greece-Sunken-City-Olous-snorkeling-3-300x225.jpg 300w\" sizes=\"(max-width: 448px) 100vw, 448px\" title=\"Sous-marin\" alt=\"\" \t\tclass=\"so-widget-image\"\/>\n\t\t\t<\/a><\/div>\n\n<h3 class=\"widget-title\">\t\t<a href=\"https:\/\/dive-bluedolphin.com\/tauchbasis\/fotos\/unter-wasser\/\"\n\t\t\t\t\t>\n\t\tSous-marin<\/a><\/h3><\/div><\/div><div id=\"panel-598-0-2-1\" class=\"so-panel widget widget_sow-image panel-last-child\" data-index=\"5\" ><div\n\t\t\t\n\t\t\tclass=\"so-widget-sow-image so-widget-sow-image-default-8b5b6f678277-598\"\n\t\t\t\n\t\t>\n<div class=\"sow-image-container\">\n\t\t\t<a href=\"https:\/\/dive-bluedolphin.com\/tauchbasis\/fotos\/gaeste\/\"\n\t\t\t\t\t>\n\t\t\t<img \n\tsrc=\"https:\/\/dive-bluedolphin.com\/wp-content\/uploads\/2021\/09\/kreta4-gr-large.jpg\" width=\"400\" height=\"300\" srcset=\"https:\/\/dive-bluedolphin.com\/wp-content\/uploads\/2021\/09\/kreta4-gr-large.jpg 400w, https:\/\/dive-bluedolphin.com\/wp-content\/uploads\/2021\/09\/kreta4-gr-large-300x225.jpg 300w\" sizes=\"(max-width: 400px) 100vw, 400px\" title=\"H\u00f4tes\" alt=\"\" \t\tclass=\"so-widget-image\"\/>\n\t\t\t<\/a><\/div>\n\n<h3 class=\"widget-title\">\t\t<a href=\"https:\/\/dive-bluedolphin.com\/tauchbasis\/fotos\/gaeste\/\"\n\t\t\t\t\t>\n\t\tH\u00f4tes<\/a><\/h3><\/div><\/div><\/div><\/div><\/div>","protected":false},"excerpt":{"rendered":"<p>Le centre de plong\u00e9e Poissons Cr\u00e8te H\u00f4tels Sous-marin H\u00f4tes<\/p>\n","protected":false},"author":1,"featured_media":0,"parent":532,"menu_order":3,"comment_status":"closed","ping_status":"closed","template":"","meta":{"footnotes":""},"class_list":["post-598","page","type-page","status-publish","hentry","post"],"yoast_head":"<!-- This site is optimized with the Yoast SEO plugin v27.3 - https:\/\/yoast.com\/product\/yoast-seo-wordpress\/ -->\n<title>Photos - Diving Center Blue Dolphin<\/title>\n<meta name=\"robots\" content=\"index, follow, max-snippet:-1, max-image-preview:large, max-video-preview:-1\" \/>\n<link rel=\"canonical\" href=\"https:\/\/dive-bluedolphin.com\/fr\/centre-de-plongee\/photos\/\" \/>\n<meta property=\"og:locale\" content=\"fr_FR\" \/>\n<meta property=\"og:type\" content=\"article\" \/>\n<meta property=\"og:title\" content=\"Photos - Diving Center Blue Dolphin\" \/>\n<meta property=\"og:description\" content=\"Le centre de plong\u00e9e Poissons Cr\u00e8te H\u00f4tels Sous-marin H\u00f4tes\" \/>\n<meta property=\"og:url\" content=\"https:\/\/dive-bluedolphin.com\/fr\/centre-de-plongee\/photos\/\" \/>\n<meta property=\"og:site_name\" content=\"Diving Center Blue Dolphin\" \/>\n<meta property=\"article:modified_time\" content=\"2021-10-30T13:38:39+00:00\" \/>\n<meta name=\"twitter:card\" content=\"summary_large_image\" \/>\n<meta name=\"twitter:label1\" content=\"Dur\u00e9e de lecture estim\u00e9e\" \/>\n\t<meta name=\"twitter:data1\" content=\"1 minute\" \/>\n<script type=\"application\/ld+json\" class=\"yoast-schema-graph\">{\"@context\":\"https:\\\/\\\/schema.org\",\"@graph\":[{\"@type\":\"WebPage\",\"@id\":\"https:\\\/\\\/dive-bluedolphin.com\\\/fr\\\/centre-de-plongee\\\/photos\\\/\",\"url\":\"https:\\\/\\\/dive-bluedolphin.com\\\/fr\\\/centre-de-plongee\\\/photos\\\/\",\"name\":\"Photos - Diving Center Blue Dolphin\",\"isPartOf\":{\"@id\":\"https:\\\/\\\/dive-bluedolphin.com\\\/fr\\\/#website\"},\"datePublished\":\"2021-09-06T16:30:59+00:00\",\"dateModified\":\"2021-10-30T13:38:39+00:00\",\"breadcrumb\":{\"@id\":\"https:\\\/\\\/dive-bluedolphin.com\\\/fr\\\/centre-de-plongee\\\/photos\\\/#breadcrumb\"},\"inLanguage\":\"fr-FR\",\"potentialAction\":[{\"@type\":\"ReadAction\",\"target\":[\"https:\\\/\\\/dive-bluedolphin.com\\\/fr\\\/centre-de-plongee\\\/photos\\\/\"]}]},{\"@type\":\"BreadcrumbList\",\"@id\":\"https:\\\/\\\/dive-bluedolphin.com\\\/fr\\\/centre-de-plongee\\\/photos\\\/#breadcrumb\",\"itemListElement\":[{\"@type\":\"ListItem\",\"position\":1,\"name\":\"Home\",\"item\":\"https:\\\/\\\/dive-bluedolphin.com\\\/fr\\\/\"},{\"@type\":\"ListItem\",\"position\":2,\"name\":\"Centre de plong\u00e9e\",\"item\":\"https:\\\/\\\/dive-bluedolphin.com\\\/fr\\\/centre-de-plongee\\\/\"},{\"@type\":\"ListItem\",\"position\":3,\"name\":\"Photos\"}]},{\"@type\":\"WebSite\",\"@id\":\"https:\\\/\\\/dive-bluedolphin.com\\\/fr\\\/#website\",\"url\":\"https:\\\/\\\/dive-bluedolphin.com\\\/fr\\\/\",\"name\":\"Diving Center Blue Dolphin\",\"description\":\"Elounda - Crete\",\"potentialAction\":[{\"@type\":\"SearchAction\",\"target\":{\"@type\":\"EntryPoint\",\"urlTemplate\":\"https:\\\/\\\/dive-bluedolphin.com\\\/fr\\\/?s={search_term_string}\"},\"query-input\":{\"@type\":\"PropertyValueSpecification\",\"valueRequired\":true,\"valueName\":\"search_term_string\"}}],\"inLanguage\":\"fr-FR\"}]}<\/script>\n<!-- \/ Yoast SEO plugin. -->","yoast_head_json":{"title":"Photos - Diving Center Blue Dolphin","robots":{"index":"index","follow":"follow","max-snippet":"max-snippet:-1","max-image-preview":"max-image-preview:large","max-video-preview":"max-video-preview:-1"},"canonical":"https:\/\/dive-bluedolphin.com\/fr\/centre-de-plongee\/photos\/","og_locale":"fr_FR","og_type":"article","og_title":"Photos - Diving Center Blue Dolphin","og_description":"Le centre de plong\u00e9e Poissons Cr\u00e8te H\u00f4tels Sous-marin H\u00f4tes","og_url":"https:\/\/dive-bluedolphin.com\/fr\/centre-de-plongee\/photos\/","og_site_name":"Diving Center Blue Dolphin","article_modified_time":"2021-10-30T13:38:39+00:00","twitter_card":"summary_large_image","twitter_misc":{"Dur\u00e9e de lecture estim\u00e9e":"1 minute"},"schema":{"@context":"https:\/\/schema.org","@graph":[{"@type":"WebPage","@id":"https:\/\/dive-bluedolphin.com\/fr\/centre-de-plongee\/photos\/","url":"https:\/\/dive-bluedolphin.com\/fr\/centre-de-plongee\/photos\/","name":"Photos - Diving Center Blue Dolphin","isPartOf":{"@id":"https:\/\/dive-bluedolphin.com\/fr\/#website"},"datePublished":"2021-09-06T16:30:59+00:00","dateModified":"2021-10-30T13:38:39+00:00","breadcrumb":{"@id":"https:\/\/dive-bluedolphin.com\/fr\/centre-de-plongee\/photos\/#breadcrumb"},"inLanguage":"fr-FR","potentialAction":[{"@type":"ReadAction","target":["https:\/\/dive-bluedolphin.com\/fr\/centre-de-plongee\/photos\/"]}]},{"@type":"BreadcrumbList","@id":"https:\/\/dive-bluedolphin.com\/fr\/centre-de-plongee\/photos\/#breadcrumb","itemListElement":[{"@type":"ListItem","position":1,"name":"Home","item":"https:\/\/dive-bluedolphin.com\/fr\/"},{"@type":"ListItem","position":2,"name":"Centre de plong\u00e9e","item":"https:\/\/dive-bluedolphin.com\/fr\/centre-de-plongee\/"},{"@type":"ListItem","position":3,"name":"Photos"}]},{"@type":"WebSite","@id":"https:\/\/dive-bluedolphin.com\/fr\/#website","url":"https:\/\/dive-bluedolphin.com\/fr\/","name":"Diving Center Blue Dolphin","description":"Elounda - Crete","potentialAction":[{"@type":"SearchAction","target":{"@type":"EntryPoint","urlTemplate":"https:\/\/dive-bluedolphin.com\/fr\/?s={search_term_string}"},"query-input":{"@type":"PropertyValueSpecification","valueRequired":true,"valueName":"search_term_string"}}],"inLanguage":"fr-FR"}]}},"_links":{"self":[{"href":"https:\/\/dive-bluedolphin.com\/fr\/wp-json\/wp\/v2\/pages\/598","targetHints":{"allow":["GET"]}}],"collection":[{"href":"https:\/\/dive-bluedolphin.com\/fr\/wp-json\/wp\/v2\/pages"}],"about":[{"href":"https:\/\/dive-bluedolphin.com\/fr\/wp-json\/wp\/v2\/types\/page"}],"author":[{"embeddable":true,"href":"https:\/\/dive-bluedolphin.com\/fr\/wp-json\/wp\/v2\/users\/1"}],"replies":[{"embeddable":true,"href":"https:\/\/dive-bluedolphin.com\/fr\/wp-json\/wp\/v2\/comments?post=598"}],"version-history":[{"count":9,"href":"https:\/\/dive-bluedolphin.com\/fr\/wp-json\/wp\/v2\/pages\/598\/revisions"}],"predecessor-version":[{"id":1337,"href":"https:\/\/dive-bluedolphin.com\/fr\/wp-json\/wp\/v2\/pages\/598\/revisions\/1337"}],"up":[{"embeddable":true,"href":"https:\/\/dive-bluedolphin.com\/fr\/wp-json\/wp\/v2\/pages\/532"}],"wp:attachment":[{"href":"https:\/\/dive-bluedolphin.com\/fr\/wp-json\/wp\/v2\/media?parent=598"}],"curies":[{"name":"wp","href":"https:\/\/api.w.org\/{rel}","templated":true}]}}