{"id":614,"date":"2021-09-06T18:33:41","date_gmt":"2021-09-06T16:33:41","guid":{"rendered":"https:\/\/dive-bluedolphin.com\/ausbildung\/"},"modified":"2021-10-31T16:01:27","modified_gmt":"2021-10-31T15:01:27","slug":"formation","status":"publish","type":"page","link":"https:\/\/dive-bluedolphin.com\/fr\/formation\/","title":{"rendered":"Formation &#8211; notre force"},"content":{"rendered":"<div id=\"pl-614\"  class=\"panel-layout\" ><div id=\"pg-614-0\"  class=\"panel-grid panel-no-style\" ><div id=\"pgc-614-0-0\"  class=\"panel-grid-cell\" ><div id=\"panel-614-0-0-0\" class=\"so-panel widget widget_sow-editor panel-first-child panel-last-child\" data-index=\"0\" ><div\n\t\t\t\n\t\t\tclass=\"so-widget-sow-editor so-widget-sow-editor-base\"\n\t\t\t\n\t\t>\n<div class=\"siteorigin-widget-tinymce textwidget\">\n\t<p>Sur notre r\u00e9cif maison avec des profondeurs allant jusqu'\u00e0 30 m\u00e8tres, nous pouvons r\u00e9aliser toutes nos formations - des cours de d\u00e9butant jusqu'au niveau d'assistant instructeur. Sans stress et sans pression de groupe! En plus: Tout se fait en mer, sans plong\u00e9es ennuyeuses en piscine.<\/p>\n<p>Notre baie prot\u00e9g\u00e9e a une profondeur allant jusqu'\u00e0 5 m\u00e8tres ; dans un environnement naturel, nous pouvons consolider de mani\u00e8re extensive nos comp\u00e9tences de plong\u00e9e. Parfait pour tous les exercices de d\u00e9butants et pour les plong\u00e9es de rafra\u00eechissement avant de commencer nos plong\u00e9es en dehors de la baie dans l'eau libre!<\/p>\n<p>&nbsp;<\/p>\n<p>La formation se fait selon les directives internationales des organismes de formation les plus importants et les plus renomm\u00e9s au monde, tels que PADI, SSI et DDI.<\/p>\n<p>En outre des formations mentionn\u00e9es en haux, nous proposons aussi r\u00e9guli\u00e8rement de nombreux cours sp\u00e9cialis\u00e9s.<\/p>\n<p>Pour nos petits, nous proposons des plong\u00e9es \u00e0 partir de 8 ans et des cours de plong\u00e9e \u00e0 partir de 10 ans, ainsi que des initiations \u00e0 la plong\u00e9e pour tous ceux qui souhaitent faire connaissance avec le monde sous-marin.<\/p>\n<p>L'\u00e9quipement est fourni gratuitement jusqu'au niveau Advanced Diver et il n'y a pas de frais suppl\u00e9mentaires de location de mat\u00e9riel pour une plong\u00e9e suppl\u00e9mentaire apr\u00e8s la formation de base.<\/p>\n<\/div>\n<\/div><\/div><\/div><div id=\"pgc-614-0-1\"  class=\"panel-grid-cell\" ><div id=\"panel-614-0-1-0\" class=\"so-panel widget widget_sow-image panel-first-child panel-last-child\" data-index=\"1\" ><div\n\t\t\t\n\t\t\tclass=\"so-widget-sow-image so-widget-sow-image-default-8b5b6f678277-614\"\n\t\t\t\n\t\t>\n<div class=\"sow-image-container\">\n\t\t<img \n\tsrc=\"https:\/\/dive-bluedolphin.com\/wp-content\/uploads\/2021\/09\/Dive-Center-Blue-Dolphin-Elounda-Crete-guests-and-happy-dive.jpg\" width=\"448\" height=\"336\" srcset=\"https:\/\/dive-bluedolphin.com\/wp-content\/uploads\/2021\/09\/Dive-Center-Blue-Dolphin-Elounda-Crete-guests-and-happy-dive.jpg 448w, https:\/\/dive-bluedolphin.com\/wp-content\/uploads\/2021\/09\/Dive-Center-Blue-Dolphin-Elounda-Crete-guests-and-happy-dive-300x225.jpg 300w\" sizes=\"(max-width: 448px) 100vw, 448px\" title=\"DCIM100GOPROGOPR2167.\" alt=\"\" \t\tclass=\"so-widget-image\"\/>\n\t<\/div>\n\n<\/div><\/div><\/div><\/div><\/div>","protected":false},"excerpt":{"rendered":"<p>Sur notre r\u00e9cif maison avec des profondeurs allant jusqu&rsquo;\u00e0 30 m\u00e8tres, nous pouvons r\u00e9aliser toutes nos formations &#8211; des cours de d\u00e9butant jusqu&rsquo;au niveau d&rsquo;assistant instructeur. Sans stress et sans pression de groupe! En plus: Tout se fait en mer, sans plong\u00e9es ennuyeuses en piscine. Notre baie prot\u00e9g\u00e9e a une profondeur allant jusqu&rsquo;\u00e0 5 m\u00e8tres [&hellip;]<\/p>\n","protected":false},"author":1,"featured_media":0,"parent":0,"menu_order":3,"comment_status":"closed","ping_status":"closed","template":"","meta":{"footnotes":""},"class_list":["post-614","page","type-page","status-publish","hentry","post"],"yoast_head":"<!-- This site is optimized with the Yoast SEO plugin v27.4 - https:\/\/yoast.com\/product\/yoast-seo-wordpress\/ -->\n<title>Formation - notre force - Diving Center Blue Dolphin<\/title>\n<meta name=\"robots\" content=\"index, follow, max-snippet:-1, max-image-preview:large, max-video-preview:-1\" \/>\n<link rel=\"canonical\" href=\"https:\/\/dive-bluedolphin.com\/fr\/formation\/\" \/>\n<meta property=\"og:locale\" content=\"fr_FR\" \/>\n<meta property=\"og:type\" content=\"article\" \/>\n<meta property=\"og:title\" content=\"Formation - notre force - Diving Center Blue Dolphin\" \/>\n<meta property=\"og:description\" content=\"Sur notre r\u00e9cif maison avec des profondeurs allant jusqu&#039;\u00e0 30 m\u00e8tres, nous pouvons r\u00e9aliser toutes nos formations - des cours de d\u00e9butant jusqu&#039;au niveau d&#039;assistant instructeur. Sans stress et sans pression de groupe! En plus: Tout se fait en mer, sans plong\u00e9es ennuyeuses en piscine. Notre baie prot\u00e9g\u00e9e a une profondeur allant jusqu&#039;\u00e0 5 m\u00e8tres [&hellip;]\" \/>\n<meta property=\"og:url\" content=\"https:\/\/dive-bluedolphin.com\/fr\/formation\/\" \/>\n<meta property=\"og:site_name\" content=\"Diving Center Blue Dolphin\" \/>\n<meta property=\"article:modified_time\" content=\"2021-10-31T15:01:27+00:00\" \/>\n<meta name=\"twitter:card\" content=\"summary_large_image\" \/>\n<meta name=\"twitter:label1\" content=\"Dur\u00e9e de lecture estim\u00e9e\" \/>\n\t<meta name=\"twitter:data1\" content=\"1 minute\" \/>\n<script type=\"application\/ld+json\" class=\"yoast-schema-graph\">{\"@context\":\"https:\\\/\\\/schema.org\",\"@graph\":[{\"@type\":\"WebPage\",\"@id\":\"https:\\\/\\\/dive-bluedolphin.com\\\/fr\\\/formation\\\/\",\"url\":\"https:\\\/\\\/dive-bluedolphin.com\\\/fr\\\/formation\\\/\",\"name\":\"Formation - notre force - Diving Center Blue Dolphin\",\"isPartOf\":{\"@id\":\"https:\\\/\\\/dive-bluedolphin.com\\\/fr\\\/#website\"},\"datePublished\":\"2021-09-06T16:33:41+00:00\",\"dateModified\":\"2021-10-31T15:01:27+00:00\",\"breadcrumb\":{\"@id\":\"https:\\\/\\\/dive-bluedolphin.com\\\/fr\\\/formation\\\/#breadcrumb\"},\"inLanguage\":\"fr-FR\",\"potentialAction\":[{\"@type\":\"ReadAction\",\"target\":[\"https:\\\/\\\/dive-bluedolphin.com\\\/fr\\\/formation\\\/\"]}]},{\"@type\":\"BreadcrumbList\",\"@id\":\"https:\\\/\\\/dive-bluedolphin.com\\\/fr\\\/formation\\\/#breadcrumb\",\"itemListElement\":[{\"@type\":\"ListItem\",\"position\":1,\"name\":\"Home\",\"item\":\"https:\\\/\\\/dive-bluedolphin.com\\\/fr\\\/\"},{\"@type\":\"ListItem\",\"position\":2,\"name\":\"Formation &#8211; notre force\"}]},{\"@type\":\"WebSite\",\"@id\":\"https:\\\/\\\/dive-bluedolphin.com\\\/fr\\\/#website\",\"url\":\"https:\\\/\\\/dive-bluedolphin.com\\\/fr\\\/\",\"name\":\"Diving Center Blue Dolphin\",\"description\":\"Elounda - Crete\",\"potentialAction\":[{\"@type\":\"SearchAction\",\"target\":{\"@type\":\"EntryPoint\",\"urlTemplate\":\"https:\\\/\\\/dive-bluedolphin.com\\\/fr\\\/?s={search_term_string}\"},\"query-input\":{\"@type\":\"PropertyValueSpecification\",\"valueRequired\":true,\"valueName\":\"search_term_string\"}}],\"inLanguage\":\"fr-FR\"}]}<\/script>\n<!-- \/ Yoast SEO plugin. -->","yoast_head_json":{"title":"Formation - notre force - Diving Center Blue Dolphin","robots":{"index":"index","follow":"follow","max-snippet":"max-snippet:-1","max-image-preview":"max-image-preview:large","max-video-preview":"max-video-preview:-1"},"canonical":"https:\/\/dive-bluedolphin.com\/fr\/formation\/","og_locale":"fr_FR","og_type":"article","og_title":"Formation - notre force - Diving Center Blue Dolphin","og_description":"Sur notre r\u00e9cif maison avec des profondeurs allant jusqu'\u00e0 30 m\u00e8tres, nous pouvons r\u00e9aliser toutes nos formations - des cours de d\u00e9butant jusqu'au niveau d'assistant instructeur. Sans stress et sans pression de groupe! En plus: Tout se fait en mer, sans plong\u00e9es ennuyeuses en piscine. Notre baie prot\u00e9g\u00e9e a une profondeur allant jusqu'\u00e0 5 m\u00e8tres [&hellip;]","og_url":"https:\/\/dive-bluedolphin.com\/fr\/formation\/","og_site_name":"Diving Center Blue Dolphin","article_modified_time":"2021-10-31T15:01:27+00:00","twitter_card":"summary_large_image","twitter_misc":{"Dur\u00e9e de lecture estim\u00e9e":"1 minute"},"schema":{"@context":"https:\/\/schema.org","@graph":[{"@type":"WebPage","@id":"https:\/\/dive-bluedolphin.com\/fr\/formation\/","url":"https:\/\/dive-bluedolphin.com\/fr\/formation\/","name":"Formation - notre force - Diving Center Blue Dolphin","isPartOf":{"@id":"https:\/\/dive-bluedolphin.com\/fr\/#website"},"datePublished":"2021-09-06T16:33:41+00:00","dateModified":"2021-10-31T15:01:27+00:00","breadcrumb":{"@id":"https:\/\/dive-bluedolphin.com\/fr\/formation\/#breadcrumb"},"inLanguage":"fr-FR","potentialAction":[{"@type":"ReadAction","target":["https:\/\/dive-bluedolphin.com\/fr\/formation\/"]}]},{"@type":"BreadcrumbList","@id":"https:\/\/dive-bluedolphin.com\/fr\/formation\/#breadcrumb","itemListElement":[{"@type":"ListItem","position":1,"name":"Home","item":"https:\/\/dive-bluedolphin.com\/fr\/"},{"@type":"ListItem","position":2,"name":"Formation &#8211; notre force"}]},{"@type":"WebSite","@id":"https:\/\/dive-bluedolphin.com\/fr\/#website","url":"https:\/\/dive-bluedolphin.com\/fr\/","name":"Diving Center Blue Dolphin","description":"Elounda - Crete","potentialAction":[{"@type":"SearchAction","target":{"@type":"EntryPoint","urlTemplate":"https:\/\/dive-bluedolphin.com\/fr\/?s={search_term_string}"},"query-input":{"@type":"PropertyValueSpecification","valueRequired":true,"valueName":"search_term_string"}}],"inLanguage":"fr-FR"}]}},"_links":{"self":[{"href":"https:\/\/dive-bluedolphin.com\/fr\/wp-json\/wp\/v2\/pages\/614","targetHints":{"allow":["GET"]}}],"collection":[{"href":"https:\/\/dive-bluedolphin.com\/fr\/wp-json\/wp\/v2\/pages"}],"about":[{"href":"https:\/\/dive-bluedolphin.com\/fr\/wp-json\/wp\/v2\/types\/page"}],"author":[{"embeddable":true,"href":"https:\/\/dive-bluedolphin.com\/fr\/wp-json\/wp\/v2\/users\/1"}],"replies":[{"embeddable":true,"href":"https:\/\/dive-bluedolphin.com\/fr\/wp-json\/wp\/v2\/comments?post=614"}],"version-history":[{"count":5,"href":"https:\/\/dive-bluedolphin.com\/fr\/wp-json\/wp\/v2\/pages\/614\/revisions"}],"predecessor-version":[{"id":627,"href":"https:\/\/dive-bluedolphin.com\/fr\/wp-json\/wp\/v2\/pages\/614\/revisions\/627"}],"wp:attachment":[{"href":"https:\/\/dive-bluedolphin.com\/fr\/wp-json\/wp\/v2\/media?parent=614"}],"curies":[{"name":"wp","href":"https:\/\/api.w.org\/{rel}","templated":true}]}}