{"id":630,"date":"2021-09-06T18:34:06","date_gmt":"2021-09-06T16:34:06","guid":{"rendered":"https:\/\/dive-bluedolphin.com\/ausbildung\/schnupperkurs\/"},"modified":"2021-10-31T16:00:43","modified_gmt":"2021-10-31T15:00:43","slug":"decouvrir-plongee-sous-marine","status":"publish","type":"page","link":"https:\/\/dive-bluedolphin.com\/fr\/formation\/decouvrir-plongee-sous-marine\/","title":{"rendered":"D\u00e9couvrir la plong\u00e9e sous-marine"},"content":{"rendered":"<div id=\"pl-630\"  class=\"panel-layout\" ><div id=\"pg-630-0\"  class=\"panel-grid panel-no-style\" ><div id=\"pgc-630-0-0\"  class=\"panel-grid-cell\" ><div id=\"panel-630-0-0-0\" class=\"so-panel widget widget_sow-editor panel-first-child panel-last-child\" data-index=\"0\" ><div\n\t\t\t\n\t\t\tclass=\"so-widget-sow-editor so-widget-sow-editor-base\"\n\t\t\t\n\t\t>\n<div class=\"siteorigin-widget-tinymce textwidget\">\n\t<p>Pour ceux qui veulent d\u00e9couvrir le monde sous-marin avec nous, mais qui n'ont pas (encore) de brevet de plongeur :<\/p>\n<\/div>\n<\/div><\/div><\/div><\/div><div id=\"pg-630-1\"  class=\"panel-grid panel-no-style\" ><div id=\"pgc-630-1-0\"  class=\"panel-grid-cell\" ><div id=\"panel-630-1-0-0\" class=\"so-panel widget widget_sow-image panel-first-child panel-last-child\" data-index=\"1\" ><div\n\t\t\t\n\t\t\tclass=\"so-widget-sow-image so-widget-sow-image-default-8b5b6f678277-630\"\n\t\t\t\n\t\t>\n<div class=\"sow-image-container\">\n\t\t<img \n\tsrc=\"https:\/\/dive-bluedolphin.com\/wp-content\/uploads\/2021\/09\/Dive-Center-Blue-Dolphin-Elounda-Crete-guests-and-happy-dive-1.jpg\" width=\"448\" height=\"336\" srcset=\"https:\/\/dive-bluedolphin.com\/wp-content\/uploads\/2021\/09\/Dive-Center-Blue-Dolphin-Elounda-Crete-guests-and-happy-dive-1.jpg 448w, https:\/\/dive-bluedolphin.com\/wp-content\/uploads\/2021\/09\/Dive-Center-Blue-Dolphin-Elounda-Crete-guests-and-happy-dive-1-300x225.jpg 300w\" sizes=\"(max-width: 448px) 100vw, 448px\" title=\"DCIM100GOPRO\" alt=\"\" \t\tclass=\"so-widget-image\"\/>\n\t<\/div>\n\n<\/div><\/div><\/div><div id=\"pgc-630-1-1\"  class=\"panel-grid-cell\" ><div id=\"panel-630-1-1-0\" class=\"so-panel widget widget_sow-editor panel-first-child panel-last-child\" data-index=\"2\" ><div\n\t\t\t\n\t\t\tclass=\"so-widget-sow-editor so-widget-sow-editor-base\"\n\t\t\t\n\t\t><h3 class=\"widget-title\">Discover Scuba Diving \/ Basic Diver<\/h3>\n<div class=\"siteorigin-widget-tinymce textwidget\">\n\t<p>La plong\u00e9e vous int\u00e9resse, mais vous ne savez pas si c'est quelque chose qui vous convient ?\u00a0 Ou vous avez peu de temps, pas envie de depenser trop d'argent ou de faire un cours complet ? Alors ce programme est fait pour vous !<\/p>\n<p>&nbsp;<\/p>\n<\/div>\n<\/div><\/div><\/div><\/div><div id=\"pg-630-2\"  class=\"panel-grid panel-no-style\" ><div id=\"pgc-630-2-0\"  class=\"panel-grid-cell\" ><div id=\"panel-630-2-0-0\" class=\"so-panel widget widget_sow-editor panel-first-child\" data-index=\"3\" ><div\n\t\t\t\n\t\t\tclass=\"so-widget-sow-editor so-widget-sow-editor-base\"\n\t\t\t\n\t\t><h3 class=\"widget-title\">D\u00e9couverte de la plong\u00e9e (depuis la plage) :<\/h3>\n<div class=\"siteorigin-widget-tinymce textwidget\">\n\t<p>Le programme Discover Scuba Diving est une introduction \u00e0 la plong\u00e9e sans trop de th\u00e9orie et une mani\u00e8re s\u00fbre pour prendre vos premi\u00e8res respirations sous l'eau sous la supervision de votre instructeur. Apr\u00e8s une courte vid\u00e9o, votre instructeur vous donnera une autre courte introduction avec les informations les plus importantes.<\/p>\n<p>Ensuite, on va enfiler notre \u00e9quipement et entrer dans l'eau peu profonde. Puis on ferra quelques exercices de base (vous apprendrez ce qu'il faut faire si l'eau p\u00e9n\u00e8tre dans le masque ou comment \u00e9quilibrer les oreilles), que le moniteur vous montrera avant que vous ne les r\u00e9p\u00e9tiez. Pendant tout ce temps, la s\u00e9curit\u00e9 est garantie.<\/p>\n<p>Apr\u00e8s avoir r\u00e9ussi les exercices, vous irez main dans la main avec l'instructeur jusqu'\u00e0 une profondeur maximale de 12 m\u00e8tres. Cette plong\u00e9e vous sera m\u00eame cr\u00e9dit\u00e9e comme la premi\u00e8re le\u00e7on de votre cours de plong\u00e9e de d\u00e9butant, si vous d\u00e9cidez de continuer et de suivre un cours avec nous.<\/p>\n<p>Vous pouvez trouver plus d'informations sur les autres cours de plong\u00e9e<\/p>\n<\/div>\n<\/div><\/div><div id=\"panel-630-2-0-1\" class=\"so-panel widget widget_sow-button panel-last-child\" data-index=\"4\" ><div\n\t\t\t\n\t\t\tclass=\"so-widget-sow-button so-widget-sow-button-atom-d630cf018251-630\"\n\t\t\t\n\t\t><div class=\"ow-button-base ow-button-align-center\"\n>\n\t\t\t<a\n\t\t\t\t\thref=\"https:\/\/dive-bluedolphin.com\/de\/ausbildung\/beginner\/\"\n\t\t\t\t\tclass=\"sowb-button ow-icon-placement-left ow-button-hover\" \t>\n\t\t<span>\n\t\t\t\n\t\t\tici!\t\t<\/span>\n\t\t\t<\/a>\n\t<\/div>\n<\/div><\/div><\/div><div id=\"pgc-630-2-1\"  class=\"panel-grid-cell\" ><div id=\"panel-630-2-1-0\" class=\"so-panel widget widget_sow-editor panel-first-child panel-last-child\" data-index=\"5\" ><div\n\t\t\t\n\t\t\tclass=\"so-widget-sow-editor so-widget-sow-editor-base\"\n\t\t\t\n\t\t><h3 class=\"widget-title\">Autres plong\u00e9es sans certification (depuis le bateau) :<\/h3>\n<div class=\"siteorigin-widget-tinymce textwidget\">\n\t<p>Apr\u00e8s avoir termin\u00e9 avec succ\u00e8s votre premier programme Discover Scuba Diving avec nous, mais sans vouloir suivre un cours complet, vous aurez la possibilit\u00e9 de faire des plong\u00e9es depuis le bateau, en plongeant main dans la main avec l'instructeur jusqu'\u00e0 une profondeur maximale de 12 m\u00e8tres.<\/p>\n<p>Apr\u00e8s avoir termin\u00e9 le Discover Scuba Diving, ce programme vous permet de partir en vacances pour une semaine de plong\u00e9e jusqu'\u00e0 12 m\u00e8tres en compagnie directe d'un instructeur.<\/p>\n<\/div>\n<\/div><\/div><\/div><\/div><\/div>","protected":false},"excerpt":{"rendered":"<p>Pour ceux qui veulent d\u00e9couvrir le monde sous-marin avec nous, mais qui n&rsquo;ont pas (encore) de brevet de plongeur : La plong\u00e9e vous int\u00e9resse, mais vous ne savez pas si c&rsquo;est quelque chose qui vous convient ?\u00a0 Ou vous avez peu de temps, pas envie de depenser trop d&rsquo;argent ou de faire un cours complet [&hellip;]<\/p>\n","protected":false},"author":1,"featured_media":0,"parent":614,"menu_order":1,"comment_status":"closed","ping_status":"closed","template":"","meta":{"footnotes":""},"class_list":["post-630","page","type-page","status-publish","hentry","post"],"yoast_head":"<!-- This site is optimized with the Yoast SEO plugin v27.3 - https:\/\/yoast.com\/product\/yoast-seo-wordpress\/ -->\n<title>D\u00e9couvrir la plong\u00e9e sous-marine - Diving Center Blue Dolphin<\/title>\n<meta name=\"robots\" content=\"index, follow, max-snippet:-1, max-image-preview:large, max-video-preview:-1\" \/>\n<link rel=\"canonical\" href=\"https:\/\/dive-bluedolphin.com\/fr\/formation\/decouvrir-plongee-sous-marine\/\" \/>\n<meta property=\"og:locale\" content=\"fr_FR\" \/>\n<meta property=\"og:type\" content=\"article\" \/>\n<meta property=\"og:title\" content=\"D\u00e9couvrir la plong\u00e9e sous-marine - Diving Center Blue Dolphin\" \/>\n<meta property=\"og:description\" content=\"Pour ceux qui veulent d\u00e9couvrir le monde sous-marin avec nous, mais qui n&#039;ont pas (encore) de brevet de plongeur : La plong\u00e9e vous int\u00e9resse, mais vous ne savez pas si c&#039;est quelque chose qui vous convient ?\u00a0 Ou vous avez peu de temps, pas envie de depenser trop d&#039;argent ou de faire un cours complet [&hellip;]\" \/>\n<meta property=\"og:url\" content=\"https:\/\/dive-bluedolphin.com\/fr\/formation\/decouvrir-plongee-sous-marine\/\" \/>\n<meta property=\"og:site_name\" content=\"Diving Center Blue Dolphin\" \/>\n<meta property=\"article:modified_time\" content=\"2021-10-31T15:00:43+00:00\" \/>\n<meta name=\"twitter:card\" content=\"summary_large_image\" \/>\n<meta name=\"twitter:label1\" content=\"Dur\u00e9e de lecture estim\u00e9e\" \/>\n\t<meta name=\"twitter:data1\" content=\"2 minutes\" \/>\n<script type=\"application\/ld+json\" class=\"yoast-schema-graph\">{\"@context\":\"https:\\\/\\\/schema.org\",\"@graph\":[{\"@type\":\"WebPage\",\"@id\":\"https:\\\/\\\/dive-bluedolphin.com\\\/fr\\\/formation\\\/decouvrir-plongee-sous-marine\\\/\",\"url\":\"https:\\\/\\\/dive-bluedolphin.com\\\/fr\\\/formation\\\/decouvrir-plongee-sous-marine\\\/\",\"name\":\"D\u00e9couvrir la plong\u00e9e sous-marine - Diving Center Blue Dolphin\",\"isPartOf\":{\"@id\":\"https:\\\/\\\/dive-bluedolphin.com\\\/fr\\\/#website\"},\"datePublished\":\"2021-09-06T16:34:06+00:00\",\"dateModified\":\"2021-10-31T15:00:43+00:00\",\"breadcrumb\":{\"@id\":\"https:\\\/\\\/dive-bluedolphin.com\\\/fr\\\/formation\\\/decouvrir-plongee-sous-marine\\\/#breadcrumb\"},\"inLanguage\":\"fr-FR\",\"potentialAction\":[{\"@type\":\"ReadAction\",\"target\":[\"https:\\\/\\\/dive-bluedolphin.com\\\/fr\\\/formation\\\/decouvrir-plongee-sous-marine\\\/\"]}]},{\"@type\":\"BreadcrumbList\",\"@id\":\"https:\\\/\\\/dive-bluedolphin.com\\\/fr\\\/formation\\\/decouvrir-plongee-sous-marine\\\/#breadcrumb\",\"itemListElement\":[{\"@type\":\"ListItem\",\"position\":1,\"name\":\"Home\",\"item\":\"https:\\\/\\\/dive-bluedolphin.com\\\/fr\\\/\"},{\"@type\":\"ListItem\",\"position\":2,\"name\":\"Formation &#8211; notre force\",\"item\":\"https:\\\/\\\/dive-bluedolphin.com\\\/fr\\\/formation\\\/\"},{\"@type\":\"ListItem\",\"position\":3,\"name\":\"D\u00e9couvrir la plong\u00e9e sous-marine\"}]},{\"@type\":\"WebSite\",\"@id\":\"https:\\\/\\\/dive-bluedolphin.com\\\/fr\\\/#website\",\"url\":\"https:\\\/\\\/dive-bluedolphin.com\\\/fr\\\/\",\"name\":\"Diving Center Blue Dolphin\",\"description\":\"Elounda - Crete\",\"potentialAction\":[{\"@type\":\"SearchAction\",\"target\":{\"@type\":\"EntryPoint\",\"urlTemplate\":\"https:\\\/\\\/dive-bluedolphin.com\\\/fr\\\/?s={search_term_string}\"},\"query-input\":{\"@type\":\"PropertyValueSpecification\",\"valueRequired\":true,\"valueName\":\"search_term_string\"}}],\"inLanguage\":\"fr-FR\"}]}<\/script>\n<!-- \/ Yoast SEO plugin. -->","yoast_head_json":{"title":"D\u00e9couvrir la plong\u00e9e sous-marine - Diving Center Blue Dolphin","robots":{"index":"index","follow":"follow","max-snippet":"max-snippet:-1","max-image-preview":"max-image-preview:large","max-video-preview":"max-video-preview:-1"},"canonical":"https:\/\/dive-bluedolphin.com\/fr\/formation\/decouvrir-plongee-sous-marine\/","og_locale":"fr_FR","og_type":"article","og_title":"D\u00e9couvrir la plong\u00e9e sous-marine - Diving Center Blue Dolphin","og_description":"Pour ceux qui veulent d\u00e9couvrir le monde sous-marin avec nous, mais qui n'ont pas (encore) de brevet de plongeur : La plong\u00e9e vous int\u00e9resse, mais vous ne savez pas si c'est quelque chose qui vous convient ?\u00a0 Ou vous avez peu de temps, pas envie de depenser trop d'argent ou de faire un cours complet [&hellip;]","og_url":"https:\/\/dive-bluedolphin.com\/fr\/formation\/decouvrir-plongee-sous-marine\/","og_site_name":"Diving Center Blue Dolphin","article_modified_time":"2021-10-31T15:00:43+00:00","twitter_card":"summary_large_image","twitter_misc":{"Dur\u00e9e de lecture estim\u00e9e":"2 minutes"},"schema":{"@context":"https:\/\/schema.org","@graph":[{"@type":"WebPage","@id":"https:\/\/dive-bluedolphin.com\/fr\/formation\/decouvrir-plongee-sous-marine\/","url":"https:\/\/dive-bluedolphin.com\/fr\/formation\/decouvrir-plongee-sous-marine\/","name":"D\u00e9couvrir la plong\u00e9e sous-marine - Diving Center Blue Dolphin","isPartOf":{"@id":"https:\/\/dive-bluedolphin.com\/fr\/#website"},"datePublished":"2021-09-06T16:34:06+00:00","dateModified":"2021-10-31T15:00:43+00:00","breadcrumb":{"@id":"https:\/\/dive-bluedolphin.com\/fr\/formation\/decouvrir-plongee-sous-marine\/#breadcrumb"},"inLanguage":"fr-FR","potentialAction":[{"@type":"ReadAction","target":["https:\/\/dive-bluedolphin.com\/fr\/formation\/decouvrir-plongee-sous-marine\/"]}]},{"@type":"BreadcrumbList","@id":"https:\/\/dive-bluedolphin.com\/fr\/formation\/decouvrir-plongee-sous-marine\/#breadcrumb","itemListElement":[{"@type":"ListItem","position":1,"name":"Home","item":"https:\/\/dive-bluedolphin.com\/fr\/"},{"@type":"ListItem","position":2,"name":"Formation &#8211; notre force","item":"https:\/\/dive-bluedolphin.com\/fr\/formation\/"},{"@type":"ListItem","position":3,"name":"D\u00e9couvrir la plong\u00e9e sous-marine"}]},{"@type":"WebSite","@id":"https:\/\/dive-bluedolphin.com\/fr\/#website","url":"https:\/\/dive-bluedolphin.com\/fr\/","name":"Diving Center Blue Dolphin","description":"Elounda - Crete","potentialAction":[{"@type":"SearchAction","target":{"@type":"EntryPoint","urlTemplate":"https:\/\/dive-bluedolphin.com\/fr\/?s={search_term_string}"},"query-input":{"@type":"PropertyValueSpecification","valueRequired":true,"valueName":"search_term_string"}}],"inLanguage":"fr-FR"}]}},"_links":{"self":[{"href":"https:\/\/dive-bluedolphin.com\/fr\/wp-json\/wp\/v2\/pages\/630","targetHints":{"allow":["GET"]}}],"collection":[{"href":"https:\/\/dive-bluedolphin.com\/fr\/wp-json\/wp\/v2\/pages"}],"about":[{"href":"https:\/\/dive-bluedolphin.com\/fr\/wp-json\/wp\/v2\/types\/page"}],"author":[{"embeddable":true,"href":"https:\/\/dive-bluedolphin.com\/fr\/wp-json\/wp\/v2\/users\/1"}],"replies":[{"embeddable":true,"href":"https:\/\/dive-bluedolphin.com\/fr\/wp-json\/wp\/v2\/comments?post=630"}],"version-history":[{"count":9,"href":"https:\/\/dive-bluedolphin.com\/fr\/wp-json\/wp\/v2\/pages\/630\/revisions"}],"predecessor-version":[{"id":1373,"href":"https:\/\/dive-bluedolphin.com\/fr\/wp-json\/wp\/v2\/pages\/630\/revisions\/1373"}],"up":[{"embeddable":true,"href":"https:\/\/dive-bluedolphin.com\/fr\/wp-json\/wp\/v2\/pages\/614"}],"wp:attachment":[{"href":"https:\/\/dive-bluedolphin.com\/fr\/wp-json\/wp\/v2\/media?parent=630"}],"curies":[{"name":"wp","href":"https:\/\/api.w.org\/{rel}","templated":true}]}}