{"id":650,"date":"2021-09-06T18:34:27","date_gmt":"2021-09-06T16:34:27","guid":{"rendered":"https:\/\/dive-bluedolphin.com\/ausbildung\/beginner\/"},"modified":"2021-10-31T16:49:35","modified_gmt":"2021-10-31T15:49:35","slug":"debutants","status":"publish","type":"page","link":"https:\/\/dive-bluedolphin.com\/fr\/formation\/debutants\/","title":{"rendered":"Pour D\u00e9butants"},"content":{"rendered":"<div id=\"pl-650\"  class=\"panel-layout\" ><div id=\"pg-650-0\"  class=\"panel-grid panel-no-style\" ><div id=\"pgc-650-0-0\"  class=\"panel-grid-cell\" ><div id=\"panel-650-0-0-0\" class=\"so-panel widget widget_sow-editor panel-first-child panel-last-child\" data-index=\"0\" ><div\n\t\t\t\n\t\t\tclass=\"so-widget-sow-editor so-widget-sow-editor-base\"\n\t\t\t\n\t\t><h3 class=\"widget-title\">Votre aventure de plong\u00e9e commence ici :<\/h3>\n<div class=\"siteorigin-widget-tinymce textwidget\">\n\t<p>Vous trouverez ci-dessous les informations de base concernant le cours \"petit\" <strong>Scuba Diver<\/strong>, le cours \"de base\", l'<strong>Open Water Diver,<\/strong> et l'extension du <strong>Scuba Diver<\/strong> \u00e0 l'<strong>Open Water Diver<\/strong>.<\/p>\n<h3><span style=\"color: #00ccff;\">Le cours Scuba Diver<\/span><\/h3>\n<p>Il s'agit d'un cours de plong\u00e9e court (2 \u00e0 3 jours) pour atteindre le premier niveau de plong\u00e9e. \u00c0 l'issue du cours, vous recevrez un certificat international de plong\u00e9e, avec lequel vous pourrez plonger dans le monde entier sous la supervision d'un divemaster ou d'un instructeur.<\/p>\n<p><div class='yrm-content yrm-content-1 yrm-content-hide  ' id='yrm-Rb9P2' data-id='1' data-show-status='false' data-after-action='' style=\"visibility: hidden;height: 0;\">\n\t\t\t<div id='yrm-inner-content-yrm-Rb9P2' class='yrm-inner-content-wrapper yrm-cntent-1'>Le<strong> Scuba Diver<\/strong> est le premier brevet de plong\u00e9e pour d\u00e9butants, parfait pour les vacanciers ou pour les personnes qui ne veulent faire que quelques plong\u00e9es par an. En tant que pr\u00e9curseur du programme <strong>Open Water Diver<\/strong>, le <strong>Scuba Diver<\/strong> vous permet d'\u00eatre certifi\u00e9 rapidement et facilement en un minimum de temps.<\/p>\n<p>Avec la certification <strong>Scuba Diver<\/strong>, vous pouvez aller plonger avec un Divemaster, un Assistant Instructeur, un Instructeur ou un professionnel de la plong\u00e9e avec une formation encore plus pouss\u00e9e lors de vos prochaines vacances ou voyages de plong\u00e9e.<\/p>\n<p>Pendant le cours, vous apprendrez les bases de la plong\u00e9e sous-marine, notamment la manutention de l'\u00e9quipement de plong\u00e9e et les diff\u00e9rentes techniques de plong\u00e9e. Vous obtiendrez votre dipl\u00f4me de <strong>Scuba Diver<\/strong> en participant \u00e0 des le\u00e7ons th\u00e9oriques et \u00e0 des plong\u00e9es en piscine et \u00e0 deux plong\u00e9es en milieu naturel.<\/p>\n<p>Si vous voulez gagner un peu de temps en vacances pour d'autres activit\u00e9s, vous avez meme la possibilit\u00e9 de lire la th\u00e9orie avant de venir en utilisant une application que vous pourriez t\u00e9l\u00e9charger sur votre smartphone! <a href=\"https:\/\/dive-bluedolphin.com\/fr\/kontakt\/\">Veuillez nous contacter pour plus d'informations<\/a>.<\/p>\n<p>Vous pouvez \u00e0 tout moment passer du cours Scuba Diver au cours Open Water Diver.<\/p>\n<p><strong>Conditions pr\u00e9alables :<\/strong><\/p>\n<ul>\n<li>\u00c2ge minimum de 10 ans<\/li>\n<li>Certificat m\u00e9dical datant de moins de 2 ans, ou vous pouvez \u00e9galement remplir un questionnaire m\u00e9dical sur place, si vous n'avez pas de probl\u00e8mes de sant\u00e9 ou de maladies et si vous ne prenez pas de m\u00e9dicaments.<\/li>\n<\/ul>\n<p><strong>Le cours comprend :<\/strong><\/p>\n<ul>\n<li>3 le\u00e7ons th\u00e9oriques<\/li>\n<li>3 modules de formation en eau peu profonde<\/li>\n<li>2 plong\u00e9es en eau libre pour appliquer ce que vous avez appris en pr\u00e9sence de l'instructeur<\/li>\n<li>Mat\u00e9riel de location inclus<\/li>\n<li>Apr\u00e8s la certification : profondeur de plong\u00e9e maximale de 12 m\u00e8tres en compagnie d'un professionnel de plong\u00e9e<\/div>\n\t\t<\/div><div class='yrm-btn-wrapper yrm-btn-wrapper-1 yrm-more-button-wrapper button '\n\t\tdata-custom-more-class-name='button' data-custom-less-class-name='button'><span title='' data-less-title='' data-more-title='' class='yrm-toggle-expand  yrm-toggle-expand-1 yrm-button-auto-mode' data-rel='yrm-Rb9P2' data-more='Ouvrir' data-less='Fermer'><span class='yrm-text-wrapper '><span class=\"yrm-button-text-1 yrm-button-text-span\">Ouvrir<\/span><\/span><\/span><\/div><\/li>\n<\/ul>\n<p>Obtenez votre certification de plong\u00e9e. Si vous avez toujours voulu apprendre \u00e0 plonger, si vous \u00eates \u00e0 la recherche de nouvelles aventures et si vous voulez d\u00e9couvrir le fabuleux monde sous-marin :<\/p>\n<h3><span style=\"color: #00ccff;\">Cours Open Water Diver<\/span><\/h3>\n<p>Le cours <strong>Open Water Diver<\/strong> est le cours de plong\u00e9e le plus (re)connu au monde et a d\u00e9j\u00e0 permis \u00e0 des millions de personnes de d\u00e9couvrir le style de vie aventureux de plong\u00e9e.<\/p>\n<p><div class='yrm-content yrm-content-1 yrm-content-hide  ' id='yrm-8N3LE' data-id='1' data-show-status='false' data-after-action='' style=\"visibility: hidden;height: 0;\">\n\t\t\t<div id='yrm-inner-content-yrm-8N3LE' class='yrm-inner-content-wrapper yrm-cntent-1'>Le c\u00f4t\u00e9 excitant de ce cours est... Eh bien, \u00e0 vrai dire, tout, parce qu'apprendre \u00e0 plonger est tout simplement incroyablement g\u00e9nial. Vous respirerez sous l'eau pour la premi\u00e8re fois (ce que nous vous garantissons que vous n'oublierez pas) et apprendrez tout ce qui est n\u00e9cessaire pour devenir un plongeur certifi\u00e9 international. Pendant le cours, sous la supervision de votre instructeur, vous effectuerez au moins cinq s\u00e9ances de plong\u00e9e en eau peu profonde et quatre plong\u00e9es sans stress sur notre r\u00e9cif maison.<\/p>\n<p>Ce programme de certification reconnu dans le monde entier est le meilleur moyen de commencer une aventure et de continuer toute une vie en tant que plongeur certifi\u00e9. Gr\u00e2ce \u00e0 une formation personnalis\u00e9e combin\u00e9e \u00e0 des exercices dans l'eau, vous acquerrez les comp\u00e9tences et l'exp\u00e9rience n\u00e9cessaires pour vous sentir \u00e0 l'aise et en s\u00e9curit\u00e9 sous l'eau. \u00e0 la fin de ce cours, vous recevrez la certification <strong>Open Water Diver<\/strong>.<\/p>\n<p>Le mat\u00e9riel d'apprentissage, c\u00e0d la formation th\u00e9orique, s'appuie sur des vid\u00e9os d'apprentissage, des pr\u00e9sentations sous forme de diaporama et des cours en classe.<\/p>\n<p>En apprenant \u00e0 l'avance de mani\u00e8re interactive sur Internet, vous pouvez meme gagner un temps pr\u00e9cieux en vacances pour d'autres activit\u00e9s !<a href=\"https:\/\/dive-bluedolphin.com\/fr\/kontakt\/\"> Veuillez nous contacter pour plus d'informations<\/a>.<\/p>\n<p><strong>Conditions pr\u00e9alables :<\/strong><\/p>\n<ul>\n<li>\u00c2ge minimum de 10 ans<\/li>\n<li>Certificat m\u00e9dical de sant\u00e9 datant de moins de 2 ans, ou vous pouvez remplir un questionnaire m\u00e9dical sur place, mais seulement si vous n'avez pas de probl\u00e8mes de sant\u00e9 ou de maladies et ne prenez pas de m\u00e9dicaments.<\/li>\n<\/ul>\n<p><strong>Contenu du cours :<\/strong><\/p>\n<ul>\n<li>5 le\u00e7ons th\u00e9oriques<\/li>\n<li>5 modules de formation<\/li>\n<li>4 plong\u00e9es en milieu naturel, y compris la location du mat\u00e9riel.<\/li>\n<li>Profondeur maximale de plong\u00e9e apr\u00e8s la certification : 18 m\u00e8tres<\/li>\n<\/ul>\n<p>Le concept du programme <strong>Open Water Diver<\/strong> est unique au monde. Aucune exp\u00e9rience de snorkeling n'est n\u00e9cessaire avant de commencer la plong\u00e9e sous-marine. La premi\u00e8re le\u00e7on dans l'eau commence imm\u00e9diatement avec un \u00e9quipement de plong\u00e9e complet.<\/p>\n<p><\/div>\n\t\t<\/div><div class='yrm-btn-wrapper yrm-btn-wrapper-1 yrm-more-button-wrapper button '\n\t\tdata-custom-more-class-name='button' data-custom-less-class-name='button'><span title='' data-less-title='' data-more-title='' class='yrm-toggle-expand  yrm-toggle-expand-1 yrm-button-auto-mode' data-rel='yrm-8N3LE' data-more='Ouvrir' data-less='Fermer'><span class='yrm-text-wrapper '><span class=\"yrm-button-text-1 yrm-button-text-span\">Ouvrir<\/span><\/span><\/span><\/div>Vous \u00eates d\u00e9j\u00e0 un <strong>Scuba Diver<\/strong> et vous souhaitez poursuivre votre formation pour devenir un<strong> Open Water Diver<\/strong> ? Alors ce cours est fait pour vous !<\/p>\n<p>&nbsp;<\/p>\n<h3><span style=\"color: #00ccff;\">Scuba Diver vers l'Open Water Diver<\/span><\/h3>\n<p>Sur la base des connaissances et des comp\u00e9tences acquises dans le cours <strong>Scuba Diver<\/strong>, ce cours vous enseigne les modules restants pour devenir un <strong>Open Water Diver<\/strong>.<\/p>\n<div class='yrm-content yrm-content-1 yrm-content-hide  ' id='yrm-kFBxV' data-id='1' data-show-status='false' data-after-action='' style=\"visibility: hidden;height: 0;\">\n\t\t\t<div id='yrm-inner-content-yrm-kFBxV' class='yrm-inner-content-wrapper yrm-cntent-1'>Apr\u00e8s avoir r\u00e9ussi le cours<strong> Open Water Diver<\/strong>, vous serez en mesure de planifier et d'effectuer des plong\u00e9es de mani\u00e8re ind\u00e9pendante avec votre bin\u00f4me de plong\u00e9e.<\/p>\n<p><strong>Le cours se compose des parties suivantes :<\/strong><\/p>\n<ul>\n<li>2 le\u00e7ons th\u00e9oriques<\/li>\n<li>2 modules de formation<\/li>\n<li>2 plong\u00e9es en milieu naturel<\/li>\n<\/ul>\n<p>Au cours de deux le\u00e7ons th\u00e9oriques, que vous allez \u00e9tudier d'abord de mani\u00e8re autonome en utilisant le manuel <strong>Open Water Diver<\/strong>, la DVD ou via Internet, vous apprenez, entre autres, \u00e0 planifier des plong\u00e9es de mani\u00e8re autonome. Pendant les cours th\u00e9oriques dans le centre de plong\u00e9e, vous aurez l'occasion de r\u00e9viser et d'approfondir vos connaissances.<\/p>\n<p>Au-del\u00e0 des comp\u00e9tences de plong\u00e9e que vous avez d\u00e9j\u00e0 acquises, vous apprendrez et pratiquerez de nouvelles comp\u00e9tences et proc\u00e9dures de plong\u00e9e sous la direction de votre instructeur.<\/p>\n<p style=\"text-align: left;\">Lors des derni\u00e8res plong\u00e9es en milieu naturel, vous appliquerez et d\u00e9velopperez vos connaissances et vos comp\u00e9tences nouvellement acquises dans un environnement de plong\u00e9e r\u00e9el, sous la direction et l'accompagnement de votre instructeur<\/div>\n\t\t<\/div><div class='yrm-btn-wrapper yrm-btn-wrapper-1 yrm-more-button-wrapper button '\n\t\tdata-custom-more-class-name='button' data-custom-less-class-name='button'><span title='' data-less-title='' data-more-title='' class='yrm-toggle-expand  yrm-toggle-expand-1 yrm-button-auto-mode' data-rel='yrm-kFBxV' data-more='Ouvrir' data-less='Fermer'><span class='yrm-text-wrapper '><span class=\"yrm-button-text-1 yrm-button-text-span\">Ouvrir<\/span><\/span><\/span><\/div>\n<\/div>\n<\/div><\/div><\/div><\/div><\/div>","protected":false},"excerpt":{"rendered":"<p>Vous trouverez ci-dessous les informations de base concernant le cours \u00ab\u00a0petit\u00a0\u00bb Scuba Diver, le cours \u00ab\u00a0de base\u00a0\u00bb, l&rsquo;Open Water Diver, et l&rsquo;extension du Scuba Diver \u00e0 l&rsquo;Open Water Diver. Le cours Scuba Diver Il s&rsquo;agit d&rsquo;un cours de plong\u00e9e court (2 \u00e0 3 jours) pour atteindre le premier niveau de plong\u00e9e. \u00c0 l&rsquo;issue du cours, [&hellip;]<\/p>\n","protected":false},"author":1,"featured_media":0,"parent":614,"menu_order":2,"comment_status":"closed","ping_status":"closed","template":"","meta":{"footnotes":""},"class_list":["post-650","page","type-page","status-publish","hentry","post"],"yoast_head":"<!-- This site is optimized with the Yoast SEO plugin v27.4 - https:\/\/yoast.com\/product\/yoast-seo-wordpress\/ -->\n<title>Pour D\u00e9butants - Diving Center Blue Dolphin<\/title>\n<meta name=\"robots\" content=\"index, follow, max-snippet:-1, max-image-preview:large, max-video-preview:-1\" \/>\n<link rel=\"canonical\" href=\"https:\/\/dive-bluedolphin.com\/fr\/formation\/debutants\/\" \/>\n<meta property=\"og:locale\" content=\"fr_FR\" \/>\n<meta property=\"og:type\" content=\"article\" \/>\n<meta property=\"og:title\" content=\"Pour D\u00e9butants - Diving Center Blue Dolphin\" \/>\n<meta property=\"og:description\" content=\"Vous trouverez ci-dessous les informations de base concernant le cours &quot;petit&quot; Scuba Diver, le cours &quot;de base&quot;, l&#039;Open Water Diver, et l&#039;extension du Scuba Diver \u00e0 l&#039;Open Water Diver. Le cours Scuba Diver Il s&#039;agit d&#039;un cours de plong\u00e9e court (2 \u00e0 3 jours) pour atteindre le premier niveau de plong\u00e9e. \u00c0 l&#039;issue du cours, [&hellip;]\" \/>\n<meta property=\"og:url\" content=\"https:\/\/dive-bluedolphin.com\/fr\/formation\/debutants\/\" \/>\n<meta property=\"og:site_name\" content=\"Diving Center Blue Dolphin\" \/>\n<meta property=\"article:modified_time\" content=\"2021-10-31T15:49:35+00:00\" \/>\n<meta name=\"twitter:card\" content=\"summary_large_image\" \/>\n<meta name=\"twitter:label1\" content=\"Dur\u00e9e de lecture estim\u00e9e\" \/>\n\t<meta name=\"twitter:data1\" content=\"5 minutes\" \/>\n<script type=\"application\/ld+json\" class=\"yoast-schema-graph\">{\"@context\":\"https:\\\/\\\/schema.org\",\"@graph\":[{\"@type\":\"WebPage\",\"@id\":\"https:\\\/\\\/dive-bluedolphin.com\\\/fr\\\/formation\\\/debutants\\\/\",\"url\":\"https:\\\/\\\/dive-bluedolphin.com\\\/fr\\\/formation\\\/debutants\\\/\",\"name\":\"Pour D\u00e9butants - Diving Center Blue Dolphin\",\"isPartOf\":{\"@id\":\"https:\\\/\\\/dive-bluedolphin.com\\\/fr\\\/#website\"},\"datePublished\":\"2021-09-06T16:34:27+00:00\",\"dateModified\":\"2021-10-31T15:49:35+00:00\",\"breadcrumb\":{\"@id\":\"https:\\\/\\\/dive-bluedolphin.com\\\/fr\\\/formation\\\/debutants\\\/#breadcrumb\"},\"inLanguage\":\"fr-FR\",\"potentialAction\":[{\"@type\":\"ReadAction\",\"target\":[\"https:\\\/\\\/dive-bluedolphin.com\\\/fr\\\/formation\\\/debutants\\\/\"]}]},{\"@type\":\"BreadcrumbList\",\"@id\":\"https:\\\/\\\/dive-bluedolphin.com\\\/fr\\\/formation\\\/debutants\\\/#breadcrumb\",\"itemListElement\":[{\"@type\":\"ListItem\",\"position\":1,\"name\":\"Home\",\"item\":\"https:\\\/\\\/dive-bluedolphin.com\\\/fr\\\/\"},{\"@type\":\"ListItem\",\"position\":2,\"name\":\"Formation &#8211; notre force\",\"item\":\"https:\\\/\\\/dive-bluedolphin.com\\\/fr\\\/formation\\\/\"},{\"@type\":\"ListItem\",\"position\":3,\"name\":\"Pour D\u00e9butants\"}]},{\"@type\":\"WebSite\",\"@id\":\"https:\\\/\\\/dive-bluedolphin.com\\\/fr\\\/#website\",\"url\":\"https:\\\/\\\/dive-bluedolphin.com\\\/fr\\\/\",\"name\":\"Diving Center Blue Dolphin\",\"description\":\"Elounda - Crete\",\"potentialAction\":[{\"@type\":\"SearchAction\",\"target\":{\"@type\":\"EntryPoint\",\"urlTemplate\":\"https:\\\/\\\/dive-bluedolphin.com\\\/fr\\\/?s={search_term_string}\"},\"query-input\":{\"@type\":\"PropertyValueSpecification\",\"valueRequired\":true,\"valueName\":\"search_term_string\"}}],\"inLanguage\":\"fr-FR\"}]}<\/script>\n<!-- \/ Yoast SEO plugin. -->","yoast_head_json":{"title":"Pour D\u00e9butants - Diving Center Blue Dolphin","robots":{"index":"index","follow":"follow","max-snippet":"max-snippet:-1","max-image-preview":"max-image-preview:large","max-video-preview":"max-video-preview:-1"},"canonical":"https:\/\/dive-bluedolphin.com\/fr\/formation\/debutants\/","og_locale":"fr_FR","og_type":"article","og_title":"Pour D\u00e9butants - Diving Center Blue Dolphin","og_description":"Vous trouverez ci-dessous les informations de base concernant le cours \"petit\" Scuba Diver, le cours \"de base\", l'Open Water Diver, et l'extension du Scuba Diver \u00e0 l'Open Water Diver. Le cours Scuba Diver Il s'agit d'un cours de plong\u00e9e court (2 \u00e0 3 jours) pour atteindre le premier niveau de plong\u00e9e. \u00c0 l'issue du cours, [&hellip;]","og_url":"https:\/\/dive-bluedolphin.com\/fr\/formation\/debutants\/","og_site_name":"Diving Center Blue Dolphin","article_modified_time":"2021-10-31T15:49:35+00:00","twitter_card":"summary_large_image","twitter_misc":{"Dur\u00e9e de lecture estim\u00e9e":"5 minutes"},"schema":{"@context":"https:\/\/schema.org","@graph":[{"@type":"WebPage","@id":"https:\/\/dive-bluedolphin.com\/fr\/formation\/debutants\/","url":"https:\/\/dive-bluedolphin.com\/fr\/formation\/debutants\/","name":"Pour D\u00e9butants - Diving Center Blue Dolphin","isPartOf":{"@id":"https:\/\/dive-bluedolphin.com\/fr\/#website"},"datePublished":"2021-09-06T16:34:27+00:00","dateModified":"2021-10-31T15:49:35+00:00","breadcrumb":{"@id":"https:\/\/dive-bluedolphin.com\/fr\/formation\/debutants\/#breadcrumb"},"inLanguage":"fr-FR","potentialAction":[{"@type":"ReadAction","target":["https:\/\/dive-bluedolphin.com\/fr\/formation\/debutants\/"]}]},{"@type":"BreadcrumbList","@id":"https:\/\/dive-bluedolphin.com\/fr\/formation\/debutants\/#breadcrumb","itemListElement":[{"@type":"ListItem","position":1,"name":"Home","item":"https:\/\/dive-bluedolphin.com\/fr\/"},{"@type":"ListItem","position":2,"name":"Formation &#8211; notre force","item":"https:\/\/dive-bluedolphin.com\/fr\/formation\/"},{"@type":"ListItem","position":3,"name":"Pour D\u00e9butants"}]},{"@type":"WebSite","@id":"https:\/\/dive-bluedolphin.com\/fr\/#website","url":"https:\/\/dive-bluedolphin.com\/fr\/","name":"Diving Center Blue Dolphin","description":"Elounda - Crete","potentialAction":[{"@type":"SearchAction","target":{"@type":"EntryPoint","urlTemplate":"https:\/\/dive-bluedolphin.com\/fr\/?s={search_term_string}"},"query-input":{"@type":"PropertyValueSpecification","valueRequired":true,"valueName":"search_term_string"}}],"inLanguage":"fr-FR"}]}},"_links":{"self":[{"href":"https:\/\/dive-bluedolphin.com\/fr\/wp-json\/wp\/v2\/pages\/650","targetHints":{"allow":["GET"]}}],"collection":[{"href":"https:\/\/dive-bluedolphin.com\/fr\/wp-json\/wp\/v2\/pages"}],"about":[{"href":"https:\/\/dive-bluedolphin.com\/fr\/wp-json\/wp\/v2\/types\/page"}],"author":[{"embeddable":true,"href":"https:\/\/dive-bluedolphin.com\/fr\/wp-json\/wp\/v2\/users\/1"}],"replies":[{"embeddable":true,"href":"https:\/\/dive-bluedolphin.com\/fr\/wp-json\/wp\/v2\/comments?post=650"}],"version-history":[{"count":9,"href":"https:\/\/dive-bluedolphin.com\/fr\/wp-json\/wp\/v2\/pages\/650\/revisions"}],"predecessor-version":[{"id":1383,"href":"https:\/\/dive-bluedolphin.com\/fr\/wp-json\/wp\/v2\/pages\/650\/revisions\/1383"}],"up":[{"embeddable":true,"href":"https:\/\/dive-bluedolphin.com\/fr\/wp-json\/wp\/v2\/pages\/614"}],"wp:attachment":[{"href":"https:\/\/dive-bluedolphin.com\/fr\/wp-json\/wp\/v2\/media?parent=650"}],"curies":[{"name":"wp","href":"https:\/\/api.w.org\/{rel}","templated":true}]}}