{"id":761,"date":"2021-09-06T18:34:51","date_gmt":"2021-09-06T16:34:51","guid":{"rendered":"https:\/\/dive-bluedolphin.com\/ausbildung\/kinder-ab-8-jahren\/"},"modified":"2021-11-03T13:00:10","modified_gmt":"2021-11-03T12:00:10","slug":"enfants","status":"publish","type":"page","link":"https:\/\/dive-bluedolphin.com\/fr\/formation\/enfants\/","title":{"rendered":"Enfants \u00e0 partir de 8 ans"},"content":{"rendered":"<div id=\"pl-761\"  class=\"panel-layout\" ><div id=\"pg-761-0\"  class=\"panel-grid panel-no-style\" ><div id=\"pgc-761-0-0\"  class=\"panel-grid-cell\" ><div id=\"panel-761-0-0-0\" class=\"so-panel widget widget_sow-image panel-first-child panel-last-child\" data-index=\"0\" ><div\n\t\t\t\n\t\t\tclass=\"so-widget-sow-image so-widget-sow-image-default-dbf295114b96-761\"\n\t\t\t\n\t\t>\n<div class=\"sow-image-container\">\n\t\t<img \n\tsrc=\"https:\/\/dive-bluedolphin.com\/wp-content\/uploads\/2021\/09\/kinder1-gr.jpg\" width=\"227\" height=\"170\" sizes=\"(max-width: 227px) 100vw, 227px\" alt=\"\" \t\tclass=\"so-widget-image\"\/>\n\t<\/div>\n\n<\/div><\/div><\/div><div id=\"pgc-761-0-1\"  class=\"panel-grid-cell\" ><div id=\"panel-761-0-1-0\" class=\"so-panel widget widget_sow-editor panel-first-child panel-last-child\" data-index=\"1\" ><div\n\t\t\t\n\t\t\tclass=\"so-widget-sow-editor so-widget-sow-editor-base\"\n\t\t\t\n\t\t>\n<div class=\"siteorigin-widget-tinymce textwidget\">\n\t<h3><span style=\"color: #00ccff;\">Bubblemaker<\/span><\/h3>\n<p>Plong\u00e9e fun pour les enfants les plus cool ! (sans certification)<\/p>\n<p>Une grande aventure pour les enfants de 8 ans et plus qui veulent d\u00e9couvrir l'aventure de la plong\u00e9e et le monde sous-marin. Ici, la s\u00e9curit\u00e9 est apprise de mani\u00e8re amusante et avec beaucoup de plaisir, toujours sous la supervision directe d'un instructeur de plong\u00e9e.<\/p>\n<p>Dur\u00e9e du cours : environ 90 minutes, profondeur maximale de plong\u00e9e : 4 m\u00e8tres.<\/p>\n<\/div>\n<\/div><\/div><\/div><\/div><div id=\"pg-761-1\"  class=\"panel-grid panel-no-style\" ><div id=\"pgc-761-1-0\"  class=\"panel-grid-cell\" ><div id=\"panel-761-1-0-0\" class=\"so-panel widget widget_sow-editor panel-first-child panel-last-child\" data-index=\"2\" ><div\n\t\t\t\n\t\t\tclass=\"so-widget-sow-editor so-widget-sow-editor-base\"\n\t\t\t\n\t\t>\n<div class=\"siteorigin-widget-tinymce textwidget\">\n\t<h3><span style=\"color: #00ccff;\">Junior Scuba Diver<\/span><\/h3>\n<p>Il s'agit du cours Scuba Diver pour les 10 \u00e0 15 ans et d'un programme de 2 jours et \u00bd qui peut \u00eatre cr\u00e9dit\u00e9 comme la premi\u00e8re partie du cours Junior Open Water Diver. \u00c0 l'issue de ce cours, vous recevrez un certificat international de plong\u00e9e qui vous permettra de plonger dans le monde entier sous la supervision d'un Divemaster ou d'un instructeur.<\/p>\n<p>&nbsp;<\/p>\n<p><strong>Conditions pr\u00e9alables :<\/strong><\/p>\n<ul>\n<li>\u00c2ge minimum de 10 ans<\/li>\n<\/ul>\n<p><strong>Le cours comprends:<\/strong><\/p>\n<ul>\n<li>3 le\u00e7ons th\u00e9oriques<\/li>\n<li>3 modules de formation en eau peu profonde<\/li>\n<li>2 plong\u00e9es en eau libre pour appliquer ce que vous avez appris en pr\u00e9sence de l'instructeur.<\/li>\n<li>Mat\u00e9riel de location inclus<\/li>\n<li>Apr\u00e8s la certification : profondeur maximale de 12 m\u00e8tres en compagnie d'un professionnel de la plong\u00e9e.<\/li>\n<\/ul>\n<p><em><strong>Apr\u00e8s votre 15e anniversaire, votre certification Junior Scuba Diver devient automatiquement une certification Scuba Diver.<\/strong><\/em><\/p>\n<p>&nbsp;<\/p>\n<h3><span style=\"color: #00ccff;\">Junior Open Water Diver<\/span><\/h3>\n<p>Il s'agit du cours Open Water Diver pour les jeunes de 10 \u00e0 15 ans. La structure et les exigences de performance sont les m\u00eames, mais les juniors doivent \u00eatre accompagn\u00e9s d'un adulte \u00e0 chaque plong\u00e9e. Les plongeurs \u00e2g\u00e9s de 10 \u00e0 12 ans sont autoris\u00e9s \u00e0 plonger \u00e0 une profondeur maximale de 12 m\u00e8tres qu'avec un parent ou un tuteur ou un professionnel de la plong\u00e9e.<\/p>\n<p>&nbsp;<\/p>\n<p><strong>Conditions pr\u00e9alables :<\/strong><\/p>\n<ul>\n<li>\u00c2ge minimum 10 ans<\/li>\n<\/ul>\n<p><strong>Le cours comprend :<\/strong><\/p>\n<ul>\n<li>5 le\u00e7ons th\u00e9oriques<\/li>\n<li>5 modules de formation en eau peu profonde<\/li>\n<li>4 plong\u00e9es en eau libre pour appliquer ce que vous avez appris en pr\u00e9sence de l'instructeur.<\/li>\n<li>Mat\u00e9riel de location inclus<\/li>\n<li>Apr\u00e8s la certification : profondeur de plong\u00e9e maximale de 12 (10-12 ans) ou 18 m\u00e8tres (12 ans et plus) en compagnie d'un professionnel de plong\u00e9e.<\/li>\n<\/ul>\n<p><em><strong>Apr\u00e8s votre 15e anniversaire, votre certification Junior Open Water devient automatiquement une certification Open Water Diver.<\/strong><\/em><\/p>\n<p>&nbsp;<\/p>\n<\/div>\n<\/div><\/div><\/div><\/div><\/div>","protected":false},"excerpt":{"rendered":"<p>Bubblemaker Plong\u00e9e fun pour les enfants les plus cool ! (sans certification) Une grande aventure pour les enfants de 8 ans et plus qui veulent d\u00e9couvrir l&rsquo;aventure de la plong\u00e9e et le monde sous-marin. Ici, la s\u00e9curit\u00e9 est apprise de mani\u00e8re amusante et avec beaucoup de plaisir, toujours sous la supervision directe d&rsquo;un instructeur de [&hellip;]<\/p>\n","protected":false},"author":1,"featured_media":0,"parent":614,"menu_order":3,"comment_status":"closed","ping_status":"closed","template":"","meta":{"footnotes":""},"class_list":["post-761","page","type-page","status-publish","hentry","post"],"yoast_head":"<!-- This site is optimized with the Yoast SEO plugin v27.3 - https:\/\/yoast.com\/product\/yoast-seo-wordpress\/ -->\n<title>Enfants \u00e0 partir de 8 ans - Diving Center Blue Dolphin<\/title>\n<meta name=\"robots\" content=\"index, follow, max-snippet:-1, max-image-preview:large, max-video-preview:-1\" \/>\n<link rel=\"canonical\" href=\"https:\/\/dive-bluedolphin.com\/fr\/formation\/enfants\/\" \/>\n<meta property=\"og:locale\" content=\"fr_FR\" \/>\n<meta property=\"og:type\" content=\"article\" \/>\n<meta property=\"og:title\" content=\"Enfants \u00e0 partir de 8 ans - Diving Center Blue Dolphin\" \/>\n<meta property=\"og:description\" content=\"Bubblemaker Plong\u00e9e fun pour les enfants les plus cool ! (sans certification) Une grande aventure pour les enfants de 8 ans et plus qui veulent d\u00e9couvrir l&#039;aventure de la plong\u00e9e et le monde sous-marin. Ici, la s\u00e9curit\u00e9 est apprise de mani\u00e8re amusante et avec beaucoup de plaisir, toujours sous la supervision directe d&#039;un instructeur de [&hellip;]\" \/>\n<meta property=\"og:url\" content=\"https:\/\/dive-bluedolphin.com\/fr\/formation\/enfants\/\" \/>\n<meta property=\"og:site_name\" content=\"Diving Center Blue Dolphin\" \/>\n<meta property=\"article:modified_time\" content=\"2021-11-03T12:00:10+00:00\" \/>\n<meta name=\"twitter:card\" content=\"summary_large_image\" \/>\n<meta name=\"twitter:label1\" content=\"Dur\u00e9e de lecture estim\u00e9e\" \/>\n\t<meta name=\"twitter:data1\" content=\"2 minutes\" \/>\n<script type=\"application\/ld+json\" class=\"yoast-schema-graph\">{\"@context\":\"https:\\\/\\\/schema.org\",\"@graph\":[{\"@type\":\"WebPage\",\"@id\":\"https:\\\/\\\/dive-bluedolphin.com\\\/fr\\\/formation\\\/enfants\\\/\",\"url\":\"https:\\\/\\\/dive-bluedolphin.com\\\/fr\\\/formation\\\/enfants\\\/\",\"name\":\"Enfants \u00e0 partir de 8 ans - Diving Center Blue Dolphin\",\"isPartOf\":{\"@id\":\"https:\\\/\\\/dive-bluedolphin.com\\\/fr\\\/#website\"},\"datePublished\":\"2021-09-06T16:34:51+00:00\",\"dateModified\":\"2021-11-03T12:00:10+00:00\",\"breadcrumb\":{\"@id\":\"https:\\\/\\\/dive-bluedolphin.com\\\/fr\\\/formation\\\/enfants\\\/#breadcrumb\"},\"inLanguage\":\"fr-FR\",\"potentialAction\":[{\"@type\":\"ReadAction\",\"target\":[\"https:\\\/\\\/dive-bluedolphin.com\\\/fr\\\/formation\\\/enfants\\\/\"]}]},{\"@type\":\"BreadcrumbList\",\"@id\":\"https:\\\/\\\/dive-bluedolphin.com\\\/fr\\\/formation\\\/enfants\\\/#breadcrumb\",\"itemListElement\":[{\"@type\":\"ListItem\",\"position\":1,\"name\":\"Home\",\"item\":\"https:\\\/\\\/dive-bluedolphin.com\\\/fr\\\/\"},{\"@type\":\"ListItem\",\"position\":2,\"name\":\"Formation &#8211; notre force\",\"item\":\"https:\\\/\\\/dive-bluedolphin.com\\\/fr\\\/formation\\\/\"},{\"@type\":\"ListItem\",\"position\":3,\"name\":\"Enfants \u00e0 partir de 8 ans\"}]},{\"@type\":\"WebSite\",\"@id\":\"https:\\\/\\\/dive-bluedolphin.com\\\/fr\\\/#website\",\"url\":\"https:\\\/\\\/dive-bluedolphin.com\\\/fr\\\/\",\"name\":\"Diving Center Blue Dolphin\",\"description\":\"Elounda - Crete\",\"potentialAction\":[{\"@type\":\"SearchAction\",\"target\":{\"@type\":\"EntryPoint\",\"urlTemplate\":\"https:\\\/\\\/dive-bluedolphin.com\\\/fr\\\/?s={search_term_string}\"},\"query-input\":{\"@type\":\"PropertyValueSpecification\",\"valueRequired\":true,\"valueName\":\"search_term_string\"}}],\"inLanguage\":\"fr-FR\"}]}<\/script>\n<!-- \/ Yoast SEO plugin. -->","yoast_head_json":{"title":"Enfants \u00e0 partir de 8 ans - Diving Center Blue Dolphin","robots":{"index":"index","follow":"follow","max-snippet":"max-snippet:-1","max-image-preview":"max-image-preview:large","max-video-preview":"max-video-preview:-1"},"canonical":"https:\/\/dive-bluedolphin.com\/fr\/formation\/enfants\/","og_locale":"fr_FR","og_type":"article","og_title":"Enfants \u00e0 partir de 8 ans - Diving Center Blue Dolphin","og_description":"Bubblemaker Plong\u00e9e fun pour les enfants les plus cool ! (sans certification) Une grande aventure pour les enfants de 8 ans et plus qui veulent d\u00e9couvrir l'aventure de la plong\u00e9e et le monde sous-marin. Ici, la s\u00e9curit\u00e9 est apprise de mani\u00e8re amusante et avec beaucoup de plaisir, toujours sous la supervision directe d'un instructeur de [&hellip;]","og_url":"https:\/\/dive-bluedolphin.com\/fr\/formation\/enfants\/","og_site_name":"Diving Center Blue Dolphin","article_modified_time":"2021-11-03T12:00:10+00:00","twitter_card":"summary_large_image","twitter_misc":{"Dur\u00e9e de lecture estim\u00e9e":"2 minutes"},"schema":{"@context":"https:\/\/schema.org","@graph":[{"@type":"WebPage","@id":"https:\/\/dive-bluedolphin.com\/fr\/formation\/enfants\/","url":"https:\/\/dive-bluedolphin.com\/fr\/formation\/enfants\/","name":"Enfants \u00e0 partir de 8 ans - Diving Center Blue Dolphin","isPartOf":{"@id":"https:\/\/dive-bluedolphin.com\/fr\/#website"},"datePublished":"2021-09-06T16:34:51+00:00","dateModified":"2021-11-03T12:00:10+00:00","breadcrumb":{"@id":"https:\/\/dive-bluedolphin.com\/fr\/formation\/enfants\/#breadcrumb"},"inLanguage":"fr-FR","potentialAction":[{"@type":"ReadAction","target":["https:\/\/dive-bluedolphin.com\/fr\/formation\/enfants\/"]}]},{"@type":"BreadcrumbList","@id":"https:\/\/dive-bluedolphin.com\/fr\/formation\/enfants\/#breadcrumb","itemListElement":[{"@type":"ListItem","position":1,"name":"Home","item":"https:\/\/dive-bluedolphin.com\/fr\/"},{"@type":"ListItem","position":2,"name":"Formation &#8211; notre force","item":"https:\/\/dive-bluedolphin.com\/fr\/formation\/"},{"@type":"ListItem","position":3,"name":"Enfants \u00e0 partir de 8 ans"}]},{"@type":"WebSite","@id":"https:\/\/dive-bluedolphin.com\/fr\/#website","url":"https:\/\/dive-bluedolphin.com\/fr\/","name":"Diving Center Blue Dolphin","description":"Elounda - Crete","potentialAction":[{"@type":"SearchAction","target":{"@type":"EntryPoint","urlTemplate":"https:\/\/dive-bluedolphin.com\/fr\/?s={search_term_string}"},"query-input":{"@type":"PropertyValueSpecification","valueRequired":true,"valueName":"search_term_string"}}],"inLanguage":"fr-FR"}]}},"_links":{"self":[{"href":"https:\/\/dive-bluedolphin.com\/fr\/wp-json\/wp\/v2\/pages\/761","targetHints":{"allow":["GET"]}}],"collection":[{"href":"https:\/\/dive-bluedolphin.com\/fr\/wp-json\/wp\/v2\/pages"}],"about":[{"href":"https:\/\/dive-bluedolphin.com\/fr\/wp-json\/wp\/v2\/types\/page"}],"author":[{"embeddable":true,"href":"https:\/\/dive-bluedolphin.com\/fr\/wp-json\/wp\/v2\/users\/1"}],"replies":[{"embeddable":true,"href":"https:\/\/dive-bluedolphin.com\/fr\/wp-json\/wp\/v2\/comments?post=761"}],"version-history":[{"count":13,"href":"https:\/\/dive-bluedolphin.com\/fr\/wp-json\/wp\/v2\/pages\/761\/revisions"}],"predecessor-version":[{"id":1427,"href":"https:\/\/dive-bluedolphin.com\/fr\/wp-json\/wp\/v2\/pages\/761\/revisions\/1427"}],"up":[{"embeddable":true,"href":"https:\/\/dive-bluedolphin.com\/fr\/wp-json\/wp\/v2\/pages\/614"}],"wp:attachment":[{"href":"https:\/\/dive-bluedolphin.com\/fr\/wp-json\/wp\/v2\/media?parent=761"}],"curies":[{"name":"wp","href":"https:\/\/api.w.org\/{rel}","templated":true}]}}