{"id":787,"date":"2021-09-06T18:35:15","date_gmt":"2021-09-06T16:35:15","guid":{"rendered":"https:\/\/dive-bluedolphin.com\/ausbildung\/ausbildung-weiterbildung\/"},"modified":"2021-11-03T13:38:05","modified_gmt":"2021-11-03T12:38:05","slug":"formation-continue","status":"publish","type":"page","link":"https:\/\/dive-bluedolphin.com\/fr\/formation\/formation-continue\/","title":{"rendered":"Formation continue"},"content":{"rendered":"<div id=\"pl-787\"  class=\"panel-layout\" ><div id=\"pg-787-0\"  class=\"panel-grid panel-no-style\" ><div id=\"pgc-787-0-0\"  class=\"panel-grid-cell\" ><div id=\"panel-787-0-0-0\" class=\"so-panel widget widget_sow-editor panel-first-child panel-last-child\" data-index=\"0\" ><div\n\t\t\t\n\t\t\tclass=\"so-widget-sow-editor so-widget-sow-editor-base\"\n\t\t\t\n\t\t>\n<div class=\"siteorigin-widget-tinymce textwidget\">\n\t<h3><span style=\"color: #00ccff;\">Advanced Open Water Diver (PADI) \/ Advanced Adventure Diver (SSI)<\/span><\/h3>\n<p>Cette certification est requise pour pouvoir plonger \u00e0 plus de 18 m\u00e8tres de profondeur. Elle vous permet \u00e9galement d'acqu\u00e9rir des connaissances importantes au-del\u00e0 de la certification de plong\u00e9e de base et de trouver vos pr\u00e9f\u00e9rences.<\/p>\n<p>Ce cours de 2 \u00e0 3 jours vous permet d'acqu\u00e9rir plus d'exp\u00e9rience sous la direction et la supervision d'un instructeur. La seule exigence est d'effectuer 5 plong\u00e9es d'aventure avec la th\u00e9orie correspondante. Vous pouvez choisir trois modules qui vous int\u00e9ressent parmi le grand nombre de programmes offerts.\u00a0 Les deux autres sont obligatoires.<\/p>\n<\/div>\n<\/div><\/div><\/div><\/div><div id=\"pg-787-1\"  class=\"panel-grid panel-no-style\" ><div id=\"pgc-787-1-0\"  class=\"panel-grid-cell\" ><div id=\"panel-787-1-0-0\" class=\"so-panel widget widget_sow-image panel-first-child panel-last-child\" data-index=\"1\" ><div\n\t\t\t\n\t\t\tclass=\"so-widget-sow-image so-widget-sow-image-default-8b5b6f678277-787\"\n\t\t\t\n\t\t>\n<div class=\"sow-image-container\">\n\t\t<img \n\tsrc=\"https:\/\/dive-bluedolphin.com\/wp-content\/uploads\/2021\/09\/Joschi-3.jpg\" width=\"448\" height=\"252\" srcset=\"https:\/\/dive-bluedolphin.com\/wp-content\/uploads\/2021\/09\/Joschi-3.jpg 448w, https:\/\/dive-bluedolphin.com\/wp-content\/uploads\/2021\/09\/Joschi-3-300x169.jpg 300w\" sizes=\"(max-width: 448px) 100vw, 448px\" alt=\"\" \t\tclass=\"so-widget-image\"\/>\n\t<\/div>\n\n<\/div><\/div><\/div><div id=\"pgc-787-1-1\"  class=\"panel-grid-cell\" ><div id=\"panel-787-1-1-0\" class=\"so-panel widget widget_sow-editor panel-first-child panel-last-child\" data-index=\"2\" ><div\n\t\t\t\n\t\t\tclass=\"so-widget-sow-editor so-widget-sow-editor-base\"\n\t\t\t\n\t\t>\n<div class=\"siteorigin-widget-tinymce textwidget\">\n\t<p><strong>Le cours comprend :<\/strong><\/p>\n<ul>\n<li>De courtes le\u00e7ons th\u00e9oriques pour chacune des plong\u00e9es d'aventure.<\/li>\n<li>2 modules obligatoires : Plong\u00e9e profonde (jusqu'\u00e0 30 m\u00e8tres) et navigation.<\/li>\n<li>3 plong\u00e9es facultatives, par exemple : optimisation de la flottabilit\u00e9, plong\u00e9e de nuit, photographie, identification des poissons, plong\u00e9e sur \u00e9pave, recherche et r\u00e9cup\u00e9ration... Informez-vous aupr\u00e8s de nos instructeurs lesquelles vous souhaitez faire !<\/li>\n<\/ul>\n<\/div>\n<\/div><\/div><\/div><\/div><div id=\"pg-787-2\"  class=\"panel-grid panel-no-style\" ><div id=\"pgc-787-2-0\"  class=\"panel-grid-cell\" ><div id=\"panel-787-2-0-0\" class=\"so-panel widget widget_sow-editor panel-first-child panel-last-child\" data-index=\"3\" ><div\n\t\t\t\n\t\t\tclass=\"so-widget-sow-editor so-widget-sow-editor-base\"\n\t\t\t\n\t\t>\n<div class=\"siteorigin-widget-tinymce textwidget\">\n\t<h3><span style=\"color: #00ccff;\">Premiers secours \/ React Right<\/span><\/h3>\n<p>Ce cours pratique n'est pas seulement recommand\u00e9 aux plongeurs, mais aussi au non-plongeurs car il enseigne les bases de premiers secours dans des situations qui peuvent aussi se produire dans la vie quotidienne.<\/p>\n<p>On y apprend les premiers secours \u00e0 l'aide de petites le\u00e7ons faciles \u00e0 comprendre, ainsi qu'\u00e0 travers des vid\u00e9os et \u00e0 l'aide d'un mannequin. En commen\u00e7ant par ce qu'il faut faire si quelqu'un ne se sent pas bien jusqu'\u00e0 l'approche des victimes \u00e9vanouies ou qui\u00a0 ne respirant pas. Dans le cours, on pr\u00eate \u00e9galement une grande attention \u00e0 ce que le sauveteur soit le plus s\u00fbr que possible.<\/p>\n<p>Dur\u00e9e apr\u00e8s apprentissage autonome : environ 8 heures<\/p>\n<p style=\"text-align: center;\">*****<\/p>\n<h3><span style=\"color: #00ccff;\">Rescue Diver<\/span><\/h3>\n<p>\u00catre un Rescue Diver signifie apprendre \u00e0 assister un autre plongeur et \u00e0 l'aider \u00e0 g\u00e9rer des probl\u00e8mes. Vous serez form\u00e9 \u00e0 reconna\u00eetre des probl\u00e8mes \u00e0 temps (avant m\u00eame que le plongeur ne sache qu'il en a) et \u00e0 prendre des mesures appropri\u00e9es pour les \u00e9viter.<\/p>\n<p>Des sc\u00e9narios de mise en pratique sont utilis\u00e9s pour \u00e9tudier toutes les situations, des crampes et des situations de panique, quoi faire en cas de disparition d'un plongeur ou de la r\u00e9cup\u00e9ration d'un bless\u00e9. Ce cours vous permettra d'\u00e9viter les m\u00e9saventures de la meilleure fa\u00e7on possible. Il vous donnera les connaissances qui vous permettront d'acqu\u00e9rir la confiance n\u00e9cessaire pour faire face \u00e0 des situations difficiles.<\/p>\n<p><strong>Le cours comprend:<\/strong><\/p>\n<ul>\n<li>10 le\u00e7ons th\u00e9oriques<\/li>\n<li>10 sc\u00e9narios pratiques en eau peu profonde<\/li>\n<li>Cr\u00e9ation d'un plan de sauvetage<\/li>\n<li>Des sc\u00e9narios en eau libre pour appliquer ce qui a \u00e9t\u00e9 appris en pr\u00e9sence de l'instructeur.<\/li>\n<\/ul>\n<p>Dur\u00e9e environ 4-5 jours<\/p>\n<p style=\"text-align: center;\">*****<\/p>\n<h3><span style=\"color: #00ccff;\">Plongeur Nitrox<\/span><\/h3>\n<p>Depuis notre naissance, nous respirons du Nitrox (Nitrogen = azote et Oxygen = oxyg\u00e8ne). Mais seuls quelques uns connaissent la s\u00e9curit\u00e9 suppl\u00e9mentaire que ce m\u00e9lange gazeux enrichi en oxyg\u00e8ne apporte \u00e0 la plong\u00e9e.<\/p>\n<p>Beaucoup pensent que le Nitrox est une plong\u00e9e technique (Tec-diving)... loin de l\u00e0 !<\/p>\n<p>La plong\u00e9e au Nitrox minimise l'azote avec un enrichissement en oxyg\u00e8ne, nous avons donc moins de saturation en azote pendant et apr\u00e8s la plong\u00e9e.<\/p>\n<ul>\n<li>Dur\u00e9e du cours 1 \u00bd jours<\/li>\n<li>2 le\u00e7ons th\u00e9oriques<\/li>\n<li>2 plong\u00e9es en milieu naturel<\/li>\n<li>Pr\u00e9requis : Licence de plong\u00e9e min. Open Water ou \u00e9quivalent<\/li>\n<\/ul>\n<p style=\"text-align: center;\"><span style=\"color: #ffffff;\">*****<\/span><\/p>\n<h3><span style=\"color: #00ccff;\">Cours de sp\u00e9cialit\u00e9s diverses<\/span><\/h3>\n<p>Nous proposons diff\u00e9rents cours de sp\u00e9cialit\u00e9. Ceux-ci incluent des cours de sp\u00e9cialit\u00e9 en plong\u00e9e profonde et de nuit, le perfectionnement de la flottabilit\u00e9, la photographie, l'identification des poissons et bien d'autres choses encore.<a href=\"https:\/\/dive-bluedolphin.com\/fr\/kontakt\/\"> Il suffit de demander<\/a> !<\/p>\n<\/div>\n<\/div><\/div><\/div><\/div><\/div>","protected":false},"excerpt":{"rendered":"<p>Advanced Open Water Diver (PADI) \/ Advanced Adventure Diver (SSI) Cette certification est requise pour pouvoir plonger \u00e0 plus de 18 m\u00e8tres de profondeur. Elle vous permet \u00e9galement d&rsquo;acqu\u00e9rir des connaissances importantes au-del\u00e0 de la certification de plong\u00e9e de base et de trouver vos pr\u00e9f\u00e9rences. Ce cours de 2 \u00e0 3 jours vous permet d&rsquo;acqu\u00e9rir [&hellip;]<\/p>\n","protected":false},"author":1,"featured_media":0,"parent":614,"menu_order":4,"comment_status":"closed","ping_status":"closed","template":"","meta":{"footnotes":""},"class_list":["post-787","page","type-page","status-publish","hentry","post"],"yoast_head":"<!-- This site is optimized with the Yoast SEO plugin v27.5 - https:\/\/yoast.com\/product\/yoast-seo-wordpress\/ -->\n<title>Formation continue - Diving Center Blue Dolphin<\/title>\n<meta name=\"robots\" content=\"index, follow, max-snippet:-1, max-image-preview:large, max-video-preview:-1\" \/>\n<link rel=\"canonical\" href=\"https:\/\/dive-bluedolphin.com\/fr\/formation\/formation-continue\/\" \/>\n<meta property=\"og:locale\" content=\"fr_FR\" \/>\n<meta property=\"og:type\" content=\"article\" \/>\n<meta property=\"og:title\" content=\"Formation continue - Diving Center Blue Dolphin\" \/>\n<meta property=\"og:description\" content=\"Advanced Open Water Diver (PADI) \/ Advanced Adventure Diver (SSI) Cette certification est requise pour pouvoir plonger \u00e0 plus de 18 m\u00e8tres de profondeur. Elle vous permet \u00e9galement d&#039;acqu\u00e9rir des connaissances importantes au-del\u00e0 de la certification de plong\u00e9e de base et de trouver vos pr\u00e9f\u00e9rences. Ce cours de 2 \u00e0 3 jours vous permet d&#039;acqu\u00e9rir [&hellip;]\" \/>\n<meta property=\"og:url\" content=\"https:\/\/dive-bluedolphin.com\/fr\/formation\/formation-continue\/\" \/>\n<meta property=\"og:site_name\" content=\"Diving Center Blue Dolphin\" \/>\n<meta property=\"article:modified_time\" content=\"2021-11-03T12:38:05+00:00\" \/>\n<meta name=\"twitter:card\" content=\"summary_large_image\" \/>\n<meta name=\"twitter:label1\" content=\"Dur\u00e9e de lecture estim\u00e9e\" \/>\n\t<meta name=\"twitter:data1\" content=\"3 minutes\" \/>\n<script type=\"application\/ld+json\" class=\"yoast-schema-graph\">{\"@context\":\"https:\\\/\\\/schema.org\",\"@graph\":[{\"@type\":\"WebPage\",\"@id\":\"https:\\\/\\\/dive-bluedolphin.com\\\/fr\\\/formation\\\/formation-continue\\\/\",\"url\":\"https:\\\/\\\/dive-bluedolphin.com\\\/fr\\\/formation\\\/formation-continue\\\/\",\"name\":\"Formation continue - Diving Center Blue Dolphin\",\"isPartOf\":{\"@id\":\"https:\\\/\\\/dive-bluedolphin.com\\\/fr\\\/#website\"},\"datePublished\":\"2021-09-06T16:35:15+00:00\",\"dateModified\":\"2021-11-03T12:38:05+00:00\",\"breadcrumb\":{\"@id\":\"https:\\\/\\\/dive-bluedolphin.com\\\/fr\\\/formation\\\/formation-continue\\\/#breadcrumb\"},\"inLanguage\":\"fr-FR\",\"potentialAction\":[{\"@type\":\"ReadAction\",\"target\":[\"https:\\\/\\\/dive-bluedolphin.com\\\/fr\\\/formation\\\/formation-continue\\\/\"]}]},{\"@type\":\"BreadcrumbList\",\"@id\":\"https:\\\/\\\/dive-bluedolphin.com\\\/fr\\\/formation\\\/formation-continue\\\/#breadcrumb\",\"itemListElement\":[{\"@type\":\"ListItem\",\"position\":1,\"name\":\"Home\",\"item\":\"https:\\\/\\\/dive-bluedolphin.com\\\/fr\\\/\"},{\"@type\":\"ListItem\",\"position\":2,\"name\":\"Formation &#8211; notre force\",\"item\":\"https:\\\/\\\/dive-bluedolphin.com\\\/fr\\\/formation\\\/\"},{\"@type\":\"ListItem\",\"position\":3,\"name\":\"Formation continue\"}]},{\"@type\":\"WebSite\",\"@id\":\"https:\\\/\\\/dive-bluedolphin.com\\\/fr\\\/#website\",\"url\":\"https:\\\/\\\/dive-bluedolphin.com\\\/fr\\\/\",\"name\":\"Diving Center Blue Dolphin\",\"description\":\"Elounda - Crete\",\"potentialAction\":[{\"@type\":\"SearchAction\",\"target\":{\"@type\":\"EntryPoint\",\"urlTemplate\":\"https:\\\/\\\/dive-bluedolphin.com\\\/fr\\\/?s={search_term_string}\"},\"query-input\":{\"@type\":\"PropertyValueSpecification\",\"valueRequired\":true,\"valueName\":\"search_term_string\"}}],\"inLanguage\":\"fr-FR\"}]}<\/script>\n<!-- \/ Yoast SEO plugin. -->","yoast_head_json":{"title":"Formation continue - Diving Center Blue Dolphin","robots":{"index":"index","follow":"follow","max-snippet":"max-snippet:-1","max-image-preview":"max-image-preview:large","max-video-preview":"max-video-preview:-1"},"canonical":"https:\/\/dive-bluedolphin.com\/fr\/formation\/formation-continue\/","og_locale":"fr_FR","og_type":"article","og_title":"Formation continue - Diving Center Blue Dolphin","og_description":"Advanced Open Water Diver (PADI) \/ Advanced Adventure Diver (SSI) Cette certification est requise pour pouvoir plonger \u00e0 plus de 18 m\u00e8tres de profondeur. Elle vous permet \u00e9galement d'acqu\u00e9rir des connaissances importantes au-del\u00e0 de la certification de plong\u00e9e de base et de trouver vos pr\u00e9f\u00e9rences. Ce cours de 2 \u00e0 3 jours vous permet d'acqu\u00e9rir [&hellip;]","og_url":"https:\/\/dive-bluedolphin.com\/fr\/formation\/formation-continue\/","og_site_name":"Diving Center Blue Dolphin","article_modified_time":"2021-11-03T12:38:05+00:00","twitter_card":"summary_large_image","twitter_misc":{"Dur\u00e9e de lecture estim\u00e9e":"3 minutes"},"schema":{"@context":"https:\/\/schema.org","@graph":[{"@type":"WebPage","@id":"https:\/\/dive-bluedolphin.com\/fr\/formation\/formation-continue\/","url":"https:\/\/dive-bluedolphin.com\/fr\/formation\/formation-continue\/","name":"Formation continue - Diving Center Blue Dolphin","isPartOf":{"@id":"https:\/\/dive-bluedolphin.com\/fr\/#website"},"datePublished":"2021-09-06T16:35:15+00:00","dateModified":"2021-11-03T12:38:05+00:00","breadcrumb":{"@id":"https:\/\/dive-bluedolphin.com\/fr\/formation\/formation-continue\/#breadcrumb"},"inLanguage":"fr-FR","potentialAction":[{"@type":"ReadAction","target":["https:\/\/dive-bluedolphin.com\/fr\/formation\/formation-continue\/"]}]},{"@type":"BreadcrumbList","@id":"https:\/\/dive-bluedolphin.com\/fr\/formation\/formation-continue\/#breadcrumb","itemListElement":[{"@type":"ListItem","position":1,"name":"Home","item":"https:\/\/dive-bluedolphin.com\/fr\/"},{"@type":"ListItem","position":2,"name":"Formation &#8211; notre force","item":"https:\/\/dive-bluedolphin.com\/fr\/formation\/"},{"@type":"ListItem","position":3,"name":"Formation continue"}]},{"@type":"WebSite","@id":"https:\/\/dive-bluedolphin.com\/fr\/#website","url":"https:\/\/dive-bluedolphin.com\/fr\/","name":"Diving Center Blue Dolphin","description":"Elounda - Crete","potentialAction":[{"@type":"SearchAction","target":{"@type":"EntryPoint","urlTemplate":"https:\/\/dive-bluedolphin.com\/fr\/?s={search_term_string}"},"query-input":{"@type":"PropertyValueSpecification","valueRequired":true,"valueName":"search_term_string"}}],"inLanguage":"fr-FR"}]}},"_links":{"self":[{"href":"https:\/\/dive-bluedolphin.com\/fr\/wp-json\/wp\/v2\/pages\/787","targetHints":{"allow":["GET"]}}],"collection":[{"href":"https:\/\/dive-bluedolphin.com\/fr\/wp-json\/wp\/v2\/pages"}],"about":[{"href":"https:\/\/dive-bluedolphin.com\/fr\/wp-json\/wp\/v2\/types\/page"}],"author":[{"embeddable":true,"href":"https:\/\/dive-bluedolphin.com\/fr\/wp-json\/wp\/v2\/users\/1"}],"replies":[{"embeddable":true,"href":"https:\/\/dive-bluedolphin.com\/fr\/wp-json\/wp\/v2\/comments?post=787"}],"version-history":[{"count":11,"href":"https:\/\/dive-bluedolphin.com\/fr\/wp-json\/wp\/v2\/pages\/787\/revisions"}],"predecessor-version":[{"id":1437,"href":"https:\/\/dive-bluedolphin.com\/fr\/wp-json\/wp\/v2\/pages\/787\/revisions\/1437"}],"up":[{"embeddable":true,"href":"https:\/\/dive-bluedolphin.com\/fr\/wp-json\/wp\/v2\/pages\/614"}],"wp:attachment":[{"href":"https:\/\/dive-bluedolphin.com\/fr\/wp-json\/wp\/v2\/media?parent=787"}],"curies":[{"name":"wp","href":"https:\/\/api.w.org\/{rel}","templated":true}]}}