{"id":832,"date":"2021-09-06T18:36:36","date_gmt":"2021-09-06T16:36:36","guid":{"rendered":"https:\/\/dive-bluedolphin.com\/unterbringung\/"},"modified":"2021-11-03T16:06:56","modified_gmt":"2021-11-03T15:06:56","slug":"logement","status":"publish","type":"page","link":"https:\/\/dive-bluedolphin.com\/fr\/logement\/","title":{"rendered":"Logement"},"content":{"rendered":"<p>L&rsquo;h\u00f4tel Sensimar Aquila Elounda Village *****, o\u00f9 se trouve notre centre de plong\u00e9e, est un complexe spacieux dot\u00e9 de nombreuses piscines d&rsquo;eau douce et d&rsquo;eau de mer. Il est situ\u00e9 au milieu d&rsquo;un complexe de jardins tranquilles, qui descendent en terrasses vers la mer. L&rsquo;h\u00f4tel appartient \u00e0 la plus grande cha\u00eene h\u00f4teli\u00e8re grecque, connue pour ses normes internationales \u00e9lev\u00e9es et son excellente cuisine.<\/p>\n<p>Les clients qui ne plongent pas sont \u00e9galement bien servis, car ils ne risquent pas de s&rsquo;ennuyer avec les activit\u00e9s d&rsquo;animation et les superbes installations de spa, ainsi que les excursions organis\u00e9es.<\/p>\n<p>L&rsquo;h\u00f4tel Sensimar Aquila Elounda Village ***** est un h\u00f4tel r\u00e9serv\u00e9 aux adultes et accessible aux personnes \u00e2g\u00e9es de 16 ans et plus. Nous accueillons donc nos jeunes clients \u00e0 notre base secondaire de l&rsquo;h\u00f4tel Elounda Breeze, o\u00f9 nous offrons \u00e9galement des plong\u00e9es d&rsquo;initiation, un bapt\u00eame de plong\u00e9e facile et des cours de plong\u00e9e. Pour les sorties en bateau, nos jeunes plongeurs sont r\u00e9cup\u00e9r\u00e9s en bateau sur la plage de l&rsquo;h\u00f4tel Elounda Breeze.<\/p>\n<p>D&rsquo;autres possibilit\u00e9s d&rsquo;h\u00e9bergement 3 et 4 \u00e9toiles dans des h\u00f4tels et dans des appartements situ\u00e9s dans les environs imm\u00e9diats offrent des alternatives diverses et abordables pour tous nos clients.<\/p>\n<p>Voici un petit aper\u00e7u des possibilit\u00e9s d&rsquo;h\u00e9bergement dans les environs imm\u00e9diats.<\/p>\n<p style=\"text-align: center;\">***<\/p>\n<h3>H\u00f4tels \u00e0 proximit\u00e9 (jusqu&rsquo;\u00e0 5 min)<\/h3>\n<p>H\u00f4tel Elounda Ilion****<\/p>\n<p>H\u00f4tel Elounda Breeze****<\/p>\n<p>H\u00f4tel Elounda Palm****<\/p>\n<p>H\u00f4tel Elounda Krini ***<\/p>\n<p>Villas Vistas d&rsquo;Elounda<\/p>\n<p>________________________________________<\/p>\n<p>Elounda Gulf Villas &amp; Suits*****<\/p>\n<p>Elounda Mare*****+<\/p>\n<p>Porto Elounda Mare*****+<\/p>\n<p>Elounda Bay Palace*****<\/p>\n<p>________________________________________<\/p>\n<h3>H\u00f4tels et appartements \u00e0 proximit\u00e9 (5 \u00e0 10 min)<\/h3>\n<p>H\u00f4tel Elounda Residence ( Aquapark)****<\/p>\n<p>Elounda Garden Suites &#8211; https:\/\/eloundagardensuites.com\/<\/p>\n<p>H\u00f4tel Akti Olous ***<\/p>\n<p>Elounda Blu **** &#8211; https:\/\/eloundablu.com\/<\/p>\n<p>Villas de l&rsquo;\u00eele d&rsquo;Elounda<\/p>\n<p>Studios George &#8211; https:\/\/www.eloundageorgestudios.gr\/<\/p>\n<p>________________________________________<\/p>\n<p>Nous offrons un transfert gratuit \u00e0 tous les h\u00e9bergements et villas mentionn\u00e9s \u00e0 Elounda ! Selon la disponibilit\u00e9, nous sommes heureux de vous aider avec l&rsquo;arrangement.<\/p>\n<p>La ville d&rsquo;Agios Nikolaos n&rsquo;est qu&rsquo;\u00e0 environ 15 minutes en voiture de notre centre de plong\u00e9e !<\/p>\n","protected":false},"excerpt":{"rendered":"<p>L&rsquo;h\u00f4tel Sensimar Aquila Elounda Village *****, o\u00f9 se trouve notre centre de plong\u00e9e, est un complexe spacieux dot\u00e9 de nombreuses piscines d&rsquo;eau douce et d&rsquo;eau de mer. Il est situ\u00e9 au milieu d&rsquo;un complexe de jardins tranquilles, qui descendent en terrasses vers la mer. L&rsquo;h\u00f4tel appartient \u00e0 la plus grande cha\u00eene h\u00f4teli\u00e8re grecque, connue pour [&hellip;]<\/p>\n","protected":false},"author":1,"featured_media":0,"parent":0,"menu_order":5,"comment_status":"closed","ping_status":"closed","template":"","meta":{"footnotes":""},"class_list":["post-832","page","type-page","status-publish","hentry","post"],"yoast_head":"<!-- This site is optimized with the Yoast SEO plugin v27.3 - https:\/\/yoast.com\/product\/yoast-seo-wordpress\/ -->\n<title>Logement - Diving Center Blue Dolphin<\/title>\n<meta name=\"robots\" content=\"index, follow, max-snippet:-1, max-image-preview:large, max-video-preview:-1\" \/>\n<link rel=\"canonical\" href=\"https:\/\/dive-bluedolphin.com\/fr\/logement\/\" \/>\n<meta property=\"og:locale\" content=\"fr_FR\" \/>\n<meta property=\"og:type\" content=\"article\" \/>\n<meta property=\"og:title\" content=\"Logement - Diving Center Blue Dolphin\" \/>\n<meta property=\"og:description\" content=\"L&rsquo;h\u00f4tel Sensimar Aquila Elounda Village *****, o\u00f9 se trouve notre centre de plong\u00e9e, est un complexe spacieux dot\u00e9 de nombreuses piscines d&rsquo;eau douce et d&rsquo;eau de mer. Il est situ\u00e9 au milieu d&rsquo;un complexe de jardins tranquilles, qui descendent en terrasses vers la mer. L&rsquo;h\u00f4tel appartient \u00e0 la plus grande cha\u00eene h\u00f4teli\u00e8re grecque, connue pour [&hellip;]\" \/>\n<meta property=\"og:url\" content=\"https:\/\/dive-bluedolphin.com\/fr\/logement\/\" \/>\n<meta property=\"og:site_name\" content=\"Diving Center Blue Dolphin\" \/>\n<meta property=\"article:modified_time\" content=\"2021-11-03T15:06:56+00:00\" \/>\n<meta name=\"twitter:card\" content=\"summary_large_image\" \/>\n<meta name=\"twitter:label1\" content=\"Dur\u00e9e de lecture estim\u00e9e\" \/>\n\t<meta name=\"twitter:data1\" content=\"2 minutes\" \/>\n<script type=\"application\/ld+json\" class=\"yoast-schema-graph\">{\"@context\":\"https:\\\/\\\/schema.org\",\"@graph\":[{\"@type\":\"WebPage\",\"@id\":\"https:\\\/\\\/dive-bluedolphin.com\\\/fr\\\/logement\\\/\",\"url\":\"https:\\\/\\\/dive-bluedolphin.com\\\/fr\\\/logement\\\/\",\"name\":\"Logement - Diving Center Blue Dolphin\",\"isPartOf\":{\"@id\":\"https:\\\/\\\/dive-bluedolphin.com\\\/fr\\\/#website\"},\"datePublished\":\"2021-09-06T16:36:36+00:00\",\"dateModified\":\"2021-11-03T15:06:56+00:00\",\"breadcrumb\":{\"@id\":\"https:\\\/\\\/dive-bluedolphin.com\\\/fr\\\/logement\\\/#breadcrumb\"},\"inLanguage\":\"fr-FR\",\"potentialAction\":[{\"@type\":\"ReadAction\",\"target\":[\"https:\\\/\\\/dive-bluedolphin.com\\\/fr\\\/logement\\\/\"]}]},{\"@type\":\"BreadcrumbList\",\"@id\":\"https:\\\/\\\/dive-bluedolphin.com\\\/fr\\\/logement\\\/#breadcrumb\",\"itemListElement\":[{\"@type\":\"ListItem\",\"position\":1,\"name\":\"Home\",\"item\":\"https:\\\/\\\/dive-bluedolphin.com\\\/fr\\\/\"},{\"@type\":\"ListItem\",\"position\":2,\"name\":\"Logement\"}]},{\"@type\":\"WebSite\",\"@id\":\"https:\\\/\\\/dive-bluedolphin.com\\\/fr\\\/#website\",\"url\":\"https:\\\/\\\/dive-bluedolphin.com\\\/fr\\\/\",\"name\":\"Diving Center Blue Dolphin\",\"description\":\"Elounda - Crete\",\"potentialAction\":[{\"@type\":\"SearchAction\",\"target\":{\"@type\":\"EntryPoint\",\"urlTemplate\":\"https:\\\/\\\/dive-bluedolphin.com\\\/fr\\\/?s={search_term_string}\"},\"query-input\":{\"@type\":\"PropertyValueSpecification\",\"valueRequired\":true,\"valueName\":\"search_term_string\"}}],\"inLanguage\":\"fr-FR\"}]}<\/script>\n<!-- \/ Yoast SEO plugin. -->","yoast_head_json":{"title":"Logement - Diving Center Blue Dolphin","robots":{"index":"index","follow":"follow","max-snippet":"max-snippet:-1","max-image-preview":"max-image-preview:large","max-video-preview":"max-video-preview:-1"},"canonical":"https:\/\/dive-bluedolphin.com\/fr\/logement\/","og_locale":"fr_FR","og_type":"article","og_title":"Logement - Diving Center Blue Dolphin","og_description":"L&rsquo;h\u00f4tel Sensimar Aquila Elounda Village *****, o\u00f9 se trouve notre centre de plong\u00e9e, est un complexe spacieux dot\u00e9 de nombreuses piscines d&rsquo;eau douce et d&rsquo;eau de mer. Il est situ\u00e9 au milieu d&rsquo;un complexe de jardins tranquilles, qui descendent en terrasses vers la mer. L&rsquo;h\u00f4tel appartient \u00e0 la plus grande cha\u00eene h\u00f4teli\u00e8re grecque, connue pour [&hellip;]","og_url":"https:\/\/dive-bluedolphin.com\/fr\/logement\/","og_site_name":"Diving Center Blue Dolphin","article_modified_time":"2021-11-03T15:06:56+00:00","twitter_card":"summary_large_image","twitter_misc":{"Dur\u00e9e de lecture estim\u00e9e":"2 minutes"},"schema":{"@context":"https:\/\/schema.org","@graph":[{"@type":"WebPage","@id":"https:\/\/dive-bluedolphin.com\/fr\/logement\/","url":"https:\/\/dive-bluedolphin.com\/fr\/logement\/","name":"Logement - Diving Center Blue Dolphin","isPartOf":{"@id":"https:\/\/dive-bluedolphin.com\/fr\/#website"},"datePublished":"2021-09-06T16:36:36+00:00","dateModified":"2021-11-03T15:06:56+00:00","breadcrumb":{"@id":"https:\/\/dive-bluedolphin.com\/fr\/logement\/#breadcrumb"},"inLanguage":"fr-FR","potentialAction":[{"@type":"ReadAction","target":["https:\/\/dive-bluedolphin.com\/fr\/logement\/"]}]},{"@type":"BreadcrumbList","@id":"https:\/\/dive-bluedolphin.com\/fr\/logement\/#breadcrumb","itemListElement":[{"@type":"ListItem","position":1,"name":"Home","item":"https:\/\/dive-bluedolphin.com\/fr\/"},{"@type":"ListItem","position":2,"name":"Logement"}]},{"@type":"WebSite","@id":"https:\/\/dive-bluedolphin.com\/fr\/#website","url":"https:\/\/dive-bluedolphin.com\/fr\/","name":"Diving Center Blue Dolphin","description":"Elounda - Crete","potentialAction":[{"@type":"SearchAction","target":{"@type":"EntryPoint","urlTemplate":"https:\/\/dive-bluedolphin.com\/fr\/?s={search_term_string}"},"query-input":{"@type":"PropertyValueSpecification","valueRequired":true,"valueName":"search_term_string"}}],"inLanguage":"fr-FR"}]}},"_links":{"self":[{"href":"https:\/\/dive-bluedolphin.com\/fr\/wp-json\/wp\/v2\/pages\/832","targetHints":{"allow":["GET"]}}],"collection":[{"href":"https:\/\/dive-bluedolphin.com\/fr\/wp-json\/wp\/v2\/pages"}],"about":[{"href":"https:\/\/dive-bluedolphin.com\/fr\/wp-json\/wp\/v2\/types\/page"}],"author":[{"embeddable":true,"href":"https:\/\/dive-bluedolphin.com\/fr\/wp-json\/wp\/v2\/users\/1"}],"replies":[{"embeddable":true,"href":"https:\/\/dive-bluedolphin.com\/fr\/wp-json\/wp\/v2\/comments?post=832"}],"version-history":[{"count":4,"href":"https:\/\/dive-bluedolphin.com\/fr\/wp-json\/wp\/v2\/pages\/832\/revisions"}],"predecessor-version":[{"id":840,"href":"https:\/\/dive-bluedolphin.com\/fr\/wp-json\/wp\/v2\/pages\/832\/revisions\/840"}],"wp:attachment":[{"href":"https:\/\/dive-bluedolphin.com\/fr\/wp-json\/wp\/v2\/media?parent=832"}],"curies":[{"name":"wp","href":"https:\/\/api.w.org\/{rel}","templated":true}]}}